{"id":6123,"date":"2022-01-10T13:30:04","date_gmt":"2022-01-10T12:30:04","guid":{"rendered":"https:\/\/www.guhalg.com\/wordpress\/?page_id=6123"},"modified":"2022-02-08T18:25:38","modified_gmt":"2022-02-08T17:25:38","slug":"das-nbdc","status":"publish","type":"page","link":"https:\/\/www.guhalg.com\/wordpress\/?page_id=6123","title":{"rendered":"Das NBDC"},"content":{"rendered":"\n<p>Bevor wir auf der n\u00e4chsten Seite mit dem Tauchen fortfahren, haben wir hier ein paar Eindr\u00fccke und Erlebnisse aus unserem Resort zusammengestellt. Als Erstes hier mal die Lage der einzelnen Bungalows, wie man sehen kann, mitten im Gr\u00fcnen&#8230; <\/p>\n\n\n\n<div class=\"wp-block-columns is-layout-flex wp-container-core-columns-is-layout-9d6595d7 wp-block-columns-is-layout-flex\">\n<div class=\"wp-block-column is-layout-flow wp-block-column-is-layout-flow\">\n<div class=\"wp-block-image\"><figure class=\"aligncenter size-full\"><a href=\"https:\/\/www.guhalg.com\/wordpress\/wp-content\/uploads\/Reisen\/Bali2009\/NBDC\/IMG_5318.jpg\"><img loading=\"lazy\" decoding=\"async\" width=\"800\" height=\"600\" src=\"https:\/\/www.guhalg.com\/wordpress\/wp-content\/uploads\/Reisen\/Bali2009\/NBDC\/IMG_5318.jpg\" alt=\"Hier ein Bungalow\" class=\"wp-image-6095\" srcset=\"https:\/\/www.guhalg.com\/wordpress\/wp-content\/uploads\/Reisen\/Bali2009\/NBDC\/IMG_5318.jpg 800w, https:\/\/www.guhalg.com\/wordpress\/wp-content\/uploads\/Reisen\/Bali2009\/NBDC\/IMG_5318-300x225.jpg 300w, https:\/\/www.guhalg.com\/wordpress\/wp-content\/uploads\/Reisen\/Bali2009\/NBDC\/IMG_5318-768x576.jpg 768w\" sizes=\"auto, (max-width: 800px) 100vw, 800px\" \/><\/a><figcaption>Hier ein Bungalow, der einzige mit Stockwerk<\/figcaption><\/figure><\/div>\n<\/div>\n\n\n\n<div class=\"wp-block-column is-layout-flow wp-block-column-is-layout-flow\">\n<div class=\"wp-block-image\"><figure class=\"aligncenter size-full\"><a href=\"https:\/\/www.guhalg.com\/wordpress\/wp-content\/uploads\/Reisen\/Bali2009\/NBDC\/IMG_5322.jpg\"><img loading=\"lazy\" decoding=\"async\" width=\"800\" height=\"600\" src=\"https:\/\/www.guhalg.com\/wordpress\/wp-content\/uploads\/Reisen\/Bali2009\/NBDC\/IMG_5322.jpg\" alt=\"Da ein Bungalow\" class=\"wp-image-6097\" srcset=\"https:\/\/www.guhalg.com\/wordpress\/wp-content\/uploads\/Reisen\/Bali2009\/NBDC\/IMG_5322.jpg 800w, https:\/\/www.guhalg.com\/wordpress\/wp-content\/uploads\/Reisen\/Bali2009\/NBDC\/IMG_5322-300x225.jpg 300w, https:\/\/www.guhalg.com\/wordpress\/wp-content\/uploads\/Reisen\/Bali2009\/NBDC\/IMG_5322-768x576.jpg 768w\" sizes=\"auto, (max-width: 800px) 100vw, 800px\" \/><\/a><figcaption>Da ein Bungalow<\/figcaption><\/figure><\/div>\n<\/div>\n<\/div>\n\n\n\n<p>Weiter geht es mit einem Blick auf das SPA vom einzigen doppelst\u00f6ckigen Bungalow aus. Hier haben wir uns immer wieder mal mit einer der verschiedenen Massagen verw\u00f6hnen lassen. Da es zwei ausgebildete Masseurinnen gibt, konnten wir dieses auch immer gleichzeitig genie\u00dfen. Ein besonderes Erlebnis ist aber die K\u00fcche im NBDC. Direkt unterhalb des kleinen Schulungsraums, quasi in und hinter der Bar, gibt es viele Leckereien, einige mit einem Tag Vorbestellung, die dann frisch zubereitet werden.<\/p>\n\n\n\n<div class=\"wp-block-columns is-layout-flex wp-container-core-columns-is-layout-9d6595d7 wp-block-columns-is-layout-flex\">\n<div class=\"wp-block-column is-layout-flow wp-block-column-is-layout-flow\">\n<div class=\"wp-block-image\"><figure class=\"aligncenter size-full\"><a href=\"https:\/\/www.guhalg.com\/wordpress\/wp-content\/uploads\/Reisen\/Bali2009\/NBDC\/IMG_5331.jpg\"><img loading=\"lazy\" decoding=\"async\" width=\"800\" height=\"600\" src=\"https:\/\/www.guhalg.com\/wordpress\/wp-content\/uploads\/Reisen\/Bali2009\/NBDC\/IMG_5331.jpg\" alt=\"Die K\u00fcche\" class=\"wp-image-6099\" srcset=\"https:\/\/www.guhalg.com\/wordpress\/wp-content\/uploads\/Reisen\/Bali2009\/NBDC\/IMG_5331.jpg 800w, https:\/\/www.guhalg.com\/wordpress\/wp-content\/uploads\/Reisen\/Bali2009\/NBDC\/IMG_5331-300x225.jpg 300w, https:\/\/www.guhalg.com\/wordpress\/wp-content\/uploads\/Reisen\/Bali2009\/NBDC\/IMG_5331-768x576.jpg 768w\" sizes=\"auto, (max-width: 800px) 100vw, 800px\" \/><\/a><figcaption>Die K\u00fcche<\/figcaption><\/figure><\/div>\n<\/div>\n\n\n\n<div class=\"wp-block-column is-layout-flow wp-block-column-is-layout-flow\">\n<div class=\"wp-block-image\"><figure class=\"aligncenter size-full\"><a href=\"https:\/\/www.guhalg.com\/wordpress\/wp-content\/uploads\/Reisen\/Bali2009\/NBDC\/IMG_5338.jpg\"><img loading=\"lazy\" decoding=\"async\" width=\"800\" height=\"600\" src=\"https:\/\/www.guhalg.com\/wordpress\/wp-content\/uploads\/Reisen\/Bali2009\/NBDC\/IMG_5338.jpg\" alt=\"Die Bar\" class=\"wp-image-6101\" srcset=\"https:\/\/www.guhalg.com\/wordpress\/wp-content\/uploads\/Reisen\/Bali2009\/NBDC\/IMG_5338.jpg 800w, https:\/\/www.guhalg.com\/wordpress\/wp-content\/uploads\/Reisen\/Bali2009\/NBDC\/IMG_5338-300x225.jpg 300w, https:\/\/www.guhalg.com\/wordpress\/wp-content\/uploads\/Reisen\/Bali2009\/NBDC\/IMG_5338-768x576.jpg 768w\" sizes=\"auto, (max-width: 800px) 100vw, 800px\" \/><\/a><figcaption>Die Bar<\/figcaption><\/figure><\/div>\n<\/div>\n<\/div>\n\n\n\n<p>Ist man erst mal seine Bestellung an der Bar losgeworden und hat die Best\u00e4tigung erhalten, dass auch alles f\u00fcr das gew\u00fcnschte Gericht da ist, hei\u00dft es nochmal ein bisschen warten. Wie man aber bei den folgenden Bildern sieht, lohnt es sich.<\/p>\n\n\n\n<div class=\"wp-block-image\"><figure class=\"aligncenter size-full\"><a href=\"https:\/\/www.guhalg.com\/wordpress\/wp-content\/uploads\/Reisen\/Bali2009\/NBDC\/IMG_6186.jpg\"><img loading=\"lazy\" decoding=\"async\" width=\"800\" height=\"600\" src=\"https:\/\/www.guhalg.com\/wordpress\/wp-content\/uploads\/Reisen\/Bali2009\/NBDC\/IMG_6186.jpg\" alt=\"Das Essen\" class=\"wp-image-6111\" srcset=\"https:\/\/www.guhalg.com\/wordpress\/wp-content\/uploads\/Reisen\/Bali2009\/NBDC\/IMG_6186.jpg 800w, https:\/\/www.guhalg.com\/wordpress\/wp-content\/uploads\/Reisen\/Bali2009\/NBDC\/IMG_6186-300x225.jpg 300w, https:\/\/www.guhalg.com\/wordpress\/wp-content\/uploads\/Reisen\/Bali2009\/NBDC\/IMG_6186-768x576.jpg 768w\" sizes=\"auto, (max-width: 800px) 100vw, 800px\" \/><\/a><figcaption>Das Essen<\/figcaption><\/figure><\/div>\n\n\n\n<div class=\"wp-block-image\"><figure class=\"aligncenter size-full\"><a href=\"https:\/\/www.guhalg.com\/wordpress\/wp-content\/uploads\/Reisen\/Bali2009\/NBDC\/IMG_6189.jpg\"><img loading=\"lazy\" decoding=\"async\" width=\"800\" height=\"600\" src=\"https:\/\/www.guhalg.com\/wordpress\/wp-content\/uploads\/Reisen\/Bali2009\/NBDC\/IMG_6189.jpg\" alt=\"Bunt angerichtet\" class=\"wp-image-6112\" srcset=\"https:\/\/www.guhalg.com\/wordpress\/wp-content\/uploads\/Reisen\/Bali2009\/NBDC\/IMG_6189.jpg 800w, https:\/\/www.guhalg.com\/wordpress\/wp-content\/uploads\/Reisen\/Bali2009\/NBDC\/IMG_6189-300x225.jpg 300w, https:\/\/www.guhalg.com\/wordpress\/wp-content\/uploads\/Reisen\/Bali2009\/NBDC\/IMG_6189-768x576.jpg 768w\" sizes=\"auto, (max-width: 800px) 100vw, 800px\" \/><\/a><figcaption>Bunt angerichtet<\/figcaption><\/figure><\/div>\n\n\n\n<p>Nach dem Tauchen und vor dem Essen haben wir die Wartezeit oft auch im Pool verbracht. Einfach mal im Wasser abh\u00e4ngen (auf den zwei Steinsitzen) und warten, bis das Essen kommt.<\/p>\n\n\n\n<div class=\"wp-block-image\"><figure class=\"aligncenter size-full\"><a href=\"https:\/\/www.guhalg.com\/wordpress\/wp-content\/uploads\/Reisen\/Bali2009\/NBDC\/IMG_6075.jpg\"><img loading=\"lazy\" decoding=\"async\" width=\"800\" height=\"600\" src=\"https:\/\/www.guhalg.com\/wordpress\/wp-content\/uploads\/Reisen\/Bali2009\/NBDC\/IMG_6075.jpg\" alt=\"Wartezeit\" class=\"wp-image-6106\" srcset=\"https:\/\/www.guhalg.com\/wordpress\/wp-content\/uploads\/Reisen\/Bali2009\/NBDC\/IMG_6075.jpg 800w, https:\/\/www.guhalg.com\/wordpress\/wp-content\/uploads\/Reisen\/Bali2009\/NBDC\/IMG_6075-300x225.jpg 300w, https:\/\/www.guhalg.com\/wordpress\/wp-content\/uploads\/Reisen\/Bali2009\/NBDC\/IMG_6075-768x576.jpg 768w\" sizes=\"auto, (max-width: 800px) 100vw, 800px\" \/><\/a><figcaption>Wartezeit<\/figcaption><\/figure><\/div>\n\n\n\n<p>Und hier noch zwei Tipps zum Essen. 1. F\u00fcr diejenigen, die es gerne etwas pikanter und sch\u00e4rfer m\u00f6gen: unbedingt die Suppe No. 4 und den s\u00fc\u00df-scharfen Salat probieren. Dazu ein frisches Knoblauchbrot. 2. Man kann bei Wayan auch Gerichte bestellen, die nicht auf der Karte sind. Einfach beschreiben, was man gerne m\u00f6chte und er besorgt es ganz frisch auf dem Markt. \u00a0 Einige weitere Eindr\u00fccke findet ihr hier: <a href=\"https:\/\/www.guhalg.com\/wordpress\/?page_id=6146\" data-type=\"page\" data-id=\"6146\">North Bali Dive Center <\/a><\/p>\n\n\n\n<div class=\"wp-block-columns is-layout-flex wp-container-core-columns-is-layout-9d6595d7 wp-block-columns-is-layout-flex\">\n<div class=\"wp-block-column is-layout-flow wp-block-column-is-layout-flow\">\n<div class=\"wp-block-buttons is-layout-flex wp-block-buttons-is-layout-flex\">\n<div class=\"wp-block-button\"><a class=\"wp-block-button__link\" href=\"https:\/\/www.guhalg.com\/wordpress\/?page_id=6089\">Ankunft im Resort<\/a><\/div>\n<\/div>\n<\/div>\n\n\n\n<div class=\"wp-block-column is-layout-flow wp-block-column-is-layout-flow\">\n<div class=\"wp-block-buttons is-horizontal is-content-justification-right is-layout-flex wp-container-core-buttons-is-layout-ae2fe186 wp-block-buttons-is-layout-flex\">\n<div class=\"wp-block-button\"><a class=\"wp-block-button__link\" href=\"https:\/\/www.guhalg.com\/wordpress\/?page_id=6149\">Tauchen im NBDC<\/a><\/div>\n<\/div>\n<\/div>\n<\/div>\n","protected":false},"excerpt":{"rendered":"<p>Bevor wir auf der n\u00e4chsten Seite mit dem Tauchen fortfahren, haben wir hier ein paar Eindr\u00fccke und Erlebnisse aus unserem Resort zusammengestellt. Als Erstes hier mal die Lage der einzelnen Bungalows, wie man sehen kann, mitten im Gr\u00fcnen&#8230; Weiter geht&hellip; <\/p>\n","protected":false},"author":1,"featured_media":0,"parent":6045,"menu_order":3,"comment_status":"closed","ping_status":"closed","template":"","meta":{"footnotes":""},"class_list":["post-6123","page","type-page","status-publish","hentry"],"_links":{"self":[{"href":"https:\/\/www.guhalg.com\/wordpress\/index.php?rest_route=\/wp\/v2\/pages\/6123","targetHints":{"allow":["GET"]}}],"collection":[{"href":"https:\/\/www.guhalg.com\/wordpress\/index.php?rest_route=\/wp\/v2\/pages"}],"about":[{"href":"https:\/\/www.guhalg.com\/wordpress\/index.php?rest_route=\/wp\/v2\/types\/page"}],"author":[{"embeddable":true,"href":"https:\/\/www.guhalg.com\/wordpress\/index.php?rest_route=\/wp\/v2\/users\/1"}],"replies":[{"embeddable":true,"href":"https:\/\/www.guhalg.com\/wordpress\/index.php?rest_route=%2Fwp%2Fv2%2Fcomments&post=6123"}],"version-history":[{"count":6,"href":"https:\/\/www.guhalg.com\/wordpress\/index.php?rest_route=\/wp\/v2\/pages\/6123\/revisions"}],"predecessor-version":[{"id":7768,"href":"https:\/\/www.guhalg.com\/wordpress\/index.php?rest_route=\/wp\/v2\/pages\/6123\/revisions\/7768"}],"up":[{"embeddable":true,"href":"https:\/\/www.guhalg.com\/wordpress\/index.php?rest_route=\/wp\/v2\/pages\/6045"}],"wp:attachment":[{"href":"https:\/\/www.guhalg.com\/wordpress\/index.php?rest_route=%2Fwp%2Fv2%2Fmedia&parent=6123"}],"curies":[{"name":"wp","href":"https:\/\/api.w.org\/{rel}","templated":true}]}}