{"id":6149,"date":"2022-01-10T21:55:15","date_gmt":"2022-01-10T20:55:15","guid":{"rendered":"https:\/\/www.guhalg.com\/wordpress\/?page_id=6149"},"modified":"2022-02-08T18:30:02","modified_gmt":"2022-02-08T17:30:02","slug":"tauchen-im-nbdc","status":"publish","type":"page","link":"https:\/\/www.guhalg.com\/wordpress\/?page_id=6149","title":{"rendered":"Tauchen im NBDC"},"content":{"rendered":"\n<p>Unser eigentliches Urlaubsziel ist ja nun aber das Tauchen. Darauf ist J\u00f6rg in seinem Resort auch optimal eingestellt. Also als erstes Mal zur Tauchorganisation. Das f\u00e4ngt schon mit der Frage an \u201eWann wollt ihr denn morgen so los?\u201c Und gleich nach der Beantwortung geht es weiter mit \u201eund wo wollt ihr hin?\u201c Man kann nat\u00fcrlich aus das Ziel vorgeben und erh\u00e4lt die m\u00f6gliche Abfahrtzeit zur Diskussion. Um das Equipment braucht man sich, bis auf das Einchecken in der Basis, schon gar nicht zu k\u00fcmmern. Alles fertig zusammengebaut zum Tauchen \u2013 und abends wird alles gereinigt.<\/p>\n\n\n\n<div class=\"wp-block-image\"><figure class=\"aligncenter size-full\"><a href=\"https:\/\/www.guhalg.com\/wordpress\/wp-content\/uploads\/Reisen\/Bali2009\/Tauchen\/IMG_6184.jpg\"><img loading=\"lazy\" decoding=\"async\" width=\"800\" height=\"600\" src=\"https:\/\/www.guhalg.com\/wordpress\/wp-content\/uploads\/Reisen\/Bali2009\/Tauchen\/IMG_6184.jpg\" alt=\"Reinigung\" class=\"wp-image-6183\" srcset=\"https:\/\/www.guhalg.com\/wordpress\/wp-content\/uploads\/Reisen\/Bali2009\/Tauchen\/IMG_6184.jpg 800w, https:\/\/www.guhalg.com\/wordpress\/wp-content\/uploads\/Reisen\/Bali2009\/Tauchen\/IMG_6184-300x225.jpg 300w, https:\/\/www.guhalg.com\/wordpress\/wp-content\/uploads\/Reisen\/Bali2009\/Tauchen\/IMG_6184-768x576.jpg 768w\" sizes=\"auto, (max-width: 800px) 100vw, 800px\" \/><\/a><figcaption>Reinigung<\/figcaption><\/figure><\/div>\n\n\n\n<p>Die fantastischen Tauchpl\u00e4tze wie Menjangan Island, Secret Bay und Puri Jati sind ja schon eingangs erw\u00e4hnt. Aber es gibt durchaus noch viele weitere Pl\u00e4tze, wo man sich an der Unterwasserwelt erfreuen kann.<\/p>\n\n\n\n<div class=\"wp-block-image\"><figure class=\"aligncenter size-full\"><a href=\"https:\/\/www.guhalg.com\/wordpress\/wp-content\/uploads\/Reisen\/Bali2009\/Tauchen\/IMG_6199.jpg\"><img loading=\"lazy\" decoding=\"async\" width=\"800\" height=\"600\" src=\"https:\/\/www.guhalg.com\/wordpress\/wp-content\/uploads\/Reisen\/Bali2009\/Tauchen\/IMG_6199.jpg\" alt=\"Tauchpl\u00e4tze\" class=\"wp-image-6184\" srcset=\"https:\/\/www.guhalg.com\/wordpress\/wp-content\/uploads\/Reisen\/Bali2009\/Tauchen\/IMG_6199.jpg 800w, https:\/\/www.guhalg.com\/wordpress\/wp-content\/uploads\/Reisen\/Bali2009\/Tauchen\/IMG_6199-300x225.jpg 300w, https:\/\/www.guhalg.com\/wordpress\/wp-content\/uploads\/Reisen\/Bali2009\/Tauchen\/IMG_6199-768x576.jpg 768w\" sizes=\"auto, (max-width: 800px) 100vw, 800px\" \/><\/a><figcaption>Tauchpl\u00e4tze<\/figcaption><\/figure><\/div>\n\n\n\n<p>Wir hatten nun noch das besondere Gl\u00fcck, dass die neue Ressortleiterin (und Diveguide) auch die ganzen Pl\u00e4tze kennenlernen musste. So war alleine schon aus diesem Aspekt heraus gaaaaanz viel Abwechslung beim Tauchen angesagt \u2013 was man von der Vielfalt der weiblichen Tauchanz\u00fcge nicht so unbedingt behaupten kann: Nicht nur, dass beide Frauen einen Tauchanzug von 7\u00a0mm in den Tropen bevorzugen, nein, sie haben auch noch das fast identische Modell!<\/p>\n\n\n\n<div class=\"wp-block-columns is-layout-flex wp-container-core-columns-is-layout-9d6595d7 wp-block-columns-is-layout-flex\">\n<div class=\"wp-block-column is-layout-flow wp-block-column-is-layout-flow\">\n<div class=\"wp-block-image\"><figure class=\"aligncenter size-full\"><a href=\"https:\/\/www.guhalg.com\/wordpress\/wp-content\/uploads\/Reisen\/Bali2009\/Tauchen\/IMG_6293.jpg\"><img loading=\"lazy\" decoding=\"async\" width=\"800\" height=\"600\" src=\"https:\/\/www.guhalg.com\/wordpress\/wp-content\/uploads\/Reisen\/Bali2009\/Tauchen\/IMG_6293.jpg\" alt=\"Tauchanz\u00fcge\" class=\"wp-image-6188\" srcset=\"https:\/\/www.guhalg.com\/wordpress\/wp-content\/uploads\/Reisen\/Bali2009\/Tauchen\/IMG_6293.jpg 800w, https:\/\/www.guhalg.com\/wordpress\/wp-content\/uploads\/Reisen\/Bali2009\/Tauchen\/IMG_6293-300x225.jpg 300w, https:\/\/www.guhalg.com\/wordpress\/wp-content\/uploads\/Reisen\/Bali2009\/Tauchen\/IMG_6293-768x576.jpg 768w\" sizes=\"auto, (max-width: 800px) 100vw, 800px\" \/><\/a><figcaption>Tauchanz\u00fcge<\/figcaption><\/figure><\/div>\n<\/div>\n\n\n\n<div class=\"wp-block-column is-layout-flow wp-block-column-is-layout-flow\">\n<div class=\"wp-block-image\"><figure class=\"aligncenter size-full\"><a href=\"https:\/\/www.guhalg.com\/wordpress\/wp-content\/uploads\/Reisen\/Bali2009\/Tauchen\/IMG_6289.jpg\"><img loading=\"lazy\" decoding=\"async\" width=\"800\" height=\"600\" src=\"https:\/\/www.guhalg.com\/wordpress\/wp-content\/uploads\/Reisen\/Bali2009\/Tauchen\/IMG_6289.jpg\" alt=\"7mm in den Tropen\" class=\"wp-image-6187\" srcset=\"https:\/\/www.guhalg.com\/wordpress\/wp-content\/uploads\/Reisen\/Bali2009\/Tauchen\/IMG_6289.jpg 800w, https:\/\/www.guhalg.com\/wordpress\/wp-content\/uploads\/Reisen\/Bali2009\/Tauchen\/IMG_6289-300x225.jpg 300w, https:\/\/www.guhalg.com\/wordpress\/wp-content\/uploads\/Reisen\/Bali2009\/Tauchen\/IMG_6289-768x576.jpg 768w\" sizes=\"auto, (max-width: 800px) 100vw, 800px\" \/><\/a><figcaption>7mm in den Tropen<\/figcaption><\/figure><\/div>\n<\/div>\n\n\n\n<div class=\"wp-block-column is-layout-flow wp-block-column-is-layout-flow\">\n<div class=\"wp-block-image\"><figure class=\"aligncenter size-full\"><a href=\"https:\/\/www.guhalg.com\/wordpress\/wp-content\/uploads\/Reisen\/Bali2009\/Tauchen\/IMG_6276.jpg\"><img loading=\"lazy\" decoding=\"async\" width=\"800\" height=\"600\" src=\"https:\/\/www.guhalg.com\/wordpress\/wp-content\/uploads\/Reisen\/Bali2009\/Tauchen\/IMG_6276.jpg\" alt=\"aber es gef\u00e4llt\" class=\"wp-image-6186\" srcset=\"https:\/\/www.guhalg.com\/wordpress\/wp-content\/uploads\/Reisen\/Bali2009\/Tauchen\/IMG_6276.jpg 800w, https:\/\/www.guhalg.com\/wordpress\/wp-content\/uploads\/Reisen\/Bali2009\/Tauchen\/IMG_6276-300x225.jpg 300w, https:\/\/www.guhalg.com\/wordpress\/wp-content\/uploads\/Reisen\/Bali2009\/Tauchen\/IMG_6276-768x576.jpg 768w\" sizes=\"auto, (max-width: 800px) 100vw, 800px\" \/><\/a><figcaption>aber es gef\u00e4llt<\/figcaption><\/figure><\/div>\n\n\n\n<p><\/p>\n<\/div>\n<\/div>\n\n\n\n<p>Also kurz zusammengefasst:<\/p>\n\n\n\n<ul class=\"wp-block-list\"><li>Die Organisation und der Komfort beim Tauchen l\u00e4sst keine W\u00fcnsche offen<\/li><li>Nitrox ist f\u00fcr zertifizierte Taucher inbegriffen<\/li><li>Die Tauchpl\u00e4tze sind vielseitig und meist auch sehr einfach zu betauchen<\/li><li>Wenn man mit zwei Frauen unterwegs ist, so hat MANN viel Spa\u00df \u2013 oder auch seine Ruhe, wenn die Frauen sich unterhalten :-))<\/li><\/ul>\n\n\n\n<div class=\"wp-block-columns is-layout-flex wp-container-core-columns-is-layout-9d6595d7 wp-block-columns-is-layout-flex\">\n<div class=\"wp-block-column is-layout-flow wp-block-column-is-layout-flow\">\n<div class=\"wp-block-buttons is-layout-flex wp-block-buttons-is-layout-flex\">\n<div class=\"wp-block-button\"><a class=\"wp-block-button__link\" href=\"https:\/\/www.guhalg.com\/wordpress\/?page_id=6123\">North Bali Dive Center<\/a><\/div>\n<\/div>\n<\/div>\n\n\n\n<div class=\"wp-block-column is-layout-flow wp-block-column-is-layout-flow\">\n<div class=\"wp-block-buttons is-horizontal is-content-justification-right is-layout-flex wp-container-core-buttons-is-layout-ae2fe186 wp-block-buttons-is-layout-flex\">\n<div class=\"wp-block-button\"><a class=\"wp-block-button__link\" href=\"https:\/\/www.guhalg.com\/wordpress\/?page_id=6192\">Tauchpl\u00e4tze<\/a><\/div>\n<\/div>\n<\/div>\n<\/div>\n","protected":false},"excerpt":{"rendered":"<p>Unser eigentliches Urlaubsziel ist ja nun aber das Tauchen. Darauf ist J\u00f6rg in seinem Resort auch optimal eingestellt. Also als erstes Mal zur Tauchorganisation. Das f\u00e4ngt schon mit der Frage an \u201eWann wollt ihr denn morgen so los?\u201c Und gleich&hellip; <\/p>\n","protected":false},"author":1,"featured_media":0,"parent":6045,"menu_order":4,"comment_status":"closed","ping_status":"closed","template":"","meta":{"footnotes":""},"class_list":["post-6149","page","type-page","status-publish","hentry"],"_links":{"self":[{"href":"https:\/\/www.guhalg.com\/wordpress\/index.php?rest_route=\/wp\/v2\/pages\/6149","targetHints":{"allow":["GET"]}}],"collection":[{"href":"https:\/\/www.guhalg.com\/wordpress\/index.php?rest_route=\/wp\/v2\/pages"}],"about":[{"href":"https:\/\/www.guhalg.com\/wordpress\/index.php?rest_route=\/wp\/v2\/types\/page"}],"author":[{"embeddable":true,"href":"https:\/\/www.guhalg.com\/wordpress\/index.php?rest_route=\/wp\/v2\/users\/1"}],"replies":[{"embeddable":true,"href":"https:\/\/www.guhalg.com\/wordpress\/index.php?rest_route=%2Fwp%2Fv2%2Fcomments&post=6149"}],"version-history":[{"count":6,"href":"https:\/\/www.guhalg.com\/wordpress\/index.php?rest_route=\/wp\/v2\/pages\/6149\/revisions"}],"predecessor-version":[{"id":7770,"href":"https:\/\/www.guhalg.com\/wordpress\/index.php?rest_route=\/wp\/v2\/pages\/6149\/revisions\/7770"}],"up":[{"embeddable":true,"href":"https:\/\/www.guhalg.com\/wordpress\/index.php?rest_route=\/wp\/v2\/pages\/6045"}],"wp:attachment":[{"href":"https:\/\/www.guhalg.com\/wordpress\/index.php?rest_route=%2Fwp%2Fv2%2Fmedia&parent=6149"}],"curies":[{"name":"wp","href":"https:\/\/api.w.org\/{rel}","templated":true}]}}