{"id":6285,"date":"2022-01-13T20:04:50","date_gmt":"2022-01-13T19:04:50","guid":{"rendered":"https:\/\/www.guhalg.com\/wordpress\/?page_id=6285"},"modified":"2022-02-08T18:41:06","modified_gmt":"2022-02-08T17:41:06","slug":"die-perlenfarm","status":"publish","type":"page","link":"https:\/\/www.guhalg.com\/wordpress\/?page_id=6285","title":{"rendered":"Die Perlenfarm und Abschluss"},"content":{"rendered":"\n<p>Um die 24 Stunden Tauch frei vor dem Heimflug einzuhalten, haben wir am letzten Tag die Gelegenheit genutzt und die direkt neben der Tauchbasis gelegene Perlenfarm besichtigt. Also schnell hinten aus der Basis raus und am Nachbargrundst\u00fcck die gro\u00dfe Treppe zum Eingang hoch. Da die Ausstellungs- und Verkaufsr\u00e4ume \u00fcber den Werkst\u00e4tten liegen, ist man so ca. auf der H\u00f6he von einer dritten Etage. Da gab es gleich nochmal einen sch\u00f6nen Ausblick \u00fcber das Meer, bevor man in die Tiefen der Perle einstieg.<\/p>\n\n\n\n<div class=\"wp-block-columns is-layout-flex wp-container-core-columns-is-layout-9d6595d7 wp-block-columns-is-layout-flex\">\n<div class=\"wp-block-column is-layout-flow wp-block-column-is-layout-flow\">\n<div class=\"wp-block-image\"><figure class=\"aligncenter size-full\"><a href=\"https:\/\/www.guhalg.com\/wordpress\/wp-content\/uploads\/Reisen\/Bali2009\/Perlenfarm\/IMG_6317.jpg\"><img loading=\"lazy\" decoding=\"async\" width=\"800\" height=\"600\" src=\"https:\/\/www.guhalg.com\/wordpress\/wp-content\/uploads\/Reisen\/Bali2009\/Perlenfarm\/IMG_6317.jpg\" alt=\"Aussicht\" class=\"wp-image-6289\" srcset=\"https:\/\/www.guhalg.com\/wordpress\/wp-content\/uploads\/Reisen\/Bali2009\/Perlenfarm\/IMG_6317.jpg 800w, https:\/\/www.guhalg.com\/wordpress\/wp-content\/uploads\/Reisen\/Bali2009\/Perlenfarm\/IMG_6317-300x225.jpg 300w, https:\/\/www.guhalg.com\/wordpress\/wp-content\/uploads\/Reisen\/Bali2009\/Perlenfarm\/IMG_6317-768x576.jpg 768w\" sizes=\"auto, (max-width: 800px) 100vw, 800px\" \/><\/a><figcaption>Aussicht<\/figcaption><\/figure><\/div>\n<\/div>\n\n\n\n<div class=\"wp-block-column is-layout-flow wp-block-column-is-layout-flow\">\n<div class=\"wp-block-image\"><figure class=\"aligncenter size-full\"><a href=\"https:\/\/www.guhalg.com\/wordpress\/wp-content\/uploads\/Reisen\/Bali2009\/Perlenfarm\/IMG_6319.jpg\"><img loading=\"lazy\" decoding=\"async\" width=\"800\" height=\"600\" src=\"https:\/\/www.guhalg.com\/wordpress\/wp-content\/uploads\/Reisen\/Bali2009\/Perlenfarm\/IMG_6319.jpg\" alt=\"Der Steg\" class=\"wp-image-6290\" srcset=\"https:\/\/www.guhalg.com\/wordpress\/wp-content\/uploads\/Reisen\/Bali2009\/Perlenfarm\/IMG_6319.jpg 800w, https:\/\/www.guhalg.com\/wordpress\/wp-content\/uploads\/Reisen\/Bali2009\/Perlenfarm\/IMG_6319-300x225.jpg 300w, https:\/\/www.guhalg.com\/wordpress\/wp-content\/uploads\/Reisen\/Bali2009\/Perlenfarm\/IMG_6319-768x576.jpg 768w\" sizes=\"auto, (max-width: 800px) 100vw, 800px\" \/><\/a><figcaption>Der Steg<\/figcaption><\/figure><\/div>\n<\/div>\n<\/div>\n\n\n\n<p>Die F\u00fchrung begann auch schon gleich mit den verschiedenen Qualit\u00e4tsmerkmalen wie Gr\u00f6\u00dfe, Farbe und Form einer Perle, die letztendlich dann auch den Preis bestimmen. Nach einer ganzen Reihe an weiteren Erkl\u00e4rungen, z.\u00a0B. auch bez\u00fcglich der Schmuckverarbeitung der Perlen, ging es weiter in den Labor-Bereich.<\/p>\n\n\n\n<div class=\"wp-block-image\"><figure class=\"aligncenter size-full\"><a href=\"https:\/\/www.guhalg.com\/wordpress\/wp-content\/uploads\/Reisen\/Bali2009\/Perlenfarm\/IMG_6320.jpg\"><img loading=\"lazy\" decoding=\"async\" width=\"800\" height=\"600\" src=\"https:\/\/www.guhalg.com\/wordpress\/wp-content\/uploads\/Reisen\/Bali2009\/Perlenfarm\/IMG_6320.jpg\" alt=\"Qualit\u00e4tsstufen\" class=\"wp-image-6291\" srcset=\"https:\/\/www.guhalg.com\/wordpress\/wp-content\/uploads\/Reisen\/Bali2009\/Perlenfarm\/IMG_6320.jpg 800w, https:\/\/www.guhalg.com\/wordpress\/wp-content\/uploads\/Reisen\/Bali2009\/Perlenfarm\/IMG_6320-300x225.jpg 300w, https:\/\/www.guhalg.com\/wordpress\/wp-content\/uploads\/Reisen\/Bali2009\/Perlenfarm\/IMG_6320-768x576.jpg 768w\" sizes=\"auto, (max-width: 800px) 100vw, 800px\" \/><\/a><figcaption>Qualit\u00e4tsstufen<\/figcaption><\/figure><\/div>\n\n\n\n<p>Ab hier wurde es richtig spannend. Knapp zusammengefasst sieht das Leben einer Perlenauster wie folgt aus:<\/p>\n\n\n\n<ul class=\"wp-block-list\"><li>Eine Auster wird k\u00fcnstlich befruchtet und in Becken ausgebr\u00fctet<\/li><li>Sie erh\u00e4lt als Nahrung gez\u00fcchtete Algen, und zwar einen ganzen Cocktail, optimal zusammengestellt f\u00fcr das jeweilige Lebensalter<\/li><li>und hat die Auster erstmal eine ausreichende Gr\u00f6\u00dfe erreicht, so wird ihr entweder ein Teil einer anderen Auster oder auch ein k\u00fcnstlicher K\u00f6rper eingesetzt, den sie dann im Laufe der Jahre mit <a rel=\"noreferrer noopener\" href=\"http:\/\/de.wikipedia.org\/wiki\/Perlmutt\" target=\"_blank\">Perlmutt<\/a> \u00fcberzieht.<\/li><li>Und bei ausreichender Gr\u00f6\u00dfe wird die Perle dann geerntet. Ist die Qualit\u00e4t der Perle dann auch noch gut, so wird die Auster ein zweites Mal geimpft. Einige Bilder zu dieser \u201aVerarbeitung\u2018 haben wir noch f\u00fcr euch: <a href=\"https:\/\/www.guhalg.com\/wordpress\/?page_id=6332\" data-type=\"page\" data-id=\"6332\">Perlenfarm<\/a>.<\/li><\/ul>\n\n\n\n<figure class=\"wp-block-gallery has-nested-images columns-default is-cropped wp-block-gallery-1 is-layout-flex wp-block-gallery-is-layout-flex\">\n<figure class=\"wp-block-image size-large\"><img loading=\"lazy\" decoding=\"async\" width=\"800\" height=\"600\" data-id=\"6292\" src=\"https:\/\/www.guhalg.com\/wordpress\/wp-content\/uploads\/Reisen\/Bali2009\/Perlenfarm\/IMG_6321.jpg\" alt=\"\" class=\"wp-image-6292\" srcset=\"https:\/\/www.guhalg.com\/wordpress\/wp-content\/uploads\/Reisen\/Bali2009\/Perlenfarm\/IMG_6321.jpg 800w, https:\/\/www.guhalg.com\/wordpress\/wp-content\/uploads\/Reisen\/Bali2009\/Perlenfarm\/IMG_6321-300x225.jpg 300w, https:\/\/www.guhalg.com\/wordpress\/wp-content\/uploads\/Reisen\/Bali2009\/Perlenfarm\/IMG_6321-768x576.jpg 768w\" sizes=\"auto, (max-width: 800px) 100vw, 800px\" \/><\/figure>\n\n\n\n<figure class=\"wp-block-image size-large\"><img loading=\"lazy\" decoding=\"async\" width=\"800\" height=\"600\" data-id=\"6293\" src=\"https:\/\/www.guhalg.com\/wordpress\/wp-content\/uploads\/Reisen\/Bali2009\/Perlenfarm\/IMG_6329.jpg\" alt=\"\" class=\"wp-image-6293\" srcset=\"https:\/\/www.guhalg.com\/wordpress\/wp-content\/uploads\/Reisen\/Bali2009\/Perlenfarm\/IMG_6329.jpg 800w, https:\/\/www.guhalg.com\/wordpress\/wp-content\/uploads\/Reisen\/Bali2009\/Perlenfarm\/IMG_6329-300x225.jpg 300w, https:\/\/www.guhalg.com\/wordpress\/wp-content\/uploads\/Reisen\/Bali2009\/Perlenfarm\/IMG_6329-768x576.jpg 768w\" sizes=\"auto, (max-width: 800px) 100vw, 800px\" \/><\/figure>\n\n\n\n<figure class=\"wp-block-image size-large\"><img loading=\"lazy\" decoding=\"async\" width=\"800\" height=\"600\" data-id=\"6294\" src=\"https:\/\/www.guhalg.com\/wordpress\/wp-content\/uploads\/Reisen\/Bali2009\/Perlenfarm\/IMG_6330.jpg\" alt=\"\" class=\"wp-image-6294\" srcset=\"https:\/\/www.guhalg.com\/wordpress\/wp-content\/uploads\/Reisen\/Bali2009\/Perlenfarm\/IMG_6330.jpg 800w, https:\/\/www.guhalg.com\/wordpress\/wp-content\/uploads\/Reisen\/Bali2009\/Perlenfarm\/IMG_6330-300x225.jpg 300w, https:\/\/www.guhalg.com\/wordpress\/wp-content\/uploads\/Reisen\/Bali2009\/Perlenfarm\/IMG_6330-768x576.jpg 768w\" sizes=\"auto, (max-width: 800px) 100vw, 800px\" \/><\/figure>\n\n\n\n<figure class=\"wp-block-image size-large\"><img loading=\"lazy\" decoding=\"async\" width=\"800\" height=\"600\" data-id=\"6295\" src=\"https:\/\/www.guhalg.com\/wordpress\/wp-content\/uploads\/Reisen\/Bali2009\/Perlenfarm\/IMG_6337.jpg\" alt=\"\" class=\"wp-image-6295\" srcset=\"https:\/\/www.guhalg.com\/wordpress\/wp-content\/uploads\/Reisen\/Bali2009\/Perlenfarm\/IMG_6337.jpg 800w, https:\/\/www.guhalg.com\/wordpress\/wp-content\/uploads\/Reisen\/Bali2009\/Perlenfarm\/IMG_6337-300x225.jpg 300w, https:\/\/www.guhalg.com\/wordpress\/wp-content\/uploads\/Reisen\/Bali2009\/Perlenfarm\/IMG_6337-768x576.jpg 768w\" sizes=\"auto, (max-width: 800px) 100vw, 800px\" \/><\/figure>\n\n\n\n<figure class=\"wp-block-image size-large\"><img loading=\"lazy\" decoding=\"async\" width=\"800\" height=\"600\" data-id=\"6296\" src=\"https:\/\/www.guhalg.com\/wordpress\/wp-content\/uploads\/Reisen\/Bali2009\/Perlenfarm\/IMG_6338.jpg\" alt=\"\" class=\"wp-image-6296\" srcset=\"https:\/\/www.guhalg.com\/wordpress\/wp-content\/uploads\/Reisen\/Bali2009\/Perlenfarm\/IMG_6338.jpg 800w, https:\/\/www.guhalg.com\/wordpress\/wp-content\/uploads\/Reisen\/Bali2009\/Perlenfarm\/IMG_6338-300x225.jpg 300w, https:\/\/www.guhalg.com\/wordpress\/wp-content\/uploads\/Reisen\/Bali2009\/Perlenfarm\/IMG_6338-768x576.jpg 768w\" sizes=\"auto, (max-width: 800px) 100vw, 800px\" \/><\/figure>\n\n\n\n<figure class=\"wp-block-image size-large\"><img loading=\"lazy\" decoding=\"async\" width=\"800\" height=\"600\" data-id=\"6297\" src=\"https:\/\/www.guhalg.com\/wordpress\/wp-content\/uploads\/Reisen\/Bali2009\/Perlenfarm\/IMG_6340.jpg\" alt=\"\" class=\"wp-image-6297\" srcset=\"https:\/\/www.guhalg.com\/wordpress\/wp-content\/uploads\/Reisen\/Bali2009\/Perlenfarm\/IMG_6340.jpg 800w, https:\/\/www.guhalg.com\/wordpress\/wp-content\/uploads\/Reisen\/Bali2009\/Perlenfarm\/IMG_6340-300x225.jpg 300w, https:\/\/www.guhalg.com\/wordpress\/wp-content\/uploads\/Reisen\/Bali2009\/Perlenfarm\/IMG_6340-768x576.jpg 768w\" sizes=\"auto, (max-width: 800px) 100vw, 800px\" \/><\/figure>\n<\/figure>\n\n\n\n<p>Und wem die Bilder an eine Hexenk\u00fcche erinnern, schaut euch doch einfach mal das Video aus dem Labor an.<\/p>\n\n\n\n<figure class=\"wp-block-video\"><video height=\"480\" style=\"aspect-ratio: 640 \/ 480;\" width=\"640\" controls src=\"https:\/\/www.guhalg.com\/wordpress\/wp-content\/uploads\/Reisen\/Bali2009\/Perlenfarm\/labor.mp4\"><\/video><\/figure>\n\n\n\n<p>Nun ja, damit war auch dieser Urlaub wieder am\u00a0Ende angelangt. Abends wurden dann noch die Sachen gepackt und am n\u00e4chsten Morgen hie\u00df es dann Abschied nehmen vom North Bali Dive Center \u2013 und insbesondere von Micha \u2013 der neuen Ressortleiterin, die wir mit traurigem Gef\u00fchl alleine in der Fremde zur\u00fccklie\u00dfen. Zum Abschluss jetzt noch ein paar Eindr\u00fccke vom Flughafen in Singapur: <a href=\"https:\/\/www.guhalg.com\/wordpress\/?page_id=6334\" data-type=\"page\" data-id=\"6334\">Singapur <\/a>und vielleicht bis zum n\u00e4chsten Reisebericht. \ud83d\ude42<\/p>\n\n\n\n<p>Ach so, eine kleine Erg\u00e4nzung zu dem Bali Urlaub im M\u00e4rz 2009 &#8211; wir waren im Dezember, genaugenommen \u00fcber Weihnachten und Silvester, nochmal im NBDC.<\/p>\n\n\n\n<p>Als feststand das wir beide \u00fcber die Weihnachtszeit nicht arbeiten m\u00fcssen, haben wir uns kurz entschlossen bei Micha gemeldet und die Verf\u00fcgbarkeit von \u201aunserem\u2018 Bungalow sichergestellt. Allerdings gab es eine kleine \u00c4nderung: Wir haben den Urlaub als all-inclusive (bis auf alkoholische Getr\u00e4nke) gebucht. Also \u00dcbernachtung, Essen, Tauchen UND Massage, alles enthalten. Dieses hatte doch einen entscheidenden Einfluss auf unsere Tagesgestaltung.<\/p>\n\n\n\n<ol class=\"wp-block-list\"><li>Wach werden<\/li><li>ein kleines Fr\u00fchst\u00fcck zu sich nehmen, z.\u00a0B. Bratkartoffeln mit Knoblauch, mag jetzt irgendwie verr\u00fcckt klingen, schmeckt in der W\u00e4rme aber ausgesprochen gut <\/li><li>Ausfahrt zum Tauchen<\/li><li>eine kleine Suppe #4 oder ein kleines Sandwich, zumindest wenn wir nach dem ersten Tauchgang zur\u00fcckgefahren sind<\/li><li>Duschen und ab in die Massage. Die beiden Masseurinnen haben uns gleich nach der Bootstour immer \u201aabgefangen\u2018 und uns nach der Uhrzeit f\u00fcr die Massage gefragt :-). Da kann man einfach nicht nein sagen.<\/li><li>Dann stand relaxen an. Meist musste Micha noch als Basisleiterin einiges organisieren, aber sp\u00e4testens, wenn es dann in Richtung Dinner ging, konnten wir uns ein wenig sehen und die M\u00e4dels sich unterhalten. Da steht man als Mann doch manchmal etwas abseits.<\/li><\/ol>\n\n\n\n<p>Bis auf diese Ausnahme im Ablauf, geschuldet der all-inclusive Buchung, gab es nur noch eine einzige Abweichung zum Urlaub im M\u00e4rz: Wir waren am Jahreswechsel zum Mitternachtstauchen. Wir sind so gegen 23:30 Uhr ins Wasser gegangen, haben den Jahreswechsel unter Wasser verbracht, aber nur knapp unter der Oberfl\u00e4che, um die Raketen zu sehen, sind dann so gegen 0:30 Uhr wieder raus aus dem Wasser und sind am Strand, noch mit voller Tauchmontur, mit einem Sektempfang verw\u00f6hnt worden.<\/p>\n\n\n\n<p>Ja, und so sehen Taucher aus, die nach ein wenig Silvesterfeier, nat\u00fcrlich ohne Alkohol, sich f\u00fcr ein mittern\u00e4chtliches Spektakel angezogen haben.<\/p>\n\n\n\n<div class=\"wp-block-image\"><figure class=\"aligncenter size-full\"><a href=\"https:\/\/www.guhalg.com\/wordpress\/wp-content\/uploads\/Reisen\/Bali2009\/Reise\/IMG_2524.jpg\"><img loading=\"lazy\" decoding=\"async\" width=\"800\" height=\"600\" src=\"https:\/\/www.guhalg.com\/wordpress\/wp-content\/uploads\/Reisen\/Bali2009\/Reise\/IMG_2524.jpg\" alt=\"Neujahrstauchgang\" class=\"wp-image-6049\" srcset=\"https:\/\/www.guhalg.com\/wordpress\/wp-content\/uploads\/Reisen\/Bali2009\/Reise\/IMG_2524.jpg 800w, https:\/\/www.guhalg.com\/wordpress\/wp-content\/uploads\/Reisen\/Bali2009\/Reise\/IMG_2524-300x225.jpg 300w, https:\/\/www.guhalg.com\/wordpress\/wp-content\/uploads\/Reisen\/Bali2009\/Reise\/IMG_2524-768x576.jpg 768w\" sizes=\"auto, (max-width: 800px) 100vw, 800px\" \/><\/a><figcaption>Neujahrstauchgang<\/figcaption><\/figure><\/div>\n\n\n\n<div class=\"wp-block-columns is-layout-flex wp-container-core-columns-is-layout-9d6595d7 wp-block-columns-is-layout-flex\">\n<div class=\"wp-block-column is-layout-flow wp-block-column-is-layout-flow\">\n<div class=\"wp-block-buttons is-layout-flex wp-block-buttons-is-layout-flex\">\n<div class=\"wp-block-button\"><a class=\"wp-block-button__link\" href=\"https:\/\/www.guhalg.com\/wordpress\/?page_id=6192\">Tauchpl\u00e4tze<\/a><\/div>\n<\/div>\n<\/div>\n\n\n\n<div class=\"wp-block-column is-layout-flow wp-block-column-is-layout-flow\">\n<div class=\"wp-block-buttons is-horizontal is-content-justification-right is-layout-flex wp-container-core-buttons-is-layout-ae2fe186 wp-block-buttons-is-layout-flex\">\n<div class=\"wp-block-button\"><a class=\"wp-block-button__link\" href=\"https:\/\/www.guhalg.com\/wordpress\/?page_id=6146\">North Bali Dive Center<\/a><\/div>\n<\/div>\n<\/div>\n<\/div>\n","protected":false},"excerpt":{"rendered":"<p>Um die 24 Stunden Tauch frei vor dem Heimflug einzuhalten, haben wir am letzten Tag die Gelegenheit genutzt und die direkt neben der Tauchbasis gelegene Perlenfarm besichtigt. Also schnell hinten aus der Basis raus und am Nachbargrundst\u00fcck die gro\u00dfe Treppe&hellip; <\/p>\n","protected":false},"author":1,"featured_media":0,"parent":6045,"menu_order":6,"comment_status":"closed","ping_status":"closed","template":"","meta":{"footnotes":""},"class_list":["post-6285","page","type-page","status-publish","hentry"],"_links":{"self":[{"href":"https:\/\/www.guhalg.com\/wordpress\/index.php?rest_route=\/wp\/v2\/pages\/6285","targetHints":{"allow":["GET"]}}],"collection":[{"href":"https:\/\/www.guhalg.com\/wordpress\/index.php?rest_route=\/wp\/v2\/pages"}],"about":[{"href":"https:\/\/www.guhalg.com\/wordpress\/index.php?rest_route=\/wp\/v2\/types\/page"}],"author":[{"embeddable":true,"href":"https:\/\/www.guhalg.com\/wordpress\/index.php?rest_route=\/wp\/v2\/users\/1"}],"replies":[{"embeddable":true,"href":"https:\/\/www.guhalg.com\/wordpress\/index.php?rest_route=%2Fwp%2Fv2%2Fcomments&post=6285"}],"version-history":[{"count":11,"href":"https:\/\/www.guhalg.com\/wordpress\/index.php?rest_route=\/wp\/v2\/pages\/6285\/revisions"}],"predecessor-version":[{"id":7774,"href":"https:\/\/www.guhalg.com\/wordpress\/index.php?rest_route=\/wp\/v2\/pages\/6285\/revisions\/7774"}],"up":[{"embeddable":true,"href":"https:\/\/www.guhalg.com\/wordpress\/index.php?rest_route=\/wp\/v2\/pages\/6045"}],"wp:attachment":[{"href":"https:\/\/www.guhalg.com\/wordpress\/index.php?rest_route=%2Fwp%2Fv2%2Fmedia&parent=6285"}],"curies":[{"name":"wp","href":"https:\/\/api.w.org\/{rel}","templated":true}]}}