{"id":6380,"date":"2022-01-17T22:36:51","date_gmt":"2022-01-17T21:36:51","guid":{"rendered":"https:\/\/www.guhalg.com\/wordpress\/?page_id=6380"},"modified":"2022-02-08T18:44:53","modified_gmt":"2022-02-08T17:44:53","slug":"erste-eindruecke","status":"publish","type":"page","link":"https:\/\/www.guhalg.com\/wordpress\/?page_id=6380","title":{"rendered":"Erste Eindr\u00fccke"},"content":{"rendered":"\n<p>Entgegen unseren meisten Reisen ging es diesmal direkt ab Hannover in den Flieger. Keine Bahn \u2013 oder Auto Anreise \u2013 sondern einfach mit der Stra\u00dfenbahn zum Flughafen. Auch das Reisen ohne 2 \u00d7 20 Kg Tauchgep\u00e4ck ist viel leichter und einfacher.<\/p>\n\n\n\n<p>Am Flughafen in Istanbul haben wir uns gegen ein Taxi und f\u00fcr die \u00f6ffentlichen Verkehrsmittel ausgesprochen. Chrischi hat sich beim Fahrkartenverkauf den Weg zu unserem Ziel und die Stra\u00dfenbahnlinien erkl\u00e4ren lassen und so sind wir ohne Probleme bis zu unserem Zielviertel, dem Sultan Achmed Viertel, durchgekommen. Ohne Kenntnis der genauen Haltestelle sind wir in der N\u00e4he des Wassers ausgestiegen und haben uns auf die Suche nach unserem Hotel gemacht. Ein kurzer Blick \u00fcbers Wasser zeigte gleich zwei Kreuzfahrtschiffe, die hier wohl f\u00fcr einen Tagesausflug festgemacht hatten.<\/p>\n\n\n\n<div class=\"wp-block-columns is-layout-flex wp-container-core-columns-is-layout-9d6595d7 wp-block-columns-is-layout-flex\">\n<div class=\"wp-block-column is-layout-flow wp-block-column-is-layout-flow\">\n<div class=\"wp-block-image\"><figure class=\"aligncenter size-full\"><a href=\"https:\/\/www.guhalg.com\/wordpress\/wp-content\/uploads\/Reisen\/Istanbul2009\/Stadt\/IMG_6896.jpg\"><img loading=\"lazy\" decoding=\"async\" width=\"800\" height=\"600\" src=\"https:\/\/www.guhalg.com\/wordpress\/wp-content\/uploads\/Reisen\/Istanbul2009\/Stadt\/IMG_6896.jpg\" alt=\"Erstes Kreuzfahrtschiff\" class=\"wp-image-6502\" srcset=\"https:\/\/www.guhalg.com\/wordpress\/wp-content\/uploads\/Reisen\/Istanbul2009\/Stadt\/IMG_6896.jpg 800w, https:\/\/www.guhalg.com\/wordpress\/wp-content\/uploads\/Reisen\/Istanbul2009\/Stadt\/IMG_6896-300x225.jpg 300w, https:\/\/www.guhalg.com\/wordpress\/wp-content\/uploads\/Reisen\/Istanbul2009\/Stadt\/IMG_6896-768x576.jpg 768w\" sizes=\"auto, (max-width: 800px) 100vw, 800px\" \/><\/a><figcaption>Erstes Kreuzfahrtschiff<\/figcaption><\/figure><\/div>\n<\/div>\n\n\n\n<div class=\"wp-block-column is-layout-flow wp-block-column-is-layout-flow\">\n<div class=\"wp-block-image\"><figure class=\"aligncenter size-full\"><a href=\"https:\/\/www.guhalg.com\/wordpress\/wp-content\/uploads\/Reisen\/Istanbul2009\/Stadt\/IMG_6897.jpg\"><img loading=\"lazy\" decoding=\"async\" width=\"800\" height=\"600\" src=\"https:\/\/www.guhalg.com\/wordpress\/wp-content\/uploads\/Reisen\/Istanbul2009\/Stadt\/IMG_6897.jpg\" alt=\"Zweites Kreuzfahrtschiff\" class=\"wp-image-6503\" srcset=\"https:\/\/www.guhalg.com\/wordpress\/wp-content\/uploads\/Reisen\/Istanbul2009\/Stadt\/IMG_6897.jpg 800w, https:\/\/www.guhalg.com\/wordpress\/wp-content\/uploads\/Reisen\/Istanbul2009\/Stadt\/IMG_6897-300x225.jpg 300w, https:\/\/www.guhalg.com\/wordpress\/wp-content\/uploads\/Reisen\/Istanbul2009\/Stadt\/IMG_6897-768x576.jpg 768w\" sizes=\"auto, (max-width: 800px) 100vw, 800px\" \/><\/a><figcaption>Zweites Kreuzfahrtschiff<\/figcaption><\/figure><\/div>\n<\/div>\n<\/div>\n\n\n\n<p>Nachdem wir nach einigen Minuten Sucherei realisiert hatten, dass wir wohl zwei Stationen zu weit gefahren und auch noch in die falsche Richtung weitergegangen sind, hie\u00df es also \u2013 STOPP \u2013 KEHRT MARSCH\u00a0ZUR\u00dcCK. Nun sind wir teilweise wieder der Stra\u00dfenbahnlinie zur\u00fcckgefolgt, vorbei an einigen Gesch\u00e4ften.<\/p>\n\n\n\n<div class=\"wp-block-image\"><figure class=\"aligncenter size-full\"><a href=\"https:\/\/www.guhalg.com\/wordpress\/wp-content\/uploads\/Reisen\/Istanbul2009\/Stadt\/IMG_6893.jpg\"><img loading=\"lazy\" decoding=\"async\" width=\"800\" height=\"600\" src=\"https:\/\/www.guhalg.com\/wordpress\/wp-content\/uploads\/Reisen\/Istanbul2009\/Stadt\/IMG_6893.jpg\" alt=\"Auf dem Weg\" class=\"wp-image-6501\" srcset=\"https:\/\/www.guhalg.com\/wordpress\/wp-content\/uploads\/Reisen\/Istanbul2009\/Stadt\/IMG_6893.jpg 800w, https:\/\/www.guhalg.com\/wordpress\/wp-content\/uploads\/Reisen\/Istanbul2009\/Stadt\/IMG_6893-300x225.jpg 300w, https:\/\/www.guhalg.com\/wordpress\/wp-content\/uploads\/Reisen\/Istanbul2009\/Stadt\/IMG_6893-768x576.jpg 768w\" sizes=\"auto, (max-width: 800px) 100vw, 800px\" \/><\/a><figcaption>Auf dem Weg<\/figcaption><\/figure><\/div>\n\n\n\n<p>Schlie\u00dflich haben wir unser Hotel gefunden. Also schnell eingecheckt, Zimmer bezogen, unter die Dusche und mit frischer Kleidung nochmal raus, die n\u00e4here Umgebung erkunden. Obwohl, oder vielleicht auch gerade, weil es jetzt auch schon langsam dunkel wurde, waren nicht sehr viele Menschen auf den Stra\u00dfen unterwegs. Wie sich dann in den n\u00e4chsten Tagen herausstellte, wandelt sich der Lebensrhythmus gegen Abend. Der Vorplatz der Moschee war schon menschenleer.<\/p>\n\n\n\n<div class=\"wp-block-image\"><figure class=\"aligncenter size-full\"><a href=\"https:\/\/www.guhalg.com\/wordpress\/wp-content\/uploads\/Reisen\/Istanbul2009\/Stadt\/IMG_6900.jpg\"><img loading=\"lazy\" decoding=\"async\" width=\"800\" height=\"600\" src=\"https:\/\/www.guhalg.com\/wordpress\/wp-content\/uploads\/Reisen\/Istanbul2009\/Stadt\/IMG_6900.jpg\" alt=\"Moschee am Abend\" class=\"wp-image-6504\" srcset=\"https:\/\/www.guhalg.com\/wordpress\/wp-content\/uploads\/Reisen\/Istanbul2009\/Stadt\/IMG_6900.jpg 800w, https:\/\/www.guhalg.com\/wordpress\/wp-content\/uploads\/Reisen\/Istanbul2009\/Stadt\/IMG_6900-300x225.jpg 300w, https:\/\/www.guhalg.com\/wordpress\/wp-content\/uploads\/Reisen\/Istanbul2009\/Stadt\/IMG_6900-768x576.jpg 768w\" sizes=\"auto, (max-width: 800px) 100vw, 800px\" \/><\/a><figcaption>Moschee am Abend<\/figcaption><\/figure><\/div>\n\n\n\n<p>Und auch der ganz in der N\u00e4he liegende Spice Bazar (Gew\u00fcrz Basar) hatte schon geschlossen. Daf\u00fcr waren aber viele Stra\u00dfenh\u00e4ndler vor allem bei den Schiffsanlegern aktiv bzw. bauten gerade ihre St\u00e4nde auf. Wir sind allerdings nicht mehr so weit durch das Viertel gegangen.<\/p>\n\n\n\n<p>Die Reise hatte uns doch ermattet und so sind vorbei an einer (kitschig?) beleuchteten Bank wieder Richtung Hotel zur\u00fcck. Vielleicht w\u00fcrden wir heute Abend noch einen Besuchsplan f\u00fcr die vielen Attraktionen aufstellen, vielleicht aber auch einfach nur schlafen gehen.<\/p>\n\n\n\n<div class=\"wp-block-image\"><figure class=\"aligncenter size-full\"><a href=\"https:\/\/www.guhalg.com\/wordpress\/wp-content\/uploads\/Reisen\/Istanbul2009\/Stadt\/IMG_6902.jpg\"><img loading=\"lazy\" decoding=\"async\" width=\"450\" height=\"600\" src=\"https:\/\/www.guhalg.com\/wordpress\/wp-content\/uploads\/Reisen\/Istanbul2009\/Stadt\/IMG_6902.jpg\" alt=\"Beleuchtete Bank\" class=\"wp-image-6505\" srcset=\"https:\/\/www.guhalg.com\/wordpress\/wp-content\/uploads\/Reisen\/Istanbul2009\/Stadt\/IMG_6902.jpg 450w, https:\/\/www.guhalg.com\/wordpress\/wp-content\/uploads\/Reisen\/Istanbul2009\/Stadt\/IMG_6902-225x300.jpg 225w\" sizes=\"auto, (max-width: 450px) 100vw, 450px\" \/><\/a><figcaption>Beleuchtete Bank<\/figcaption><\/figure><\/div>\n\n\n\n<div class=\"wp-block-columns is-layout-flex wp-container-core-columns-is-layout-9d6595d7 wp-block-columns-is-layout-flex\">\n<div class=\"wp-block-column is-layout-flow wp-block-column-is-layout-flow\">\n<div class=\"wp-block-buttons is-layout-flex wp-block-buttons-is-layout-flex\">\n<div class=\"wp-block-button\"><a class=\"wp-block-button__link\" href=\"https:\/\/www.guhalg.com\/wordpress\/?page_id=6371\">Istanbul 2009<\/a><\/div>\n<\/div>\n<\/div>\n\n\n\n<div class=\"wp-block-column is-layout-flow wp-block-column-is-layout-flow\">\n<div class=\"wp-block-buttons is-horizontal is-content-justification-right is-layout-flex wp-container-core-buttons-is-layout-ae2fe186 wp-block-buttons-is-layout-flex\">\n<div class=\"wp-block-button\"><a class=\"wp-block-button__link\" href=\"https:\/\/www.guhalg.com\/wordpress\/?page_id=6555\">Die Zisterne<\/a><\/div>\n<\/div>\n<\/div>\n<\/div>\n","protected":false},"excerpt":{"rendered":"<p>Entgegen unseren meisten Reisen ging es diesmal direkt ab Hannover in den Flieger. Keine Bahn \u2013 oder Auto Anreise \u2013 sondern einfach mit der Stra\u00dfenbahn zum Flughafen. Auch das Reisen ohne 2 \u00d7 20 Kg Tauchgep\u00e4ck ist viel leichter und&hellip; <\/p>\n","protected":false},"author":1,"featured_media":0,"parent":6371,"menu_order":2,"comment_status":"closed","ping_status":"closed","template":"","meta":{"footnotes":""},"class_list":["post-6380","page","type-page","status-publish","hentry"],"_links":{"self":[{"href":"https:\/\/www.guhalg.com\/wordpress\/index.php?rest_route=\/wp\/v2\/pages\/6380","targetHints":{"allow":["GET"]}}],"collection":[{"href":"https:\/\/www.guhalg.com\/wordpress\/index.php?rest_route=\/wp\/v2\/pages"}],"about":[{"href":"https:\/\/www.guhalg.com\/wordpress\/index.php?rest_route=\/wp\/v2\/types\/page"}],"author":[{"embeddable":true,"href":"https:\/\/www.guhalg.com\/wordpress\/index.php?rest_route=\/wp\/v2\/users\/1"}],"replies":[{"embeddable":true,"href":"https:\/\/www.guhalg.com\/wordpress\/index.php?rest_route=%2Fwp%2Fv2%2Fcomments&post=6380"}],"version-history":[{"count":11,"href":"https:\/\/www.guhalg.com\/wordpress\/index.php?rest_route=\/wp\/v2\/pages\/6380\/revisions"}],"predecessor-version":[{"id":7777,"href":"https:\/\/www.guhalg.com\/wordpress\/index.php?rest_route=\/wp\/v2\/pages\/6380\/revisions\/7777"}],"up":[{"embeddable":true,"href":"https:\/\/www.guhalg.com\/wordpress\/index.php?rest_route=\/wp\/v2\/pages\/6371"}],"wp:attachment":[{"href":"https:\/\/www.guhalg.com\/wordpress\/index.php?rest_route=%2Fwp%2Fv2%2Fmedia&parent=6380"}],"curies":[{"name":"wp","href":"https:\/\/api.w.org\/{rel}","templated":true}]}}