{"id":6555,"date":"2022-01-18T21:29:15","date_gmt":"2022-01-18T20:29:15","guid":{"rendered":"https:\/\/www.guhalg.com\/wordpress\/?page_id=6555"},"modified":"2022-02-08T18:47:50","modified_gmt":"2022-02-08T17:47:50","slug":"die-zisterne","status":"publish","type":"page","link":"https:\/\/www.guhalg.com\/wordpress\/?page_id=6555","title":{"rendered":"Die Zisterne"},"content":{"rendered":"\n<p>Nach einer ruhigen Nacht in einem kurzen Bett (ausgestreckt passte auch Horst mit seiner normalen Gr\u00f6\u00dfe nicht mehr der L\u00e4nge nach aufs Bett) ging es zum Fr\u00fchst\u00fcck. Dieses Fr\u00fchst\u00fccksbuffet war wirklich \u00fcppig, aber in einem vielleicht etwas zu kalt klimatisierten Raum. Anschlie\u00dfend ging es weiter mit dem Programm f\u00fcr die Stadt.<\/p>\n\n\n\n<p>Wir hatten jetzt vier Tage Zeit f\u00fcr das Sightseeing, unterbrochen von den zwei Tagen f\u00fcr die Hochzeit. Auf alle F\u00e4lle wollten wir zur <a rel=\"noreferrer noopener\" href=\"http:\/\/de.wikipedia.org\/wiki\/Sultan-Ahmed-Moschee\" target=\"_blank\">Sultan-Achmed Moschee<\/a>, auch blaue Moschee genannt, in die <a rel=\"noreferrer noopener\" href=\"http:\/\/de.wikipedia.org\/wiki\/Hagia_Sofia\" target=\"_blank\">Hagia Sofia<\/a>, die erst eine Kirche und dann eine Moschee war und heute ein Museum ist. Dazu auf alle F\u00e4lle noch einige der Basare der Stadt, mindestens den <a rel=\"noreferrer noopener\" href=\"http:\/\/www.grandbazaaristanbul.org\/Grand_Bazaar_Istanbul.html\" target=\"_blank\">Grand-Bazaar<\/a>, Kapal\u0131 \u00c7ar\u015f\u0131 (\u00dcberdachter Basar),\u00a0 den <a rel=\"noreferrer noopener\" href=\"http:\/\/de.wikipedia.org\/wiki\/M%C4%B1s%C4%B1r_%C3%87ar%C5%9F%C4%B1s%C4%B1\" target=\"_blank\">Spice-Bazaar<\/a>, M\u0131s\u0131r \u00c7ar\u015f\u0131s\u0131 (\u00c4gyptischer Basar), den <a rel=\"noreferrer noopener\" href=\"http:\/\/de.wikipedia.org\/wiki\/Topkap%C4%B1-Palast\" target=\"_blank\">Topkapi-Palast<\/a> (Topkapi Sarayi) und nat\u00fcrlich noch eine <a rel=\"noreferrer noopener\" href=\"http:\/\/de.wikipedia.org\/wiki\/Bosporus\" target=\"_blank\">Bosporus<\/a> Tour. Aber als Erstes haben wir uns f\u00fcr den Besuch einer alten Zisterne, der <a rel=\"noreferrer noopener\" href=\"http:\/\/de.wikipedia.org\/wiki\/Cisterna_Basilica\" target=\"_blank\">Yerebatan Sarnici<\/a> entschieden.<\/p>\n\n\n\n<p>Also schnell die Kamera eingepackt, Chrischi hat noch ihren Rucksack mit Karte, Sonnenbrillen und Getr\u00e4nken gef\u00fcllt, und dann sind wir raus aus dem Hotel vorbei an einigen netten Ausblicken hin zur Zisterne.<\/p>\n\n\n\n<div class=\"wp-block-image\"><figure class=\"aligncenter size-full\"><a href=\"https:\/\/www.guhalg.com\/wordpress\/wp-content\/uploads\/Reisen\/Istanbul2009\/Bericht Zisterne\/IMG_6904.jpg\"><img loading=\"lazy\" decoding=\"async\" width=\"800\" height=\"600\" src=\"https:\/\/www.guhalg.com\/wordpress\/wp-content\/uploads\/Reisen\/Istanbul2009\/Bericht Zisterne\/IMG_6904.jpg\" alt=\"Unscheinbare Zisterne\" class=\"wp-image-6565\" srcset=\"https:\/\/www.guhalg.com\/wordpress\/wp-content\/uploads\/Reisen\/Istanbul2009\/Bericht%20Zisterne\/IMG_6904.jpg 800w, https:\/\/www.guhalg.com\/wordpress\/wp-content\/uploads\/Reisen\/Istanbul2009\/Bericht%20Zisterne\/IMG_6904-300x225.jpg 300w, https:\/\/www.guhalg.com\/wordpress\/wp-content\/uploads\/Reisen\/Istanbul2009\/Bericht%20Zisterne\/IMG_6904-768x576.jpg 768w\" sizes=\"auto, (max-width: 800px) 100vw, 800px\" \/><\/a><figcaption>Unscheinbare Zisterne<\/figcaption><\/figure><\/div>\n\n\n\n<div class=\"wp-block-image\"><figure class=\"aligncenter size-full\"><a href=\"https:\/\/www.guhalg.com\/wordpress\/wp-content\/uploads\/Reisen\/Istanbul2009\/Bericht Zisterne\/IMG_6949.jpg\"><img loading=\"lazy\" decoding=\"async\" width=\"800\" height=\"600\" src=\"https:\/\/www.guhalg.com\/wordpress\/wp-content\/uploads\/Reisen\/Istanbul2009\/Bericht Zisterne\/IMG_6949.jpg\" alt=\"Zisterne\" class=\"wp-image-6568\" srcset=\"https:\/\/www.guhalg.com\/wordpress\/wp-content\/uploads\/Reisen\/Istanbul2009\/Bericht%20Zisterne\/IMG_6949.jpg 800w, https:\/\/www.guhalg.com\/wordpress\/wp-content\/uploads\/Reisen\/Istanbul2009\/Bericht%20Zisterne\/IMG_6949-300x225.jpg 300w, https:\/\/www.guhalg.com\/wordpress\/wp-content\/uploads\/Reisen\/Istanbul2009\/Bericht%20Zisterne\/IMG_6949-768x576.jpg 768w\" sizes=\"auto, (max-width: 800px) 100vw, 800px\" \/><\/a><figcaption>Zisterne<\/figcaption><\/figure><\/div>\n\n\n\n<div class=\"wp-block-image\"><figure class=\"aligncenter size-large\"><a href=\"https:\/\/www.guhalg.com\/wordpress\/wp-content\/uploads\/Reisen\/Istanbul2009\/Bericht Zisterne\/Panorama Wasserspeicher-scaled.jpg\"><img loading=\"lazy\" decoding=\"async\" width=\"1024\" height=\"349\" src=\"https:\/\/www.guhalg.com\/wordpress\/wp-content\/uploads\/Reisen\/Istanbul2009\/Bericht Zisterne\/Panorama Wasserspeicher-1024x349.jpg\" alt=\"Panorama Wasserspeicher\" class=\"wp-image-6569\" srcset=\"https:\/\/www.guhalg.com\/wordpress\/wp-content\/uploads\/Reisen\/Istanbul2009\/Bericht%20Zisterne\/Panorama%20Wasserspeicher-1024x349.jpg 1024w, https:\/\/www.guhalg.com\/wordpress\/wp-content\/uploads\/Reisen\/Istanbul2009\/Bericht%20Zisterne\/Panorama%20Wasserspeicher-300x102.jpg 300w, https:\/\/www.guhalg.com\/wordpress\/wp-content\/uploads\/Reisen\/Istanbul2009\/Bericht%20Zisterne\/Panorama%20Wasserspeicher-768x262.jpg 768w, https:\/\/www.guhalg.com\/wordpress\/wp-content\/uploads\/Reisen\/Istanbul2009\/Bericht%20Zisterne\/Panorama%20Wasserspeicher-1536x523.jpg 1536w, https:\/\/www.guhalg.com\/wordpress\/wp-content\/uploads\/Reisen\/Istanbul2009\/Bericht%20Zisterne\/Panorama%20Wasserspeicher-2048x698.jpg 2048w\" sizes=\"auto, (max-width: 1024px) 100vw, 1024px\" \/><\/a><figcaption>Panorama Wasserspeicher<\/figcaption><\/figure><\/div>\n\n\n\n<p>Wenn ihr auf dem Panorama Bild oben jetzt keine Zisterne erkennen k\u00f6nnt, macht nichts. Ging uns auch so. Hinter diesen Mauern verbirgt sie sich, die Zisterne.<\/p>\n\n\n\n<div class=\"wp-block-columns is-layout-flex wp-container-core-columns-is-layout-9d6595d7 wp-block-columns-is-layout-flex\">\n<div class=\"wp-block-column is-layout-flow wp-block-column-is-layout-flow\">\n<div class=\"wp-block-image\"><figure class=\"aligncenter size-full\"><a href=\"https:\/\/www.guhalg.com\/wordpress\/wp-content\/uploads\/Reisen\/Istanbul2009\/Bericht Zisterne\/IMG_6905.jpg\"><img loading=\"lazy\" decoding=\"async\" width=\"800\" height=\"600\" src=\"https:\/\/www.guhalg.com\/wordpress\/wp-content\/uploads\/Reisen\/Istanbul2009\/Bericht Zisterne\/IMG_6905.jpg\" alt=\"Die Zisterne\" class=\"wp-image-6566\" srcset=\"https:\/\/www.guhalg.com\/wordpress\/wp-content\/uploads\/Reisen\/Istanbul2009\/Bericht%20Zisterne\/IMG_6905.jpg 800w, https:\/\/www.guhalg.com\/wordpress\/wp-content\/uploads\/Reisen\/Istanbul2009\/Bericht%20Zisterne\/IMG_6905-300x225.jpg 300w, https:\/\/www.guhalg.com\/wordpress\/wp-content\/uploads\/Reisen\/Istanbul2009\/Bericht%20Zisterne\/IMG_6905-768x576.jpg 768w\" sizes=\"auto, (max-width: 800px) 100vw, 800px\" \/><\/a><figcaption>Die Zisterne<\/figcaption><\/figure><\/div>\n<\/div>\n\n\n\n<div class=\"wp-block-column is-layout-flow wp-block-column-is-layout-flow\">\n<div class=\"wp-block-image\"><figure class=\"aligncenter size-full\"><a href=\"https:\/\/www.guhalg.com\/wordpress\/wp-content\/uploads\/Reisen\/Istanbul2009\/Bericht Zisterne\/IMG_6944.jpg\"><img loading=\"lazy\" decoding=\"async\" width=\"800\" height=\"600\" src=\"https:\/\/www.guhalg.com\/wordpress\/wp-content\/uploads\/Reisen\/Istanbul2009\/Bericht Zisterne\/IMG_6944.jpg\" alt=\"Die Zisterne\" class=\"wp-image-6567\" srcset=\"https:\/\/www.guhalg.com\/wordpress\/wp-content\/uploads\/Reisen\/Istanbul2009\/Bericht%20Zisterne\/IMG_6944.jpg 800w, https:\/\/www.guhalg.com\/wordpress\/wp-content\/uploads\/Reisen\/Istanbul2009\/Bericht%20Zisterne\/IMG_6944-300x225.jpg 300w, https:\/\/www.guhalg.com\/wordpress\/wp-content\/uploads\/Reisen\/Istanbul2009\/Bericht%20Zisterne\/IMG_6944-768x576.jpg 768w\" sizes=\"auto, (max-width: 800px) 100vw, 800px\" \/><\/a><figcaption>Die Zisterne<\/figcaption><\/figure><\/div>\n<\/div>\n<\/div>\n\n\n\n<p>Und weitere Bilder gibts auch noch: <a href=\"https:\/\/www.guhalg.com\/wordpress\/?page_id=6591\" data-type=\"page\" data-id=\"6591\">Yerebatan Sarnici<\/a> <\/p>\n\n\n\n<p>\u00dcbrigens war es in der Zisterne auf den ersten Eindruck hin richtig angenehm und k\u00fchl, insbesondere nach der Lauferei durch die Stadt. Doch nach einiger Zeit wurde es gef\u00fchlt merklich k\u00fchler und die feuchte Luft sorgte f\u00fcr weitere Frostgef\u00fchle. Also rasch wieder raus in die Stadt und in die W\u00e4rme. Auf zu einem n\u00e4chsten Highlight. <\/p>\n\n\n\n<div class=\"wp-block-columns is-layout-flex wp-container-core-columns-is-layout-9d6595d7 wp-block-columns-is-layout-flex\">\n<div class=\"wp-block-column is-layout-flow wp-block-column-is-layout-flow\">\n<div class=\"wp-block-buttons is-layout-flex wp-block-buttons-is-layout-flex\">\n<div class=\"wp-block-button\"><a class=\"wp-block-button__link\" href=\"https:\/\/www.guhalg.com\/wordpress\/?page_id=6380\">Erste Eindr\u00fccke<\/a><\/div>\n<\/div>\n<\/div>\n\n\n\n<div class=\"wp-block-column is-layout-flow wp-block-column-is-layout-flow\">\n<div class=\"wp-block-buttons is-horizontal is-content-justification-right is-layout-flex wp-container-core-buttons-is-layout-ae2fe186 wp-block-buttons-is-layout-flex\">\n<div class=\"wp-block-button\"><a class=\"wp-block-button__link\" href=\"https:\/\/www.guhalg.com\/wordpress\/?page_id=6598\">Die blaue Moschee<\/a><\/div>\n<\/div>\n<\/div>\n<\/div>\n","protected":false},"excerpt":{"rendered":"<p>Nach einer ruhigen Nacht in einem kurzen Bett (ausgestreckt passte auch Horst mit seiner normalen Gr\u00f6\u00dfe nicht mehr der L\u00e4nge nach aufs Bett) ging es zum Fr\u00fchst\u00fcck. Dieses Fr\u00fchst\u00fccksbuffet war wirklich \u00fcppig, aber in einem vielleicht etwas zu kalt klimatisierten&hellip; <\/p>\n","protected":false},"author":1,"featured_media":0,"parent":6371,"menu_order":1,"comment_status":"closed","ping_status":"closed","template":"","meta":{"footnotes":""},"class_list":["post-6555","page","type-page","status-publish","hentry"],"_links":{"self":[{"href":"https:\/\/www.guhalg.com\/wordpress\/index.php?rest_route=\/wp\/v2\/pages\/6555","targetHints":{"allow":["GET"]}}],"collection":[{"href":"https:\/\/www.guhalg.com\/wordpress\/index.php?rest_route=\/wp\/v2\/pages"}],"about":[{"href":"https:\/\/www.guhalg.com\/wordpress\/index.php?rest_route=\/wp\/v2\/types\/page"}],"author":[{"embeddable":true,"href":"https:\/\/www.guhalg.com\/wordpress\/index.php?rest_route=\/wp\/v2\/users\/1"}],"replies":[{"embeddable":true,"href":"https:\/\/www.guhalg.com\/wordpress\/index.php?rest_route=%2Fwp%2Fv2%2Fcomments&post=6555"}],"version-history":[{"count":10,"href":"https:\/\/www.guhalg.com\/wordpress\/index.php?rest_route=\/wp\/v2\/pages\/6555\/revisions"}],"predecessor-version":[{"id":7779,"href":"https:\/\/www.guhalg.com\/wordpress\/index.php?rest_route=\/wp\/v2\/pages\/6555\/revisions\/7779"}],"up":[{"embeddable":true,"href":"https:\/\/www.guhalg.com\/wordpress\/index.php?rest_route=\/wp\/v2\/pages\/6371"}],"wp:attachment":[{"href":"https:\/\/www.guhalg.com\/wordpress\/index.php?rest_route=%2Fwp%2Fv2%2Fmedia&parent=6555"}],"curies":[{"name":"wp","href":"https:\/\/api.w.org\/{rel}","templated":true}]}}