{"id":6598,"date":"2022-01-20T21:29:31","date_gmt":"2022-01-20T20:29:31","guid":{"rendered":"https:\/\/www.guhalg.com\/wordpress\/?page_id=6598"},"modified":"2022-02-08T18:51:56","modified_gmt":"2022-02-08T17:51:56","slug":"die-blaue-moschee","status":"publish","type":"page","link":"https:\/\/www.guhalg.com\/wordpress\/?page_id=6598","title":{"rendered":"Die blaue Moschee"},"content":{"rendered":"\n<p>Nachdem wir uns wieder etwas von der feuchten K\u00e4lte der Zisterne erholt hatten, ging es weiter die Anh\u00f6he hinauf zu unserem n\u00e4chsten Ziel: die blaue Moschee.<\/p>\n\n\n\n<p>Unser Weg f\u00fchrte uns inmitten eines Parks zwischen der Hagia Sofia und der blauen Moschee. Wir haben gleich die Gelegenheit genutzt, um ein wenig zu trinken und einfach den Blick ins Gr\u00fcne zu richten.<\/p>\n\n\n\n<div class=\"wp-block-columns is-layout-flex wp-container-core-columns-is-layout-9d6595d7 wp-block-columns-is-layout-flex\">\n<div class=\"wp-block-column is-layout-flow wp-block-column-is-layout-flow\">\n<div class=\"wp-block-image\"><figure class=\"aligncenter size-full\"><a href=\"https:\/\/www.guhalg.com\/wordpress\/wp-content\/uploads\/Reisen\/Istanbul2009\/Bericht Blaue Moschee\/IMG_6959.jpg\"><img loading=\"lazy\" decoding=\"async\" width=\"800\" height=\"600\" src=\"https:\/\/www.guhalg.com\/wordpress\/wp-content\/uploads\/Reisen\/Istanbul2009\/Bericht Blaue Moschee\/IMG_6959.jpg\" alt=\"Wasserspiele\" class=\"wp-image-6605\" srcset=\"https:\/\/www.guhalg.com\/wordpress\/wp-content\/uploads\/Reisen\/Istanbul2009\/Bericht%20Blaue%20Moschee\/IMG_6959.jpg 800w, https:\/\/www.guhalg.com\/wordpress\/wp-content\/uploads\/Reisen\/Istanbul2009\/Bericht%20Blaue%20Moschee\/IMG_6959-300x225.jpg 300w, https:\/\/www.guhalg.com\/wordpress\/wp-content\/uploads\/Reisen\/Istanbul2009\/Bericht%20Blaue%20Moschee\/IMG_6959-768x576.jpg 768w\" sizes=\"auto, (max-width: 800px) 100vw, 800px\" \/><\/a><figcaption>Wasserspiele<\/figcaption><\/figure><\/div>\n<\/div>\n\n\n\n<div class=\"wp-block-column is-layout-flow wp-block-column-is-layout-flow\">\n<div class=\"wp-block-image\"><figure class=\"aligncenter size-full\"><a href=\"https:\/\/www.guhalg.com\/wordpress\/wp-content\/uploads\/Reisen\/Istanbul2009\/Bericht Blaue Moschee\/IMG_6961.jpg\"><img loading=\"lazy\" decoding=\"async\" width=\"800\" height=\"600\" src=\"https:\/\/www.guhalg.com\/wordpress\/wp-content\/uploads\/Reisen\/Istanbul2009\/Bericht Blaue Moschee\/IMG_6961.jpg\" alt=\"Parkallee\" class=\"wp-image-6607\" srcset=\"https:\/\/www.guhalg.com\/wordpress\/wp-content\/uploads\/Reisen\/Istanbul2009\/Bericht%20Blaue%20Moschee\/IMG_6961.jpg 800w, https:\/\/www.guhalg.com\/wordpress\/wp-content\/uploads\/Reisen\/Istanbul2009\/Bericht%20Blaue%20Moschee\/IMG_6961-300x225.jpg 300w, https:\/\/www.guhalg.com\/wordpress\/wp-content\/uploads\/Reisen\/Istanbul2009\/Bericht%20Blaue%20Moschee\/IMG_6961-768x576.jpg 768w\" sizes=\"auto, (max-width: 800px) 100vw, 800px\" \/><\/a><figcaption>Parkallee<\/figcaption><\/figure><\/div>\n<\/div>\n\n\n\n<div class=\"wp-block-column is-layout-flow wp-block-column-is-layout-flow\">\n<div class=\"wp-block-image\"><figure class=\"aligncenter size-full\"><a href=\"https:\/\/www.guhalg.com\/wordpress\/wp-content\/uploads\/Reisen\/Istanbul2009\/Bericht Blaue Moschee\/IMG_6963.jpg\"><img loading=\"lazy\" decoding=\"async\" width=\"800\" height=\"600\" src=\"https:\/\/www.guhalg.com\/wordpress\/wp-content\/uploads\/Reisen\/Istanbul2009\/Bericht Blaue Moschee\/IMG_6963.jpg\" alt=\"Ruhe im Tumult\" class=\"wp-image-6608\" srcset=\"https:\/\/www.guhalg.com\/wordpress\/wp-content\/uploads\/Reisen\/Istanbul2009\/Bericht%20Blaue%20Moschee\/IMG_6963.jpg 800w, https:\/\/www.guhalg.com\/wordpress\/wp-content\/uploads\/Reisen\/Istanbul2009\/Bericht%20Blaue%20Moschee\/IMG_6963-300x225.jpg 300w, https:\/\/www.guhalg.com\/wordpress\/wp-content\/uploads\/Reisen\/Istanbul2009\/Bericht%20Blaue%20Moschee\/IMG_6963-768x576.jpg 768w\" sizes=\"auto, (max-width: 800px) 100vw, 800px\" \/><\/a><figcaption>Ruhe im Tumult<\/figcaption><\/figure><\/div>\n<\/div>\n<\/div>\n\n\n\n<p>Im mittleren Bild sieht man \u00fcbrigens entlang der Baumreihe die Hagia-Sofia\u00a0\u2026und wenn man dann den Blick in die entgegengesetzte Richtung wendet, so sieht man hinter den Baumwipfeln die blaue Moschee.<\/p>\n\n\n\n<div class=\"wp-block-image\"><figure class=\"aligncenter size-full\"><a href=\"https:\/\/www.guhalg.com\/wordpress\/wp-content\/uploads\/Reisen\/Istanbul2009\/Bericht Blaue Moschee\/IMG_6960.jpg\"><img loading=\"lazy\" decoding=\"async\" width=\"800\" height=\"600\" src=\"https:\/\/www.guhalg.com\/wordpress\/wp-content\/uploads\/Reisen\/Istanbul2009\/Bericht Blaue Moschee\/IMG_6960.jpg\" alt=\"Die blaue Moschee\" class=\"wp-image-6606\" srcset=\"https:\/\/www.guhalg.com\/wordpress\/wp-content\/uploads\/Reisen\/Istanbul2009\/Bericht%20Blaue%20Moschee\/IMG_6960.jpg 800w, https:\/\/www.guhalg.com\/wordpress\/wp-content\/uploads\/Reisen\/Istanbul2009\/Bericht%20Blaue%20Moschee\/IMG_6960-300x225.jpg 300w, https:\/\/www.guhalg.com\/wordpress\/wp-content\/uploads\/Reisen\/Istanbul2009\/Bericht%20Blaue%20Moschee\/IMG_6960-768x576.jpg 768w\" sizes=\"auto, (max-width: 800px) 100vw, 800px\" \/><\/a><figcaption>Die blaue Moschee<\/figcaption><\/figure><\/div>\n\n\n\n<p>Wenn man noch einen freien Platz zwischen den vielen Touristen ergattern konnte, wo es auch einen einigerma\u00dfen freien Blick auf die Moschee gibt, so bietet sich einem ein fantastischer Anblick. \u00a0 <\/p>\n\n\n\n<div class=\"wp-block-image\"><figure class=\"aligncenter size-full\"><a href=\"https:\/\/www.guhalg.com\/wordpress\/wp-content\/uploads\/Reisen\/Istanbul2009\/Bericht Blaue Moschee\/IMG_6950.jpg\"><img loading=\"lazy\" decoding=\"async\" width=\"800\" height=\"600\" src=\"https:\/\/www.guhalg.com\/wordpress\/wp-content\/uploads\/Reisen\/Istanbul2009\/Bericht Blaue Moschee\/IMG_6950.jpg\" alt=\"Die blaue Moschee\" class=\"wp-image-6604\" srcset=\"https:\/\/www.guhalg.com\/wordpress\/wp-content\/uploads\/Reisen\/Istanbul2009\/Bericht%20Blaue%20Moschee\/IMG_6950.jpg 800w, https:\/\/www.guhalg.com\/wordpress\/wp-content\/uploads\/Reisen\/Istanbul2009\/Bericht%20Blaue%20Moschee\/IMG_6950-300x225.jpg 300w, https:\/\/www.guhalg.com\/wordpress\/wp-content\/uploads\/Reisen\/Istanbul2009\/Bericht%20Blaue%20Moschee\/IMG_6950-768x576.jpg 768w\" sizes=\"auto, (max-width: 800px) 100vw, 800px\" \/><\/a><figcaption>Die blaue Moschee<\/figcaption><\/figure><\/div>\n\n\n\n<p>Unser Weg f\u00fchrte uns einmal um die blaue Moschee herum, da der Eingang zur Besichtigung genau auf der anderen Seite lag. Es gab f\u00fcr die Touristen T\u00fccher zur Bedeckung der Schultern und auch Hosen f\u00fcr die Beine. Selbst f\u00fcr die Schuhe waren kleine Plastikbeutel vorhanden, damit man sie mitnehmen kann. Innen war der Blick schon sehr sch\u00f6n.<\/p>\n\n\n\n<div class=\"wp-block-image\"><figure class=\"aligncenter size-large\"><a href=\"https:\/\/www.guhalg.com\/wordpress\/wp-content\/uploads\/Reisen\/Istanbul2009\/Bericht Blaue Moschee\/blaue Moschee 2-scaled.jpg\"><img loading=\"lazy\" decoding=\"async\" width=\"1024\" height=\"449\" src=\"https:\/\/www.guhalg.com\/wordpress\/wp-content\/uploads\/Reisen\/Istanbul2009\/Bericht Blaue Moschee\/blaue Moschee 2-1024x449.jpg\" alt=\"Die blaue Moschee von innen\" class=\"wp-image-6603\" srcset=\"https:\/\/www.guhalg.com\/wordpress\/wp-content\/uploads\/Reisen\/Istanbul2009\/Bericht%20Blaue%20Moschee\/blaue%20Moschee%202-1024x449.jpg 1024w, https:\/\/www.guhalg.com\/wordpress\/wp-content\/uploads\/Reisen\/Istanbul2009\/Bericht%20Blaue%20Moschee\/blaue%20Moschee%202-300x132.jpg 300w, https:\/\/www.guhalg.com\/wordpress\/wp-content\/uploads\/Reisen\/Istanbul2009\/Bericht%20Blaue%20Moschee\/blaue%20Moschee%202-768x337.jpg 768w, https:\/\/www.guhalg.com\/wordpress\/wp-content\/uploads\/Reisen\/Istanbul2009\/Bericht%20Blaue%20Moschee\/blaue%20Moschee%202-1536x674.jpg 1536w, https:\/\/www.guhalg.com\/wordpress\/wp-content\/uploads\/Reisen\/Istanbul2009\/Bericht%20Blaue%20Moschee\/blaue%20Moschee%202-2048x898.jpg 2048w\" sizes=\"auto, (max-width: 1024px) 100vw, 1024px\" \/><\/a><figcaption>Die blaue Moschee von innen<\/figcaption><\/figure><\/div>\n\n\n\n<p>Wenn man auf der anderen Seite wieder herauskam, lagen auch schon Tische bereit, wo man die T\u00fccher und Hosen abgab und auch M\u00fclleimer f\u00fcr die Plastikbeutel fehlten nicht. Freundlich wurde man dann noch per Plakat um eine kleine Spende zum Erhalt der Moschee gebeten, wobei der Spendenbetrag in einer Liste erfasst wurde. Anschlie\u00dfend haben wir uns noch den Innenhof des Geb\u00e4udekomplexes angesehen.<\/p>\n\n\n\n<div class=\"wp-block-image\"><figure class=\"aligncenter size-large\"><a href=\"https:\/\/www.guhalg.com\/wordpress\/wp-content\/uploads\/Reisen\/Istanbul2009\/Bericht Blaue Moschee\/blaue Moschee 1-scaled.jpg\"><img loading=\"lazy\" decoding=\"async\" width=\"1024\" height=\"394\" src=\"https:\/\/www.guhalg.com\/wordpress\/wp-content\/uploads\/Reisen\/Istanbul2009\/Bericht Blaue Moschee\/blaue Moschee 1-1024x394.jpg\" alt=\"Innenhof\" class=\"wp-image-6602\" srcset=\"https:\/\/www.guhalg.com\/wordpress\/wp-content\/uploads\/Reisen\/Istanbul2009\/Bericht%20Blaue%20Moschee\/blaue%20Moschee%201-1024x394.jpg 1024w, https:\/\/www.guhalg.com\/wordpress\/wp-content\/uploads\/Reisen\/Istanbul2009\/Bericht%20Blaue%20Moschee\/blaue%20Moschee%201-300x115.jpg 300w, https:\/\/www.guhalg.com\/wordpress\/wp-content\/uploads\/Reisen\/Istanbul2009\/Bericht%20Blaue%20Moschee\/blaue%20Moschee%201-768x295.jpg 768w, https:\/\/www.guhalg.com\/wordpress\/wp-content\/uploads\/Reisen\/Istanbul2009\/Bericht%20Blaue%20Moschee\/blaue%20Moschee%201-1536x591.jpg 1536w, https:\/\/www.guhalg.com\/wordpress\/wp-content\/uploads\/Reisen\/Istanbul2009\/Bericht%20Blaue%20Moschee\/blaue%20Moschee%201-2048x787.jpg 2048w\" sizes=\"auto, (max-width: 1024px) 100vw, 1024px\" \/><\/a><figcaption>Innenhof<\/figcaption><\/figure><\/div>\n\n\n\n<p>Einige weitere Bilder der blauen Moschee findet ihr hier:&nbsp; <a href=\"https:\/\/www.guhalg.com\/wordpress\/?page_id=6634\" data-type=\"page\" data-id=\"6634\">Die blaue Moschee<\/a>. Danach ging es weiter zum <a rel=\"noreferrer noopener\" href=\"http:\/\/de.wikipedia.org\/wiki\/Hippodrom_%28Konstantinopel%29\" target=\"_blank\">Hippodrom<\/a> (Sutanahmet Platz, At Meydani). Nach nur wenigen Minuten erreicht man einen Platz, in dem man aber nur noch mit viel Fantasie eine ehemalige Rennbahn erkennen kann. Na ja, hier hat die Zeit den Platz in seiner Funktion gewandelt. <\/p>\n\n\n\n<div class=\"wp-block-image\"><figure class=\"aligncenter size-full\"><a href=\"https:\/\/www.guhalg.com\/wordpress\/wp-content\/uploads\/Reisen\/Istanbul2009\/Stadt\/IMG_6979.jpg\"><img loading=\"lazy\" decoding=\"async\" width=\"800\" height=\"600\" src=\"https:\/\/www.guhalg.com\/wordpress\/wp-content\/uploads\/Reisen\/Istanbul2009\/Stadt\/IMG_6979.jpg\" alt=\"Rennbahn\" class=\"wp-image-6507\" srcset=\"https:\/\/www.guhalg.com\/wordpress\/wp-content\/uploads\/Reisen\/Istanbul2009\/Stadt\/IMG_6979.jpg 800w, https:\/\/www.guhalg.com\/wordpress\/wp-content\/uploads\/Reisen\/Istanbul2009\/Stadt\/IMG_6979-300x225.jpg 300w, https:\/\/www.guhalg.com\/wordpress\/wp-content\/uploads\/Reisen\/Istanbul2009\/Stadt\/IMG_6979-768x576.jpg 768w\" sizes=\"auto, (max-width: 800px) 100vw, 800px\" \/><\/a><figcaption>Rennbahn<\/figcaption><\/figure><\/div>\n\n\n\n<p>Hier ist der Obelisk des Thutmoses III, der aus \u00c4gypten vom Karnak Tempel in Luxor nach Istanbul gebracht wurde. Das Alter wird auf ca. 1500 Jahre vor Christus gesch\u00e4tzt.<\/p>\n\n\n\n<div class=\"wp-block-image\"><figure class=\"aligncenter size-full\"><a href=\"https:\/\/www.guhalg.com\/wordpress\/wp-content\/uploads\/Reisen\/Istanbul2009\/Stadt\/IMG_6981.jpg\"><img loading=\"lazy\" decoding=\"async\" width=\"450\" height=\"600\" src=\"https:\/\/www.guhalg.com\/wordpress\/wp-content\/uploads\/Reisen\/Istanbul2009\/Stadt\/IMG_6981.jpg\" alt=\"Obelisk des Thutmoses III\" class=\"wp-image-6509\" srcset=\"https:\/\/www.guhalg.com\/wordpress\/wp-content\/uploads\/Reisen\/Istanbul2009\/Stadt\/IMG_6981.jpg 450w, https:\/\/www.guhalg.com\/wordpress\/wp-content\/uploads\/Reisen\/Istanbul2009\/Stadt\/IMG_6981-225x300.jpg 225w\" sizes=\"auto, (max-width: 450px) 100vw, 450px\" \/><\/a><figcaption>Obelisk des Thutmoses III<\/figcaption><\/figure><\/div>\n\n\n\n<p>Und bei diesen beiden Bildern handelt es sich um die S\u00e4ule des Konstantin.<\/p>\n\n\n\n<div class=\"wp-block-columns is-layout-flex wp-container-core-columns-is-layout-9d6595d7 wp-block-columns-is-layout-flex\">\n<div class=\"wp-block-column is-layout-flow wp-block-column-is-layout-flow\">\n<div class=\"wp-block-image\"><figure class=\"aligncenter size-full\"><a href=\"https:\/\/www.guhalg.com\/wordpress\/wp-content\/uploads\/Reisen\/Istanbul2009\/Stadt\/IMG_6980.jpg\"><img loading=\"lazy\" decoding=\"async\" width=\"450\" height=\"600\" src=\"https:\/\/www.guhalg.com\/wordpress\/wp-content\/uploads\/Reisen\/Istanbul2009\/Stadt\/IMG_6980.jpg\" alt=\"S\u00e4ule des Konstantin\" class=\"wp-image-6508\" srcset=\"https:\/\/www.guhalg.com\/wordpress\/wp-content\/uploads\/Reisen\/Istanbul2009\/Stadt\/IMG_6980.jpg 450w, https:\/\/www.guhalg.com\/wordpress\/wp-content\/uploads\/Reisen\/Istanbul2009\/Stadt\/IMG_6980-225x300.jpg 225w\" sizes=\"auto, (max-width: 450px) 100vw, 450px\" \/><\/a><figcaption>S\u00e4ule des Konstantin<\/figcaption><\/figure><\/div>\n<\/div>\n\n\n\n<div class=\"wp-block-column is-layout-flow wp-block-column-is-layout-flow\">\n<div class=\"wp-block-image\"><figure class=\"aligncenter size-full\"><a href=\"https:\/\/www.guhalg.com\/wordpress\/wp-content\/uploads\/Reisen\/Istanbul2009\/Stadt\/IMG_6983.jpg\"><img loading=\"lazy\" decoding=\"async\" width=\"450\" height=\"600\" src=\"https:\/\/www.guhalg.com\/wordpress\/wp-content\/uploads\/Reisen\/Istanbul2009\/Stadt\/IMG_6983.jpg\" alt=\"S\u00e4ule des Konstantin\" class=\"wp-image-6511\" srcset=\"https:\/\/www.guhalg.com\/wordpress\/wp-content\/uploads\/Reisen\/Istanbul2009\/Stadt\/IMG_6983.jpg 450w, https:\/\/www.guhalg.com\/wordpress\/wp-content\/uploads\/Reisen\/Istanbul2009\/Stadt\/IMG_6983-225x300.jpg 225w\" sizes=\"auto, (max-width: 450px) 100vw, 450px\" \/><\/a><figcaption>S\u00e4ule des Konstantin<\/figcaption><\/figure><\/div>\n<\/div>\n<\/div>\n\n\n\n<p>Wahrscheinlich haben diese S\u00e4ulen die Grenze der Rennbahn markiert. Leider haben die weiteren damaligen Bauten die Zeit nicht \u00fcberstanden. Dass dieser Platz aber immer noch eine gesellschaftliche Bedeutung hat, sieht man an die vielen kleinen Stra\u00dfenrestaurants, die sich rund um den Platz angesiedelt haben.<\/p>\n\n\n\n<div class=\"wp-block-image\"><figure class=\"aligncenter size-full\"><a href=\"https:\/\/www.guhalg.com\/wordpress\/wp-content\/uploads\/Reisen\/Istanbul2009\/Stadt\/IMG_6982.jpg\"><img loading=\"lazy\" decoding=\"async\" width=\"800\" height=\"600\" src=\"https:\/\/www.guhalg.com\/wordpress\/wp-content\/uploads\/Reisen\/Istanbul2009\/Stadt\/IMG_6982.jpg\" alt=\"Kleines Strassenrestaurant\" class=\"wp-image-6510\" srcset=\"https:\/\/www.guhalg.com\/wordpress\/wp-content\/uploads\/Reisen\/Istanbul2009\/Stadt\/IMG_6982.jpg 800w, https:\/\/www.guhalg.com\/wordpress\/wp-content\/uploads\/Reisen\/Istanbul2009\/Stadt\/IMG_6982-300x225.jpg 300w, https:\/\/www.guhalg.com\/wordpress\/wp-content\/uploads\/Reisen\/Istanbul2009\/Stadt\/IMG_6982-768x576.jpg 768w\" sizes=\"auto, (max-width: 800px) 100vw, 800px\" \/><\/a><figcaption>Kleines Strassenrestaurant<\/figcaption><\/figure><\/div>\n\n\n\n<p>Auch von uns deutschen ist hier ein Kulturdenkmal vorhanden. Der Brunnen wurde im Jahre 1898 vom deutschen Kaiser Wilhelm II anl\u00e4sslich eines Staatsbesuchs als Geschenk \u00fcberreicht.<\/p>\n\n\n\n<div class=\"wp-block-image\"><figure class=\"aligncenter size-full\"><a href=\"https:\/\/www.guhalg.com\/wordpress\/wp-content\/uploads\/Reisen\/Istanbul2009\/Stadt\/IMG_6984.jpg\"><img loading=\"lazy\" decoding=\"async\" width=\"800\" height=\"600\" src=\"https:\/\/www.guhalg.com\/wordpress\/wp-content\/uploads\/Reisen\/Istanbul2009\/Stadt\/IMG_6984.jpg\" alt=\"Brunnen von Kaiser Wilhelm II\" class=\"wp-image-6512\" srcset=\"https:\/\/www.guhalg.com\/wordpress\/wp-content\/uploads\/Reisen\/Istanbul2009\/Stadt\/IMG_6984.jpg 800w, https:\/\/www.guhalg.com\/wordpress\/wp-content\/uploads\/Reisen\/Istanbul2009\/Stadt\/IMG_6984-300x225.jpg 300w, https:\/\/www.guhalg.com\/wordpress\/wp-content\/uploads\/Reisen\/Istanbul2009\/Stadt\/IMG_6984-768x576.jpg 768w\" sizes=\"auto, (max-width: 800px) 100vw, 800px\" \/><\/a><figcaption>Brunnen von Kaiser Wilhelm II<\/figcaption><\/figure><\/div>\n\n\n\n<p>So langsam bewegte sich der Tag schon in Richtung Abend und wir hatten uns als letzten Punkt vor dem Abendessen noch den Besuch des Spice Basar vorgenommen. Also sind wir langsam in Richtung Hotel zur\u00fcck und haben die Bilder der Stadt auf uns wirken lassen. \u00dcber den Springbrunnen und idyllische kleine Stra\u00dfen mit netten H\u00e4usern und T\u00fcrmchen bis hin zu ruhigen Parkanlagen, die zum Verweilen einladen.<\/p>\n\n\n\n<figure class=\"wp-block-gallery aligncenter has-nested-images columns-default is-cropped wp-block-gallery-1 is-layout-flex wp-block-gallery-is-layout-flex\">\n<figure class=\"wp-block-image size-large\"><img loading=\"lazy\" decoding=\"async\" width=\"800\" height=\"600\" data-id=\"6506\" src=\"https:\/\/www.guhalg.com\/wordpress\/wp-content\/uploads\/Reisen\/Istanbul2009\/Stadt\/IMG_6953.jpg\" alt=\"\" class=\"wp-image-6506\" srcset=\"https:\/\/www.guhalg.com\/wordpress\/wp-content\/uploads\/Reisen\/Istanbul2009\/Stadt\/IMG_6953.jpg 800w, https:\/\/www.guhalg.com\/wordpress\/wp-content\/uploads\/Reisen\/Istanbul2009\/Stadt\/IMG_6953-300x225.jpg 300w, https:\/\/www.guhalg.com\/wordpress\/wp-content\/uploads\/Reisen\/Istanbul2009\/Stadt\/IMG_6953-768x576.jpg 768w\" sizes=\"auto, (max-width: 800px) 100vw, 800px\" \/><\/figure>\n\n\n\n<figure class=\"wp-block-image size-large\"><img loading=\"lazy\" decoding=\"async\" width=\"800\" height=\"600\" data-id=\"6513\" src=\"https:\/\/www.guhalg.com\/wordpress\/wp-content\/uploads\/Reisen\/Istanbul2009\/Stadt\/IMG_6985.jpg\" alt=\"\" class=\"wp-image-6513\" srcset=\"https:\/\/www.guhalg.com\/wordpress\/wp-content\/uploads\/Reisen\/Istanbul2009\/Stadt\/IMG_6985.jpg 800w, https:\/\/www.guhalg.com\/wordpress\/wp-content\/uploads\/Reisen\/Istanbul2009\/Stadt\/IMG_6985-300x225.jpg 300w, https:\/\/www.guhalg.com\/wordpress\/wp-content\/uploads\/Reisen\/Istanbul2009\/Stadt\/IMG_6985-768x576.jpg 768w\" sizes=\"auto, (max-width: 800px) 100vw, 800px\" \/><\/figure>\n\n\n\n<figure class=\"wp-block-image size-large\"><img loading=\"lazy\" decoding=\"async\" width=\"800\" height=\"600\" data-id=\"6514\" src=\"https:\/\/www.guhalg.com\/wordpress\/wp-content\/uploads\/Reisen\/Istanbul2009\/Stadt\/IMG_6987.jpg\" alt=\"\" class=\"wp-image-6514\" srcset=\"https:\/\/www.guhalg.com\/wordpress\/wp-content\/uploads\/Reisen\/Istanbul2009\/Stadt\/IMG_6987.jpg 800w, https:\/\/www.guhalg.com\/wordpress\/wp-content\/uploads\/Reisen\/Istanbul2009\/Stadt\/IMG_6987-300x225.jpg 300w, https:\/\/www.guhalg.com\/wordpress\/wp-content\/uploads\/Reisen\/Istanbul2009\/Stadt\/IMG_6987-768x576.jpg 768w\" sizes=\"auto, (max-width: 800px) 100vw, 800px\" \/><\/figure>\n\n\n\n<figure class=\"wp-block-image size-large\"><img loading=\"lazy\" decoding=\"async\" width=\"800\" height=\"600\" data-id=\"6515\" src=\"https:\/\/www.guhalg.com\/wordpress\/wp-content\/uploads\/Reisen\/Istanbul2009\/Stadt\/IMG_6988.jpg\" alt=\"\" class=\"wp-image-6515\" srcset=\"https:\/\/www.guhalg.com\/wordpress\/wp-content\/uploads\/Reisen\/Istanbul2009\/Stadt\/IMG_6988.jpg 800w, https:\/\/www.guhalg.com\/wordpress\/wp-content\/uploads\/Reisen\/Istanbul2009\/Stadt\/IMG_6988-300x225.jpg 300w, https:\/\/www.guhalg.com\/wordpress\/wp-content\/uploads\/Reisen\/Istanbul2009\/Stadt\/IMG_6988-768x576.jpg 768w\" sizes=\"auto, (max-width: 800px) 100vw, 800px\" \/><\/figure>\n\n\n\n<figure class=\"wp-block-image size-large\"><img loading=\"lazy\" decoding=\"async\" width=\"800\" height=\"600\" data-id=\"6516\" src=\"https:\/\/www.guhalg.com\/wordpress\/wp-content\/uploads\/Reisen\/Istanbul2009\/Stadt\/IMG_6989.jpg\" alt=\"\" class=\"wp-image-6516\" srcset=\"https:\/\/www.guhalg.com\/wordpress\/wp-content\/uploads\/Reisen\/Istanbul2009\/Stadt\/IMG_6989.jpg 800w, https:\/\/www.guhalg.com\/wordpress\/wp-content\/uploads\/Reisen\/Istanbul2009\/Stadt\/IMG_6989-300x225.jpg 300w, https:\/\/www.guhalg.com\/wordpress\/wp-content\/uploads\/Reisen\/Istanbul2009\/Stadt\/IMG_6989-768x576.jpg 768w\" sizes=\"auto, (max-width: 800px) 100vw, 800px\" \/><\/figure>\n\n\n\n<figure class=\"wp-block-image size-large\"><img loading=\"lazy\" decoding=\"async\" width=\"800\" height=\"600\" data-id=\"6517\" src=\"https:\/\/www.guhalg.com\/wordpress\/wp-content\/uploads\/Reisen\/Istanbul2009\/Stadt\/IMG_6990.jpg\" alt=\"\" class=\"wp-image-6517\" srcset=\"https:\/\/www.guhalg.com\/wordpress\/wp-content\/uploads\/Reisen\/Istanbul2009\/Stadt\/IMG_6990.jpg 800w, https:\/\/www.guhalg.com\/wordpress\/wp-content\/uploads\/Reisen\/Istanbul2009\/Stadt\/IMG_6990-300x225.jpg 300w, https:\/\/www.guhalg.com\/wordpress\/wp-content\/uploads\/Reisen\/Istanbul2009\/Stadt\/IMG_6990-768x576.jpg 768w\" sizes=\"auto, (max-width: 800px) 100vw, 800px\" \/><\/figure>\n<\/figure>\n\n\n\n<p>Auf dem R\u00fcckweg verw\u00f6hnte uns die Stadt mit vielen sch\u00f6nen Eindr\u00fccken. Die Erlebnisse im Spice Basar haben wir mit dem Besuch des Grand Basar zusammen gefasst. Es sei nur so viel verraten: Wir waren nach diesem Besuch noch dreimal im Spice Basar. Zum Ausklang des Tages sind wir essen gegangen. Anschlie\u00dfend haben wir bei einem k\u00fchlen Bier (zum Essen gab es keinen Alkohol, da das Restaurant nahe einer Moschee lag und Alkohol nur im Haus, nicht aber auf der Stra\u00dfe ausgeschenkt wird) den Tag ausklingen lassen.<\/p>\n\n\n\n<div class=\"wp-block-columns is-layout-flex wp-container-core-columns-is-layout-9d6595d7 wp-block-columns-is-layout-flex\">\n<div class=\"wp-block-column is-layout-flow wp-block-column-is-layout-flow\">\n<div class=\"wp-block-buttons is-layout-flex wp-block-buttons-is-layout-flex\">\n<div class=\"wp-block-button\"><a class=\"wp-block-button__link\" href=\"https:\/\/www.guhalg.com\/wordpress\/?page_id=6555\">Die Zisterne<\/a><\/div>\n<\/div>\n<\/div>\n\n\n\n<div class=\"wp-block-column is-layout-flow wp-block-column-is-layout-flow\">\n<div class=\"wp-block-buttons is-horizontal is-content-justification-right is-layout-flex wp-container-core-buttons-is-layout-ae2fe186 wp-block-buttons-is-layout-flex\">\n<div class=\"wp-block-button\"><a class=\"wp-block-button__link\" href=\"https:\/\/www.guhalg.com\/wordpress\/?page_id=6651\">Die Hagia Sofia<\/a><\/div>\n<\/div>\n<\/div>\n<\/div>\n","protected":false},"excerpt":{"rendered":"<p>Nachdem wir uns wieder etwas von der feuchten K\u00e4lte der Zisterne erholt hatten, ging es weiter die Anh\u00f6he hinauf zu unserem n\u00e4chsten Ziel: die blaue Moschee. Unser Weg f\u00fchrte uns inmitten eines Parks zwischen der Hagia Sofia und der blauen&hellip; <\/p>\n","protected":false},"author":1,"featured_media":0,"parent":6371,"menu_order":3,"comment_status":"closed","ping_status":"closed","template":"","meta":{"footnotes":""},"class_list":["post-6598","page","type-page","status-publish","hentry"],"_links":{"self":[{"href":"https:\/\/www.guhalg.com\/wordpress\/index.php?rest_route=\/wp\/v2\/pages\/6598","targetHints":{"allow":["GET"]}}],"collection":[{"href":"https:\/\/www.guhalg.com\/wordpress\/index.php?rest_route=\/wp\/v2\/pages"}],"about":[{"href":"https:\/\/www.guhalg.com\/wordpress\/index.php?rest_route=\/wp\/v2\/types\/page"}],"author":[{"embeddable":true,"href":"https:\/\/www.guhalg.com\/wordpress\/index.php?rest_route=\/wp\/v2\/users\/1"}],"replies":[{"embeddable":true,"href":"https:\/\/www.guhalg.com\/wordpress\/index.php?rest_route=%2Fwp%2Fv2%2Fcomments&post=6598"}],"version-history":[{"count":13,"href":"https:\/\/www.guhalg.com\/wordpress\/index.php?rest_route=\/wp\/v2\/pages\/6598\/revisions"}],"predecessor-version":[{"id":7781,"href":"https:\/\/www.guhalg.com\/wordpress\/index.php?rest_route=\/wp\/v2\/pages\/6598\/revisions\/7781"}],"up":[{"embeddable":true,"href":"https:\/\/www.guhalg.com\/wordpress\/index.php?rest_route=\/wp\/v2\/pages\/6371"}],"wp:attachment":[{"href":"https:\/\/www.guhalg.com\/wordpress\/index.php?rest_route=%2Fwp%2Fv2%2Fmedia&parent=6598"}],"curies":[{"name":"wp","href":"https:\/\/api.w.org\/{rel}","templated":true}]}}