{"id":6740,"date":"2022-01-23T21:03:13","date_gmt":"2022-01-23T20:03:13","guid":{"rendered":"https:\/\/www.guhalg.com\/wordpress\/?page_id=6740"},"modified":"2022-02-08T18:59:44","modified_gmt":"2022-02-08T17:59:44","slug":"der-bosporus","status":"publish","type":"page","link":"https:\/\/www.guhalg.com\/wordpress\/?page_id=6740","title":{"rendered":"Der Bosporus"},"content":{"rendered":"\n<p> In den Reisef\u00fchrern wird immer eine Bosporus-Tour als ein MUSS f\u00fcr einen Istanbul-Urlaub beschrieben und die verschiedensten Reiseveranstalter bieten auch die unterschiedlichsten Touren an. Wir haben uns allerdings nicht f\u00fcr eine Touristentour entschieden, sondern sind ganz einfach an den Fahrkartenschalter der Bosporusf\u00e4hren und haben uns normale Fahrkarten (hin- und zur\u00fcck) gekauft. Man hat dadurch kein Abendbrot auf dem Schiff und es gibt auch keine Bauchtanzveranstaltung. Daf\u00fcr sitzt man aber auch nicht zwischen all den anderen Touristen und die Strecke, die die F\u00e4hren Boote fahren ist die gleiche wie bei den Touristenbooten, nur dass die F\u00e4hre noch einige Anleger anf\u00e4hrt.<\/p>\n\n\n\n<p>Vom oberen Deck der F\u00e4hre gab es nochmal einen Blick auf die schwimmenden Fisch-Restaurants und dann ging es unter der Galata Br\u00fccke hindurch in den Bosporus.<\/p>\n\n\n\n<div class=\"wp-block-image\"><figure class=\"aligncenter size-full\"><a href=\"https:\/\/www.guhalg.com\/wordpress\/wp-content\/uploads\/Reisen\/Istanbul2009\/Bericht Bosporus\/IMG_7439.jpg\"><img loading=\"lazy\" decoding=\"async\" width=\"800\" height=\"600\" src=\"https:\/\/www.guhalg.com\/wordpress\/wp-content\/uploads\/Reisen\/Istanbul2009\/Bericht Bosporus\/IMG_7439.jpg\" alt=\"DIe Fischrestaurants\" class=\"wp-image-6725\" srcset=\"https:\/\/www.guhalg.com\/wordpress\/wp-content\/uploads\/Reisen\/Istanbul2009\/Bericht%20Bosporus\/IMG_7439.jpg 800w, https:\/\/www.guhalg.com\/wordpress\/wp-content\/uploads\/Reisen\/Istanbul2009\/Bericht%20Bosporus\/IMG_7439-300x225.jpg 300w, https:\/\/www.guhalg.com\/wordpress\/wp-content\/uploads\/Reisen\/Istanbul2009\/Bericht%20Bosporus\/IMG_7439-768x576.jpg 768w\" sizes=\"auto, (max-width: 800px) 100vw, 800px\" \/><\/a><figcaption>DIe Fischrestaurants<\/figcaption><\/figure><\/div>\n\n\n\n<p>Auch heute lag wieder ein Kreuzfahrschiff, die Aidavita, vor Anker und wurde auch von so ziemlich allen Passagieren unserer F\u00e4hre aufgrund ihrer sehr auff\u00e4lligen Zeichnung bewundert. Unter anderem auch von diesen drei M\u00e4dels und ihren M\u00fcttern, mit denen wir noch viel Spa\u00df hatten.<\/p>\n\n\n\n<div class=\"wp-block-image\"><figure class=\"aligncenter size-full\"><a href=\"https:\/\/www.guhalg.com\/wordpress\/wp-content\/uploads\/Reisen\/Istanbul2009\/Bericht Bosporus\/IMG_7443.jpg\"><img loading=\"lazy\" decoding=\"async\" width=\"800\" height=\"600\" src=\"https:\/\/www.guhalg.com\/wordpress\/wp-content\/uploads\/Reisen\/Istanbul2009\/Bericht Bosporus\/IMG_7443.jpg\" alt=\"Aidavita\" class=\"wp-image-6727\" srcset=\"https:\/\/www.guhalg.com\/wordpress\/wp-content\/uploads\/Reisen\/Istanbul2009\/Bericht%20Bosporus\/IMG_7443.jpg 800w, https:\/\/www.guhalg.com\/wordpress\/wp-content\/uploads\/Reisen\/Istanbul2009\/Bericht%20Bosporus\/IMG_7443-300x225.jpg 300w, https:\/\/www.guhalg.com\/wordpress\/wp-content\/uploads\/Reisen\/Istanbul2009\/Bericht%20Bosporus\/IMG_7443-768x576.jpg 768w\" sizes=\"auto, (max-width: 800px) 100vw, 800px\" \/><\/a><figcaption>Aidavita<\/figcaption><\/figure><\/div>\n\n\n\n<div class=\"wp-block-image\"><figure class=\"aligncenter size-full\"><a href=\"https:\/\/www.guhalg.com\/wordpress\/wp-content\/uploads\/Reisen\/Istanbul2009\/Bericht Bosporus\/IMG_7444.jpg\"><img loading=\"lazy\" decoding=\"async\" width=\"800\" height=\"600\" src=\"https:\/\/www.guhalg.com\/wordpress\/wp-content\/uploads\/Reisen\/Istanbul2009\/Bericht Bosporus\/IMG_7444.jpg\" alt=\"Der Anfang\" class=\"wp-image-6728\" srcset=\"https:\/\/www.guhalg.com\/wordpress\/wp-content\/uploads\/Reisen\/Istanbul2009\/Bericht%20Bosporus\/IMG_7444.jpg 800w, https:\/\/www.guhalg.com\/wordpress\/wp-content\/uploads\/Reisen\/Istanbul2009\/Bericht%20Bosporus\/IMG_7444-300x225.jpg 300w, https:\/\/www.guhalg.com\/wordpress\/wp-content\/uploads\/Reisen\/Istanbul2009\/Bericht%20Bosporus\/IMG_7444-768x576.jpg 768w\" sizes=\"auto, (max-width: 800px) 100vw, 800px\" \/><\/a><figcaption>Der Anfang<\/figcaption><\/figure><\/div>\n\n\n\n<div class=\"wp-block-columns is-layout-flex wp-container-core-columns-is-layout-9d6595d7 wp-block-columns-is-layout-flex\">\n<div class=\"wp-block-column is-layout-flow wp-block-column-is-layout-flow\">\n<div class=\"wp-block-image\"><figure class=\"aligncenter size-full\"><a href=\"https:\/\/www.guhalg.com\/wordpress\/wp-content\/uploads\/Reisen\/Istanbul2009\/Bericht Bosporus\/IMG_7447.jpg\"><img loading=\"lazy\" decoding=\"async\" width=\"800\" height=\"600\" src=\"https:\/\/www.guhalg.com\/wordpress\/wp-content\/uploads\/Reisen\/Istanbul2009\/Bericht Bosporus\/IMG_7447.jpg\" alt=\"Die Erste\" class=\"wp-image-6729\" srcset=\"https:\/\/www.guhalg.com\/wordpress\/wp-content\/uploads\/Reisen\/Istanbul2009\/Bericht%20Bosporus\/IMG_7447.jpg 800w, https:\/\/www.guhalg.com\/wordpress\/wp-content\/uploads\/Reisen\/Istanbul2009\/Bericht%20Bosporus\/IMG_7447-300x225.jpg 300w, https:\/\/www.guhalg.com\/wordpress\/wp-content\/uploads\/Reisen\/Istanbul2009\/Bericht%20Bosporus\/IMG_7447-768x576.jpg 768w\" sizes=\"auto, (max-width: 800px) 100vw, 800px\" \/><\/a><figcaption>Die Erste<\/figcaption><\/figure><\/div>\n<\/div>\n\n\n\n<div class=\"wp-block-column is-layout-flow wp-block-column-is-layout-flow\">\n<div class=\"wp-block-image\"><figure class=\"aligncenter size-full\"><a href=\"https:\/\/www.guhalg.com\/wordpress\/wp-content\/uploads\/Reisen\/Istanbul2009\/Bericht Bosporus\/IMG_7448.jpg\"><img loading=\"lazy\" decoding=\"async\" width=\"800\" height=\"600\" src=\"https:\/\/www.guhalg.com\/wordpress\/wp-content\/uploads\/Reisen\/Istanbul2009\/Bericht Bosporus\/IMG_7448.jpg\" alt=\"Die Zweite\" class=\"wp-image-6730\" srcset=\"https:\/\/www.guhalg.com\/wordpress\/wp-content\/uploads\/Reisen\/Istanbul2009\/Bericht%20Bosporus\/IMG_7448.jpg 800w, https:\/\/www.guhalg.com\/wordpress\/wp-content\/uploads\/Reisen\/Istanbul2009\/Bericht%20Bosporus\/IMG_7448-300x225.jpg 300w, https:\/\/www.guhalg.com\/wordpress\/wp-content\/uploads\/Reisen\/Istanbul2009\/Bericht%20Bosporus\/IMG_7448-768x576.jpg 768w\" sizes=\"auto, (max-width: 800px) 100vw, 800px\" \/><\/a><figcaption>Die Zweite<\/figcaption><\/figure><\/div>\n<\/div>\n\n\n\n<div class=\"wp-block-column is-layout-flow wp-block-column-is-layout-flow\">\n<div class=\"wp-block-image\"><figure class=\"aligncenter size-full\"><a href=\"https:\/\/www.guhalg.com\/wordpress\/wp-content\/uploads\/Reisen\/Istanbul2009\/Bericht Bosporus\/IMG_7449.jpg\"><img loading=\"lazy\" decoding=\"async\" width=\"800\" height=\"600\" src=\"https:\/\/www.guhalg.com\/wordpress\/wp-content\/uploads\/Reisen\/Istanbul2009\/Bericht Bosporus\/IMG_7449.jpg\" alt=\"Die Dritte\" class=\"wp-image-6731\" srcset=\"https:\/\/www.guhalg.com\/wordpress\/wp-content\/uploads\/Reisen\/Istanbul2009\/Bericht%20Bosporus\/IMG_7449.jpg 800w, https:\/\/www.guhalg.com\/wordpress\/wp-content\/uploads\/Reisen\/Istanbul2009\/Bericht%20Bosporus\/IMG_7449-300x225.jpg 300w, https:\/\/www.guhalg.com\/wordpress\/wp-content\/uploads\/Reisen\/Istanbul2009\/Bericht%20Bosporus\/IMG_7449-768x576.jpg 768w\" sizes=\"auto, (max-width: 800px) 100vw, 800px\" \/><\/a><figcaption>Die Dritte<\/figcaption><\/figure><\/div>\n<\/div>\n<\/div>\n\n\n\n<p>Irgendwie waren wir Touris hier etwas Besonderes. Nicht nur, dass wir auf einem normalen F\u00e4hrschiff unterwegs waren und uns so gar nicht mit den andern G\u00e4sten auf T\u00fcrkisch unterhalten konnten, wir wussten auch mit den Leckereien nicht so richtig was anzufangen. Unsere Zungen und Z\u00e4hne waren einfach nicht in der Lage, die Samenk\u00f6rner aus der H\u00fclle zu befreien. Wir mussten hier umst\u00e4ndlich die H\u00fclle zerbei\u00dfen, um an die leckeren Samen zu kommen.<\/p>\n\n\n\n<div class=\"wp-block-image\"><figure class=\"aligncenter size-full\"><a href=\"https:\/\/www.guhalg.com\/wordpress\/wp-content\/uploads\/Reisen\/Istanbul2009\/Bericht Bosporus\/IMG_7441.jpg\"><img loading=\"lazy\" decoding=\"async\" width=\"800\" height=\"600\" src=\"https:\/\/www.guhalg.com\/wordpress\/wp-content\/uploads\/Reisen\/Istanbul2009\/Bericht Bosporus\/IMG_7441.jpg\" alt=\"Kampf mit der Samenh\u00fclle\" class=\"wp-image-6726\" srcset=\"https:\/\/www.guhalg.com\/wordpress\/wp-content\/uploads\/Reisen\/Istanbul2009\/Bericht%20Bosporus\/IMG_7441.jpg 800w, https:\/\/www.guhalg.com\/wordpress\/wp-content\/uploads\/Reisen\/Istanbul2009\/Bericht%20Bosporus\/IMG_7441-300x225.jpg 300w, https:\/\/www.guhalg.com\/wordpress\/wp-content\/uploads\/Reisen\/Istanbul2009\/Bericht%20Bosporus\/IMG_7441-768x576.jpg 768w\" sizes=\"auto, (max-width: 800px) 100vw, 800px\" \/><\/a><figcaption>Kampf mit der Samenh\u00fclle<\/figcaption><\/figure><\/div>\n\n\n\n<p>Gemeinsam mit den M\u00e4dels haben wir uns die K\u00fcste mit den Geb\u00e4uden angesehen und festgestellt, dass man auch ohne gemeinsame Sprache viel Spa\u00df zusammen haben kann.<\/p>\n\n\n\n<figure class=\"wp-block-gallery has-nested-images columns-default is-cropped wp-block-gallery-1 is-layout-flex wp-block-gallery-is-layout-flex\">\n<figure class=\"wp-block-image size-large\"><img loading=\"lazy\" decoding=\"async\" width=\"800\" height=\"600\" data-id=\"6732\" src=\"https:\/\/www.guhalg.com\/wordpress\/wp-content\/uploads\/Reisen\/Istanbul2009\/Bericht Bosporus\/IMG_7450.jpg\" alt=\"\" class=\"wp-image-6732\" srcset=\"https:\/\/www.guhalg.com\/wordpress\/wp-content\/uploads\/Reisen\/Istanbul2009\/Bericht%20Bosporus\/IMG_7450.jpg 800w, https:\/\/www.guhalg.com\/wordpress\/wp-content\/uploads\/Reisen\/Istanbul2009\/Bericht%20Bosporus\/IMG_7450-300x225.jpg 300w, https:\/\/www.guhalg.com\/wordpress\/wp-content\/uploads\/Reisen\/Istanbul2009\/Bericht%20Bosporus\/IMG_7450-768x576.jpg 768w\" sizes=\"auto, (max-width: 800px) 100vw, 800px\" \/><\/figure>\n\n\n\n<figure class=\"wp-block-image size-large\"><img loading=\"lazy\" decoding=\"async\" width=\"800\" height=\"600\" data-id=\"6733\" src=\"https:\/\/www.guhalg.com\/wordpress\/wp-content\/uploads\/Reisen\/Istanbul2009\/Bericht Bosporus\/IMG_7454.jpg\" alt=\"\" class=\"wp-image-6733\" srcset=\"https:\/\/www.guhalg.com\/wordpress\/wp-content\/uploads\/Reisen\/Istanbul2009\/Bericht%20Bosporus\/IMG_7454.jpg 800w, https:\/\/www.guhalg.com\/wordpress\/wp-content\/uploads\/Reisen\/Istanbul2009\/Bericht%20Bosporus\/IMG_7454-300x225.jpg 300w, https:\/\/www.guhalg.com\/wordpress\/wp-content\/uploads\/Reisen\/Istanbul2009\/Bericht%20Bosporus\/IMG_7454-768x576.jpg 768w\" sizes=\"auto, (max-width: 800px) 100vw, 800px\" \/><\/figure>\n\n\n\n<figure class=\"wp-block-image size-large\"><img loading=\"lazy\" decoding=\"async\" width=\"800\" height=\"600\" data-id=\"6734\" src=\"https:\/\/www.guhalg.com\/wordpress\/wp-content\/uploads\/Reisen\/Istanbul2009\/Bericht Bosporus\/IMG_7456.jpg\" alt=\"\" class=\"wp-image-6734\" srcset=\"https:\/\/www.guhalg.com\/wordpress\/wp-content\/uploads\/Reisen\/Istanbul2009\/Bericht%20Bosporus\/IMG_7456.jpg 800w, https:\/\/www.guhalg.com\/wordpress\/wp-content\/uploads\/Reisen\/Istanbul2009\/Bericht%20Bosporus\/IMG_7456-300x225.jpg 300w, https:\/\/www.guhalg.com\/wordpress\/wp-content\/uploads\/Reisen\/Istanbul2009\/Bericht%20Bosporus\/IMG_7456-768x576.jpg 768w\" sizes=\"auto, (max-width: 800px) 100vw, 800px\" \/><\/figure>\n\n\n\n<figure class=\"wp-block-image size-large\"><img loading=\"lazy\" decoding=\"async\" width=\"800\" height=\"600\" data-id=\"6735\" src=\"https:\/\/www.guhalg.com\/wordpress\/wp-content\/uploads\/Reisen\/Istanbul2009\/Bericht Bosporus\/IMG_7457.jpg\" alt=\"\" class=\"wp-image-6735\" srcset=\"https:\/\/www.guhalg.com\/wordpress\/wp-content\/uploads\/Reisen\/Istanbul2009\/Bericht%20Bosporus\/IMG_7457.jpg 800w, https:\/\/www.guhalg.com\/wordpress\/wp-content\/uploads\/Reisen\/Istanbul2009\/Bericht%20Bosporus\/IMG_7457-300x225.jpg 300w, https:\/\/www.guhalg.com\/wordpress\/wp-content\/uploads\/Reisen\/Istanbul2009\/Bericht%20Bosporus\/IMG_7457-768x576.jpg 768w\" sizes=\"auto, (max-width: 800px) 100vw, 800px\" \/><\/figure>\n\n\n\n<figure class=\"wp-block-image size-large\"><img loading=\"lazy\" decoding=\"async\" width=\"800\" height=\"600\" data-id=\"6736\" src=\"https:\/\/www.guhalg.com\/wordpress\/wp-content\/uploads\/Reisen\/Istanbul2009\/Bericht Bosporus\/IMG_7463.jpg\" alt=\"\" class=\"wp-image-6736\" srcset=\"https:\/\/www.guhalg.com\/wordpress\/wp-content\/uploads\/Reisen\/Istanbul2009\/Bericht%20Bosporus\/IMG_7463.jpg 800w, https:\/\/www.guhalg.com\/wordpress\/wp-content\/uploads\/Reisen\/Istanbul2009\/Bericht%20Bosporus\/IMG_7463-300x225.jpg 300w, https:\/\/www.guhalg.com\/wordpress\/wp-content\/uploads\/Reisen\/Istanbul2009\/Bericht%20Bosporus\/IMG_7463-768x576.jpg 768w\" sizes=\"auto, (max-width: 800px) 100vw, 800px\" \/><\/figure>\n\n\n\n<figure class=\"wp-block-image size-large\"><img loading=\"lazy\" decoding=\"async\" width=\"800\" height=\"600\" data-id=\"6737\" src=\"https:\/\/www.guhalg.com\/wordpress\/wp-content\/uploads\/Reisen\/Istanbul2009\/Bericht Bosporus\/IMG_7468.jpg\" alt=\"\" class=\"wp-image-6737\" srcset=\"https:\/\/www.guhalg.com\/wordpress\/wp-content\/uploads\/Reisen\/Istanbul2009\/Bericht%20Bosporus\/IMG_7468.jpg 800w, https:\/\/www.guhalg.com\/wordpress\/wp-content\/uploads\/Reisen\/Istanbul2009\/Bericht%20Bosporus\/IMG_7468-300x225.jpg 300w, https:\/\/www.guhalg.com\/wordpress\/wp-content\/uploads\/Reisen\/Istanbul2009\/Bericht%20Bosporus\/IMG_7468-768x576.jpg 768w\" sizes=\"auto, (max-width: 800px) 100vw, 800px\" \/><\/figure>\n<\/figure>\n\n\n\n<p>Kurz vor Abschluss der Bootstour gab es dann nochmal ein gemeinsames Erinnerungsfoto zusammen mit der Mutter, einer Tante und der Gro\u00dfmutter. Als Mann hat man sich in dieser Frauengruppe etwas zur\u00fcckgehalten.<\/p>\n\n\n\n<div class=\"wp-block-image\"><figure class=\"aligncenter size-full\"><a href=\"https:\/\/www.guhalg.com\/wordpress\/wp-content\/uploads\/Reisen\/Istanbul2009\/Bericht Bosporus\/IMG_7472.jpg\"><img loading=\"lazy\" decoding=\"async\" width=\"800\" height=\"600\" src=\"https:\/\/www.guhalg.com\/wordpress\/wp-content\/uploads\/Reisen\/Istanbul2009\/Bericht Bosporus\/IMG_7472.jpg\" alt=\"Abschlussfoto\" class=\"wp-image-6738\" srcset=\"https:\/\/www.guhalg.com\/wordpress\/wp-content\/uploads\/Reisen\/Istanbul2009\/Bericht%20Bosporus\/IMG_7472.jpg 800w, https:\/\/www.guhalg.com\/wordpress\/wp-content\/uploads\/Reisen\/Istanbul2009\/Bericht%20Bosporus\/IMG_7472-300x225.jpg 300w, https:\/\/www.guhalg.com\/wordpress\/wp-content\/uploads\/Reisen\/Istanbul2009\/Bericht%20Bosporus\/IMG_7472-768x576.jpg 768w\" sizes=\"auto, (max-width: 800px) 100vw, 800px\" \/><\/a><figcaption>Abschlussfoto<\/figcaption><\/figure><\/div>\n\n\n\n<div class=\"wp-block-image\"><figure class=\"aligncenter size-full\"><a href=\"https:\/\/www.guhalg.com\/wordpress\/wp-content\/uploads\/Reisen\/Istanbul2009\/Bericht Bosporus\/IMG_7487.jpg\"><img loading=\"lazy\" decoding=\"async\" width=\"800\" height=\"600\" src=\"https:\/\/www.guhalg.com\/wordpress\/wp-content\/uploads\/Reisen\/Istanbul2009\/Bericht Bosporus\/IMG_7487.jpg\" alt=\"Etwas Abseits\" class=\"wp-image-6739\" srcset=\"https:\/\/www.guhalg.com\/wordpress\/wp-content\/uploads\/Reisen\/Istanbul2009\/Bericht%20Bosporus\/IMG_7487.jpg 800w, https:\/\/www.guhalg.com\/wordpress\/wp-content\/uploads\/Reisen\/Istanbul2009\/Bericht%20Bosporus\/IMG_7487-300x225.jpg 300w, https:\/\/www.guhalg.com\/wordpress\/wp-content\/uploads\/Reisen\/Istanbul2009\/Bericht%20Bosporus\/IMG_7487-768x576.jpg 768w\" sizes=\"auto, (max-width: 800px) 100vw, 800px\" \/><\/a><figcaption>Etwas Abseits<\/figcaption><\/figure><\/div>\n\n\n\n<p>Wir haben den langen und ereignisreichen Tag mit einem Bier ausklingen lassen. Die n\u00e4chsten beiden Tage waren wir dann mit An- und Abreise und der Hochzeitsfeier vollauf besch\u00e4ftigt. Aber wir wussten jetzt schon, dass wir auf alle F\u00e4lle auch noch die gro\u00dfe Bosporus-Tour bis zum Schwarzen Meer mitfahren w\u00fcrden. <\/p>\n\n\n\n<div class=\"wp-block-columns is-layout-flex wp-container-core-columns-is-layout-9d6595d7 wp-block-columns-is-layout-flex\">\n<div class=\"wp-block-column is-layout-flow wp-block-column-is-layout-flow\">\n<div class=\"wp-block-buttons is-layout-flex wp-block-buttons-is-layout-flex\">\n<div class=\"wp-block-button\"><a class=\"wp-block-button__link\" href=\"https:\/\/www.guhalg.com\/wordpress\/?page_id=6710\">Sightseeing<\/a><\/div>\n<\/div>\n<\/div>\n\n\n\n<div class=\"wp-block-column is-layout-flow wp-block-column-is-layout-flow\">\n<div class=\"wp-block-buttons is-horizontal is-content-justification-right is-layout-flex wp-container-core-buttons-is-layout-ae2fe186 wp-block-buttons-is-layout-flex\">\n<div class=\"wp-block-button\"><a class=\"wp-block-button__link\" href=\"https:\/\/www.guhalg.com\/wordpress\/?page_id=6751\">Die gro\u00dfe Tour<\/a><\/div>\n<\/div>\n<\/div>\n<\/div>\n","protected":false},"excerpt":{"rendered":"<p>In den Reisef\u00fchrern wird immer eine Bosporus-Tour als ein MUSS f\u00fcr einen Istanbul-Urlaub beschrieben und die verschiedensten Reiseveranstalter bieten auch die unterschiedlichsten Touren an. Wir haben uns allerdings nicht f\u00fcr eine Touristentour entschieden, sondern sind ganz einfach an den Fahrkartenschalter&hellip; <\/p>\n","protected":false},"author":1,"featured_media":0,"parent":6371,"menu_order":6,"comment_status":"closed","ping_status":"closed","template":"","meta":{"footnotes":""},"class_list":["post-6740","page","type-page","status-publish","hentry"],"_links":{"self":[{"href":"https:\/\/www.guhalg.com\/wordpress\/index.php?rest_route=\/wp\/v2\/pages\/6740","targetHints":{"allow":["GET"]}}],"collection":[{"href":"https:\/\/www.guhalg.com\/wordpress\/index.php?rest_route=\/wp\/v2\/pages"}],"about":[{"href":"https:\/\/www.guhalg.com\/wordpress\/index.php?rest_route=\/wp\/v2\/types\/page"}],"author":[{"embeddable":true,"href":"https:\/\/www.guhalg.com\/wordpress\/index.php?rest_route=\/wp\/v2\/users\/1"}],"replies":[{"embeddable":true,"href":"https:\/\/www.guhalg.com\/wordpress\/index.php?rest_route=%2Fwp%2Fv2%2Fcomments&post=6740"}],"version-history":[{"count":7,"href":"https:\/\/www.guhalg.com\/wordpress\/index.php?rest_route=\/wp\/v2\/pages\/6740\/revisions"}],"predecessor-version":[{"id":7787,"href":"https:\/\/www.guhalg.com\/wordpress\/index.php?rest_route=\/wp\/v2\/pages\/6740\/revisions\/7787"}],"up":[{"embeddable":true,"href":"https:\/\/www.guhalg.com\/wordpress\/index.php?rest_route=\/wp\/v2\/pages\/6371"}],"wp:attachment":[{"href":"https:\/\/www.guhalg.com\/wordpress\/index.php?rest_route=%2Fwp%2Fv2%2Fmedia&parent=6740"}],"curies":[{"name":"wp","href":"https:\/\/api.w.org\/{rel}","templated":true}]}}