{"id":6836,"date":"2022-01-24T17:22:49","date_gmt":"2022-01-24T16:22:49","guid":{"rendered":"https:\/\/www.guhalg.com\/wordpress\/?page_id=6836"},"modified":"2022-02-08T19:04:39","modified_gmt":"2022-02-08T18:04:39","slug":"der-topkapi-palast","status":"publish","type":"page","link":"https:\/\/www.guhalg.com\/wordpress\/?page_id=6836","title":{"rendered":"Der Topkapi Palast"},"content":{"rendered":"\n<p>Auf unserem Besichtigungsplan stand jetzt der Topkapi Palast an, der nur wenige Fu\u00dfminuten von unserem Hotel entfernt liegt. Wie wir in den vergangenen Tagen schon festgestellt hatten, spielte die Tageszeit eine untergeordnete Rolle, da der Palast immer extrem gut besucht war. Es ging eher nur darum, eine L\u00fccke zwischen den vielen Bustouristen zu nutzen.  Also haben wir uns in die Schlange f\u00fcr den Eintrittsverkauf angestellt und mit den Eintrittskarten ging es durch das gro\u00dfe Tor in den eigentlichen Palast.<\/p>\n\n\n\n<div class=\"wp-block-image\"><figure class=\"aligncenter size-full\"><a href=\"https:\/\/www.guhalg.com\/wordpress\/wp-content\/uploads\/Reisen\/Istanbul2009\/Bericht Topkapi\/IMG_7488.jpg\"><img loading=\"lazy\" decoding=\"async\" width=\"800\" height=\"600\" src=\"https:\/\/www.guhalg.com\/wordpress\/wp-content\/uploads\/Reisen\/Istanbul2009\/Bericht Topkapi\/IMG_7488.jpg\" alt=\"Der Eingang\" class=\"wp-image-6842\" srcset=\"https:\/\/www.guhalg.com\/wordpress\/wp-content\/uploads\/Reisen\/Istanbul2009\/Bericht%20Topkapi\/IMG_7488.jpg 800w, https:\/\/www.guhalg.com\/wordpress\/wp-content\/uploads\/Reisen\/Istanbul2009\/Bericht%20Topkapi\/IMG_7488-300x225.jpg 300w, https:\/\/www.guhalg.com\/wordpress\/wp-content\/uploads\/Reisen\/Istanbul2009\/Bericht%20Topkapi\/IMG_7488-768x576.jpg 768w\" sizes=\"auto, (max-width: 800px) 100vw, 800px\" \/><\/a><figcaption>Der Eingang<\/figcaption><\/figure><\/div>\n\n\n\n<p>Also haben wir uns in die Schlange f\u00fcr den Eintrittsverkauf angestellt und mit den Eintrittskarten ging es durch das gro\u00dfe Tor in den eigentlichen Palast. Direkt nach dem Tor wurden unsere Habseligkeiten durchleuchtet und mit Blick auf die Miniaturmodelle haben wir uns noch schnell eine Audiof\u00fchrung ausgeliehen. Danach hatte man den Blick frei auf den Park, wo einige der Palastbauten stehen und von wo man in die weiteren H\u00f6fe kommt.<\/p>\n\n\n\n<div class=\"wp-block-columns is-layout-flex wp-container-core-columns-is-layout-9d6595d7 wp-block-columns-is-layout-flex\">\n<div class=\"wp-block-column is-layout-flow wp-block-column-is-layout-flow\">\n<div class=\"wp-block-image\"><figure class=\"aligncenter size-full\"><a href=\"https:\/\/www.guhalg.com\/wordpress\/wp-content\/uploads\/Reisen\/Istanbul2009\/Bericht Topkapi\/IMG_7489.jpg\"><img loading=\"lazy\" decoding=\"async\" width=\"800\" height=\"600\" src=\"https:\/\/www.guhalg.com\/wordpress\/wp-content\/uploads\/Reisen\/Istanbul2009\/Bericht Topkapi\/IMG_7489.jpg\" alt=\"Modell der Anlage\" class=\"wp-image-6843\" srcset=\"https:\/\/www.guhalg.com\/wordpress\/wp-content\/uploads\/Reisen\/Istanbul2009\/Bericht%20Topkapi\/IMG_7489.jpg 800w, https:\/\/www.guhalg.com\/wordpress\/wp-content\/uploads\/Reisen\/Istanbul2009\/Bericht%20Topkapi\/IMG_7489-300x225.jpg 300w, https:\/\/www.guhalg.com\/wordpress\/wp-content\/uploads\/Reisen\/Istanbul2009\/Bericht%20Topkapi\/IMG_7489-768x576.jpg 768w\" sizes=\"auto, (max-width: 800px) 100vw, 800px\" \/><\/a><figcaption>Modell der Anlage<\/figcaption><\/figure><\/div>\n<\/div>\n\n\n\n<div class=\"wp-block-column is-layout-flow wp-block-column-is-layout-flow\">\n<div class=\"wp-block-image\"><figure class=\"aligncenter size-full\"><a href=\"https:\/\/www.guhalg.com\/wordpress\/wp-content\/uploads\/Reisen\/Istanbul2009\/Bericht Topkapi\/IMG_7490.jpg\"><img loading=\"lazy\" decoding=\"async\" width=\"800\" height=\"600\" src=\"https:\/\/www.guhalg.com\/wordpress\/wp-content\/uploads\/Reisen\/Istanbul2009\/Bericht Topkapi\/IMG_7490.jpg\" alt=\"Palastmodell\" class=\"wp-image-6844\" srcset=\"https:\/\/www.guhalg.com\/wordpress\/wp-content\/uploads\/Reisen\/Istanbul2009\/Bericht%20Topkapi\/IMG_7490.jpg 800w, https:\/\/www.guhalg.com\/wordpress\/wp-content\/uploads\/Reisen\/Istanbul2009\/Bericht%20Topkapi\/IMG_7490-300x225.jpg 300w, https:\/\/www.guhalg.com\/wordpress\/wp-content\/uploads\/Reisen\/Istanbul2009\/Bericht%20Topkapi\/IMG_7490-768x576.jpg 768w\" sizes=\"auto, (max-width: 800px) 100vw, 800px\" \/><\/a><figcaption>Palastmodell<\/figcaption><\/figure><\/div>\n<\/div>\n<\/div>\n\n\n\n<div class=\"wp-block-image\"><figure class=\"aligncenter size-large\"><a href=\"https:\/\/www.guhalg.com\/wordpress\/wp-content\/uploads\/Reisen\/Istanbul2009\/Bericht Topkapi\/Topkapi Park-scaled.jpg\"><img loading=\"lazy\" decoding=\"async\" width=\"1024\" height=\"355\" src=\"https:\/\/www.guhalg.com\/wordpress\/wp-content\/uploads\/Reisen\/Istanbul2009\/Bericht Topkapi\/Topkapi Park-1024x355.jpg\" alt=\"Topkapi Park\" class=\"wp-image-6854\" srcset=\"https:\/\/www.guhalg.com\/wordpress\/wp-content\/uploads\/Reisen\/Istanbul2009\/Bericht%20Topkapi\/Topkapi%20Park-1024x355.jpg 1024w, https:\/\/www.guhalg.com\/wordpress\/wp-content\/uploads\/Reisen\/Istanbul2009\/Bericht%20Topkapi\/Topkapi%20Park-300x104.jpg 300w, https:\/\/www.guhalg.com\/wordpress\/wp-content\/uploads\/Reisen\/Istanbul2009\/Bericht%20Topkapi\/Topkapi%20Park-768x266.jpg 768w, https:\/\/www.guhalg.com\/wordpress\/wp-content\/uploads\/Reisen\/Istanbul2009\/Bericht%20Topkapi\/Topkapi%20Park-1536x532.jpg 1536w, https:\/\/www.guhalg.com\/wordpress\/wp-content\/uploads\/Reisen\/Istanbul2009\/Bericht%20Topkapi\/Topkapi%20Park-2048x710.jpg 2048w\" sizes=\"auto, (max-width: 1024px) 100vw, 1024px\" \/><\/a><figcaption>Topkapi Park<\/figcaption><\/figure><\/div>\n\n\n\n<div class=\"wp-block-image\"><figure class=\"aligncenter size-large\"><a href=\"https:\/\/www.guhalg.com\/wordpress\/wp-content\/uploads\/Reisen\/Istanbul2009\/Bericht Topkapi\/Park 2-scaled.jpg\"><img loading=\"lazy\" decoding=\"async\" width=\"1024\" height=\"456\" src=\"https:\/\/www.guhalg.com\/wordpress\/wp-content\/uploads\/Reisen\/Istanbul2009\/Bericht Topkapi\/Park 2-1024x456.jpg\" alt=\"Am Parkrand\" class=\"wp-image-6850\" srcset=\"https:\/\/www.guhalg.com\/wordpress\/wp-content\/uploads\/Reisen\/Istanbul2009\/Bericht%20Topkapi\/Park%202-1024x456.jpg 1024w, https:\/\/www.guhalg.com\/wordpress\/wp-content\/uploads\/Reisen\/Istanbul2009\/Bericht%20Topkapi\/Park%202-300x133.jpg 300w, https:\/\/www.guhalg.com\/wordpress\/wp-content\/uploads\/Reisen\/Istanbul2009\/Bericht%20Topkapi\/Park%202-768x342.jpg 768w, https:\/\/www.guhalg.com\/wordpress\/wp-content\/uploads\/Reisen\/Istanbul2009\/Bericht%20Topkapi\/Park%202-1536x683.jpg 1536w, https:\/\/www.guhalg.com\/wordpress\/wp-content\/uploads\/Reisen\/Istanbul2009\/Bericht%20Topkapi\/Park%202-2048x911.jpg 2048w\" sizes=\"auto, (max-width: 1024px) 100vw, 1024px\" \/><\/a><figcaption>Am Parkrand<\/figcaption><\/figure><\/div>\n\n\n\n<p>Die Tour durch den Palast begann anschlie\u00dfend im <a rel=\"noreferrer noopener\" href=\"https:\/\/de.wikipedia.org\/wiki\/Harem\" data-type=\"URL\" data-id=\"https:\/\/de.wikipedia.org\/wiki\/Harem\" target=\"_blank\">Harem<\/a>. Wir haben uns durch die verschiedenen Innenh\u00f6fe und Gartenbereiche vorgearbeitet und dabei einige interessante Informationen durch den Audiof\u00fchrer erhalten.<\/p>\n\n\n\n<div class=\"wp-block-image\"><figure class=\"aligncenter size-full\"><a href=\"https:\/\/www.guhalg.com\/wordpress\/wp-content\/uploads\/Reisen\/Istanbul2009\/Bericht Topkapi\/IMG_7501.jpg\"><img loading=\"lazy\" decoding=\"async\" width=\"800\" height=\"600\" src=\"https:\/\/www.guhalg.com\/wordpress\/wp-content\/uploads\/Reisen\/Istanbul2009\/Bericht Topkapi\/IMG_7501.jpg\" alt=\"Der Harem\" class=\"wp-image-6845\" srcset=\"https:\/\/www.guhalg.com\/wordpress\/wp-content\/uploads\/Reisen\/Istanbul2009\/Bericht%20Topkapi\/IMG_7501.jpg 800w, https:\/\/www.guhalg.com\/wordpress\/wp-content\/uploads\/Reisen\/Istanbul2009\/Bericht%20Topkapi\/IMG_7501-300x225.jpg 300w, https:\/\/www.guhalg.com\/wordpress\/wp-content\/uploads\/Reisen\/Istanbul2009\/Bericht%20Topkapi\/IMG_7501-768x576.jpg 768w\" sizes=\"auto, (max-width: 800px) 100vw, 800px\" \/><\/a><figcaption>Der Harem<\/figcaption><\/figure><\/div>\n\n\n\n<p>In diesem relativ schmalen, langgezogenen Raum mit beiderseitigen Steintresen wurde zum Beispiel das Essen im Harem serviert.<\/p>\n\n\n\n<div class=\"wp-block-columns is-layout-flex wp-container-core-columns-is-layout-9d6595d7 wp-block-columns-is-layout-flex\">\n<div class=\"wp-block-column is-layout-flow wp-block-column-is-layout-flow\">\n<div class=\"wp-block-image\"><figure class=\"aligncenter size-full\"><a href=\"https:\/\/www.guhalg.com\/wordpress\/wp-content\/uploads\/Reisen\/Istanbul2009\/Bericht Topkapi\/IMG_7518.jpg\"><img loading=\"lazy\" decoding=\"async\" width=\"800\" height=\"600\" src=\"https:\/\/www.guhalg.com\/wordpress\/wp-content\/uploads\/Reisen\/Istanbul2009\/Bericht Topkapi\/IMG_7518.jpg\" alt=\"Linker Bereich\" class=\"wp-image-6846\" srcset=\"https:\/\/www.guhalg.com\/wordpress\/wp-content\/uploads\/Reisen\/Istanbul2009\/Bericht%20Topkapi\/IMG_7518.jpg 800w, https:\/\/www.guhalg.com\/wordpress\/wp-content\/uploads\/Reisen\/Istanbul2009\/Bericht%20Topkapi\/IMG_7518-300x225.jpg 300w, https:\/\/www.guhalg.com\/wordpress\/wp-content\/uploads\/Reisen\/Istanbul2009\/Bericht%20Topkapi\/IMG_7518-768x576.jpg 768w\" sizes=\"auto, (max-width: 800px) 100vw, 800px\" \/><\/a><figcaption>Linker Bereich<\/figcaption><\/figure><\/div>\n<\/div>\n\n\n\n<div class=\"wp-block-column is-layout-flow wp-block-column-is-layout-flow\">\n<div class=\"wp-block-image\"><figure class=\"aligncenter size-full\"><a href=\"https:\/\/www.guhalg.com\/wordpress\/wp-content\/uploads\/Reisen\/Istanbul2009\/Bericht Topkapi\/IMG_7519.jpg\"><img loading=\"lazy\" decoding=\"async\" width=\"800\" height=\"600\" src=\"https:\/\/www.guhalg.com\/wordpress\/wp-content\/uploads\/Reisen\/Istanbul2009\/Bericht Topkapi\/IMG_7519.jpg\" alt=\"Rechter Bereich\" class=\"wp-image-6847\" srcset=\"https:\/\/www.guhalg.com\/wordpress\/wp-content\/uploads\/Reisen\/Istanbul2009\/Bericht%20Topkapi\/IMG_7519.jpg 800w, https:\/\/www.guhalg.com\/wordpress\/wp-content\/uploads\/Reisen\/Istanbul2009\/Bericht%20Topkapi\/IMG_7519-300x225.jpg 300w, https:\/\/www.guhalg.com\/wordpress\/wp-content\/uploads\/Reisen\/Istanbul2009\/Bericht%20Topkapi\/IMG_7519-768x576.jpg 768w\" sizes=\"auto, (max-width: 800px) 100vw, 800px\" \/><\/a><figcaption>Rechter Bereich<\/figcaption><\/figure><\/div>\n<\/div>\n<\/div>\n\n\n\n<p>In diesem Raum, genaugenommen hinter dem goldenen Gitter, war des Sultans Toilette.<\/p>\n\n\n\n<div class=\"wp-block-image\"><figure class=\"aligncenter size-full\"><a href=\"https:\/\/www.guhalg.com\/wordpress\/wp-content\/uploads\/Reisen\/Istanbul2009\/Bericht Topkapi\/IMG_7534.jpg\"><img loading=\"lazy\" decoding=\"async\" width=\"800\" height=\"600\" src=\"https:\/\/www.guhalg.com\/wordpress\/wp-content\/uploads\/Reisen\/Istanbul2009\/Bericht Topkapi\/IMG_7534.jpg\" alt=\"Die Toilette\" class=\"wp-image-6848\" srcset=\"https:\/\/www.guhalg.com\/wordpress\/wp-content\/uploads\/Reisen\/Istanbul2009\/Bericht%20Topkapi\/IMG_7534.jpg 800w, https:\/\/www.guhalg.com\/wordpress\/wp-content\/uploads\/Reisen\/Istanbul2009\/Bericht%20Topkapi\/IMG_7534-300x225.jpg 300w, https:\/\/www.guhalg.com\/wordpress\/wp-content\/uploads\/Reisen\/Istanbul2009\/Bericht%20Topkapi\/IMG_7534-768x576.jpg 768w\" sizes=\"auto, (max-width: 800px) 100vw, 800px\" \/><\/a><figcaption>Die Toilette<\/figcaption><\/figure><\/div>\n\n\n\n<p>Und hier haben wir erst den Innenhof und auf dem zweiten Bild den Sommerhof des Harems.<\/p>\n\n\n\n<div class=\"wp-block-image\"><figure class=\"aligncenter size-large\"><a href=\"https:\/\/www.guhalg.com\/wordpress\/wp-content\/uploads\/Reisen\/Istanbul2009\/Bericht Topkapi\/Innenhof Harem-scaled.jpg\"><img loading=\"lazy\" decoding=\"async\" width=\"1024\" height=\"471\" src=\"https:\/\/www.guhalg.com\/wordpress\/wp-content\/uploads\/Reisen\/Istanbul2009\/Bericht Topkapi\/Innenhof Harem-1024x471.jpg\" alt=\"Der Innenhof\" class=\"wp-image-6849\" srcset=\"https:\/\/www.guhalg.com\/wordpress\/wp-content\/uploads\/Reisen\/Istanbul2009\/Bericht%20Topkapi\/Innenhof%20Harem-1024x471.jpg 1024w, https:\/\/www.guhalg.com\/wordpress\/wp-content\/uploads\/Reisen\/Istanbul2009\/Bericht%20Topkapi\/Innenhof%20Harem-300x138.jpg 300w, https:\/\/www.guhalg.com\/wordpress\/wp-content\/uploads\/Reisen\/Istanbul2009\/Bericht%20Topkapi\/Innenhof%20Harem-768x353.jpg 768w, https:\/\/www.guhalg.com\/wordpress\/wp-content\/uploads\/Reisen\/Istanbul2009\/Bericht%20Topkapi\/Innenhof%20Harem-1536x706.jpg 1536w, https:\/\/www.guhalg.com\/wordpress\/wp-content\/uploads\/Reisen\/Istanbul2009\/Bericht%20Topkapi\/Innenhof%20Harem-2048x941.jpg 2048w\" sizes=\"auto, (max-width: 1024px) 100vw, 1024px\" \/><\/a><figcaption>Der Innenhof<\/figcaption><\/figure><\/div>\n\n\n\n<div class=\"wp-block-image\"><figure class=\"aligncenter size-large\"><a href=\"https:\/\/www.guhalg.com\/wordpress\/wp-content\/uploads\/Reisen\/Istanbul2009\/Bericht Topkapi\/Sommerhof Harem 1-scaled.jpg\"><img loading=\"lazy\" decoding=\"async\" width=\"1024\" height=\"478\" src=\"https:\/\/www.guhalg.com\/wordpress\/wp-content\/uploads\/Reisen\/Istanbul2009\/Bericht Topkapi\/Sommerhof Harem 1-1024x478.jpg\" alt=\"Der Sommerhof\" class=\"wp-image-6851\" srcset=\"https:\/\/www.guhalg.com\/wordpress\/wp-content\/uploads\/Reisen\/Istanbul2009\/Bericht%20Topkapi\/Sommerhof%20Harem%201-1024x478.jpg 1024w, https:\/\/www.guhalg.com\/wordpress\/wp-content\/uploads\/Reisen\/Istanbul2009\/Bericht%20Topkapi\/Sommerhof%20Harem%201-300x140.jpg 300w, https:\/\/www.guhalg.com\/wordpress\/wp-content\/uploads\/Reisen\/Istanbul2009\/Bericht%20Topkapi\/Sommerhof%20Harem%201-768x358.jpg 768w, https:\/\/www.guhalg.com\/wordpress\/wp-content\/uploads\/Reisen\/Istanbul2009\/Bericht%20Topkapi\/Sommerhof%20Harem%201-1536x716.jpg 1536w, https:\/\/www.guhalg.com\/wordpress\/wp-content\/uploads\/Reisen\/Istanbul2009\/Bericht%20Topkapi\/Sommerhof%20Harem%201-2048x955.jpg 2048w\" sizes=\"auto, (max-width: 1024px) 100vw, 1024px\" \/><\/a><figcaption>Der Sommerhof<\/figcaption><\/figure><\/div>\n\n\n\n<p>Und vom Sommerhof hat man folgenden Blick auf die Gem\u00e4cher (wirklich kleine R\u00e4ume) der bevorzugten Haremsdamen.<\/p>\n\n\n\n<div class=\"wp-block-image\"><figure class=\"aligncenter size-large\"><a href=\"https:\/\/www.guhalg.com\/wordpress\/wp-content\/uploads\/Reisen\/Istanbul2009\/Bericht Topkapi\/Sommerhof Harem 2-scaled.jpg\"><img loading=\"lazy\" decoding=\"async\" width=\"1024\" height=\"451\" src=\"https:\/\/www.guhalg.com\/wordpress\/wp-content\/uploads\/Reisen\/Istanbul2009\/Bericht Topkapi\/Sommerhof Harem 2-1024x451.jpg\" alt=\"Die Haremszimmer\" class=\"wp-image-6852\" srcset=\"https:\/\/www.guhalg.com\/wordpress\/wp-content\/uploads\/Reisen\/Istanbul2009\/Bericht%20Topkapi\/Sommerhof%20Harem%202-1024x451.jpg 1024w, https:\/\/www.guhalg.com\/wordpress\/wp-content\/uploads\/Reisen\/Istanbul2009\/Bericht%20Topkapi\/Sommerhof%20Harem%202-300x132.jpg 300w, https:\/\/www.guhalg.com\/wordpress\/wp-content\/uploads\/Reisen\/Istanbul2009\/Bericht%20Topkapi\/Sommerhof%20Harem%202-768x338.jpg 768w, https:\/\/www.guhalg.com\/wordpress\/wp-content\/uploads\/Reisen\/Istanbul2009\/Bericht%20Topkapi\/Sommerhof%20Harem%202-1536x676.jpg 1536w, https:\/\/www.guhalg.com\/wordpress\/wp-content\/uploads\/Reisen\/Istanbul2009\/Bericht%20Topkapi\/Sommerhof%20Harem%202-2048x901.jpg 2048w\" sizes=\"auto, (max-width: 1024px) 100vw, 1024px\" \/><\/a><figcaption>Die Haremszimmer<\/figcaption><\/figure><\/div>\n\n\n\n<p>Aber auch der Blick in den Wohnraum des Sultans ist bewundernswert \u2013 und nicht vergessen \u2013 alles noch innerhalb des Harems, mit dem Sultan als einzigen zeugungsf\u00e4higem Mann.<\/p>\n\n\n\n<div class=\"wp-block-image\"><figure class=\"aligncenter size-large\"><a href=\"https:\/\/www.guhalg.com\/wordpress\/wp-content\/uploads\/Reisen\/Istanbul2009\/Bericht Topkapi\/Sultansraum-scaled.jpg\"><img loading=\"lazy\" decoding=\"async\" width=\"1024\" height=\"461\" src=\"https:\/\/www.guhalg.com\/wordpress\/wp-content\/uploads\/Reisen\/Istanbul2009\/Bericht Topkapi\/Sultansraum-1024x461.jpg\" alt=\"Sultansraum\" class=\"wp-image-6853\" srcset=\"https:\/\/www.guhalg.com\/wordpress\/wp-content\/uploads\/Reisen\/Istanbul2009\/Bericht%20Topkapi\/Sultansraum-1024x461.jpg 1024w, https:\/\/www.guhalg.com\/wordpress\/wp-content\/uploads\/Reisen\/Istanbul2009\/Bericht%20Topkapi\/Sultansraum-300x135.jpg 300w, https:\/\/www.guhalg.com\/wordpress\/wp-content\/uploads\/Reisen\/Istanbul2009\/Bericht%20Topkapi\/Sultansraum-768x346.jpg 768w, https:\/\/www.guhalg.com\/wordpress\/wp-content\/uploads\/Reisen\/Istanbul2009\/Bericht%20Topkapi\/Sultansraum-1536x692.jpg 1536w, https:\/\/www.guhalg.com\/wordpress\/wp-content\/uploads\/Reisen\/Istanbul2009\/Bericht%20Topkapi\/Sultansraum-2048x922.jpg 2048w\" sizes=\"auto, (max-width: 1024px) 100vw, 1024px\" \/><\/a><figcaption>Sultansraum<\/figcaption><\/figure><\/div>\n\n\n\n<p>Eine ganze Reihe weiterer Bilder aus dem Topkapi Palast findet ihr bei <a href=\"https:\/\/www.guhalg.com\/wordpress\/?page_id=7039\" data-type=\"page\" data-id=\"7039\">Topkapi Palast<\/a>.<\/p>\n\n\n\n<div class=\"wp-block-columns is-layout-flex wp-container-core-columns-is-layout-9d6595d7 wp-block-columns-is-layout-flex\">\n<div class=\"wp-block-column is-layout-flow wp-block-column-is-layout-flow\">\n<div class=\"wp-block-buttons is-layout-flex wp-block-buttons-is-layout-flex\">\n<div class=\"wp-block-button\"><a class=\"wp-block-button__link\" href=\"https:\/\/www.guhalg.com\/wordpress\/?page_id=6751\">Die gro\u00dfe Tour<\/a><\/div>\n<\/div>\n<\/div>\n\n\n\n<div class=\"wp-block-column is-layout-flow wp-block-column-is-layout-flow\">\n<div class=\"wp-block-buttons is-horizontal is-content-justification-right is-layout-flex wp-container-core-buttons-is-layout-ae2fe186 wp-block-buttons-is-layout-flex\">\n<div class=\"wp-block-button\"><a class=\"wp-block-button__link\" href=\"https:\/\/www.guhalg.com\/wordpress\/?page_id=7046\">Die Basare<\/a><\/div>\n<\/div>\n<\/div>\n<\/div>\n","protected":false},"excerpt":{"rendered":"<p>Auf unserem Besichtigungsplan stand jetzt der Topkapi Palast an, der nur wenige Fu\u00dfminuten von unserem Hotel entfernt liegt. Wie wir in den vergangenen Tagen schon festgestellt hatten, spielte die Tageszeit eine untergeordnete Rolle, da der Palast immer extrem gut besucht&hellip; <\/p>\n","protected":false},"author":1,"featured_media":0,"parent":6371,"menu_order":8,"comment_status":"closed","ping_status":"closed","template":"","meta":{"footnotes":""},"class_list":["post-6836","page","type-page","status-publish","hentry"],"_links":{"self":[{"href":"https:\/\/www.guhalg.com\/wordpress\/index.php?rest_route=\/wp\/v2\/pages\/6836","targetHints":{"allow":["GET"]}}],"collection":[{"href":"https:\/\/www.guhalg.com\/wordpress\/index.php?rest_route=\/wp\/v2\/pages"}],"about":[{"href":"https:\/\/www.guhalg.com\/wordpress\/index.php?rest_route=\/wp\/v2\/types\/page"}],"author":[{"embeddable":true,"href":"https:\/\/www.guhalg.com\/wordpress\/index.php?rest_route=\/wp\/v2\/users\/1"}],"replies":[{"embeddable":true,"href":"https:\/\/www.guhalg.com\/wordpress\/index.php?rest_route=%2Fwp%2Fv2%2Fcomments&post=6836"}],"version-history":[{"count":15,"href":"https:\/\/www.guhalg.com\/wordpress\/index.php?rest_route=\/wp\/v2\/pages\/6836\/revisions"}],"predecessor-version":[{"id":7791,"href":"https:\/\/www.guhalg.com\/wordpress\/index.php?rest_route=\/wp\/v2\/pages\/6836\/revisions\/7791"}],"up":[{"embeddable":true,"href":"https:\/\/www.guhalg.com\/wordpress\/index.php?rest_route=\/wp\/v2\/pages\/6371"}],"wp:attachment":[{"href":"https:\/\/www.guhalg.com\/wordpress\/index.php?rest_route=%2Fwp%2Fv2%2Fmedia&parent=6836"}],"curies":[{"name":"wp","href":"https:\/\/api.w.org\/{rel}","templated":true}]}}