{"id":7112,"date":"2022-01-24T19:41:41","date_gmt":"2022-01-24T18:41:41","guid":{"rendered":"https:\/\/www.guhalg.com\/wordpress\/?page_id=7112"},"modified":"2022-02-08T19:09:05","modified_gmt":"2022-02-08T18:09:05","slug":"der-letzte-tag","status":"publish","type":"page","link":"https:\/\/www.guhalg.com\/wordpress\/?page_id=7112","title":{"rendered":"Der letzte Tag"},"content":{"rendered":"\n<p>Die Zeit ist mal wieder viel zu schnell verflogen und auch dieser sch\u00f6ne Kurzurlaub ging dem Ende entgegen. Am letzten Tag blieben uns noch einige Stunden, bis wir zum Flughafen mussten, und wir haben diese Zeit genutzt und u.\u00a0a. die \u00e4lteste Moschee Istanbuls, die Beyazit Moschee ( <a rel=\"noreferrer noopener\" href=\"http:\/\/de.wikipedia.org\/wiki\/Beyaz%C4%B1t-Moschee\" target=\"_blank\">Beyazit camii<\/a>), besichtigt. Leider, oder gl\u00fccklicherweise? wurde die Moschee gerade renoviert und so konnten wir nur ein kleines Seitenschiff besichtigen.<\/p>\n\n\n\n<div class=\"wp-block-image\"><figure class=\"aligncenter size-full\"><a href=\"https:\/\/www.guhalg.com\/wordpress\/wp-content\/uploads\/Reisen\/Istanbul2009\/Stadt\/IMG_7950.jpg\"><img loading=\"lazy\" decoding=\"async\" width=\"800\" height=\"600\" src=\"https:\/\/www.guhalg.com\/wordpress\/wp-content\/uploads\/Reisen\/Istanbul2009\/Stadt\/IMG_7950.jpg\" alt=\"Die \u00e4lteste Moschee\" class=\"wp-image-6539\" srcset=\"https:\/\/www.guhalg.com\/wordpress\/wp-content\/uploads\/Reisen\/Istanbul2009\/Stadt\/IMG_7950.jpg 800w, https:\/\/www.guhalg.com\/wordpress\/wp-content\/uploads\/Reisen\/Istanbul2009\/Stadt\/IMG_7950-300x225.jpg 300w, https:\/\/www.guhalg.com\/wordpress\/wp-content\/uploads\/Reisen\/Istanbul2009\/Stadt\/IMG_7950-768x576.jpg 768w\" sizes=\"auto, (max-width: 800px) 100vw, 800px\" \/><\/a><figcaption>Die \u00e4lteste Moschee<\/figcaption><\/figure><\/div>\n\n\n\n<div class=\"wp-block-image\"><figure class=\"aligncenter size-full\"><a href=\"https:\/\/www.guhalg.com\/wordpress\/wp-content\/uploads\/Reisen\/Istanbul2009\/Stadt\/IMG_7953.jpg\"><img loading=\"lazy\" decoding=\"async\" width=\"800\" height=\"600\" src=\"https:\/\/www.guhalg.com\/wordpress\/wp-content\/uploads\/Reisen\/Istanbul2009\/Stadt\/IMG_7953.jpg\" alt=\"In der Moschee\" class=\"wp-image-6540\" srcset=\"https:\/\/www.guhalg.com\/wordpress\/wp-content\/uploads\/Reisen\/Istanbul2009\/Stadt\/IMG_7953.jpg 800w, https:\/\/www.guhalg.com\/wordpress\/wp-content\/uploads\/Reisen\/Istanbul2009\/Stadt\/IMG_7953-300x225.jpg 300w, https:\/\/www.guhalg.com\/wordpress\/wp-content\/uploads\/Reisen\/Istanbul2009\/Stadt\/IMG_7953-768x576.jpg 768w\" sizes=\"auto, (max-width: 800px) 100vw, 800px\" \/><\/a><figcaption>In der Moschee<\/figcaption><\/figure><\/div>\n\n\n\n<p>Wir sind anschlie\u00dfend durch die vielen kleinen Gassen langsam wieder zur\u00fcck zu unserem Hotel geschlendert, haben zwischendurch f\u00fcr Lutz (Chrischis Bruder, ein Eisenbahnfan) noch an der Trambahnstation ein paar Bilder aufgenommen.<\/p>\n\n\n\n<div class=\"wp-block-columns is-layout-flex wp-container-core-columns-is-layout-9d6595d7 wp-block-columns-is-layout-flex\">\n<div class=\"wp-block-column is-layout-flow wp-block-column-is-layout-flow\">\n<div class=\"wp-block-image\"><figure class=\"aligncenter size-full\"><a href=\"https:\/\/www.guhalg.com\/wordpress\/wp-content\/uploads\/Reisen\/Istanbul2009\/Stadt\/IMG_7981.jpg\"><img loading=\"lazy\" decoding=\"async\" width=\"800\" height=\"600\" src=\"https:\/\/www.guhalg.com\/wordpress\/wp-content\/uploads\/Reisen\/Istanbul2009\/Stadt\/IMG_7981.jpg\" alt=\"Eisenbahn\" class=\"wp-image-6541\" srcset=\"https:\/\/www.guhalg.com\/wordpress\/wp-content\/uploads\/Reisen\/Istanbul2009\/Stadt\/IMG_7981.jpg 800w, https:\/\/www.guhalg.com\/wordpress\/wp-content\/uploads\/Reisen\/Istanbul2009\/Stadt\/IMG_7981-300x225.jpg 300w, https:\/\/www.guhalg.com\/wordpress\/wp-content\/uploads\/Reisen\/Istanbul2009\/Stadt\/IMG_7981-768x576.jpg 768w\" sizes=\"auto, (max-width: 800px) 100vw, 800px\" \/><\/a><figcaption>Eisenbahn<\/figcaption><\/figure><\/div>\n<\/div>\n\n\n\n<div class=\"wp-block-column is-layout-flow wp-block-column-is-layout-flow\">\n<div class=\"wp-block-image\"><figure class=\"aligncenter size-full\"><a href=\"https:\/\/www.guhalg.com\/wordpress\/wp-content\/uploads\/Reisen\/Istanbul2009\/Stadt\/IMG_7984.jpg\"><img loading=\"lazy\" decoding=\"async\" width=\"800\" height=\"600\" src=\"https:\/\/www.guhalg.com\/wordpress\/wp-content\/uploads\/Reisen\/Istanbul2009\/Stadt\/IMG_7984.jpg\" alt=\"Produktionsemblem\" class=\"wp-image-6542\" srcset=\"https:\/\/www.guhalg.com\/wordpress\/wp-content\/uploads\/Reisen\/Istanbul2009\/Stadt\/IMG_7984.jpg 800w, https:\/\/www.guhalg.com\/wordpress\/wp-content\/uploads\/Reisen\/Istanbul2009\/Stadt\/IMG_7984-300x225.jpg 300w, https:\/\/www.guhalg.com\/wordpress\/wp-content\/uploads\/Reisen\/Istanbul2009\/Stadt\/IMG_7984-768x576.jpg 768w\" sizes=\"auto, (max-width: 800px) 100vw, 800px\" \/><\/a><figcaption>Produktionsemblem<\/figcaption><\/figure><\/div>\n<\/div>\n\n\n\n<div class=\"wp-block-column is-layout-flow wp-block-column-is-layout-flow\">\n<div class=\"wp-block-image\"><figure class=\"aligncenter size-full\"><a href=\"https:\/\/www.guhalg.com\/wordpress\/wp-content\/uploads\/Reisen\/Istanbul2009\/Stadt\/IMG_7986.jpg\"><img loading=\"lazy\" decoding=\"async\" width=\"800\" height=\"600\" src=\"https:\/\/www.guhalg.com\/wordpress\/wp-content\/uploads\/Reisen\/Istanbul2009\/Stadt\/IMG_7986.jpg\" alt=\"Sehr sch\u00f6ne Lock\" class=\"wp-image-6543\" srcset=\"https:\/\/www.guhalg.com\/wordpress\/wp-content\/uploads\/Reisen\/Istanbul2009\/Stadt\/IMG_7986.jpg 800w, https:\/\/www.guhalg.com\/wordpress\/wp-content\/uploads\/Reisen\/Istanbul2009\/Stadt\/IMG_7986-300x225.jpg 300w, https:\/\/www.guhalg.com\/wordpress\/wp-content\/uploads\/Reisen\/Istanbul2009\/Stadt\/IMG_7986-768x576.jpg 768w\" sizes=\"auto, (max-width: 800px) 100vw, 800px\" \/><\/a><figcaption>Sehr sch\u00f6ne Lock<\/figcaption><\/figure><\/div>\n<\/div>\n<\/div>\n\n\n\n<p>Zum Abschluss des Tages haben wir uns mit einer Kleinigkeit gest\u00e4rkt. Dabei sind uns die letzten Tage nochmal sehr intensiv durch den Kopf gegangen.<\/p>\n\n\n\n<div class=\"wp-block-image\"><figure class=\"aligncenter size-full\"><a href=\"https:\/\/www.guhalg.com\/wordpress\/wp-content\/uploads\/Reisen\/Istanbul2009\/Stadt\/IMG_7987.jpg\"><img loading=\"lazy\" decoding=\"async\" width=\"800\" height=\"600\" src=\"https:\/\/www.guhalg.com\/wordpress\/wp-content\/uploads\/Reisen\/Istanbul2009\/Stadt\/IMG_7987.jpg\" alt=\"Relaxen\" class=\"wp-image-6544\" srcset=\"https:\/\/www.guhalg.com\/wordpress\/wp-content\/uploads\/Reisen\/Istanbul2009\/Stadt\/IMG_7987.jpg 800w, https:\/\/www.guhalg.com\/wordpress\/wp-content\/uploads\/Reisen\/Istanbul2009\/Stadt\/IMG_7987-300x225.jpg 300w, https:\/\/www.guhalg.com\/wordpress\/wp-content\/uploads\/Reisen\/Istanbul2009\/Stadt\/IMG_7987-768x576.jpg 768w\" sizes=\"auto, (max-width: 800px) 100vw, 800px\" \/><\/a><figcaption>Relaxen<\/figcaption><\/figure><\/div>\n\n\n\n<p>Istanbul ist eine gro\u00dfe weltoffene und tolerante Stadt mit viel Geschichte. Und sie ist schnell erreichbar.<\/p>\n\n\n\n<p>Zum Abschluss noch zwei Panorama Bilder: <\/p>\n\n\n\n<ul class=\"wp-block-list\"><li>Der Park vor dem Topkapi Palast<\/li><li>und eine \u00dcbersicht \u00fcber den \u00e4ltesten Teil von Istanbul<\/li><\/ul>\n\n\n\n<div class=\"wp-block-image\"><figure class=\"aligncenter size-large\"><a href=\"https:\/\/www.guhalg.com\/wordpress\/wp-content\/uploads\/Reisen\/Istanbul2009\/Stadt\/Park 1-scaled.jpg\"><img loading=\"lazy\" decoding=\"async\" width=\"1024\" height=\"339\" src=\"https:\/\/www.guhalg.com\/wordpress\/wp-content\/uploads\/Reisen\/Istanbul2009\/Stadt\/Park 1-1024x339.jpg\" alt=\"Der Park im Topkapi\" class=\"wp-image-6545\" srcset=\"https:\/\/www.guhalg.com\/wordpress\/wp-content\/uploads\/Reisen\/Istanbul2009\/Stadt\/Park%201-1024x339.jpg 1024w, https:\/\/www.guhalg.com\/wordpress\/wp-content\/uploads\/Reisen\/Istanbul2009\/Stadt\/Park%201-300x99.jpg 300w, https:\/\/www.guhalg.com\/wordpress\/wp-content\/uploads\/Reisen\/Istanbul2009\/Stadt\/Park%201-768x254.jpg 768w, https:\/\/www.guhalg.com\/wordpress\/wp-content\/uploads\/Reisen\/Istanbul2009\/Stadt\/Park%201-1536x509.jpg 1536w, https:\/\/www.guhalg.com\/wordpress\/wp-content\/uploads\/Reisen\/Istanbul2009\/Stadt\/Park%201-2048x679.jpg 2048w\" sizes=\"auto, (max-width: 1024px) 100vw, 1024px\" \/><\/a><figcaption>Der Park im Topkapi<\/figcaption><\/figure><\/div>\n\n\n\n<div class=\"wp-block-image\"><figure class=\"aligncenter size-large\"><a href=\"https:\/\/www.guhalg.com\/wordpress\/wp-content\/uploads\/Reisen\/Istanbul2009\/Stadt\/Ueberblick-scaled.jpg\"><img loading=\"lazy\" decoding=\"async\" width=\"1024\" height=\"224\" src=\"https:\/\/www.guhalg.com\/wordpress\/wp-content\/uploads\/Reisen\/Istanbul2009\/Stadt\/Ueberblick-1024x224.jpg\" alt=\"\u00dcberblick\" class=\"wp-image-6546\" srcset=\"https:\/\/www.guhalg.com\/wordpress\/wp-content\/uploads\/Reisen\/Istanbul2009\/Stadt\/Ueberblick-1024x224.jpg 1024w, https:\/\/www.guhalg.com\/wordpress\/wp-content\/uploads\/Reisen\/Istanbul2009\/Stadt\/Ueberblick-300x66.jpg 300w, https:\/\/www.guhalg.com\/wordpress\/wp-content\/uploads\/Reisen\/Istanbul2009\/Stadt\/Ueberblick-768x168.jpg 768w, https:\/\/www.guhalg.com\/wordpress\/wp-content\/uploads\/Reisen\/Istanbul2009\/Stadt\/Ueberblick-1536x336.jpg 1536w, https:\/\/www.guhalg.com\/wordpress\/wp-content\/uploads\/Reisen\/Istanbul2009\/Stadt\/Ueberblick-2048x448.jpg 2048w\" sizes=\"auto, (max-width: 1024px) 100vw, 1024px\" \/><\/a><figcaption>\u00dcberblick<\/figcaption><\/figure><\/div>\n\n\n\n<p>Wer jetzt immer noch Bilder mag, findet hier noch eine kleine Auswahl aus Istanbul: <a href=\"http:\/\/localhost:4001\/wb\/pages\/istanbul-2009\/bilder\/die-stadt.php\">Die Stadt<\/a> <\/p>\n\n\n\n<div class=\"wp-block-columns is-layout-flex wp-container-core-columns-is-layout-9d6595d7 wp-block-columns-is-layout-flex\">\n<div class=\"wp-block-column is-layout-flow wp-block-column-is-layout-flow\">\n<div class=\"wp-block-buttons is-layout-flex wp-block-buttons-is-layout-flex\">\n<div class=\"wp-block-button\"><a class=\"wp-block-button__link\" href=\"https:\/\/www.guhalg.com\/wordpress\/?page_id=7046\">Die Basare<\/a><\/div>\n<\/div>\n<\/div>\n\n\n\n<div class=\"wp-block-column is-layout-flow wp-block-column-is-layout-flow\">\n<div class=\"wp-block-buttons is-horizontal is-content-justification-right is-layout-flex wp-container-core-buttons-is-layout-ae2fe186 wp-block-buttons-is-layout-flex\">\n<div class=\"wp-block-button\"><a class=\"wp-block-button__link\" href=\"https:\/\/www.guhalg.com\/wordpress\/?page_id=6591\">Die Zisterne<\/a><\/div>\n<\/div>\n<\/div>\n<\/div>\n","protected":false},"excerpt":{"rendered":"<p>Die Zeit ist mal wieder viel zu schnell verflogen und auch dieser sch\u00f6ne Kurzurlaub ging dem Ende entgegen. Am letzten Tag blieben uns noch einige Stunden, bis wir zum Flughafen mussten, und wir haben diese Zeit genutzt und u.\u00a0a. die&hellip; <\/p>\n","protected":false},"author":1,"featured_media":0,"parent":6371,"menu_order":10,"comment_status":"closed","ping_status":"closed","template":"","meta":{"footnotes":""},"class_list":["post-7112","page","type-page","status-publish","hentry"],"_links":{"self":[{"href":"https:\/\/www.guhalg.com\/wordpress\/index.php?rest_route=\/wp\/v2\/pages\/7112","targetHints":{"allow":["GET"]}}],"collection":[{"href":"https:\/\/www.guhalg.com\/wordpress\/index.php?rest_route=\/wp\/v2\/pages"}],"about":[{"href":"https:\/\/www.guhalg.com\/wordpress\/index.php?rest_route=\/wp\/v2\/types\/page"}],"author":[{"embeddable":true,"href":"https:\/\/www.guhalg.com\/wordpress\/index.php?rest_route=\/wp\/v2\/users\/1"}],"replies":[{"embeddable":true,"href":"https:\/\/www.guhalg.com\/wordpress\/index.php?rest_route=%2Fwp%2Fv2%2Fcomments&post=7112"}],"version-history":[{"count":12,"href":"https:\/\/www.guhalg.com\/wordpress\/index.php?rest_route=\/wp\/v2\/pages\/7112\/revisions"}],"predecessor-version":[{"id":7795,"href":"https:\/\/www.guhalg.com\/wordpress\/index.php?rest_route=\/wp\/v2\/pages\/7112\/revisions\/7795"}],"up":[{"embeddable":true,"href":"https:\/\/www.guhalg.com\/wordpress\/index.php?rest_route=\/wp\/v2\/pages\/6371"}],"wp:attachment":[{"href":"https:\/\/www.guhalg.com\/wordpress\/index.php?rest_route=%2Fwp%2Fv2%2Fmedia&parent=7112"}],"curies":[{"name":"wp","href":"https:\/\/api.w.org\/{rel}","templated":true}]}}