{"id":7142,"date":"2022-01-26T21:33:37","date_gmt":"2022-01-26T20:33:37","guid":{"rendered":"https:\/\/www.guhalg.com\/wordpress\/?page_id=7142"},"modified":"2022-02-08T19:10:33","modified_gmt":"2022-02-08T18:10:33","slug":"mallorca-2009","status":"publish","type":"page","link":"https:\/\/www.guhalg.com\/wordpress\/?page_id=7142","title":{"rendered":"Mallorca 2009"},"content":{"rendered":"\n<p>Hallo Surfer, im Herbst 2009 waren wir auf einer Kurzvisite in Mallorca.<\/p>\n\n\n\n<p>Der Trip begann am Donnerstag mit der Anreise nach Hamburg. Dort ging es am Freitagmorgen mit dem Flieger weiter nach Mallorca. Diesen Flieger h\u00e4tten wir allerdings beinahe noch verpasst, da die S-Bahn, mit der wir eigentlich fahren wollten, aufgrund eines Br\u00fcckenschadens nicht fuhr. Gl\u00fccklicherweise hatten wir diese Info noch kurz vor dem Einstieg erhalten, ansonsten w\u00e4re die Reise wohl ausgefallen. So sind wir dann kurzerhand mit dem Taxi zum Flughafen gefahren. Wie immer hier ein Link zu Wikipedia (de), um sich mit einigen Informationen \u00fcber das Reiseziel zu versorgen: <a rel=\"noreferrer noopener\" href=\"http:\/\/de.wikipedia.org\/wiki\/Mallorca\" target=\"_blank\">Mallorca auf Wikipedia<\/a><\/p>\n\n\n\n<p>Obwohl wir nur das Wochenende auf Mallorca waren, also nur einen einzigen vollen Tag dort hatten, gab es viele sch\u00f6ne Eindr\u00fccke und auch einige Bilder \u2013 allerdings diesmal keinen gro\u00dfartigen Reisebericht. Den Freitagabend haben wir mit einem netten Abendessen ausklingen lassen, den Samstag sind wir mit unseren Mietwagen \u00fcber die Insel gefahren und am Sonntag dann nach einem Abstecher an den Strand (Ballermann) schon wieder zur\u00fcck zum Flughafen. Hier sprechen einfach mal die Bilder. Als Erstes aber noch das Reiseziel auf Google Earth.<\/p>\n\n\n\n<div class=\"wp-block-image\"><figure class=\"aligncenter size-large\"><a href=\"https:\/\/www.guhalg.com\/wordpress\/wp-content\/uploads\/Reisen\/Malle2009\/Reise\/Mallorca.jpg\"><img loading=\"lazy\" decoding=\"async\" width=\"1024\" height=\"701\" src=\"https:\/\/www.guhalg.com\/wordpress\/wp-content\/uploads\/Reisen\/Malle2009\/Reise\/Mallorca-1024x701.jpg\" alt=\"Mallorca\" class=\"wp-image-7149\" srcset=\"https:\/\/www.guhalg.com\/wordpress\/wp-content\/uploads\/Reisen\/Malle2009\/Reise\/Mallorca-1024x701.jpg 1024w, https:\/\/www.guhalg.com\/wordpress\/wp-content\/uploads\/Reisen\/Malle2009\/Reise\/Mallorca-300x205.jpg 300w, https:\/\/www.guhalg.com\/wordpress\/wp-content\/uploads\/Reisen\/Malle2009\/Reise\/Mallorca-768x526.jpg 768w, https:\/\/www.guhalg.com\/wordpress\/wp-content\/uploads\/Reisen\/Malle2009\/Reise\/Mallorca-1536x1051.jpg 1536w, https:\/\/www.guhalg.com\/wordpress\/wp-content\/uploads\/Reisen\/Malle2009\/Reise\/Mallorca.jpg 1578w\" sizes=\"auto, (max-width: 1024px) 100vw, 1024px\" \/><\/a><figcaption>Mallorca<\/figcaption><\/figure><\/div>\n\n\n\n<p>Weiter geht es mit zwei Panorama Aufnahmen<\/p>\n\n\n\n<div class=\"wp-block-image\"><figure class=\"aligncenter size-large\"><a href=\"https:\/\/www.guhalg.com\/wordpress\/wp-content\/uploads\/Reisen\/Malle2009\/Reise\/Aussichtsblick_3-scaled.jpg\"><img loading=\"lazy\" decoding=\"async\" width=\"1024\" height=\"450\" src=\"https:\/\/www.guhalg.com\/wordpress\/wp-content\/uploads\/Reisen\/Malle2009\/Reise\/Aussichtsblick_3-1024x450.jpg\" alt=\"Vom H\u00fcgel zum Meer\" class=\"wp-image-7147\" srcset=\"https:\/\/www.guhalg.com\/wordpress\/wp-content\/uploads\/Reisen\/Malle2009\/Reise\/Aussichtsblick_3-1024x450.jpg 1024w, https:\/\/www.guhalg.com\/wordpress\/wp-content\/uploads\/Reisen\/Malle2009\/Reise\/Aussichtsblick_3-300x132.jpg 300w, https:\/\/www.guhalg.com\/wordpress\/wp-content\/uploads\/Reisen\/Malle2009\/Reise\/Aussichtsblick_3-768x338.jpg 768w, https:\/\/www.guhalg.com\/wordpress\/wp-content\/uploads\/Reisen\/Malle2009\/Reise\/Aussichtsblick_3-1536x675.jpg 1536w, https:\/\/www.guhalg.com\/wordpress\/wp-content\/uploads\/Reisen\/Malle2009\/Reise\/Aussichtsblick_3-2048x900.jpg 2048w\" sizes=\"auto, (max-width: 1024px) 100vw, 1024px\" \/><\/a><figcaption>Vom H\u00fcgel zum Meer<\/figcaption><\/figure><\/div>\n\n\n\n<div class=\"wp-block-image\"><figure class=\"aligncenter size-large\"><a href=\"https:\/\/www.guhalg.com\/wordpress\/wp-content\/uploads\/Reisen\/Malle2009\/Reise\/Bucht-scaled.jpg\"><img loading=\"lazy\" decoding=\"async\" width=\"1024\" height=\"306\" src=\"https:\/\/www.guhalg.com\/wordpress\/wp-content\/uploads\/Reisen\/Malle2009\/Reise\/Bucht-1024x306.jpg\" alt=\"In der Bucht\" class=\"wp-image-7148\" srcset=\"https:\/\/www.guhalg.com\/wordpress\/wp-content\/uploads\/Reisen\/Malle2009\/Reise\/Bucht-1024x306.jpg 1024w, https:\/\/www.guhalg.com\/wordpress\/wp-content\/uploads\/Reisen\/Malle2009\/Reise\/Bucht-300x90.jpg 300w, https:\/\/www.guhalg.com\/wordpress\/wp-content\/uploads\/Reisen\/Malle2009\/Reise\/Bucht-768x229.jpg 768w, https:\/\/www.guhalg.com\/wordpress\/wp-content\/uploads\/Reisen\/Malle2009\/Reise\/Bucht-1536x458.jpg 1536w, https:\/\/www.guhalg.com\/wordpress\/wp-content\/uploads\/Reisen\/Malle2009\/Reise\/Bucht-2048x611.jpg 2048w\" sizes=\"auto, (max-width: 1024px) 100vw, 1024px\" \/><\/a><figcaption>In der Bucht<\/figcaption><\/figure><\/div>\n\n\n\n<p>Und noch der Link zur Bildergalerie.<\/p>\n\n\n\n<div class=\"wp-block-buttons is-layout-flex wp-block-buttons-is-layout-flex\">\n<div class=\"wp-block-button aligncenter\"><a class=\"wp-block-button__link\" href=\"https:\/\/www.guhalg.com\/wordpress\/?page_id=7217\">Mallorca in Bildern<\/a><\/div>\n<\/div>\n","protected":false},"excerpt":{"rendered":"<p>Hallo Surfer, im Herbst 2009 waren wir auf einer Kurzvisite in Mallorca. Der Trip begann am Donnerstag mit der Anreise nach Hamburg. Dort ging es am Freitagmorgen mit dem Flieger weiter nach Mallorca. Diesen Flieger h\u00e4tten wir allerdings beinahe noch&hellip; <\/p>\n","protected":false},"author":1,"featured_media":0,"parent":0,"menu_order":21,"comment_status":"closed","ping_status":"closed","template":"","meta":{"footnotes":""},"class_list":["post-7142","page","type-page","status-publish","hentry"],"_links":{"self":[{"href":"https:\/\/www.guhalg.com\/wordpress\/index.php?rest_route=\/wp\/v2\/pages\/7142","targetHints":{"allow":["GET"]}}],"collection":[{"href":"https:\/\/www.guhalg.com\/wordpress\/index.php?rest_route=\/wp\/v2\/pages"}],"about":[{"href":"https:\/\/www.guhalg.com\/wordpress\/index.php?rest_route=\/wp\/v2\/types\/page"}],"author":[{"embeddable":true,"href":"https:\/\/www.guhalg.com\/wordpress\/index.php?rest_route=\/wp\/v2\/users\/1"}],"replies":[{"embeddable":true,"href":"https:\/\/www.guhalg.com\/wordpress\/index.php?rest_route=%2Fwp%2Fv2%2Fcomments&post=7142"}],"version-history":[{"count":7,"href":"https:\/\/www.guhalg.com\/wordpress\/index.php?rest_route=\/wp\/v2\/pages\/7142\/revisions"}],"predecessor-version":[{"id":7796,"href":"https:\/\/www.guhalg.com\/wordpress\/index.php?rest_route=\/wp\/v2\/pages\/7142\/revisions\/7796"}],"wp:attachment":[{"href":"https:\/\/www.guhalg.com\/wordpress\/index.php?rest_route=%2Fwp%2Fv2%2Fmedia&parent=7142"}],"curies":[{"name":"wp","href":"https:\/\/api.w.org\/{rel}","templated":true}]}}