{"id":7227,"date":"2022-01-27T20:42:22","date_gmt":"2022-01-27T19:42:22","guid":{"rendered":"https:\/\/www.guhalg.com\/wordpress\/?page_id=7227"},"modified":"2022-02-08T19:11:23","modified_gmt":"2022-02-08T18:11:23","slug":"pulisan-2009","status":"publish","type":"page","link":"https:\/\/www.guhalg.com\/wordpress\/?page_id=7227","title":{"rendered":"Pulisan 2009"},"content":{"rendered":"\n<p>Nachdem uns das Tauchen in Indonesien und besonders auf Bali sehr viel Spa\u00df brachte, hatten wir im Sommer bei Susanne von Country-Reisen schon mal vorgef\u00fchlt f\u00fcr einen Herbsturlaub in Indonesien. Nach einigen Ideen hat sich dann letztendlich das Pulisan Resort an der Nordspitze Sulawesis als ganz hei\u00dfer Favorit in unserem Kopf festgesetzt. Im Originalbericht war hier noch die Verlinkung zur Homepage vom Pulisan Resort enthalten, aber mittlerweile hat der Besitzer gewechselt und wir haben den Link entfernt. Als auch die Fl\u00fcge und die Reservierung des Bungalows abgeschlossen waren, kam auch schon die Vorfreude auf diesen Urlaub.<\/p>\n\n\n\n<div class=\"wp-block-image\"><figure class=\"aligncenter size-large\"><a href=\"https:\/\/www.guhalg.com\/wordpress\/wp-content\/uploads\/Reisen\/Pulisan2009\/Reise\/Pulisan_World-scaled.jpg\"><img loading=\"lazy\" decoding=\"async\" width=\"1024\" height=\"568\" src=\"https:\/\/www.guhalg.com\/wordpress\/wp-content\/uploads\/Reisen\/Pulisan2009\/Reise\/Pulisan_World-1024x568.jpg\" alt=\"Pulisan_World\" class=\"wp-image-7244\" srcset=\"https:\/\/www.guhalg.com\/wordpress\/wp-content\/uploads\/Reisen\/Pulisan2009\/Reise\/Pulisan_World-1024x568.jpg 1024w, https:\/\/www.guhalg.com\/wordpress\/wp-content\/uploads\/Reisen\/Pulisan2009\/Reise\/Pulisan_World-300x166.jpg 300w, https:\/\/www.guhalg.com\/wordpress\/wp-content\/uploads\/Reisen\/Pulisan2009\/Reise\/Pulisan_World-768x426.jpg 768w, https:\/\/www.guhalg.com\/wordpress\/wp-content\/uploads\/Reisen\/Pulisan2009\/Reise\/Pulisan_World-1536x852.jpg 1536w, https:\/\/www.guhalg.com\/wordpress\/wp-content\/uploads\/Reisen\/Pulisan2009\/Reise\/Pulisan_World-2048x1136.jpg 2048w\" sizes=\"auto, (max-width: 1024px) 100vw, 1024px\" \/><\/a><figcaption>Pulisan World<\/figcaption><\/figure><\/div>\n\n\n\n<p>Und auch hier wieder der Link nach <a rel=\"noreferrer noopener\" href=\"http:\/\/de.wikipedia.org\/wiki\/Indonesien\" target=\"_blank\">Indonesien<\/a> und nach <a rel=\"noreferrer noopener\" href=\"http:\/\/de.wikipedia.org\/wiki\/Sulawesi\" target=\"_blank\">Sulawesi<\/a>.<a rel=\"noreferrer noopener\" href=\"http:\/\/www.novusgawana.com\/german\/index.html\" target=\"_blank\"><br><\/a><\/p>\n\n\n\n<div class=\"wp-block-buttons is-content-justification-right is-layout-flex wp-container-core-buttons-is-layout-765c4724 wp-block-buttons-is-layout-flex\">\n<div class=\"wp-block-button\"><a class=\"wp-block-button__link\" href=\"https:\/\/www.guhalg.com\/wordpress\/?page_id=7252\">Die Anreise nach Pulisan<\/a><\/div>\n<\/div>\n","protected":false},"excerpt":{"rendered":"<p>Nachdem uns das Tauchen in Indonesien und besonders auf Bali sehr viel Spa\u00df brachte, hatten wir im Sommer bei Susanne von Country-Reisen schon mal vorgef\u00fchlt f\u00fcr einen Herbsturlaub in Indonesien. Nach einigen Ideen hat sich dann letztendlich das Pulisan Resort&hellip; <\/p>\n","protected":false},"author":1,"featured_media":0,"parent":0,"menu_order":22,"comment_status":"closed","ping_status":"closed","template":"","meta":{"footnotes":""},"class_list":["post-7227","page","type-page","status-publish","hentry"],"_links":{"self":[{"href":"https:\/\/www.guhalg.com\/wordpress\/index.php?rest_route=\/wp\/v2\/pages\/7227","targetHints":{"allow":["GET"]}}],"collection":[{"href":"https:\/\/www.guhalg.com\/wordpress\/index.php?rest_route=\/wp\/v2\/pages"}],"about":[{"href":"https:\/\/www.guhalg.com\/wordpress\/index.php?rest_route=\/wp\/v2\/types\/page"}],"author":[{"embeddable":true,"href":"https:\/\/www.guhalg.com\/wordpress\/index.php?rest_route=\/wp\/v2\/users\/1"}],"replies":[{"embeddable":true,"href":"https:\/\/www.guhalg.com\/wordpress\/index.php?rest_route=%2Fwp%2Fv2%2Fcomments&post=7227"}],"version-history":[{"count":8,"href":"https:\/\/www.guhalg.com\/wordpress\/index.php?rest_route=\/wp\/v2\/pages\/7227\/revisions"}],"predecessor-version":[{"id":7797,"href":"https:\/\/www.guhalg.com\/wordpress\/index.php?rest_route=\/wp\/v2\/pages\/7227\/revisions\/7797"}],"wp:attachment":[{"href":"https:\/\/www.guhalg.com\/wordpress\/index.php?rest_route=%2Fwp%2Fv2%2Fmedia&parent=7227"}],"curies":[{"name":"wp","href":"https:\/\/api.w.org\/{rel}","templated":true}]}}