{"id":7252,"date":"2022-02-01T19:40:54","date_gmt":"2022-02-01T18:40:54","guid":{"rendered":"https:\/\/www.guhalg.com\/wordpress\/?page_id=7252"},"modified":"2022-02-08T19:12:52","modified_gmt":"2022-02-08T18:12:52","slug":"die-anreise-nach-pulisan","status":"publish","type":"page","link":"https:\/\/www.guhalg.com\/wordpress\/?page_id=7252","title":{"rendered":"Die Anreise nach Pulisan"},"content":{"rendered":"\n<p>Wie bei den meisten unserer Reisen beginnen wir mit der Anreise nach Frankfurt, zu unseren Freunden, so auch diesmal. Bemerkenswerterweise wurde unsere Vorfreude auf Pulisan nicht so 100\u00a0% geteilt.<\/p>\n\n\n\n<p>Vielleicht lag es ja an der Beschreibung:<\/p>\n\n\n\n<ul class=\"wp-block-list\"><li>nach der Landung in Manado bringt Sie unser Pickup nach Pulisan, an die Nord Spitze Sulawesis<\/li><li>Um das Gep\u00e4ck durch den ca. 20 Min. Fu\u00dfweg durch den Dschungel bis in unser Resort k\u00fcmmern sich unserer Tr\u00e4gerinnen<\/li><li>Strom ist von ca. 18.30 Uhr bis 22.00 Uhr verf\u00fcgbar<\/li><li>Ventilator oder Klimaanlage kann der Generator nicht versorgen &#8211; gibt also kein<\/li><\/ul>\n\n\n\n<p>Das wirkt auf viele Leute vielleicht etwas abschreckend. F\u00fcr uns klang das aber nach dem Paradies.<\/p>\n\n\n\n<ul class=\"wp-block-list\"><li>keine Pauschal-Touristen<\/li><li>kein Massenandrang<\/li><li>Urlaub in der Natur und Ruhe<\/li><\/ul>\n\n\n\n<p>So sind wir auch jetzt wieder mit Singapore Airlines in Frankfurt gestartet. Diesmal haben wir uns auf dem Flughafen in Singapore den Schmetterlingsgarten angesehen. Wenn man aus dem klimatisierten Flughafen in diesen tropischen Bereich wechselt, so ist als Erstes die Brille vollkommen beschlagen. Auch das Objektiv der Kamera h\u00e4lt sich gerade mal so 5 Sekunden nach dem Putzen ohne Beschlag. Nachdem man sich dann auch noch in der Schw\u00fcle das Atmen wieder angefangen hat, kann man, wohlgemerkt mitten im Flughafen in Singapore, einen wundersch\u00f6nen Garten genie\u00dfen.<\/p>\n\n\n\n<figure class=\"wp-block-gallery has-nested-images columns-4 is-cropped wp-block-gallery-1 is-layout-flex wp-block-gallery-is-layout-flex\">\n<figure class=\"wp-block-image size-large\"><img loading=\"lazy\" decoding=\"async\" width=\"800\" height=\"600\" data-id=\"7231\" src=\"https:\/\/www.guhalg.com\/wordpress\/wp-content\/uploads\/Reisen\/Pulisan2009\/Reise\/IMG_08505.jpg\" alt=\"\" class=\"wp-image-7231\" srcset=\"https:\/\/www.guhalg.com\/wordpress\/wp-content\/uploads\/Reisen\/Pulisan2009\/Reise\/IMG_08505.jpg 800w, https:\/\/www.guhalg.com\/wordpress\/wp-content\/uploads\/Reisen\/Pulisan2009\/Reise\/IMG_08505-300x225.jpg 300w, https:\/\/www.guhalg.com\/wordpress\/wp-content\/uploads\/Reisen\/Pulisan2009\/Reise\/IMG_08505-768x576.jpg 768w\" sizes=\"auto, (max-width: 800px) 100vw, 800px\" \/><\/figure>\n\n\n\n<figure class=\"wp-block-image size-large\"><img loading=\"lazy\" decoding=\"async\" width=\"800\" height=\"600\" data-id=\"7236\" src=\"https:\/\/www.guhalg.com\/wordpress\/wp-content\/uploads\/Reisen\/Pulisan2009\/Reise\/IMG_08518.jpg\" alt=\"\" class=\"wp-image-7236\" srcset=\"https:\/\/www.guhalg.com\/wordpress\/wp-content\/uploads\/Reisen\/Pulisan2009\/Reise\/IMG_08518.jpg 800w, https:\/\/www.guhalg.com\/wordpress\/wp-content\/uploads\/Reisen\/Pulisan2009\/Reise\/IMG_08518-300x225.jpg 300w, https:\/\/www.guhalg.com\/wordpress\/wp-content\/uploads\/Reisen\/Pulisan2009\/Reise\/IMG_08518-768x576.jpg 768w\" sizes=\"auto, (max-width: 800px) 100vw, 800px\" \/><\/figure>\n\n\n\n<figure class=\"wp-block-image size-large\"><img loading=\"lazy\" decoding=\"async\" width=\"800\" height=\"600\" data-id=\"7233\" src=\"https:\/\/www.guhalg.com\/wordpress\/wp-content\/uploads\/Reisen\/Pulisan2009\/Reise\/IMG_08510.jpg\" alt=\"\" class=\"wp-image-7233\" srcset=\"https:\/\/www.guhalg.com\/wordpress\/wp-content\/uploads\/Reisen\/Pulisan2009\/Reise\/IMG_08510.jpg 800w, https:\/\/www.guhalg.com\/wordpress\/wp-content\/uploads\/Reisen\/Pulisan2009\/Reise\/IMG_08510-300x225.jpg 300w, https:\/\/www.guhalg.com\/wordpress\/wp-content\/uploads\/Reisen\/Pulisan2009\/Reise\/IMG_08510-768x576.jpg 768w\" sizes=\"auto, (max-width: 800px) 100vw, 800px\" \/><\/figure>\n\n\n\n<figure class=\"wp-block-image size-large\"><img loading=\"lazy\" decoding=\"async\" width=\"800\" height=\"600\" data-id=\"7232\" src=\"https:\/\/www.guhalg.com\/wordpress\/wp-content\/uploads\/Reisen\/Pulisan2009\/Reise\/IMG_08508.jpg\" alt=\"\" class=\"wp-image-7232\" srcset=\"https:\/\/www.guhalg.com\/wordpress\/wp-content\/uploads\/Reisen\/Pulisan2009\/Reise\/IMG_08508.jpg 800w, https:\/\/www.guhalg.com\/wordpress\/wp-content\/uploads\/Reisen\/Pulisan2009\/Reise\/IMG_08508-300x225.jpg 300w, https:\/\/www.guhalg.com\/wordpress\/wp-content\/uploads\/Reisen\/Pulisan2009\/Reise\/IMG_08508-768x576.jpg 768w\" sizes=\"auto, (max-width: 800px) 100vw, 800px\" \/><\/figure>\n<\/figure>\n\n\n\n<p>Die vielen Schmetterlinge um schwirren einen, sodass man sich schon ein Tier explizit aussuchen muss, um es dann ein wenig zu beobachten. F\u00fcr die Tiere sind zus\u00e4tzlich zu den bl\u00fchenden Pflanzen noch viele kleine F\u00fctterungsstationen vorhanden, an denen sie sich gen\u00fcsslich mit Nektar und Saft vollsaugen und dabei so vertieft sind, dass auch eine Detailbeobachtung ganz nah dran m\u00f6glich ist.<\/p>\n\n\n\n<p>Allerdings h\u00e4lt man es in diesen Tropen nur wenige Minuten aus, dann muss man wieder raus damit man nicht v\u00f6llig durchgeschwitzt in den n\u00e4chsten Flieger, weiter nach Manado, steigt.<\/p>\n\n\n\n<div class=\"wp-block-columns is-layout-flex wp-container-core-columns-is-layout-9d6595d7 wp-block-columns-is-layout-flex\">\n<div class=\"wp-block-column is-layout-flow wp-block-column-is-layout-flow\">\n<div class=\"wp-block-image\"><figure class=\"aligncenter size-full\"><a href=\"https:\/\/www.guhalg.com\/wordpress\/wp-content\/uploads\/Reisen\/Pulisan2009\/Reise\/IMG_08515.jpg\"><img loading=\"lazy\" decoding=\"async\" width=\"800\" height=\"600\" src=\"https:\/\/www.guhalg.com\/wordpress\/wp-content\/uploads\/Reisen\/Pulisan2009\/Reise\/IMG_08515.jpg\" alt=\"Unterm Tropendach\" class=\"wp-image-7234\" srcset=\"https:\/\/www.guhalg.com\/wordpress\/wp-content\/uploads\/Reisen\/Pulisan2009\/Reise\/IMG_08515.jpg 800w, https:\/\/www.guhalg.com\/wordpress\/wp-content\/uploads\/Reisen\/Pulisan2009\/Reise\/IMG_08515-300x225.jpg 300w, https:\/\/www.guhalg.com\/wordpress\/wp-content\/uploads\/Reisen\/Pulisan2009\/Reise\/IMG_08515-768x576.jpg 768w\" sizes=\"auto, (max-width: 800px) 100vw, 800px\" \/><\/a><figcaption>Unterm Tropendach<\/figcaption><\/figure><\/div>\n<\/div>\n\n\n\n<div class=\"wp-block-column is-layout-flow wp-block-column-is-layout-flow\">\n<div class=\"wp-block-image\"><figure class=\"aligncenter size-full\"><a href=\"https:\/\/www.guhalg.com\/wordpress\/wp-content\/uploads\/Reisen\/Pulisan2009\/Reise\/IMG_08517.jpg\"><img loading=\"lazy\" decoding=\"async\" width=\"800\" height=\"600\" src=\"https:\/\/www.guhalg.com\/wordpress\/wp-content\/uploads\/Reisen\/Pulisan2009\/Reise\/IMG_08517.jpg\" alt=\"bewachsene Steins\u00e4ulen\" class=\"wp-image-7235\" srcset=\"https:\/\/www.guhalg.com\/wordpress\/wp-content\/uploads\/Reisen\/Pulisan2009\/Reise\/IMG_08517.jpg 800w, https:\/\/www.guhalg.com\/wordpress\/wp-content\/uploads\/Reisen\/Pulisan2009\/Reise\/IMG_08517-300x225.jpg 300w, https:\/\/www.guhalg.com\/wordpress\/wp-content\/uploads\/Reisen\/Pulisan2009\/Reise\/IMG_08517-768x576.jpg 768w\" sizes=\"auto, (max-width: 800px) 100vw, 800px\" \/><\/a><figcaption>bewachsene Steins\u00e4ulen<\/figcaption><\/figure><\/div>\n<\/div>\n\n\n\n<div class=\"wp-block-column is-layout-flow wp-block-column-is-layout-flow\">\n<div class=\"wp-block-image\"><figure class=\"aligncenter size-full\"><a href=\"https:\/\/www.guhalg.com\/wordpress\/wp-content\/uploads\/Reisen\/Pulisan2009\/Reise\/IMG_08526.jpg\"><img loading=\"lazy\" decoding=\"async\" width=\"800\" height=\"600\" src=\"https:\/\/www.guhalg.com\/wordpress\/wp-content\/uploads\/Reisen\/Pulisan2009\/Reise\/IMG_08526.jpg\" alt=\"Urwald\" class=\"wp-image-7237\" srcset=\"https:\/\/www.guhalg.com\/wordpress\/wp-content\/uploads\/Reisen\/Pulisan2009\/Reise\/IMG_08526.jpg 800w, https:\/\/www.guhalg.com\/wordpress\/wp-content\/uploads\/Reisen\/Pulisan2009\/Reise\/IMG_08526-300x225.jpg 300w, https:\/\/www.guhalg.com\/wordpress\/wp-content\/uploads\/Reisen\/Pulisan2009\/Reise\/IMG_08526-768x576.jpg 768w\" sizes=\"auto, (max-width: 800px) 100vw, 800px\" \/><\/a><figcaption>Urwald<\/figcaption><\/figure><\/div>\n<\/div>\n<\/div>\n\n\n\n<div class=\"wp-block-columns is-layout-flex wp-container-core-columns-is-layout-9d6595d7 wp-block-columns-is-layout-flex\">\n<div class=\"wp-block-column is-layout-flow wp-block-column-is-layout-flow\">\n<div class=\"wp-block-buttons is-layout-flex wp-block-buttons-is-layout-flex\">\n<div class=\"wp-block-button\"><a class=\"wp-block-button__link\" href=\"https:\/\/www.guhalg.com\/wordpress\/?page_id=7227\">Pulisan 2009<\/a><\/div>\n<\/div>\n<\/div>\n\n\n\n<div class=\"wp-block-column is-layout-flow wp-block-column-is-layout-flow\">\n<div class=\"wp-block-buttons is-content-justification-right is-layout-flex wp-container-core-buttons-is-layout-765c4724 wp-block-buttons-is-layout-flex\">\n<div class=\"wp-block-button\"><a class=\"wp-block-button__link\" href=\"https:\/\/www.guhalg.com\/wordpress\/?page_id=7263\">Am Ziel in Pulisan<\/a><\/div>\n<\/div>\n<\/div>\n<\/div>\n","protected":false},"excerpt":{"rendered":"<p>Wie bei den meisten unserer Reisen beginnen wir mit der Anreise nach Frankfurt, zu unseren Freunden, so auch diesmal. Bemerkenswerterweise wurde unsere Vorfreude auf Pulisan nicht so 100\u00a0% geteilt. Vielleicht lag es ja an der Beschreibung: nach der Landung in&hellip; <\/p>\n","protected":false},"author":1,"featured_media":0,"parent":7227,"menu_order":1,"comment_status":"closed","ping_status":"closed","template":"","meta":{"footnotes":""},"class_list":["post-7252","page","type-page","status-publish","hentry"],"_links":{"self":[{"href":"https:\/\/www.guhalg.com\/wordpress\/index.php?rest_route=\/wp\/v2\/pages\/7252","targetHints":{"allow":["GET"]}}],"collection":[{"href":"https:\/\/www.guhalg.com\/wordpress\/index.php?rest_route=\/wp\/v2\/pages"}],"about":[{"href":"https:\/\/www.guhalg.com\/wordpress\/index.php?rest_route=\/wp\/v2\/types\/page"}],"author":[{"embeddable":true,"href":"https:\/\/www.guhalg.com\/wordpress\/index.php?rest_route=\/wp\/v2\/users\/1"}],"replies":[{"embeddable":true,"href":"https:\/\/www.guhalg.com\/wordpress\/index.php?rest_route=%2Fwp%2Fv2%2Fcomments&post=7252"}],"version-history":[{"count":9,"href":"https:\/\/www.guhalg.com\/wordpress\/index.php?rest_route=\/wp\/v2\/pages\/7252\/revisions"}],"predecessor-version":[{"id":7799,"href":"https:\/\/www.guhalg.com\/wordpress\/index.php?rest_route=\/wp\/v2\/pages\/7252\/revisions\/7799"}],"up":[{"embeddable":true,"href":"https:\/\/www.guhalg.com\/wordpress\/index.php?rest_route=\/wp\/v2\/pages\/7227"}],"wp:attachment":[{"href":"https:\/\/www.guhalg.com\/wordpress\/index.php?rest_route=%2Fwp%2Fv2%2Fmedia&parent=7252"}],"curies":[{"name":"wp","href":"https:\/\/api.w.org\/{rel}","templated":true}]}}