{"id":7263,"date":"2022-02-01T20:10:50","date_gmt":"2022-02-01T19:10:50","guid":{"rendered":"https:\/\/www.guhalg.com\/wordpress\/?page_id=7263"},"modified":"2022-02-08T19:13:45","modified_gmt":"2022-02-08T18:13:45","slug":"am-ziel-in-pulisan","status":"publish","type":"page","link":"https:\/\/www.guhalg.com\/wordpress\/?page_id=7263","title":{"rendered":"Am Ziel in Pulisan"},"content":{"rendered":"\n<p>Nach dem kleinen Aufenthalt in Singapore ging es weiter, ab in den Flieger nach Manado. Dort noch schnell das Visum beantragt, die Einreiseformalit\u00e4ten erledigt, insbesondere das Durchleuchten des Gep\u00e4cks nach Drogen, Waffen und dergleichen, und schon standen wir in der Schw\u00fcle auf den Betonplatten. Ein netter Fahrer mit einem Schild &#8218;Horst und Christine&#8216; war da auch sofort zur Stelle. Das Gep\u00e4ck war schnell eingeladen und es ging auf die vorletzte Etappe der Anreise, dem Transfer nach Pulisan.<\/p>\n\n\n\n<p>Auch diese zwei Stunden gingen schnell vorbei und der Wagen hielt in einer Stra\u00dfe auf H\u00f6he der letzten H\u00e4user. Sofort kamen ein paar Leute\u00a0\u2026-\u00a0\u2026und guckten. Vor allem die M\u00e4nner taten sich mit viel Diskussion hervor, aber das Gep\u00e4ck wurde von den Frauen geschultert und das in direkter Bedeutung der Worte. Einen kleinen Rucksack vor den Bauch, einen kleinen Rucksack auf den R\u00fccken und den schweren Tauchrucksack auf den Kopf. So ging es auf die letzte Station der Anreise, dem Fu\u00dfweg durch den Dschungel.<\/p>\n\n\n\n<p>Die Stra\u00dfe endete ziemlich schnell und nur ein kleines Schild zeigte uns den Weg ins Pulisan Jungle Beach Resort und dem Happy Dugong Dive Center. Also ab in die Wildnis. Es ging \u00fcber kleine Br\u00fccken und mitten durch einige Felsbrocken. Nach ca. 20 Minuten haben wir den Eingang zum Resort erreicht. Endlich da!<\/p>\n\n\n\n<figure class=\"wp-block-gallery has-nested-images columns-5 is-cropped wp-block-gallery-1 is-layout-flex wp-block-gallery-is-layout-flex\">\n<figure class=\"wp-block-image size-large\"><img loading=\"lazy\" decoding=\"async\" width=\"800\" height=\"600\" data-id=\"7238\" src=\"https:\/\/www.guhalg.com\/wordpress\/wp-content\/uploads\/Reisen\/Pulisan2009\/Reise\/IMG_08528.jpg\" alt=\"\" class=\"wp-image-7238\" srcset=\"https:\/\/www.guhalg.com\/wordpress\/wp-content\/uploads\/Reisen\/Pulisan2009\/Reise\/IMG_08528.jpg 800w, https:\/\/www.guhalg.com\/wordpress\/wp-content\/uploads\/Reisen\/Pulisan2009\/Reise\/IMG_08528-300x225.jpg 300w, https:\/\/www.guhalg.com\/wordpress\/wp-content\/uploads\/Reisen\/Pulisan2009\/Reise\/IMG_08528-768x576.jpg 768w\" sizes=\"auto, (max-width: 800px) 100vw, 800px\" \/><\/figure>\n\n\n\n<figure class=\"wp-block-image size-large\"><img loading=\"lazy\" decoding=\"async\" width=\"800\" height=\"600\" data-id=\"7239\" src=\"https:\/\/www.guhalg.com\/wordpress\/wp-content\/uploads\/Reisen\/Pulisan2009\/Reise\/IMG_08530.jpg\" alt=\"\" class=\"wp-image-7239\" srcset=\"https:\/\/www.guhalg.com\/wordpress\/wp-content\/uploads\/Reisen\/Pulisan2009\/Reise\/IMG_08530.jpg 800w, https:\/\/www.guhalg.com\/wordpress\/wp-content\/uploads\/Reisen\/Pulisan2009\/Reise\/IMG_08530-300x225.jpg 300w, https:\/\/www.guhalg.com\/wordpress\/wp-content\/uploads\/Reisen\/Pulisan2009\/Reise\/IMG_08530-768x576.jpg 768w\" sizes=\"auto, (max-width: 800px) 100vw, 800px\" \/><\/figure>\n\n\n\n<figure class=\"wp-block-image size-large\"><img loading=\"lazy\" decoding=\"async\" width=\"800\" height=\"600\" data-id=\"7240\" src=\"https:\/\/www.guhalg.com\/wordpress\/wp-content\/uploads\/Reisen\/Pulisan2009\/Reise\/IMG_08537.jpg\" alt=\"\" class=\"wp-image-7240\" srcset=\"https:\/\/www.guhalg.com\/wordpress\/wp-content\/uploads\/Reisen\/Pulisan2009\/Reise\/IMG_08537.jpg 800w, https:\/\/www.guhalg.com\/wordpress\/wp-content\/uploads\/Reisen\/Pulisan2009\/Reise\/IMG_08537-300x225.jpg 300w, https:\/\/www.guhalg.com\/wordpress\/wp-content\/uploads\/Reisen\/Pulisan2009\/Reise\/IMG_08537-768x576.jpg 768w\" sizes=\"auto, (max-width: 800px) 100vw, 800px\" \/><\/figure>\n\n\n\n<figure class=\"wp-block-image size-large\"><img loading=\"lazy\" decoding=\"async\" width=\"800\" height=\"600\" data-id=\"7241\" src=\"https:\/\/www.guhalg.com\/wordpress\/wp-content\/uploads\/Reisen\/Pulisan2009\/Reise\/IMG_08538.jpg\" alt=\"\" class=\"wp-image-7241\" srcset=\"https:\/\/www.guhalg.com\/wordpress\/wp-content\/uploads\/Reisen\/Pulisan2009\/Reise\/IMG_08538.jpg 800w, https:\/\/www.guhalg.com\/wordpress\/wp-content\/uploads\/Reisen\/Pulisan2009\/Reise\/IMG_08538-300x225.jpg 300w, https:\/\/www.guhalg.com\/wordpress\/wp-content\/uploads\/Reisen\/Pulisan2009\/Reise\/IMG_08538-768x576.jpg 768w\" sizes=\"auto, (max-width: 800px) 100vw, 800px\" \/><\/figure>\n\n\n\n<figure class=\"wp-block-image size-large\"><img loading=\"lazy\" decoding=\"async\" width=\"800\" height=\"600\" data-id=\"7242\" src=\"https:\/\/www.guhalg.com\/wordpress\/wp-content\/uploads\/Reisen\/Pulisan2009\/Reise\/IMG_08541.jpg\" alt=\"\" class=\"wp-image-7242\" srcset=\"https:\/\/www.guhalg.com\/wordpress\/wp-content\/uploads\/Reisen\/Pulisan2009\/Reise\/IMG_08541.jpg 800w, https:\/\/www.guhalg.com\/wordpress\/wp-content\/uploads\/Reisen\/Pulisan2009\/Reise\/IMG_08541-300x225.jpg 300w, https:\/\/www.guhalg.com\/wordpress\/wp-content\/uploads\/Reisen\/Pulisan2009\/Reise\/IMG_08541-768x576.jpg 768w\" sizes=\"auto, (max-width: 800px) 100vw, 800px\" \/><\/figure>\n<\/figure>\n\n\n\n<div class=\"wp-block-image\"><figure class=\"aligncenter size-full\"><a href=\"https:\/\/www.guhalg.com\/wordpress\/wp-content\/uploads\/Reisen\/Pulisan2009\/Reise\/IMG_08938.jpg\"><img loading=\"lazy\" decoding=\"async\" width=\"800\" height=\"600\" src=\"https:\/\/www.guhalg.com\/wordpress\/wp-content\/uploads\/Reisen\/Pulisan2009\/Reise\/IMG_08938.jpg\" alt=\"Eingang\" class=\"wp-image-7243\" srcset=\"https:\/\/www.guhalg.com\/wordpress\/wp-content\/uploads\/Reisen\/Pulisan2009\/Reise\/IMG_08938.jpg 800w, https:\/\/www.guhalg.com\/wordpress\/wp-content\/uploads\/Reisen\/Pulisan2009\/Reise\/IMG_08938-300x225.jpg 300w, https:\/\/www.guhalg.com\/wordpress\/wp-content\/uploads\/Reisen\/Pulisan2009\/Reise\/IMG_08938-768x576.jpg 768w\" sizes=\"auto, (max-width: 800px) 100vw, 800px\" \/><\/a><figcaption>Eingang<\/figcaption><\/figure><\/div>\n\n\n\n<p>Schnell wurde noch der Schl\u00fcssel zu unserem Bungalow geholt, das Gep\u00e4ck stand mittlerweile schon auf unserer Terrasse, und wir konnten endlich duschen und uns erfrischen.<\/p>\n\n\n\n<div class=\"wp-block-columns is-layout-flex wp-container-core-columns-is-layout-9d6595d7 wp-block-columns-is-layout-flex\">\n<div class=\"wp-block-column is-layout-flow wp-block-column-is-layout-flow\">\n<div class=\"wp-block-buttons is-layout-flex wp-block-buttons-is-layout-flex\">\n<div class=\"wp-block-button\"><a class=\"wp-block-button__link\" href=\"https:\/\/www.guhalg.com\/wordpress\/?page_id=7252\">Die Anreise nach Pulisan<\/a><\/div>\n<\/div>\n<\/div>\n\n\n\n<div class=\"wp-block-column is-layout-flow wp-block-column-is-layout-flow\">\n<div class=\"wp-block-buttons is-content-justification-right is-layout-flex wp-container-core-buttons-is-layout-765c4724 wp-block-buttons-is-layout-flex\">\n<div class=\"wp-block-button\"><a class=\"wp-block-button__link\" href=\"https:\/\/www.guhalg.com\/wordpress\/?page_id=7274\">Das Pulisan Resort<\/a><\/div>\n<\/div>\n<\/div>\n<\/div>\n","protected":false},"excerpt":{"rendered":"<p>Nach dem kleinen Aufenthalt in Singapore ging es weiter, ab in den Flieger nach Manado. Dort noch schnell das Visum beantragt, die Einreiseformalit\u00e4ten erledigt, insbesondere das Durchleuchten des Gep\u00e4cks nach Drogen, Waffen und dergleichen, und schon standen wir in der&hellip; <\/p>\n","protected":false},"author":1,"featured_media":0,"parent":7227,"menu_order":2,"comment_status":"closed","ping_status":"closed","template":"","meta":{"footnotes":""},"class_list":["post-7263","page","type-page","status-publish","hentry"],"_links":{"self":[{"href":"https:\/\/www.guhalg.com\/wordpress\/index.php?rest_route=\/wp\/v2\/pages\/7263","targetHints":{"allow":["GET"]}}],"collection":[{"href":"https:\/\/www.guhalg.com\/wordpress\/index.php?rest_route=\/wp\/v2\/pages"}],"about":[{"href":"https:\/\/www.guhalg.com\/wordpress\/index.php?rest_route=\/wp\/v2\/types\/page"}],"author":[{"embeddable":true,"href":"https:\/\/www.guhalg.com\/wordpress\/index.php?rest_route=\/wp\/v2\/users\/1"}],"replies":[{"embeddable":true,"href":"https:\/\/www.guhalg.com\/wordpress\/index.php?rest_route=%2Fwp%2Fv2%2Fcomments&post=7263"}],"version-history":[{"count":7,"href":"https:\/\/www.guhalg.com\/wordpress\/index.php?rest_route=\/wp\/v2\/pages\/7263\/revisions"}],"predecessor-version":[{"id":7800,"href":"https:\/\/www.guhalg.com\/wordpress\/index.php?rest_route=\/wp\/v2\/pages\/7263\/revisions\/7800"}],"up":[{"embeddable":true,"href":"https:\/\/www.guhalg.com\/wordpress\/index.php?rest_route=\/wp\/v2\/pages\/7227"}],"wp:attachment":[{"href":"https:\/\/www.guhalg.com\/wordpress\/index.php?rest_route=%2Fwp%2Fv2%2Fmedia&parent=7263"}],"curies":[{"name":"wp","href":"https:\/\/api.w.org\/{rel}","templated":true}]}}