{"id":7332,"date":"2022-02-02T21:02:38","date_gmt":"2022-02-02T20:02:38","guid":{"rendered":"https:\/\/www.guhalg.com\/wordpress\/?page_id=7332"},"modified":"2022-02-08T19:20:07","modified_gmt":"2022-02-08T18:20:07","slug":"die-landschaft-um-pulisan","status":"publish","type":"page","link":"https:\/\/www.guhalg.com\/wordpress\/?page_id=7332","title":{"rendered":"Die Landschaft um Pulisan"},"content":{"rendered":"\n<p>Nachdem wir euch ein wenig das Resort und die wundersch\u00f6ne Lage, eingebettet in der Natur, mit vielen Bildern gezeigt haben, kommen wir nun zu der Landschaft an der Nordspitze Sulawesis. Zum Einlesen hier der Wikipedia Artikels \u00fcber <a rel=\"noreferrer noopener\" href=\"http:\/\/de.wikipedia.org\/wiki\/Sulawesi\" target=\"_blank\">Sulawesi<\/a>. Pulisan befindet sich an der \u00e4u\u00dfersten Nordspitze von Sulawesi und dort ganz im Westen. Schaut man \u201aum die Ecke\u2032, so kann man schon die Insel Banka sehen. Durch die Abgeschiedenheit, immerhin 2 Stunden Autofahrt ab Manado bis zum Ende der Stra\u00dfe, geht das Leben in diesem Teil von Indonesien noch v\u00f6llig ruhig seinen Gang. Auch leistet die teilweise unzug\u00e4ngliche Landschaft ihren Beitrag zur Ruhe und Natur. Leider ist aber auch hier von dem urspr\u00fcnglichen Prim\u00e4rwald (Urwald) nur noch wenig \u00fcbriggeblieben. Die Landschaft ist in vielen Teilen durch Kokosanbau und weitere Bewirtschaftung ver\u00e4ndert worden. Der Boden aus vulkanischem Ursprung ist sehr n\u00e4hrstoffreich und wurde h\u00e4ufig durch Brandrodung der Nutzung zugef\u00fchrt. Aber hier, in mehr oder minder unzug\u00e4nglichen Bereichen, ist von der Plantagenwirtschaft nur wenig zu sehen. Wenn auch kein Prim\u00e4rwald mehr vorhanden, die Natur wirkt auf uns immer noch sehr urt\u00fcmlich.<\/p>\n\n\n\n<p>Abgesehen von dem Pfad auf dem Weg zum Resort geht es auch direkt hinter den Bungalows \u2013 mit geeignetem Schuhwerk \u2013 weiter in die Natur.<\/p>\n\n\n\n<div class=\"wp-block-image\"><figure class=\"aligncenter size-full\"><a href=\"https:\/\/www.guhalg.com\/wordpress\/wp-content\/uploads\/Reisen\/Pulisan2009\/Landschaft\/IMG_09634.jpg\"><img loading=\"lazy\" decoding=\"async\" width=\"800\" height=\"600\" src=\"https:\/\/www.guhalg.com\/wordpress\/wp-content\/uploads\/Reisen\/Pulisan2009\/Landschaft\/IMG_09634.jpg\" alt=\"Direkt hinterm Bungalow\" class=\"wp-image-7345\" srcset=\"https:\/\/www.guhalg.com\/wordpress\/wp-content\/uploads\/Reisen\/Pulisan2009\/Landschaft\/IMG_09634.jpg 800w, https:\/\/www.guhalg.com\/wordpress\/wp-content\/uploads\/Reisen\/Pulisan2009\/Landschaft\/IMG_09634-300x225.jpg 300w, https:\/\/www.guhalg.com\/wordpress\/wp-content\/uploads\/Reisen\/Pulisan2009\/Landschaft\/IMG_09634-768x576.jpg 768w\" sizes=\"auto, (max-width: 800px) 100vw, 800px\" \/><\/a><figcaption>Direkt hinterm Bungalow<\/figcaption><\/figure><\/div>\n\n\n\n<div class=\"wp-block-image\"><figure class=\"aligncenter size-full\"><a href=\"https:\/\/www.guhalg.com\/wordpress\/wp-content\/uploads\/Reisen\/Pulisan2009\/Landschaft\/IMG_09636.jpg\"><img loading=\"lazy\" decoding=\"async\" width=\"800\" height=\"600\" src=\"https:\/\/www.guhalg.com\/wordpress\/wp-content\/uploads\/Reisen\/Pulisan2009\/Landschaft\/IMG_09636.jpg\" alt=\"Der Dschungel f\u00e4ngt an\" class=\"wp-image-7346\" srcset=\"https:\/\/www.guhalg.com\/wordpress\/wp-content\/uploads\/Reisen\/Pulisan2009\/Landschaft\/IMG_09636.jpg 800w, https:\/\/www.guhalg.com\/wordpress\/wp-content\/uploads\/Reisen\/Pulisan2009\/Landschaft\/IMG_09636-300x225.jpg 300w, https:\/\/www.guhalg.com\/wordpress\/wp-content\/uploads\/Reisen\/Pulisan2009\/Landschaft\/IMG_09636-768x576.jpg 768w\" sizes=\"auto, (max-width: 800px) 100vw, 800px\" \/><\/a><figcaption>Der Dschungel f\u00e4ngt an<\/figcaption><\/figure><\/div>\n\n\n\n<p>Nach einigen Minuten Krabbelei erreicht man einen kleinen Unterstand mit einem sch\u00f6nen Blick \u00fcber die kleine Bucht, in der das Resort liegt. Auch ein erster \u00dcberblick ins Hinterland bietet sich einem.<\/p>\n\n\n\n<div class=\"wp-block-image\"><figure class=\"aligncenter size-full\"><a href=\"https:\/\/www.guhalg.com\/wordpress\/wp-content\/uploads\/Reisen\/Pulisan2009\/Landschaft\/IMG_09170.jpg\"><img loading=\"lazy\" decoding=\"async\" width=\"800\" height=\"600\" src=\"https:\/\/www.guhalg.com\/wordpress\/wp-content\/uploads\/Reisen\/Pulisan2009\/Landschaft\/IMG_09170.jpg\" alt=\"Blick in die Bucht\" class=\"wp-image-7336\" srcset=\"https:\/\/www.guhalg.com\/wordpress\/wp-content\/uploads\/Reisen\/Pulisan2009\/Landschaft\/IMG_09170.jpg 800w, https:\/\/www.guhalg.com\/wordpress\/wp-content\/uploads\/Reisen\/Pulisan2009\/Landschaft\/IMG_09170-300x225.jpg 300w, https:\/\/www.guhalg.com\/wordpress\/wp-content\/uploads\/Reisen\/Pulisan2009\/Landschaft\/IMG_09170-768x576.jpg 768w\" sizes=\"auto, (max-width: 800px) 100vw, 800px\" \/><\/a><figcaption>Blick in die Bucht<\/figcaption><\/figure><\/div>\n\n\n\n<div class=\"wp-block-image\"><figure class=\"aligncenter size-full\"><a href=\"https:\/\/www.guhalg.com\/wordpress\/wp-content\/uploads\/Reisen\/Pulisan2009\/Landschaft\/IMG_09171.jpg\"><img loading=\"lazy\" decoding=\"async\" width=\"800\" height=\"600\" src=\"https:\/\/www.guhalg.com\/wordpress\/wp-content\/uploads\/Reisen\/Pulisan2009\/Landschaft\/IMG_09171.jpg\" alt=\"Blick ins Hinterland\" class=\"wp-image-7337\" srcset=\"https:\/\/www.guhalg.com\/wordpress\/wp-content\/uploads\/Reisen\/Pulisan2009\/Landschaft\/IMG_09171.jpg 800w, https:\/\/www.guhalg.com\/wordpress\/wp-content\/uploads\/Reisen\/Pulisan2009\/Landschaft\/IMG_09171-300x225.jpg 300w, https:\/\/www.guhalg.com\/wordpress\/wp-content\/uploads\/Reisen\/Pulisan2009\/Landschaft\/IMG_09171-768x576.jpg 768w\" sizes=\"auto, (max-width: 800px) 100vw, 800px\" \/><\/a><figcaption>Blick ins Hinterland<\/figcaption><\/figure><\/div>\n\n\n\n<p>Wenn man danach weiter in die H\u00f6he steigt, hier mal ein Blick auf die Schr\u00e4ge \u2026 ja, so steil geht es Bergauf, erreicht man das erste kleine Plateau. Und wieder mit einem sch\u00f6nen Blick auf die Bucht \u2013 jetzt allerdings gezoomt und einen besseren Ausblick in die andere Richtung.<\/p>\n\n\n\n<div class=\"wp-block-image\"><figure class=\"aligncenter size-full\"><a href=\"https:\/\/www.guhalg.com\/wordpress\/wp-content\/uploads\/Reisen\/Pulisan2009\/Landschaft\/IMG_09176.jpg\"><img loading=\"lazy\" decoding=\"async\" width=\"800\" height=\"600\" src=\"https:\/\/www.guhalg.com\/wordpress\/wp-content\/uploads\/Reisen\/Pulisan2009\/Landschaft\/IMG_09176.jpg\" alt=\"Der Berg ist steil\" class=\"wp-image-7339\" srcset=\"https:\/\/www.guhalg.com\/wordpress\/wp-content\/uploads\/Reisen\/Pulisan2009\/Landschaft\/IMG_09176.jpg 800w, https:\/\/www.guhalg.com\/wordpress\/wp-content\/uploads\/Reisen\/Pulisan2009\/Landschaft\/IMG_09176-300x225.jpg 300w, https:\/\/www.guhalg.com\/wordpress\/wp-content\/uploads\/Reisen\/Pulisan2009\/Landschaft\/IMG_09176-768x576.jpg 768w\" sizes=\"auto, (max-width: 800px) 100vw, 800px\" \/><\/a><figcaption>Der Berg ist steil<\/figcaption><\/figure><\/div>\n\n\n\n<figure class=\"wp-block-gallery has-nested-images columns-default is-cropped wp-block-gallery-1 is-layout-flex wp-block-gallery-is-layout-flex\">\n<figure class=\"wp-block-image size-large\"><img loading=\"lazy\" decoding=\"async\" width=\"800\" height=\"600\" data-id=\"7338\" src=\"https:\/\/www.guhalg.com\/wordpress\/wp-content\/uploads\/Reisen\/Pulisan2009\/Landschaft\/IMG_09174.jpg\" alt=\"\" class=\"wp-image-7338\" srcset=\"https:\/\/www.guhalg.com\/wordpress\/wp-content\/uploads\/Reisen\/Pulisan2009\/Landschaft\/IMG_09174.jpg 800w, https:\/\/www.guhalg.com\/wordpress\/wp-content\/uploads\/Reisen\/Pulisan2009\/Landschaft\/IMG_09174-300x225.jpg 300w, https:\/\/www.guhalg.com\/wordpress\/wp-content\/uploads\/Reisen\/Pulisan2009\/Landschaft\/IMG_09174-768x576.jpg 768w\" sizes=\"auto, (max-width: 800px) 100vw, 800px\" \/><\/figure>\n\n\n\n<figure class=\"wp-block-image size-large\"><img loading=\"lazy\" decoding=\"async\" width=\"800\" height=\"600\" data-id=\"7340\" src=\"https:\/\/www.guhalg.com\/wordpress\/wp-content\/uploads\/Reisen\/Pulisan2009\/Landschaft\/IMG_09181.jpg\" alt=\"\" class=\"wp-image-7340\" srcset=\"https:\/\/www.guhalg.com\/wordpress\/wp-content\/uploads\/Reisen\/Pulisan2009\/Landschaft\/IMG_09181.jpg 800w, https:\/\/www.guhalg.com\/wordpress\/wp-content\/uploads\/Reisen\/Pulisan2009\/Landschaft\/IMG_09181-300x225.jpg 300w, https:\/\/www.guhalg.com\/wordpress\/wp-content\/uploads\/Reisen\/Pulisan2009\/Landschaft\/IMG_09181-768x576.jpg 768w\" sizes=\"auto, (max-width: 800px) 100vw, 800px\" \/><\/figure>\n\n\n\n<figure class=\"wp-block-image size-large\"><img loading=\"lazy\" decoding=\"async\" width=\"800\" height=\"600\" data-id=\"7341\" src=\"https:\/\/www.guhalg.com\/wordpress\/wp-content\/uploads\/Reisen\/Pulisan2009\/Landschaft\/IMG_09182.jpg\" alt=\"\" class=\"wp-image-7341\" srcset=\"https:\/\/www.guhalg.com\/wordpress\/wp-content\/uploads\/Reisen\/Pulisan2009\/Landschaft\/IMG_09182.jpg 800w, https:\/\/www.guhalg.com\/wordpress\/wp-content\/uploads\/Reisen\/Pulisan2009\/Landschaft\/IMG_09182-300x225.jpg 300w, https:\/\/www.guhalg.com\/wordpress\/wp-content\/uploads\/Reisen\/Pulisan2009\/Landschaft\/IMG_09182-768x576.jpg 768w\" sizes=\"auto, (max-width: 800px) 100vw, 800px\" \/><\/figure>\n\n\n\n<figure class=\"wp-block-image size-large\"><img loading=\"lazy\" decoding=\"async\" width=\"800\" height=\"600\" data-id=\"7342\" src=\"https:\/\/www.guhalg.com\/wordpress\/wp-content\/uploads\/Reisen\/Pulisan2009\/Landschaft\/IMG_09188.jpg\" alt=\"\" class=\"wp-image-7342\" srcset=\"https:\/\/www.guhalg.com\/wordpress\/wp-content\/uploads\/Reisen\/Pulisan2009\/Landschaft\/IMG_09188.jpg 800w, https:\/\/www.guhalg.com\/wordpress\/wp-content\/uploads\/Reisen\/Pulisan2009\/Landschaft\/IMG_09188-300x225.jpg 300w, https:\/\/www.guhalg.com\/wordpress\/wp-content\/uploads\/Reisen\/Pulisan2009\/Landschaft\/IMG_09188-768x576.jpg 768w\" sizes=\"auto, (max-width: 800px) 100vw, 800px\" \/><\/figure>\n\n\n\n<figure class=\"wp-block-image size-large\"><img loading=\"lazy\" decoding=\"async\" width=\"800\" height=\"600\" data-id=\"7343\" src=\"https:\/\/www.guhalg.com\/wordpress\/wp-content\/uploads\/Reisen\/Pulisan2009\/Landschaft\/IMG_09190.jpg\" alt=\"\" class=\"wp-image-7343\" srcset=\"https:\/\/www.guhalg.com\/wordpress\/wp-content\/uploads\/Reisen\/Pulisan2009\/Landschaft\/IMG_09190.jpg 800w, https:\/\/www.guhalg.com\/wordpress\/wp-content\/uploads\/Reisen\/Pulisan2009\/Landschaft\/IMG_09190-300x225.jpg 300w, https:\/\/www.guhalg.com\/wordpress\/wp-content\/uploads\/Reisen\/Pulisan2009\/Landschaft\/IMG_09190-768x576.jpg 768w\" sizes=\"auto, (max-width: 800px) 100vw, 800px\" \/><\/figure>\n\n\n\n<figure class=\"wp-block-image size-large\"><img loading=\"lazy\" decoding=\"async\" width=\"800\" height=\"600\" data-id=\"7344\" src=\"https:\/\/www.guhalg.com\/wordpress\/wp-content\/uploads\/Reisen\/Pulisan2009\/Landschaft\/IMG_09192.jpg\" alt=\"\" class=\"wp-image-7344\" srcset=\"https:\/\/www.guhalg.com\/wordpress\/wp-content\/uploads\/Reisen\/Pulisan2009\/Landschaft\/IMG_09192.jpg 800w, https:\/\/www.guhalg.com\/wordpress\/wp-content\/uploads\/Reisen\/Pulisan2009\/Landschaft\/IMG_09192-300x225.jpg 300w, https:\/\/www.guhalg.com\/wordpress\/wp-content\/uploads\/Reisen\/Pulisan2009\/Landschaft\/IMG_09192-768x576.jpg 768w\" sizes=\"auto, (max-width: 800px) 100vw, 800px\" \/><\/figure>\n<\/figure>\n\n\n\n<p>Wer sich allerdings von den kleinen H\u00fcgeln t\u00e4uschen l\u00e4sst \u2013 der weitere Anstieg steigerte sich im Schwierigkeitsgrad \u2013 teilweise bis hin zum Krabbeln auf allen Vieren, insbesondere beim Herabsteigen. Und auch die H\u00f6he der Gr\u00e4ser l\u00e4sst sich auf den Bildern nur schwer absch\u00e4tzen. Aber die Anstrengung f\u00fcr den Auf- und Abstieg lohnt sich auf alle F\u00e4lle. Der Ausblick oben entsch\u00e4digt f\u00fcr die M\u00fchen.<\/p>\n\n\n\n<figure class=\"wp-block-gallery has-nested-images columns-default is-cropped wp-block-gallery-2 is-layout-flex wp-block-gallery-is-layout-flex\">\n<figure class=\"wp-block-image size-large\"><img loading=\"lazy\" decoding=\"async\" width=\"800\" height=\"600\" data-id=\"7347\" src=\"https:\/\/www.guhalg.com\/wordpress\/wp-content\/uploads\/Reisen\/Pulisan2009\/Landschaft\/IMG_09650.jpg\" alt=\"\" class=\"wp-image-7347\" srcset=\"https:\/\/www.guhalg.com\/wordpress\/wp-content\/uploads\/Reisen\/Pulisan2009\/Landschaft\/IMG_09650.jpg 800w, https:\/\/www.guhalg.com\/wordpress\/wp-content\/uploads\/Reisen\/Pulisan2009\/Landschaft\/IMG_09650-300x225.jpg 300w, https:\/\/www.guhalg.com\/wordpress\/wp-content\/uploads\/Reisen\/Pulisan2009\/Landschaft\/IMG_09650-768x576.jpg 768w\" sizes=\"auto, (max-width: 800px) 100vw, 800px\" \/><\/figure>\n\n\n\n<figure class=\"wp-block-image size-large\"><img loading=\"lazy\" decoding=\"async\" width=\"800\" height=\"600\" data-id=\"7348\" src=\"https:\/\/www.guhalg.com\/wordpress\/wp-content\/uploads\/Reisen\/Pulisan2009\/Landschaft\/IMG_09655.jpg\" alt=\"\" class=\"wp-image-7348\" srcset=\"https:\/\/www.guhalg.com\/wordpress\/wp-content\/uploads\/Reisen\/Pulisan2009\/Landschaft\/IMG_09655.jpg 800w, https:\/\/www.guhalg.com\/wordpress\/wp-content\/uploads\/Reisen\/Pulisan2009\/Landschaft\/IMG_09655-300x225.jpg 300w, https:\/\/www.guhalg.com\/wordpress\/wp-content\/uploads\/Reisen\/Pulisan2009\/Landschaft\/IMG_09655-768x576.jpg 768w\" sizes=\"auto, (max-width: 800px) 100vw, 800px\" \/><\/figure>\n\n\n\n<figure class=\"wp-block-image size-large\"><img loading=\"lazy\" decoding=\"async\" width=\"800\" height=\"600\" data-id=\"7349\" src=\"https:\/\/www.guhalg.com\/wordpress\/wp-content\/uploads\/Reisen\/Pulisan2009\/Landschaft\/IMG_09661.jpg\" alt=\"\" class=\"wp-image-7349\" srcset=\"https:\/\/www.guhalg.com\/wordpress\/wp-content\/uploads\/Reisen\/Pulisan2009\/Landschaft\/IMG_09661.jpg 800w, https:\/\/www.guhalg.com\/wordpress\/wp-content\/uploads\/Reisen\/Pulisan2009\/Landschaft\/IMG_09661-300x225.jpg 300w, https:\/\/www.guhalg.com\/wordpress\/wp-content\/uploads\/Reisen\/Pulisan2009\/Landschaft\/IMG_09661-768x576.jpg 768w\" sizes=\"auto, (max-width: 800px) 100vw, 800px\" \/><\/figure>\n\n\n\n<figure class=\"wp-block-image size-large\"><img loading=\"lazy\" decoding=\"async\" width=\"800\" height=\"600\" data-id=\"7350\" src=\"https:\/\/www.guhalg.com\/wordpress\/wp-content\/uploads\/Reisen\/Pulisan2009\/Landschaft\/IMG_09672.jpg\" alt=\"\" class=\"wp-image-7350\" srcset=\"https:\/\/www.guhalg.com\/wordpress\/wp-content\/uploads\/Reisen\/Pulisan2009\/Landschaft\/IMG_09672.jpg 800w, https:\/\/www.guhalg.com\/wordpress\/wp-content\/uploads\/Reisen\/Pulisan2009\/Landschaft\/IMG_09672-300x225.jpg 300w, https:\/\/www.guhalg.com\/wordpress\/wp-content\/uploads\/Reisen\/Pulisan2009\/Landschaft\/IMG_09672-768x576.jpg 768w\" sizes=\"auto, (max-width: 800px) 100vw, 800px\" \/><\/figure>\n\n\n\n<figure class=\"wp-block-image size-large\"><img loading=\"lazy\" decoding=\"async\" width=\"800\" height=\"600\" data-id=\"7351\" src=\"https:\/\/www.guhalg.com\/wordpress\/wp-content\/uploads\/Reisen\/Pulisan2009\/Landschaft\/IMG_09681.jpg\" alt=\"\" class=\"wp-image-7351\" srcset=\"https:\/\/www.guhalg.com\/wordpress\/wp-content\/uploads\/Reisen\/Pulisan2009\/Landschaft\/IMG_09681.jpg 800w, https:\/\/www.guhalg.com\/wordpress\/wp-content\/uploads\/Reisen\/Pulisan2009\/Landschaft\/IMG_09681-300x225.jpg 300w, https:\/\/www.guhalg.com\/wordpress\/wp-content\/uploads\/Reisen\/Pulisan2009\/Landschaft\/IMG_09681-768x576.jpg 768w\" sizes=\"auto, (max-width: 800px) 100vw, 800px\" \/><\/figure>\n\n\n\n<figure class=\"wp-block-image size-large\"><img loading=\"lazy\" decoding=\"async\" width=\"800\" height=\"600\" data-id=\"7352\" src=\"https:\/\/www.guhalg.com\/wordpress\/wp-content\/uploads\/Reisen\/Pulisan2009\/Landschaft\/IMG_09682.jpg\" alt=\"\" class=\"wp-image-7352\" srcset=\"https:\/\/www.guhalg.com\/wordpress\/wp-content\/uploads\/Reisen\/Pulisan2009\/Landschaft\/IMG_09682.jpg 800w, https:\/\/www.guhalg.com\/wordpress\/wp-content\/uploads\/Reisen\/Pulisan2009\/Landschaft\/IMG_09682-300x225.jpg 300w, https:\/\/www.guhalg.com\/wordpress\/wp-content\/uploads\/Reisen\/Pulisan2009\/Landschaft\/IMG_09682-768x576.jpg 768w\" sizes=\"auto, (max-width: 800px) 100vw, 800px\" \/><\/figure>\n<\/figure>\n\n\n\n<p>Zum Abschluss dieser bilderreichen Seite noch zwei Panoramabilder.<\/p>\n\n\n\n<div class=\"wp-block-image\"><figure class=\"aligncenter size-large\"><a href=\"https:\/\/www.guhalg.com\/wordpress\/wp-content\/uploads\/Reisen\/Pulisan2009\/Landschaft\/P_Hill_View_3-scaled.jpg\"><img loading=\"lazy\" decoding=\"async\" width=\"1024\" height=\"223\" src=\"https:\/\/www.guhalg.com\/wordpress\/wp-content\/uploads\/Reisen\/Pulisan2009\/Landschaft\/P_Hill_View_3-1024x223.jpg\" alt=\"Panorama Hillview\" class=\"wp-image-7353\" srcset=\"https:\/\/www.guhalg.com\/wordpress\/wp-content\/uploads\/Reisen\/Pulisan2009\/Landschaft\/P_Hill_View_3-1024x223.jpg 1024w, https:\/\/www.guhalg.com\/wordpress\/wp-content\/uploads\/Reisen\/Pulisan2009\/Landschaft\/P_Hill_View_3-300x65.jpg 300w, https:\/\/www.guhalg.com\/wordpress\/wp-content\/uploads\/Reisen\/Pulisan2009\/Landschaft\/P_Hill_View_3-768x167.jpg 768w, https:\/\/www.guhalg.com\/wordpress\/wp-content\/uploads\/Reisen\/Pulisan2009\/Landschaft\/P_Hill_View_3-1536x334.jpg 1536w, https:\/\/www.guhalg.com\/wordpress\/wp-content\/uploads\/Reisen\/Pulisan2009\/Landschaft\/P_Hill_View_3-2048x446.jpg 2048w\" sizes=\"auto, (max-width: 1024px) 100vw, 1024px\" \/><\/a><figcaption>Panorama Hillview<\/figcaption><\/figure><\/div>\n\n\n\n<div class=\"wp-block-image\"><figure class=\"aligncenter size-large\"><a href=\"https:\/\/www.guhalg.com\/wordpress\/wp-content\/uploads\/Reisen\/Pulisan2009\/Landschaft\/P_Hill_View_4-scaled.jpg\"><img loading=\"lazy\" decoding=\"async\" width=\"1024\" height=\"457\" src=\"https:\/\/www.guhalg.com\/wordpress\/wp-content\/uploads\/Reisen\/Pulisan2009\/Landschaft\/P_Hill_View_4-1024x457.jpg\" alt=\"Panorama Hillview\" class=\"wp-image-7354\" srcset=\"https:\/\/www.guhalg.com\/wordpress\/wp-content\/uploads\/Reisen\/Pulisan2009\/Landschaft\/P_Hill_View_4-1024x457.jpg 1024w, https:\/\/www.guhalg.com\/wordpress\/wp-content\/uploads\/Reisen\/Pulisan2009\/Landschaft\/P_Hill_View_4-300x134.jpg 300w, https:\/\/www.guhalg.com\/wordpress\/wp-content\/uploads\/Reisen\/Pulisan2009\/Landschaft\/P_Hill_View_4-768x342.jpg 768w, https:\/\/www.guhalg.com\/wordpress\/wp-content\/uploads\/Reisen\/Pulisan2009\/Landschaft\/P_Hill_View_4-1536x685.jpg 1536w, https:\/\/www.guhalg.com\/wordpress\/wp-content\/uploads\/Reisen\/Pulisan2009\/Landschaft\/P_Hill_View_4-2048x913.jpg 2048w, https:\/\/www.guhalg.com\/wordpress\/wp-content\/uploads\/Reisen\/Pulisan2009\/Landschaft\/P_Hill_View_4-670x300.jpg 670w\" sizes=\"auto, (max-width: 1024px) 100vw, 1024px\" \/><\/a><figcaption>Panorama Hillview<\/figcaption><\/figure><\/div>\n\n\n\n<div class=\"wp-block-columns is-layout-flex wp-container-core-columns-is-layout-9d6595d7 wp-block-columns-is-layout-flex\">\n<div class=\"wp-block-column is-layout-flow wp-block-column-is-layout-flow\">\n<div class=\"wp-block-buttons is-layout-flex wp-block-buttons-is-layout-flex\">\n<div class=\"wp-block-button\"><a class=\"wp-block-button__link\" href=\"https:\/\/www.guhalg.com\/wordpress\/?page_id=7274\">Das Pulisan Resort<\/a><\/div>\n<\/div>\n<\/div>\n\n\n\n<div class=\"wp-block-column is-layout-flow wp-block-column-is-layout-flow\">\n<div class=\"wp-block-buttons is-content-justification-right is-layout-flex wp-container-core-buttons-is-layout-765c4724 wp-block-buttons-is-layout-flex\">\n<div class=\"wp-block-button\"><a class=\"wp-block-button__link\" href=\"https:\/\/www.guhalg.com\/wordpress\/?page_id=7363\">Die K\u00fcste von Pulisan<\/a><\/div>\n<\/div>\n<\/div>\n<\/div>\n","protected":false},"excerpt":{"rendered":"<p>Nachdem wir euch ein wenig das Resort und die wundersch\u00f6ne Lage, eingebettet in der Natur, mit vielen Bildern gezeigt haben, kommen wir nun zu der Landschaft an der Nordspitze Sulawesis. Zum Einlesen hier der Wikipedia Artikels \u00fcber Sulawesi. Pulisan befindet&hellip; <\/p>\n","protected":false},"author":1,"featured_media":0,"parent":7227,"menu_order":4,"comment_status":"closed","ping_status":"closed","template":"","meta":{"footnotes":""},"class_list":["post-7332","page","type-page","status-publish","hentry"],"_links":{"self":[{"href":"https:\/\/www.guhalg.com\/wordpress\/index.php?rest_route=\/wp\/v2\/pages\/7332","targetHints":{"allow":["GET"]}}],"collection":[{"href":"https:\/\/www.guhalg.com\/wordpress\/index.php?rest_route=\/wp\/v2\/pages"}],"about":[{"href":"https:\/\/www.guhalg.com\/wordpress\/index.php?rest_route=\/wp\/v2\/types\/page"}],"author":[{"embeddable":true,"href":"https:\/\/www.guhalg.com\/wordpress\/index.php?rest_route=\/wp\/v2\/users\/1"}],"replies":[{"embeddable":true,"href":"https:\/\/www.guhalg.com\/wordpress\/index.php?rest_route=%2Fwp%2Fv2%2Fcomments&post=7332"}],"version-history":[{"count":12,"href":"https:\/\/www.guhalg.com\/wordpress\/index.php?rest_route=\/wp\/v2\/pages\/7332\/revisions"}],"predecessor-version":[{"id":7804,"href":"https:\/\/www.guhalg.com\/wordpress\/index.php?rest_route=\/wp\/v2\/pages\/7332\/revisions\/7804"}],"up":[{"embeddable":true,"href":"https:\/\/www.guhalg.com\/wordpress\/index.php?rest_route=\/wp\/v2\/pages\/7227"}],"wp:attachment":[{"href":"https:\/\/www.guhalg.com\/wordpress\/index.php?rest_route=%2Fwp%2Fv2%2Fmedia&parent=7332"}],"curies":[{"name":"wp","href":"https:\/\/api.w.org\/{rel}","templated":true}]}}