{"id":7363,"date":"2022-02-02T21:44:20","date_gmt":"2022-02-02T20:44:20","guid":{"rendered":"https:\/\/www.guhalg.com\/wordpress\/?page_id=7363"},"modified":"2022-02-08T19:25:07","modified_gmt":"2022-02-08T18:25:07","slug":"die-kueste-von-pulisan","status":"publish","type":"page","link":"https:\/\/www.guhalg.com\/wordpress\/?page_id=7363","title":{"rendered":"Die K\u00fcste von Pulisan"},"content":{"rendered":"\n<p>Nach dem Resort und dem Hinterland von Pulisan kommen wir nun zu den drei unterschiedlichen K\u00fcstenregionen im Norden Sulawesis:<\/p>\n\n\n\n<ul class=\"wp-block-list\"><li>dem feinen wei\u00dfen Sandstrand<\/li><li>dem noch feineren schwarzen Lava-Strand<\/li><li>die zerkl\u00fcftete Felsk\u00fcste<\/li><\/ul>\n\n\n\n<p>Nat\u00fcrlich wieder mit vielen Bildern versehen.<\/p>\n\n\n\n<p>Wer jetzt \u00fcber die Formulierung \u201anoch feineren\u2018 Lava-Strand schmunzelt \u2013 die gesamte Insel ist vulkanischen Ursprungs und \u00fcberall dort, wo die Kalkreste der Korallen nicht an die K\u00fcste gesp\u00fclt werden, findet die nat\u00fcrliche Erosion der Gesteine statt und hinterl\u00e4sst einen \u00e4u\u00dferst feinen schwarzen Strand.<\/p>\n\n\n\n<p>Dieser findet sich sowohl direkt auf Sulawesi und Pulisan, aber noch viel besser in der Lembeh Street. Beim ersten Mal f\u00e4llt einem dann wirklich die Feinheit dieses Sandes auf, allerdings bei Sonnenschein auch die Hitze an den F\u00fc\u00dfen.<\/p>\n\n\n\n<div class=\"wp-block-image\"><figure class=\"aligncenter size-full\"><a href=\"https:\/\/www.guhalg.com\/wordpress\/wp-content\/uploads\/Reisen\/Pulisan2009\/Kueste\/IMG_08755.jpg\"><img loading=\"lazy\" decoding=\"async\" width=\"800\" height=\"600\" src=\"https:\/\/www.guhalg.com\/wordpress\/wp-content\/uploads\/Reisen\/Pulisan2009\/Kueste\/IMG_08755.jpg\" alt=\"Lava Sand\" class=\"wp-image-7370\" srcset=\"https:\/\/www.guhalg.com\/wordpress\/wp-content\/uploads\/Reisen\/Pulisan2009\/Kueste\/IMG_08755.jpg 800w, https:\/\/www.guhalg.com\/wordpress\/wp-content\/uploads\/Reisen\/Pulisan2009\/Kueste\/IMG_08755-300x225.jpg 300w, https:\/\/www.guhalg.com\/wordpress\/wp-content\/uploads\/Reisen\/Pulisan2009\/Kueste\/IMG_08755-768x576.jpg 768w\" sizes=\"auto, (max-width: 800px) 100vw, 800px\" \/><\/a><figcaption>Lava Sand<\/figcaption><\/figure><\/div>\n\n\n\n<div class=\"wp-block-image\"><figure class=\"aligncenter size-full\"><a href=\"https:\/\/www.guhalg.com\/wordpress\/wp-content\/uploads\/Reisen\/Pulisan2009\/Kueste\/IMG_08757.jpg\"><img loading=\"lazy\" decoding=\"async\" width=\"800\" height=\"600\" src=\"https:\/\/www.guhalg.com\/wordpress\/wp-content\/uploads\/Reisen\/Pulisan2009\/Kueste\/IMG_08757.jpg\" alt=\"Lavasand\" class=\"wp-image-7371\" srcset=\"https:\/\/www.guhalg.com\/wordpress\/wp-content\/uploads\/Reisen\/Pulisan2009\/Kueste\/IMG_08757.jpg 800w, https:\/\/www.guhalg.com\/wordpress\/wp-content\/uploads\/Reisen\/Pulisan2009\/Kueste\/IMG_08757-300x225.jpg 300w, https:\/\/www.guhalg.com\/wordpress\/wp-content\/uploads\/Reisen\/Pulisan2009\/Kueste\/IMG_08757-768x576.jpg 768w\" sizes=\"auto, (max-width: 800px) 100vw, 800px\" \/><\/a><figcaption>Lavasand<\/figcaption><\/figure><\/div>\n\n\n\n<p>Und auch bei der Tauchvorbereitung, wenn man \u00fcber dem schwarzen Sand ankert, ist dieser Blick in das gaaanz schwarze Wasser schon etwas Besonderes.<\/p>\n\n\n\n<div class=\"wp-block-columns is-layout-flex wp-container-core-columns-is-layout-9d6595d7 wp-block-columns-is-layout-flex\">\n<div class=\"wp-block-column is-layout-flow wp-block-column-is-layout-flow\">\n<div class=\"wp-block-image\"><figure class=\"aligncenter size-full\"><a href=\"https:\/\/www.guhalg.com\/wordpress\/wp-content\/uploads\/Reisen\/Pulisan2009\/Kueste\/IMG_08758.jpg\"><img loading=\"lazy\" decoding=\"async\" width=\"800\" height=\"600\" src=\"https:\/\/www.guhalg.com\/wordpress\/wp-content\/uploads\/Reisen\/Pulisan2009\/Kueste\/IMG_08758.jpg\" alt=\"Am Lavastrand\" class=\"wp-image-7372\" srcset=\"https:\/\/www.guhalg.com\/wordpress\/wp-content\/uploads\/Reisen\/Pulisan2009\/Kueste\/IMG_08758.jpg 800w, https:\/\/www.guhalg.com\/wordpress\/wp-content\/uploads\/Reisen\/Pulisan2009\/Kueste\/IMG_08758-300x225.jpg 300w, https:\/\/www.guhalg.com\/wordpress\/wp-content\/uploads\/Reisen\/Pulisan2009\/Kueste\/IMG_08758-768x576.jpg 768w\" sizes=\"auto, (max-width: 800px) 100vw, 800px\" \/><\/a><figcaption>Am Lavastrand<\/figcaption><\/figure><\/div>\n<\/div>\n\n\n\n<div class=\"wp-block-column is-layout-flow wp-block-column-is-layout-flow\">\n<div class=\"wp-block-image\"><figure class=\"aligncenter size-full\"><a href=\"https:\/\/www.guhalg.com\/wordpress\/wp-content\/uploads\/Reisen\/Pulisan2009\/Kueste\/IMG_10370.jpg\"><img loading=\"lazy\" decoding=\"async\" width=\"800\" height=\"600\" src=\"https:\/\/www.guhalg.com\/wordpress\/wp-content\/uploads\/Reisen\/Pulisan2009\/Kueste\/IMG_10370.jpg\" alt=\"Siedlung am Lavastrand\" class=\"wp-image-7379\" srcset=\"https:\/\/www.guhalg.com\/wordpress\/wp-content\/uploads\/Reisen\/Pulisan2009\/Kueste\/IMG_10370.jpg 800w, https:\/\/www.guhalg.com\/wordpress\/wp-content\/uploads\/Reisen\/Pulisan2009\/Kueste\/IMG_10370-300x225.jpg 300w, https:\/\/www.guhalg.com\/wordpress\/wp-content\/uploads\/Reisen\/Pulisan2009\/Kueste\/IMG_10370-768x576.jpg 768w\" sizes=\"auto, (max-width: 800px) 100vw, 800px\" \/><\/a><figcaption>Siedlung am Lavastrand<\/figcaption><\/figure><\/div>\n<\/div>\n<\/div>\n\n\n\n<p>Aber auch auf Pulisan gibt es &#8218;um die Ecke&#8216; herum einen Abschnitt mit schwarzem Strand, doch \u00fcberwiegend finden wir hier eine felsige K\u00fcstenlandschaft vor. Dieses f\u00e4ngt an mit wirklich rauen Felsformationen an der Spitze Pulisans.<\/p>\n\n\n\n<figure class=\"wp-block-gallery has-nested-images columns-4 is-cropped wp-block-gallery-1 is-layout-flex wp-block-gallery-is-layout-flex\">\n<figure class=\"wp-block-image size-large\"><img loading=\"lazy\" decoding=\"async\" width=\"800\" height=\"600\" data-id=\"7377\" src=\"https:\/\/www.guhalg.com\/wordpress\/wp-content\/uploads\/Reisen\/Pulisan2009\/Kueste\/IMG_10123.jpg\" alt=\"An der Spitze\" class=\"wp-image-7377\" srcset=\"https:\/\/www.guhalg.com\/wordpress\/wp-content\/uploads\/Reisen\/Pulisan2009\/Kueste\/IMG_10123.jpg 800w, https:\/\/www.guhalg.com\/wordpress\/wp-content\/uploads\/Reisen\/Pulisan2009\/Kueste\/IMG_10123-300x225.jpg 300w, https:\/\/www.guhalg.com\/wordpress\/wp-content\/uploads\/Reisen\/Pulisan2009\/Kueste\/IMG_10123-768x576.jpg 768w\" sizes=\"auto, (max-width: 800px) 100vw, 800px\" \/><\/figure>\n\n\n\n<figure class=\"wp-block-image size-large\"><img loading=\"lazy\" decoding=\"async\" width=\"800\" height=\"600\" data-id=\"7378\" src=\"https:\/\/www.guhalg.com\/wordpress\/wp-content\/uploads\/Reisen\/Pulisan2009\/Kueste\/IMG_10124.jpg\" alt=\"In der n\u00e4chsten Bucht\" class=\"wp-image-7378\" srcset=\"https:\/\/www.guhalg.com\/wordpress\/wp-content\/uploads\/Reisen\/Pulisan2009\/Kueste\/IMG_10124.jpg 800w, https:\/\/www.guhalg.com\/wordpress\/wp-content\/uploads\/Reisen\/Pulisan2009\/Kueste\/IMG_10124-300x225.jpg 300w, https:\/\/www.guhalg.com\/wordpress\/wp-content\/uploads\/Reisen\/Pulisan2009\/Kueste\/IMG_10124-768x576.jpg 768w\" sizes=\"auto, (max-width: 800px) 100vw, 800px\" \/><\/figure>\n\n\n\n<figure class=\"wp-block-image size-large\"><img loading=\"lazy\" decoding=\"async\" width=\"800\" height=\"600\" data-id=\"7373\" src=\"https:\/\/www.guhalg.com\/wordpress\/wp-content\/uploads\/Reisen\/Pulisan2009\/Kueste\/IMG_10082.jpg\" alt=\"Felsnadeln\" class=\"wp-image-7373\" srcset=\"https:\/\/www.guhalg.com\/wordpress\/wp-content\/uploads\/Reisen\/Pulisan2009\/Kueste\/IMG_10082.jpg 800w, https:\/\/www.guhalg.com\/wordpress\/wp-content\/uploads\/Reisen\/Pulisan2009\/Kueste\/IMG_10082-300x225.jpg 300w, https:\/\/www.guhalg.com\/wordpress\/wp-content\/uploads\/Reisen\/Pulisan2009\/Kueste\/IMG_10082-768x576.jpg 768w\" sizes=\"auto, (max-width: 800px) 100vw, 800px\" \/><\/figure>\n\n\n\n<figure class=\"wp-block-image size-large\"><img loading=\"lazy\" decoding=\"async\" width=\"800\" height=\"600\" data-id=\"7382\" src=\"https:\/\/www.guhalg.com\/wordpress\/wp-content\/uploads\/Reisen\/Pulisan2009\/Kueste\/IMG_10690.jpg\" alt=\"Rauhe Felsk\u00fcste\" class=\"wp-image-7382\" srcset=\"https:\/\/www.guhalg.com\/wordpress\/wp-content\/uploads\/Reisen\/Pulisan2009\/Kueste\/IMG_10690.jpg 800w, https:\/\/www.guhalg.com\/wordpress\/wp-content\/uploads\/Reisen\/Pulisan2009\/Kueste\/IMG_10690-300x225.jpg 300w, https:\/\/www.guhalg.com\/wordpress\/wp-content\/uploads\/Reisen\/Pulisan2009\/Kueste\/IMG_10690-768x576.jpg 768w\" sizes=\"auto, (max-width: 800px) 100vw, 800px\" \/><\/figure>\n<\/figure>\n\n\n\n<p>Es geht weiter \u00fcber begr\u00fcnte Felsstr\u00e4nde und wenn man dann auf die n\u00e4chste Ecke zukommt und das Boot dann weiter au\u00dfen diese passiert so finden sich schon die ersten Anzeichen von Sandstrand. Vielleicht noch ein wenig felsig, aber es geht ja noch weiter \u2013 um eine weitere Ecke und noch eine weitere Ecke. Dabei nimmt der wei\u00dfe Sandstrand an der K\u00fcste st\u00e4ndig zu, je mehr man sich der Nordseite Pulisans n\u00e4hert.<\/p>\n\n\n\n<figure class=\"wp-block-gallery has-nested-images columns-default is-cropped wp-block-gallery-2 is-layout-flex wp-block-gallery-is-layout-flex\">\n<figure class=\"wp-block-image size-large\"><img loading=\"lazy\" decoding=\"async\" width=\"800\" height=\"600\" data-id=\"7374\" src=\"https:\/\/www.guhalg.com\/wordpress\/wp-content\/uploads\/Reisen\/Pulisan2009\/Kueste\/IMG_10113.jpg\" alt=\"An der ersten Ecke\" class=\"wp-image-7374\" srcset=\"https:\/\/www.guhalg.com\/wordpress\/wp-content\/uploads\/Reisen\/Pulisan2009\/Kueste\/IMG_10113.jpg 800w, https:\/\/www.guhalg.com\/wordpress\/wp-content\/uploads\/Reisen\/Pulisan2009\/Kueste\/IMG_10113-300x225.jpg 300w, https:\/\/www.guhalg.com\/wordpress\/wp-content\/uploads\/Reisen\/Pulisan2009\/Kueste\/IMG_10113-768x576.jpg 768w\" sizes=\"auto, (max-width: 800px) 100vw, 800px\" \/><\/figure>\n\n\n\n<figure class=\"wp-block-image size-large\"><img loading=\"lazy\" decoding=\"async\" width=\"800\" height=\"600\" data-id=\"7383\" src=\"https:\/\/www.guhalg.com\/wordpress\/wp-content\/uploads\/Reisen\/Pulisan2009\/Kueste\/IMG_10691.jpg\" alt=\"Eine weitere Ecke\" class=\"wp-image-7383\" srcset=\"https:\/\/www.guhalg.com\/wordpress\/wp-content\/uploads\/Reisen\/Pulisan2009\/Kueste\/IMG_10691.jpg 800w, https:\/\/www.guhalg.com\/wordpress\/wp-content\/uploads\/Reisen\/Pulisan2009\/Kueste\/IMG_10691-300x225.jpg 300w, https:\/\/www.guhalg.com\/wordpress\/wp-content\/uploads\/Reisen\/Pulisan2009\/Kueste\/IMG_10691-768x576.jpg 768w\" sizes=\"auto, (max-width: 800px) 100vw, 800px\" \/><\/figure>\n\n\n\n<figure class=\"wp-block-image size-large\"><img loading=\"lazy\" decoding=\"async\" width=\"800\" height=\"600\" data-id=\"7375\" src=\"https:\/\/www.guhalg.com\/wordpress\/wp-content\/uploads\/Reisen\/Pulisan2009\/Kueste\/IMG_10114.jpg\" alt=\"Und noch eine Ecke\" class=\"wp-image-7375\" srcset=\"https:\/\/www.guhalg.com\/wordpress\/wp-content\/uploads\/Reisen\/Pulisan2009\/Kueste\/IMG_10114.jpg 800w, https:\/\/www.guhalg.com\/wordpress\/wp-content\/uploads\/Reisen\/Pulisan2009\/Kueste\/IMG_10114-300x225.jpg 300w, https:\/\/www.guhalg.com\/wordpress\/wp-content\/uploads\/Reisen\/Pulisan2009\/Kueste\/IMG_10114-768x576.jpg 768w\" sizes=\"auto, (max-width: 800px) 100vw, 800px\" \/><\/figure>\n\n\n\n<figure class=\"wp-block-image size-large\"><img loading=\"lazy\" decoding=\"async\" width=\"800\" height=\"600\" data-id=\"7376\" src=\"https:\/\/www.guhalg.com\/wordpress\/wp-content\/uploads\/Reisen\/Pulisan2009\/Kueste\/IMG_10119.jpg\" alt=\"Ein wenig Sandstarnd\" class=\"wp-image-7376\" srcset=\"https:\/\/www.guhalg.com\/wordpress\/wp-content\/uploads\/Reisen\/Pulisan2009\/Kueste\/IMG_10119.jpg 800w, https:\/\/www.guhalg.com\/wordpress\/wp-content\/uploads\/Reisen\/Pulisan2009\/Kueste\/IMG_10119-300x225.jpg 300w, https:\/\/www.guhalg.com\/wordpress\/wp-content\/uploads\/Reisen\/Pulisan2009\/Kueste\/IMG_10119-768x576.jpg 768w\" sizes=\"auto, (max-width: 800px) 100vw, 800px\" \/><\/figure>\n\n\n\n<figure class=\"wp-block-image size-large\"><img loading=\"lazy\" decoding=\"async\" width=\"800\" height=\"600\" data-id=\"7381\" src=\"https:\/\/www.guhalg.com\/wordpress\/wp-content\/uploads\/Reisen\/Pulisan2009\/Kueste\/IMG_10681.jpg\" alt=\"Zwei kleine Buchten mit wei\u00dfem Sandstard\" class=\"wp-image-7381\" srcset=\"https:\/\/www.guhalg.com\/wordpress\/wp-content\/uploads\/Reisen\/Pulisan2009\/Kueste\/IMG_10681.jpg 800w, https:\/\/www.guhalg.com\/wordpress\/wp-content\/uploads\/Reisen\/Pulisan2009\/Kueste\/IMG_10681-300x225.jpg 300w, https:\/\/www.guhalg.com\/wordpress\/wp-content\/uploads\/Reisen\/Pulisan2009\/Kueste\/IMG_10681-768x576.jpg 768w\" sizes=\"auto, (max-width: 800px) 100vw, 800px\" \/><\/figure>\n\n\n\n<figure class=\"wp-block-image size-large\"><img loading=\"lazy\" decoding=\"async\" width=\"800\" height=\"600\" data-id=\"7380\" src=\"https:\/\/www.guhalg.com\/wordpress\/wp-content\/uploads\/Reisen\/Pulisan2009\/Kueste\/IMG_10659.jpg\" alt=\"Hier ist der Traumstrand\" class=\"wp-image-7380\" srcset=\"https:\/\/www.guhalg.com\/wordpress\/wp-content\/uploads\/Reisen\/Pulisan2009\/Kueste\/IMG_10659.jpg 800w, https:\/\/www.guhalg.com\/wordpress\/wp-content\/uploads\/Reisen\/Pulisan2009\/Kueste\/IMG_10659-300x225.jpg 300w, https:\/\/www.guhalg.com\/wordpress\/wp-content\/uploads\/Reisen\/Pulisan2009\/Kueste\/IMG_10659-768x576.jpg 768w\" sizes=\"auto, (max-width: 800px) 100vw, 800px\" \/><\/figure>\n<\/figure>\n\n\n\n<p>Bis er dann bei uns am Resort den Vorstellungen eines Strandes in warmen Gefilden entspricht.<\/p>\n\n\n\n<div class=\"wp-block-image\"><figure class=\"aligncenter size-large\"><a href=\"https:\/\/www.guhalg.com\/wordpress\/wp-content\/uploads\/Reisen\/Pulisan2009\/Kueste\/P_Cost_View_2-scaled.jpg\"><img loading=\"lazy\" decoding=\"async\" width=\"1024\" height=\"451\" src=\"https:\/\/www.guhalg.com\/wordpress\/wp-content\/uploads\/Reisen\/Pulisan2009\/Kueste\/P_Cost_View_2-1024x451.jpg\" alt=\"K\u00fcstensicht bei Pulisan\" class=\"wp-image-7384\" srcset=\"https:\/\/www.guhalg.com\/wordpress\/wp-content\/uploads\/Reisen\/Pulisan2009\/Kueste\/P_Cost_View_2-1024x451.jpg 1024w, https:\/\/www.guhalg.com\/wordpress\/wp-content\/uploads\/Reisen\/Pulisan2009\/Kueste\/P_Cost_View_2-300x132.jpg 300w, https:\/\/www.guhalg.com\/wordpress\/wp-content\/uploads\/Reisen\/Pulisan2009\/Kueste\/P_Cost_View_2-768x339.jpg 768w, https:\/\/www.guhalg.com\/wordpress\/wp-content\/uploads\/Reisen\/Pulisan2009\/Kueste\/P_Cost_View_2-1536x677.jpg 1536w, https:\/\/www.guhalg.com\/wordpress\/wp-content\/uploads\/Reisen\/Pulisan2009\/Kueste\/P_Cost_View_2-2048x903.jpg 2048w\" sizes=\"auto, (max-width: 1024px) 100vw, 1024px\" \/><\/a><figcaption>K\u00fcstensicht bei Pulisan<\/figcaption><\/figure><\/div>\n\n\n\n<div class=\"wp-block-image\"><figure class=\"aligncenter size-large\"><a href=\"https:\/\/www.guhalg.com\/wordpress\/wp-content\/uploads\/Reisen\/Pulisan2009\/Kueste\/P_Kueste_1-scaled.jpg\"><img loading=\"lazy\" decoding=\"async\" width=\"1024\" height=\"445\" src=\"https:\/\/www.guhalg.com\/wordpress\/wp-content\/uploads\/Reisen\/Pulisan2009\/Kueste\/P_Kueste_1-1024x445.jpg\" alt=\"Panorama zu unserem Strand\" class=\"wp-image-7385\" srcset=\"https:\/\/www.guhalg.com\/wordpress\/wp-content\/uploads\/Reisen\/Pulisan2009\/Kueste\/P_Kueste_1-1024x445.jpg 1024w, https:\/\/www.guhalg.com\/wordpress\/wp-content\/uploads\/Reisen\/Pulisan2009\/Kueste\/P_Kueste_1-300x130.jpg 300w, https:\/\/www.guhalg.com\/wordpress\/wp-content\/uploads\/Reisen\/Pulisan2009\/Kueste\/P_Kueste_1-768x334.jpg 768w, https:\/\/www.guhalg.com\/wordpress\/wp-content\/uploads\/Reisen\/Pulisan2009\/Kueste\/P_Kueste_1-1536x668.jpg 1536w, https:\/\/www.guhalg.com\/wordpress\/wp-content\/uploads\/Reisen\/Pulisan2009\/Kueste\/P_Kueste_1-2048x891.jpg 2048w\" sizes=\"auto, (max-width: 1024px) 100vw, 1024px\" \/><\/a><figcaption>Panorama zu unserem Strand<\/figcaption><\/figure><\/div>\n\n\n\n<div class=\"wp-block-columns is-layout-flex wp-container-core-columns-is-layout-9d6595d7 wp-block-columns-is-layout-flex\">\n<div class=\"wp-block-column is-layout-flow wp-block-column-is-layout-flow\">\n<div class=\"wp-block-buttons is-layout-flex wp-block-buttons-is-layout-flex\">\n<div class=\"wp-block-button\"><a class=\"wp-block-button__link\" href=\"https:\/\/www.guhalg.com\/wordpress\/?page_id=7332\">Die Landschaft um Pulisan<\/a><\/div>\n<\/div>\n<\/div>\n\n\n\n<div class=\"wp-block-column is-layout-flow wp-block-column-is-layout-flow\">\n<div class=\"wp-block-buttons is-content-justification-right is-layout-flex wp-container-core-buttons-is-layout-765c4724 wp-block-buttons-is-layout-flex\">\n<div class=\"wp-block-button\"><a class=\"wp-block-button__link\" href=\"https:\/\/www.guhalg.com\/wordpress\/?page_id=7402\">Der Nationalpark Tangkoko<\/a><\/div>\n<\/div>\n<\/div>\n<\/div>\n","protected":false},"excerpt":{"rendered":"<p>Nach dem Resort und dem Hinterland von Pulisan kommen wir nun zu den drei unterschiedlichen K\u00fcstenregionen im Norden Sulawesis: dem feinen wei\u00dfen Sandstrand dem noch feineren schwarzen Lava-Strand die zerkl\u00fcftete Felsk\u00fcste Nat\u00fcrlich wieder mit vielen Bildern versehen. Wer jetzt \u00fcber&hellip; <\/p>\n","protected":false},"author":1,"featured_media":0,"parent":7227,"menu_order":5,"comment_status":"closed","ping_status":"closed","template":"","meta":{"footnotes":""},"class_list":["post-7363","page","type-page","status-publish","hentry"],"_links":{"self":[{"href":"https:\/\/www.guhalg.com\/wordpress\/index.php?rest_route=\/wp\/v2\/pages\/7363","targetHints":{"allow":["GET"]}}],"collection":[{"href":"https:\/\/www.guhalg.com\/wordpress\/index.php?rest_route=\/wp\/v2\/pages"}],"about":[{"href":"https:\/\/www.guhalg.com\/wordpress\/index.php?rest_route=\/wp\/v2\/types\/page"}],"author":[{"embeddable":true,"href":"https:\/\/www.guhalg.com\/wordpress\/index.php?rest_route=\/wp\/v2\/users\/1"}],"replies":[{"embeddable":true,"href":"https:\/\/www.guhalg.com\/wordpress\/index.php?rest_route=%2Fwp%2Fv2%2Fcomments&post=7363"}],"version-history":[{"count":15,"href":"https:\/\/www.guhalg.com\/wordpress\/index.php?rest_route=\/wp\/v2\/pages\/7363\/revisions"}],"predecessor-version":[{"id":7806,"href":"https:\/\/www.guhalg.com\/wordpress\/index.php?rest_route=\/wp\/v2\/pages\/7363\/revisions\/7806"}],"up":[{"embeddable":true,"href":"https:\/\/www.guhalg.com\/wordpress\/index.php?rest_route=\/wp\/v2\/pages\/7227"}],"wp:attachment":[{"href":"https:\/\/www.guhalg.com\/wordpress\/index.php?rest_route=%2Fwp%2Fv2%2Fmedia&parent=7363"}],"curies":[{"name":"wp","href":"https:\/\/api.w.org\/{rel}","templated":true}]}}