{"id":7402,"date":"2022-02-05T18:05:26","date_gmt":"2022-02-05T17:05:26","guid":{"rendered":"https:\/\/www.guhalg.com\/wordpress\/?page_id=7402"},"modified":"2022-02-08T19:29:43","modified_gmt":"2022-02-08T18:29:43","slug":"der-nationalpark-tangkoko","status":"publish","type":"page","link":"https:\/\/www.guhalg.com\/wordpress\/?page_id=7402","title":{"rendered":"Der Nationalpark Tangkoko"},"content":{"rendered":"\n<p>Bevor wir zum Tauchen und damit zum eigentlichen Ziel des Urlaubs kommen, hier noch unser letzter Ausflug in Pulisan. Da eer letzte Tag ja immer mit den 24 Stunden Tauch frei verbunden ist, haben wir uns auch diesmal nach einem Alternativprogramm umgesehen und uns dann ziemlich schnell f\u00fcr einen Besuch im <a rel=\"noreferrer noopener\" href=\"http:\/\/de.wikipedia.org\/wiki\/Schutzgebiet_Tangkoko_Duasaudara\" target=\"_blank\">Tangkoko Nationalpark<\/a>\u00a0entschieden. Die Anreise nach Tangkoko erfolgt per Boot, eigentlich dieselbe Strecke wie auch zur Lembeh Street r\u00fcber, nur dass man etwas fr\u00fcher an der Nord-Ost Spitze von Sulawesi an Land geht. Dann sind es nur noch wenige Meter vom Strand, bis man zu einem kleinen Eingangsbereich kommt, wo der Guide, sofern er dann gefunden wurde, dann auch gleich mit der F\u00fchrung beginnt.<\/p>\n\n\n\n<p>Wieso gefunden wurde? Nun ja, die Zeiten sind hier relativ und immer in einer gewissen Bandbreite zu sehen. Wenn man sich erst einmal daran gew\u00f6hnt hat, kommt kein Stress mehr auf. Wir hatten einen Guide bestellt, dabei aber keine genaue Zeit abgemacht. Das war f\u00fcr uns einfacher \u2013 man muss nicht auf die Minute genau los, aber auch f\u00fcr alle anderen. Wenn man ankommt, sucht man sich jemanden in der N\u00e4he, sagt ihm sein Anliegen, dann gibt es etwas Aufregung, viel Gerede \u2013 und aus dem Nichts heraus ist der Guide da.<\/p>\n\n\n\n<p>Damit gibt es gleich die erste Einweisung, einige wichtige Verhaltensregeln, es ist schlie\u00dflich ein Nationalpark und die Aussicht, was man bei alles sehen kann \u2013 wenn man viel Gl\u00fcck hat. Damit konnte es auch losgehen.<\/p>\n\n\n\n<div class=\"wp-block-image\"><figure class=\"aligncenter size-full\"><a href=\"https:\/\/www.guhalg.com\/wordpress\/wp-content\/uploads\/Reisen\/Pulisan2009\/Tangkoko\/IMG_10757.jpg\"><img loading=\"lazy\" decoding=\"async\" width=\"800\" height=\"600\" src=\"https:\/\/www.guhalg.com\/wordpress\/wp-content\/uploads\/Reisen\/Pulisan2009\/Tangkoko\/IMG_10757.jpg\" alt=\"Tangkoko Anfang\" class=\"wp-image-7411\" srcset=\"https:\/\/www.guhalg.com\/wordpress\/wp-content\/uploads\/Reisen\/Pulisan2009\/Tangkoko\/IMG_10757.jpg 800w, https:\/\/www.guhalg.com\/wordpress\/wp-content\/uploads\/Reisen\/Pulisan2009\/Tangkoko\/IMG_10757-300x225.jpg 300w, https:\/\/www.guhalg.com\/wordpress\/wp-content\/uploads\/Reisen\/Pulisan2009\/Tangkoko\/IMG_10757-768x576.jpg 768w\" sizes=\"auto, (max-width: 800px) 100vw, 800px\" \/><\/a><figcaption>Tangkoko Anfang<\/figcaption><\/figure><\/div>\n\n\n\n<div class=\"wp-block-image\"><figure class=\"aligncenter size-full\"><a href=\"https:\/\/www.guhalg.com\/wordpress\/wp-content\/uploads\/Reisen\/Pulisan2009\/Tangkoko\/IMG_10777.jpg\"><img loading=\"lazy\" decoding=\"async\" width=\"800\" height=\"600\" src=\"https:\/\/www.guhalg.com\/wordpress\/wp-content\/uploads\/Reisen\/Pulisan2009\/Tangkoko\/IMG_10777.jpg\" alt=\"Der Weg\" class=\"wp-image-7412\" srcset=\"https:\/\/www.guhalg.com\/wordpress\/wp-content\/uploads\/Reisen\/Pulisan2009\/Tangkoko\/IMG_10777.jpg 800w, https:\/\/www.guhalg.com\/wordpress\/wp-content\/uploads\/Reisen\/Pulisan2009\/Tangkoko\/IMG_10777-300x225.jpg 300w, https:\/\/www.guhalg.com\/wordpress\/wp-content\/uploads\/Reisen\/Pulisan2009\/Tangkoko\/IMG_10777-768x576.jpg 768w\" sizes=\"auto, (max-width: 800px) 100vw, 800px\" \/><\/a><figcaption>Der Weg<\/figcaption><\/figure><\/div>\n\n\n\n<p>Wer jetzt glaubt, dass die Bilder hier nur ein Blick in den Dschungel darstellen, der sollte sich das n\u00e4chste Bild doch etwas genauer ansehen. Das sind, wenn man es denn m\u00f6chte, durchaus die Wege, auf denen man sich die n\u00e4chsten zwei Stunden bewegen wird, und das Ganze dann auch noch bergauf und bergab. Aber zur Beruhigung: Es gibt auch normale Waldwege.<\/p>\n\n\n\n<div class=\"wp-block-image\"><figure class=\"aligncenter size-full\"><a href=\"https:\/\/www.guhalg.com\/wordpress\/wp-content\/uploads\/Reisen\/Pulisan2009\/Tangkoko\/IMG_10808.jpg\"><img loading=\"lazy\" decoding=\"async\" width=\"800\" height=\"600\" src=\"https:\/\/www.guhalg.com\/wordpress\/wp-content\/uploads\/Reisen\/Pulisan2009\/Tangkoko\/IMG_10808.jpg\" alt=\"Mitten auf dem Weg\" class=\"wp-image-7414\" srcset=\"https:\/\/www.guhalg.com\/wordpress\/wp-content\/uploads\/Reisen\/Pulisan2009\/Tangkoko\/IMG_10808.jpg 800w, https:\/\/www.guhalg.com\/wordpress\/wp-content\/uploads\/Reisen\/Pulisan2009\/Tangkoko\/IMG_10808-300x225.jpg 300w, https:\/\/www.guhalg.com\/wordpress\/wp-content\/uploads\/Reisen\/Pulisan2009\/Tangkoko\/IMG_10808-768x576.jpg 768w\" sizes=\"auto, (max-width: 800px) 100vw, 800px\" \/><\/a><figcaption>Mitten auf dem Weg<\/figcaption><\/figure><\/div>\n\n\n\n<p>Die Frage nach den Wegen trat auch eher nur zuf\u00e4llig auf, als Chrischi unsere W\u00fcnsche zur Tierwelt \u00e4u\u00dferte. Wir wollten halt nicht nur das Standardprogramm absolvieren, obwohl dieses auch schon beachtlich sein kann. Man wandert durch den Sekund\u00e4rwald mit seinen exotischen Pflanzen, durch die Baumwipfel fliegt, mit ein bisschen Gl\u00fcck, ein <a rel=\"noreferrer noopener\" href=\"http:\/\/de.wikipedia.org\/wiki\/Nashornv%C3%B6gel\" target=\"_blank\">Nashornvogel<\/a>. Am Boden sind hin und wieder verschiedene kleine Affengruppen (<a rel=\"noreferrer noopener\" href=\"http:\/\/de.wikipedia.org\/wiki\/Makaken\" target=\"_blank\">Makaken<\/a>) unterwegs und als Highlight f\u00fchrt einen der Weg zu einem gro\u00dfen Baum mit <a rel=\"noreferrer noopener\" href=\"http:\/\/de.wikipedia.org\/wiki\/Koboldmaki\" target=\"_blank\">Koboldmakis<\/a>. Um diese nachtaktiven Tiere auch am Tage hervorzulocken, haben die Guides auch immer ein paar Grillen als Futter und Lockmittel dabei. Diese kennen auch schon das Vorgehen und meist kommen ein bis zwei Tiere, um sich die Lockerlie\u00df abzuholen. Wenn man bei den Guides aber den Wunsch \u00e4u\u00dfert, vielleicht auch mal einen <a rel=\"noreferrer noopener\" href=\"http:\/\/de.wikipedia.org\/wiki\/Kuskus_%28S%C3%A4ugetiere%29\" target=\"_blank\">Kuskus<\/a>\u00a0zu sehen und sich bereit erkl\u00e4rt, daf\u00fcr auch etwas weitere und steilere Wege zu gehen, so f\u00fchren die Guides einen richtig in den Wald. Mit einem guten Fernglas bewaffnet kann man dann auch den Augen der Guides folgen und manch seltsam Getier entdecken.<\/p>\n\n\n\n<p>Hier nochmal kurz zusammengefasst: Der Urwald beeindruckt durch seine Dichte, seine H\u00f6he und seine Tiere.<\/p>\n\n\n\n<div class=\"wp-block-columns is-layout-flex wp-container-core-columns-is-layout-9d6595d7 wp-block-columns-is-layout-flex\">\n<div class=\"wp-block-column is-layout-flow wp-block-column-is-layout-flow\">\n<div class=\"wp-block-image\"><figure class=\"aligncenter size-full\"><a href=\"https:\/\/www.guhalg.com\/wordpress\/wp-content\/uploads\/Reisen\/Pulisan2009\/Tangkoko\/IMG_10755.jpg\"><img loading=\"lazy\" decoding=\"async\" width=\"600\" height=\"800\" src=\"https:\/\/www.guhalg.com\/wordpress\/wp-content\/uploads\/Reisen\/Pulisan2009\/Tangkoko\/IMG_10755.jpg\" alt=\"Solit\u00e4rstamm\" class=\"wp-image-7410\" srcset=\"https:\/\/www.guhalg.com\/wordpress\/wp-content\/uploads\/Reisen\/Pulisan2009\/Tangkoko\/IMG_10755.jpg 600w, https:\/\/www.guhalg.com\/wordpress\/wp-content\/uploads\/Reisen\/Pulisan2009\/Tangkoko\/IMG_10755-225x300.jpg 225w\" sizes=\"auto, (max-width: 600px) 100vw, 600px\" \/><\/a><figcaption>Solit\u00e4rstamm<\/figcaption><\/figure><\/div>\n<\/div>\n\n\n\n<div class=\"wp-block-column is-layout-flow wp-block-column-is-layout-flow\">\n<div class=\"wp-block-image\"><figure class=\"aligncenter size-full\"><a href=\"https:\/\/www.guhalg.com\/wordpress\/wp-content\/uploads\/Reisen\/Pulisan2009\/Tangkoko\/IMG_10829.jpg\"><img loading=\"lazy\" decoding=\"async\" width=\"600\" height=\"800\" src=\"https:\/\/www.guhalg.com\/wordpress\/wp-content\/uploads\/Reisen\/Pulisan2009\/Tangkoko\/IMG_10829.jpg\" alt=\"Im Verbund\" class=\"wp-image-7415\" srcset=\"https:\/\/www.guhalg.com\/wordpress\/wp-content\/uploads\/Reisen\/Pulisan2009\/Tangkoko\/IMG_10829.jpg 600w, https:\/\/www.guhalg.com\/wordpress\/wp-content\/uploads\/Reisen\/Pulisan2009\/Tangkoko\/IMG_10829-225x300.jpg 225w\" sizes=\"auto, (max-width: 600px) 100vw, 600px\" \/><\/a><figcaption>Im Verbund<\/figcaption><\/figure><\/div>\n<\/div>\n\n\n\n<div class=\"wp-block-column is-layout-flow wp-block-column-is-layout-flow\">\n<div class=\"wp-block-image\"><figure class=\"aligncenter size-full\"><a href=\"https:\/\/www.guhalg.com\/wordpress\/wp-content\/uploads\/Reisen\/Pulisan2009\/Tangkoko\/IMG_10785.jpg\"><img loading=\"lazy\" decoding=\"async\" width=\"600\" height=\"800\" src=\"https:\/\/www.guhalg.com\/wordpress\/wp-content\/uploads\/Reisen\/Pulisan2009\/Tangkoko\/IMG_10785.jpg\" alt=\"Nische des Koboldmakis\" class=\"wp-image-7413\" srcset=\"https:\/\/www.guhalg.com\/wordpress\/wp-content\/uploads\/Reisen\/Pulisan2009\/Tangkoko\/IMG_10785.jpg 600w, https:\/\/www.guhalg.com\/wordpress\/wp-content\/uploads\/Reisen\/Pulisan2009\/Tangkoko\/IMG_10785-225x300.jpg 225w\" sizes=\"auto, (max-width: 600px) 100vw, 600px\" \/><\/a><figcaption>Nische des Koboldmakis<\/figcaption><\/figure><\/div>\n<\/div>\n<\/div>\n\n\n\n<p>Einige weitere Bilder vom Regenwald k\u00f6nnt ihr unter dem folgenden Link sehen, auch wenn wir viele Tiere mit der Kamera leider nicht einfangen konnten: <a href=\"https:\/\/www.guhalg.com\/wordpress\/?page_id=7424\" data-type=\"page\" data-id=\"7424\">Tangkoko Nationalpark<\/a><\/p>\n\n\n\n<div class=\"wp-block-columns is-layout-flex wp-container-core-columns-is-layout-9d6595d7 wp-block-columns-is-layout-flex\">\n<div class=\"wp-block-column is-layout-flow wp-block-column-is-layout-flow\">\n<div class=\"wp-block-buttons is-layout-flex wp-block-buttons-is-layout-flex\">\n<div class=\"wp-block-button\"><a class=\"wp-block-button__link\" href=\"https:\/\/www.guhalg.com\/wordpress\/?page_id=7363\">Die K\u00fcste von Pulisan<\/a><\/div>\n<\/div>\n<\/div>\n\n\n\n<div class=\"wp-block-column is-layout-flow wp-block-column-is-layout-flow\">\n<div class=\"wp-block-buttons is-content-justification-right is-layout-flex wp-container-core-buttons-is-layout-765c4724 wp-block-buttons-is-layout-flex\">\n<div class=\"wp-block-button\"><a class=\"wp-block-button__link\" href=\"https:\/\/www.guhalg.com\/wordpress\/?page_id=7464\">Der Geburtstag von Kathrin<\/a><\/div>\n<\/div>\n<\/div>\n<\/div>\n","protected":false},"excerpt":{"rendered":"<p>Bevor wir zum Tauchen und damit zum eigentlichen Ziel des Urlaubs kommen, hier noch unser letzter Ausflug in Pulisan. Da eer letzte Tag ja immer mit den 24 Stunden Tauch frei verbunden ist, haben wir uns auch diesmal nach einem&hellip; <\/p>\n","protected":false},"author":1,"featured_media":0,"parent":7227,"menu_order":6,"comment_status":"closed","ping_status":"closed","template":"","meta":{"footnotes":""},"class_list":["post-7402","page","type-page","status-publish","hentry"],"_links":{"self":[{"href":"https:\/\/www.guhalg.com\/wordpress\/index.php?rest_route=\/wp\/v2\/pages\/7402","targetHints":{"allow":["GET"]}}],"collection":[{"href":"https:\/\/www.guhalg.com\/wordpress\/index.php?rest_route=\/wp\/v2\/pages"}],"about":[{"href":"https:\/\/www.guhalg.com\/wordpress\/index.php?rest_route=\/wp\/v2\/types\/page"}],"author":[{"embeddable":true,"href":"https:\/\/www.guhalg.com\/wordpress\/index.php?rest_route=\/wp\/v2\/users\/1"}],"replies":[{"embeddable":true,"href":"https:\/\/www.guhalg.com\/wordpress\/index.php?rest_route=%2Fwp%2Fv2%2Fcomments&post=7402"}],"version-history":[{"count":13,"href":"https:\/\/www.guhalg.com\/wordpress\/index.php?rest_route=\/wp\/v2\/pages\/7402\/revisions"}],"predecessor-version":[{"id":7808,"href":"https:\/\/www.guhalg.com\/wordpress\/index.php?rest_route=\/wp\/v2\/pages\/7402\/revisions\/7808"}],"up":[{"embeddable":true,"href":"https:\/\/www.guhalg.com\/wordpress\/index.php?rest_route=\/wp\/v2\/pages\/7227"}],"wp:attachment":[{"href":"https:\/\/www.guhalg.com\/wordpress\/index.php?rest_route=%2Fwp%2Fv2%2Fmedia&parent=7402"}],"curies":[{"name":"wp","href":"https:\/\/api.w.org\/{rel}","templated":true}]}}