{"id":7464,"date":"2022-02-05T19:33:32","date_gmt":"2022-02-05T18:33:32","guid":{"rendered":"https:\/\/www.guhalg.com\/wordpress\/?page_id=7464"},"modified":"2022-02-08T19:32:04","modified_gmt":"2022-02-08T18:32:04","slug":"der-geburtstag-von-kathrin","status":"publish","type":"page","link":"https:\/\/www.guhalg.com\/wordpress\/?page_id=7464","title":{"rendered":"Der Geburtstag von Kathrin"},"content":{"rendered":"\n<p>Ein weiteres Highlight, auch wenn wir davon anfangs nichts wussten, war der Geburtstag der Resort-Chefin. Als wir den einen Tag vom Tauchen zur\u00fcckkamen, gab es im Resort eine v\u00f6llig ungew\u00f6hnliche Betriebsamkeit. Einige Leute wuselten hier herum, schleppten Bambusstangen von hier nach da und sammelten Holz am Strand ein. Auf kurze Nachfrage hie\u00df es dann: Katrin hat heute Geburtstag und feiert diesen mit 2 Spanferkeln. &#8230; Es sind nat\u00fcrlich alle G\u00e4ste und Mitarbeiter vom Resort eingeladen, dazu alle Honoratioren aus dem Dorf und nat\u00fcrlich auch alle Freunde von Katrin.<\/p>\n\n\n\n<p>Nachdem wir geduscht waren und wir uns das Gewusel etwas n\u00e4her betrachtet hatten, wurde auch die Bedeutung der Bambusstangen klar: Einwohner eines Nachbardorfes haben einen Grill f\u00fcr die beiden Spanferkel gebaut und diese anschlie\u00dfend auch gegrillt.<\/p>\n\n\n\n<div class=\"wp-block-image\"><figure class=\"aligncenter size-full\"><a href=\"https:\/\/www.guhalg.com\/wordpress\/wp-content\/uploads\/Reisen\/Pulisan2009\/Geburtstag\/IMG_09884.jpg\"><img loading=\"lazy\" decoding=\"async\" width=\"800\" height=\"600\" src=\"https:\/\/www.guhalg.com\/wordpress\/wp-content\/uploads\/Reisen\/Pulisan2009\/Geburtstag\/IMG_09884.jpg\" alt=\"Der gebaute Grill\" class=\"wp-image-7471\" srcset=\"https:\/\/www.guhalg.com\/wordpress\/wp-content\/uploads\/Reisen\/Pulisan2009\/Geburtstag\/IMG_09884.jpg 800w, https:\/\/www.guhalg.com\/wordpress\/wp-content\/uploads\/Reisen\/Pulisan2009\/Geburtstag\/IMG_09884-300x225.jpg 300w, https:\/\/www.guhalg.com\/wordpress\/wp-content\/uploads\/Reisen\/Pulisan2009\/Geburtstag\/IMG_09884-768x576.jpg 768w\" sizes=\"auto, (max-width: 800px) 100vw, 800px\" \/><\/a><figcaption>Der gebaute Grill<\/figcaption><\/figure><\/div>\n\n\n\n<div class=\"wp-block-image\"><figure class=\"aligncenter size-full\"><a href=\"https:\/\/www.guhalg.com\/wordpress\/wp-content\/uploads\/Reisen\/Pulisan2009\/Geburtstag\/IMG_09887.jpg\"><img loading=\"lazy\" decoding=\"async\" width=\"800\" height=\"600\" src=\"https:\/\/www.guhalg.com\/wordpress\/wp-content\/uploads\/Reisen\/Pulisan2009\/Geburtstag\/IMG_09887.jpg\" alt=\"Das Grillgut\" class=\"wp-image-7472\" srcset=\"https:\/\/www.guhalg.com\/wordpress\/wp-content\/uploads\/Reisen\/Pulisan2009\/Geburtstag\/IMG_09887.jpg 800w, https:\/\/www.guhalg.com\/wordpress\/wp-content\/uploads\/Reisen\/Pulisan2009\/Geburtstag\/IMG_09887-300x225.jpg 300w, https:\/\/www.guhalg.com\/wordpress\/wp-content\/uploads\/Reisen\/Pulisan2009\/Geburtstag\/IMG_09887-768x576.jpg 768w\" sizes=\"auto, (max-width: 800px) 100vw, 800px\" \/><\/a><figcaption>Das Grillgut<\/figcaption><\/figure><\/div>\n\n\n\n<p>Auf Nachfrage stellt sich dann heraus, dass viele D\u00f6rfer sich auf bestimmte T\u00e4tigkeiten und Aufgaben spezialisiert haben, z.\u00a0B. Tonkr\u00fcge herstellen, H\u00e4user bauen und eben auch Spanferkel grillen.<\/p>\n\n\n\n<p>Bis so ein Schwein dann letztendlich fertig gegrillt ist, da vergeht schon mal die ein oder andere Stunde.&nbsp;In dieser Zeit wurden von der K\u00fcche die weiteren Speisen f\u00fcr die Geburtstagsfeier zubereitet und p\u00fcnktlich zum Essen versammelten sich dann die G\u00e4ste im Restaurant. Hier war jetzt das Buffet vorbereitet und das erste Schwein lag bereit.<\/p>\n\n\n\n<div class=\"wp-block-image\"><figure class=\"aligncenter size-full\"><a href=\"https:\/\/www.guhalg.com\/wordpress\/wp-content\/uploads\/Reisen\/Pulisan2009\/Geburtstag\/IMG_09896.jpg\"><img loading=\"lazy\" decoding=\"async\" width=\"800\" height=\"600\" src=\"https:\/\/www.guhalg.com\/wordpress\/wp-content\/uploads\/Reisen\/Pulisan2009\/Geburtstag\/IMG_09896.jpg\" alt=\"Das Buffet\" class=\"wp-image-7476\" srcset=\"https:\/\/www.guhalg.com\/wordpress\/wp-content\/uploads\/Reisen\/Pulisan2009\/Geburtstag\/IMG_09896.jpg 800w, https:\/\/www.guhalg.com\/wordpress\/wp-content\/uploads\/Reisen\/Pulisan2009\/Geburtstag\/IMG_09896-300x225.jpg 300w, https:\/\/www.guhalg.com\/wordpress\/wp-content\/uploads\/Reisen\/Pulisan2009\/Geburtstag\/IMG_09896-768x576.jpg 768w\" sizes=\"auto, (max-width: 800px) 100vw, 800px\" \/><\/a><figcaption>Das Buffet<\/figcaption><\/figure><\/div>\n\n\n\n<div class=\"wp-block-image\"><figure class=\"aligncenter size-full\"><a href=\"https:\/\/www.guhalg.com\/wordpress\/wp-content\/uploads\/Reisen\/Pulisan2009\/Geburtstag\/IMG_09893.jpg\"><img loading=\"lazy\" decoding=\"async\" width=\"800\" height=\"600\" src=\"https:\/\/www.guhalg.com\/wordpress\/wp-content\/uploads\/Reisen\/Pulisan2009\/Geburtstag\/IMG_09893.jpg\" alt=\"Das erste Schwein\" class=\"wp-image-7475\" srcset=\"https:\/\/www.guhalg.com\/wordpress\/wp-content\/uploads\/Reisen\/Pulisan2009\/Geburtstag\/IMG_09893.jpg 800w, https:\/\/www.guhalg.com\/wordpress\/wp-content\/uploads\/Reisen\/Pulisan2009\/Geburtstag\/IMG_09893-300x225.jpg 300w, https:\/\/www.guhalg.com\/wordpress\/wp-content\/uploads\/Reisen\/Pulisan2009\/Geburtstag\/IMG_09893-768x576.jpg 768w\" sizes=\"auto, (max-width: 800px) 100vw, 800px\" \/><\/a><figcaption>Das erste Schwein<\/figcaption><\/figure><\/div>\n\n\n\n<p>Nach einem kleinen St\u00e4ndchen f\u00fcr das Geburtstagskind hat Katrin dann h\u00f6chstpers\u00f6nlich den G\u00e4sten von dem Spanferkel aufgetan.<\/p>\n\n\n\n<div class=\"wp-block-image\"><figure class=\"aligncenter size-full\"><a href=\"https:\/\/www.guhalg.com\/wordpress\/wp-content\/uploads\/Reisen\/Pulisan2009\/Geburtstag\/IMG_09899.jpg\"><img loading=\"lazy\" decoding=\"async\" width=\"600\" height=\"800\" src=\"https:\/\/www.guhalg.com\/wordpress\/wp-content\/uploads\/Reisen\/Pulisan2009\/Geburtstag\/IMG_09899.jpg\" alt=\"Das Schwein wird zerteilt\" class=\"wp-image-7477\" srcset=\"https:\/\/www.guhalg.com\/wordpress\/wp-content\/uploads\/Reisen\/Pulisan2009\/Geburtstag\/IMG_09899.jpg 600w, https:\/\/www.guhalg.com\/wordpress\/wp-content\/uploads\/Reisen\/Pulisan2009\/Geburtstag\/IMG_09899-225x300.jpg 225w\" sizes=\"auto, (max-width: 600px) 100vw, 600px\" \/><\/a><figcaption>Das Schwein wird zerteilt<\/figcaption><\/figure><\/div>\n\n\n\n<p>Nach dieser anstrengenden V\u00f6llerei, immer frei nach dem Motto, esst ordentlich, es ist noch genug da, hingen wir dann ein wenig satt und zufrieden auf unseren St\u00fchlen. Ganz zu schweigen von dem fordernden Tauchtag in der W\u00e4rme, wo einen die M\u00fcdigkeit nach dem Essen mit voller Wucht trifft.<\/p>\n\n\n\n<div class=\"wp-block-columns is-layout-flex wp-container-core-columns-is-layout-9d6595d7 wp-block-columns-is-layout-flex\">\n<div class=\"wp-block-column is-layout-flow wp-block-column-is-layout-flow\">\n<div class=\"wp-block-image\"><figure class=\"aligncenter size-full\"><a href=\"https:\/\/www.guhalg.com\/wordpress\/wp-content\/uploads\/Reisen\/Pulisan2009\/Geburtstag\/IMG_09905.jpg\"><img loading=\"lazy\" decoding=\"async\" width=\"800\" height=\"600\" src=\"https:\/\/www.guhalg.com\/wordpress\/wp-content\/uploads\/Reisen\/Pulisan2009\/Geburtstag\/IMG_09905.jpg\" alt=\"\" class=\"wp-image-7479\" srcset=\"https:\/\/www.guhalg.com\/wordpress\/wp-content\/uploads\/Reisen\/Pulisan2009\/Geburtstag\/IMG_09905.jpg 800w, https:\/\/www.guhalg.com\/wordpress\/wp-content\/uploads\/Reisen\/Pulisan2009\/Geburtstag\/IMG_09905-300x225.jpg 300w, https:\/\/www.guhalg.com\/wordpress\/wp-content\/uploads\/Reisen\/Pulisan2009\/Geburtstag\/IMG_09905-768x576.jpg 768w\" sizes=\"auto, (max-width: 800px) 100vw, 800px\" \/><\/a><\/figure><\/div>\n<\/div>\n\n\n\n<div class=\"wp-block-column is-layout-flow wp-block-column-is-layout-flow\">\n<div class=\"wp-block-image\"><figure class=\"aligncenter size-full\"><a href=\"https:\/\/www.guhalg.com\/wordpress\/wp-content\/uploads\/Reisen\/Pulisan2009\/Geburtstag\/IMG_09906.jpg\"><img loading=\"lazy\" decoding=\"async\" width=\"800\" height=\"600\" src=\"https:\/\/www.guhalg.com\/wordpress\/wp-content\/uploads\/Reisen\/Pulisan2009\/Geburtstag\/IMG_09906.jpg\" alt=\"\" class=\"wp-image-7480\" srcset=\"https:\/\/www.guhalg.com\/wordpress\/wp-content\/uploads\/Reisen\/Pulisan2009\/Geburtstag\/IMG_09906.jpg 800w, https:\/\/www.guhalg.com\/wordpress\/wp-content\/uploads\/Reisen\/Pulisan2009\/Geburtstag\/IMG_09906-300x225.jpg 300w, https:\/\/www.guhalg.com\/wordpress\/wp-content\/uploads\/Reisen\/Pulisan2009\/Geburtstag\/IMG_09906-768x576.jpg 768w\" sizes=\"auto, (max-width: 800px) 100vw, 800px\" \/><\/a><\/figure><\/div>\n<\/div>\n\n\n\n<div class=\"wp-block-column is-layout-flow wp-block-column-is-layout-flow\">\n<div class=\"wp-block-image\"><figure class=\"aligncenter size-full\"><a href=\"https:\/\/www.guhalg.com\/wordpress\/wp-content\/uploads\/Reisen\/Pulisan2009\/Geburtstag\/IMG_09907.jpg\"><img loading=\"lazy\" decoding=\"async\" width=\"800\" height=\"600\" src=\"https:\/\/www.guhalg.com\/wordpress\/wp-content\/uploads\/Reisen\/Pulisan2009\/Geburtstag\/IMG_09907.jpg\" alt=\"\" class=\"wp-image-7481\" srcset=\"https:\/\/www.guhalg.com\/wordpress\/wp-content\/uploads\/Reisen\/Pulisan2009\/Geburtstag\/IMG_09907.jpg 800w, https:\/\/www.guhalg.com\/wordpress\/wp-content\/uploads\/Reisen\/Pulisan2009\/Geburtstag\/IMG_09907-300x225.jpg 300w, https:\/\/www.guhalg.com\/wordpress\/wp-content\/uploads\/Reisen\/Pulisan2009\/Geburtstag\/IMG_09907-768x576.jpg 768w\" sizes=\"auto, (max-width: 800px) 100vw, 800px\" \/><\/a><\/figure><\/div>\n<\/div>\n<\/div>\n\n\n\n<p>Doch schon kurze Zeit nach dem Essen wurden die Reste abger\u00e4umt und kaltgestellt, die Tische wurden etwas zur Seite ger\u00e4umt, wie aus dem Nichts erschien eine Gitarre, dann eine Zweite und schon wurde musiziert. Auch f\u00fcr den entsprechenden Rhythmus wurde gesorgt, ideal dazu geeignet sind zwei frisch abgewaschene Essl\u00f6ffel, und schon geht die Party richtig los.<\/p>\n\n\n\n<p>Ein (Paar-) Tanzen nach unserem europ\u00e4ischen Verst\u00e4ndnis ist hier nicht bekannt. Hier sind gleich alle eingebunden und man bewegt sich gemeinsam zu einheimischer Musik u.\u00a0a. durch rhythmisches Laufen, Klatschen und Singen im Kreis.<\/p>\n\n\n\n<div class=\"wp-block-columns is-layout-flex wp-container-core-columns-is-layout-9d6595d7 wp-block-columns-is-layout-flex\">\n<div class=\"wp-block-column is-layout-flow wp-block-column-is-layout-flow\">\n<div class=\"wp-block-image\"><figure class=\"aligncenter size-full\"><a href=\"https:\/\/www.guhalg.com\/wordpress\/wp-content\/uploads\/Reisen\/Pulisan2009\/Geburtstag\/IMG_09912.jpg\"><img loading=\"lazy\" decoding=\"async\" width=\"800\" height=\"600\" src=\"https:\/\/www.guhalg.com\/wordpress\/wp-content\/uploads\/Reisen\/Pulisan2009\/Geburtstag\/IMG_09912.jpg\" alt=\"\" class=\"wp-image-7483\" srcset=\"https:\/\/www.guhalg.com\/wordpress\/wp-content\/uploads\/Reisen\/Pulisan2009\/Geburtstag\/IMG_09912.jpg 800w, https:\/\/www.guhalg.com\/wordpress\/wp-content\/uploads\/Reisen\/Pulisan2009\/Geburtstag\/IMG_09912-300x225.jpg 300w, https:\/\/www.guhalg.com\/wordpress\/wp-content\/uploads\/Reisen\/Pulisan2009\/Geburtstag\/IMG_09912-768x576.jpg 768w\" sizes=\"auto, (max-width: 800px) 100vw, 800px\" \/><\/a><\/figure><\/div>\n<\/div>\n\n\n\n<div class=\"wp-block-column is-layout-flow wp-block-column-is-layout-flow\">\n<div class=\"wp-block-image\"><figure class=\"aligncenter size-full\"><a href=\"https:\/\/www.guhalg.com\/wordpress\/wp-content\/uploads\/Reisen\/Pulisan2009\/Geburtstag\/IMG_09917.jpg\"><img loading=\"lazy\" decoding=\"async\" width=\"800\" height=\"600\" src=\"https:\/\/www.guhalg.com\/wordpress\/wp-content\/uploads\/Reisen\/Pulisan2009\/Geburtstag\/IMG_09917.jpg\" alt=\"\" class=\"wp-image-7484\" srcset=\"https:\/\/www.guhalg.com\/wordpress\/wp-content\/uploads\/Reisen\/Pulisan2009\/Geburtstag\/IMG_09917.jpg 800w, https:\/\/www.guhalg.com\/wordpress\/wp-content\/uploads\/Reisen\/Pulisan2009\/Geburtstag\/IMG_09917-300x225.jpg 300w, https:\/\/www.guhalg.com\/wordpress\/wp-content\/uploads\/Reisen\/Pulisan2009\/Geburtstag\/IMG_09917-768x576.jpg 768w\" sizes=\"auto, (max-width: 800px) 100vw, 800px\" \/><\/a><\/figure><\/div>\n<\/div>\n\n\n\n<div class=\"wp-block-column is-layout-flow wp-block-column-is-layout-flow\">\n<div class=\"wp-block-image\"><figure class=\"aligncenter size-full\"><a href=\"https:\/\/www.guhalg.com\/wordpress\/wp-content\/uploads\/Reisen\/Pulisan2009\/Geburtstag\/IMG_09909.jpg\"><img loading=\"lazy\" decoding=\"async\" width=\"800\" height=\"600\" src=\"https:\/\/www.guhalg.com\/wordpress\/wp-content\/uploads\/Reisen\/Pulisan2009\/Geburtstag\/IMG_09909.jpg\" alt=\"\" class=\"wp-image-7482\" srcset=\"https:\/\/www.guhalg.com\/wordpress\/wp-content\/uploads\/Reisen\/Pulisan2009\/Geburtstag\/IMG_09909.jpg 800w, https:\/\/www.guhalg.com\/wordpress\/wp-content\/uploads\/Reisen\/Pulisan2009\/Geburtstag\/IMG_09909-300x225.jpg 300w, https:\/\/www.guhalg.com\/wordpress\/wp-content\/uploads\/Reisen\/Pulisan2009\/Geburtstag\/IMG_09909-768x576.jpg 768w\" sizes=\"auto, (max-width: 800px) 100vw, 800px\" \/><\/a><\/figure><\/div>\n<\/div>\n<\/div>\n\n\n\n<p>Wenn dann diese erste Begeisterung ausgelebt wurde, dann kann sich jeder, der m\u00f6chte, an der Musik beteiligen und erh\u00e4lt nach seinem St\u00fcck auch viel begeisterten Applaus.<\/p>\n\n\n\n<div class=\"wp-block-image\"><figure class=\"aligncenter size-full\"><a href=\"https:\/\/www.guhalg.com\/wordpress\/wp-content\/uploads\/Reisen\/Pulisan2009\/Geburtstag\/IMG_09902.jpg\"><img loading=\"lazy\" decoding=\"async\" width=\"800\" height=\"600\" src=\"https:\/\/www.guhalg.com\/wordpress\/wp-content\/uploads\/Reisen\/Pulisan2009\/Geburtstag\/IMG_09902.jpg\" alt=\"\" class=\"wp-image-7478\" srcset=\"https:\/\/www.guhalg.com\/wordpress\/wp-content\/uploads\/Reisen\/Pulisan2009\/Geburtstag\/IMG_09902.jpg 800w, https:\/\/www.guhalg.com\/wordpress\/wp-content\/uploads\/Reisen\/Pulisan2009\/Geburtstag\/IMG_09902-300x225.jpg 300w, https:\/\/www.guhalg.com\/wordpress\/wp-content\/uploads\/Reisen\/Pulisan2009\/Geburtstag\/IMG_09902-768x576.jpg 768w\" sizes=\"auto, (max-width: 800px) 100vw, 800px\" \/><\/a><\/figure><\/div>\n\n\n\n<div class=\"wp-block-columns is-layout-flex wp-container-core-columns-is-layout-9d6595d7 wp-block-columns-is-layout-flex\">\n<div class=\"wp-block-column is-layout-flow wp-block-column-is-layout-flow\">\n<div class=\"wp-block-buttons is-layout-flex wp-block-buttons-is-layout-flex\">\n<div class=\"wp-block-button\"><a class=\"wp-block-button__link\" href=\"https:\/\/www.guhalg.com\/wordpress\/?page_id=7402\">Der Nationalpark Tangkoko<\/a><\/div>\n<\/div>\n<\/div>\n\n\n\n<div class=\"wp-block-column is-layout-flow wp-block-column-is-layout-flow\">\n<div class=\"wp-block-buttons is-content-justification-right is-layout-flex wp-container-core-buttons-is-layout-765c4724 wp-block-buttons-is-layout-flex\">\n<div class=\"wp-block-button\"><a class=\"wp-block-button__link\" href=\"https:\/\/www.guhalg.com\/wordpress\/?page_id=7499\">Das Tauchen in Pulisan<\/a><\/div>\n<\/div>\n<\/div>\n<\/div>\n","protected":false},"excerpt":{"rendered":"<p>Ein weiteres Highlight, auch wenn wir davon anfangs nichts wussten, war der Geburtstag der Resort-Chefin. Als wir den einen Tag vom Tauchen zur\u00fcckkamen, gab es im Resort eine v\u00f6llig ungew\u00f6hnliche Betriebsamkeit. Einige Leute wuselten hier herum, schleppten Bambusstangen von hier&hellip; <\/p>\n","protected":false},"author":1,"featured_media":0,"parent":7227,"menu_order":7,"comment_status":"closed","ping_status":"closed","template":"","meta":{"footnotes":""},"class_list":["post-7464","page","type-page","status-publish","hentry"],"_links":{"self":[{"href":"https:\/\/www.guhalg.com\/wordpress\/index.php?rest_route=\/wp\/v2\/pages\/7464","targetHints":{"allow":["GET"]}}],"collection":[{"href":"https:\/\/www.guhalg.com\/wordpress\/index.php?rest_route=\/wp\/v2\/pages"}],"about":[{"href":"https:\/\/www.guhalg.com\/wordpress\/index.php?rest_route=\/wp\/v2\/types\/page"}],"author":[{"embeddable":true,"href":"https:\/\/www.guhalg.com\/wordpress\/index.php?rest_route=\/wp\/v2\/users\/1"}],"replies":[{"embeddable":true,"href":"https:\/\/www.guhalg.com\/wordpress\/index.php?rest_route=%2Fwp%2Fv2%2Fcomments&post=7464"}],"version-history":[{"count":14,"href":"https:\/\/www.guhalg.com\/wordpress\/index.php?rest_route=\/wp\/v2\/pages\/7464\/revisions"}],"predecessor-version":[{"id":7810,"href":"https:\/\/www.guhalg.com\/wordpress\/index.php?rest_route=\/wp\/v2\/pages\/7464\/revisions\/7810"}],"up":[{"embeddable":true,"href":"https:\/\/www.guhalg.com\/wordpress\/index.php?rest_route=\/wp\/v2\/pages\/7227"}],"wp:attachment":[{"href":"https:\/\/www.guhalg.com\/wordpress\/index.php?rest_route=%2Fwp%2Fv2%2Fmedia&parent=7464"}],"curies":[{"name":"wp","href":"https:\/\/api.w.org\/{rel}","templated":true}]}}