{"id":7499,"date":"2022-02-06T17:55:46","date_gmt":"2022-02-06T16:55:46","guid":{"rendered":"https:\/\/www.guhalg.com\/wordpress\/?page_id=7499"},"modified":"2022-02-08T19:37:34","modified_gmt":"2022-02-08T18:37:34","slug":"das-tauchen-in-pulisan","status":"publish","type":"page","link":"https:\/\/www.guhalg.com\/wordpress\/?page_id=7499","title":{"rendered":"Das Tauchen in Pulisan"},"content":{"rendered":"\n<p>\u00c4hnlich vielf\u00e4ltig wie die K\u00fcstenlandschaft sieht es auch mit dem Tauchen in Pulisan aus. Das f\u00e4ngt bei den Rifftauchg\u00e4ngen an leichten Abh\u00e4ngen an. Es geht weiter \u00fcber Koralleng\u00e4rten auf wei\u00dfen Sandfl\u00e4chen und Tieftauchg\u00e4ngen an alleinstehenden Felsen im Meer. Aber das v\u00f6llig faszinierende am Tauchen hier ist sicherlich das Muck Diving in der Lembeh Street und, direkt um die Ecke, am Anleger vom benachbarten Hotel. Hier gibt es die skurrilsten Tiere zu sehen, von den Teufelsfischen bis zum Stirnflosser.<\/p>\n\n\n\n<div class=\"wp-block-image\"><figure class=\"aligncenter size-large\"><a href=\"https:\/\/www.guhalg.com\/wordpress\/wp-content\/uploads\/Reisen\/Pulisan2009\/Unterwasser\/IMG_08742.jpg\"><img loading=\"lazy\" decoding=\"async\" width=\"1024\" height=\"768\" src=\"https:\/\/www.guhalg.com\/wordpress\/wp-content\/uploads\/Reisen\/Pulisan2009\/Unterwasser\/IMG_08742-1024x768.jpg\" alt=\"Teufelsfisch\" class=\"wp-image-7504\" srcset=\"https:\/\/www.guhalg.com\/wordpress\/wp-content\/uploads\/Reisen\/Pulisan2009\/Unterwasser\/IMG_08742-1024x768.jpg 1024w, https:\/\/www.guhalg.com\/wordpress\/wp-content\/uploads\/Reisen\/Pulisan2009\/Unterwasser\/IMG_08742-300x225.jpg 300w, https:\/\/www.guhalg.com\/wordpress\/wp-content\/uploads\/Reisen\/Pulisan2009\/Unterwasser\/IMG_08742-768x576.jpg 768w, https:\/\/www.guhalg.com\/wordpress\/wp-content\/uploads\/Reisen\/Pulisan2009\/Unterwasser\/IMG_08742.jpg 1440w\" sizes=\"auto, (max-width: 1024px) 100vw, 1024px\" \/><\/a><figcaption>Teufelsfisch<\/figcaption><\/figure><\/div>\n\n\n\n<div class=\"wp-block-image\"><figure class=\"aligncenter size-large\"><a href=\"https:\/\/www.guhalg.com\/wordpress\/wp-content\/uploads\/Reisen\/Pulisan2009\/Unterwasser\/IMG_08745.jpg\"><img loading=\"lazy\" decoding=\"async\" width=\"1024\" height=\"768\" src=\"https:\/\/www.guhalg.com\/wordpress\/wp-content\/uploads\/Reisen\/Pulisan2009\/Unterwasser\/IMG_08745-1024x768.jpg\" alt=\"Stirnflosser\" class=\"wp-image-7505\" srcset=\"https:\/\/www.guhalg.com\/wordpress\/wp-content\/uploads\/Reisen\/Pulisan2009\/Unterwasser\/IMG_08745-1024x768.jpg 1024w, https:\/\/www.guhalg.com\/wordpress\/wp-content\/uploads\/Reisen\/Pulisan2009\/Unterwasser\/IMG_08745-300x225.jpg 300w, https:\/\/www.guhalg.com\/wordpress\/wp-content\/uploads\/Reisen\/Pulisan2009\/Unterwasser\/IMG_08745-768x576.jpg 768w, https:\/\/www.guhalg.com\/wordpress\/wp-content\/uploads\/Reisen\/Pulisan2009\/Unterwasser\/IMG_08745.jpg 1440w\" sizes=\"auto, (max-width: 1024px) 100vw, 1024px\" \/><\/a><figcaption>Stirnflosser<\/figcaption><\/figure><\/div>\n\n\n\n<p>Oder auch vom Anglerfisch bis zur Geistermur\u00e4ne.<\/p>\n\n\n\n<div class=\"wp-block-image\"><figure class=\"aligncenter size-large\"><a href=\"https:\/\/www.guhalg.com\/wordpress\/wp-content\/uploads\/Reisen\/Pulisan2009\/Unterwasser\/IMG_08784.jpg\"><img loading=\"lazy\" decoding=\"async\" width=\"1024\" height=\"768\" src=\"https:\/\/www.guhalg.com\/wordpress\/wp-content\/uploads\/Reisen\/Pulisan2009\/Unterwasser\/IMG_08784-1024x768.jpg\" alt=\"Anglerfisch\" class=\"wp-image-7506\" srcset=\"https:\/\/www.guhalg.com\/wordpress\/wp-content\/uploads\/Reisen\/Pulisan2009\/Unterwasser\/IMG_08784-1024x768.jpg 1024w, https:\/\/www.guhalg.com\/wordpress\/wp-content\/uploads\/Reisen\/Pulisan2009\/Unterwasser\/IMG_08784-300x225.jpg 300w, https:\/\/www.guhalg.com\/wordpress\/wp-content\/uploads\/Reisen\/Pulisan2009\/Unterwasser\/IMG_08784-768x576.jpg 768w, https:\/\/www.guhalg.com\/wordpress\/wp-content\/uploads\/Reisen\/Pulisan2009\/Unterwasser\/IMG_08784.jpg 1440w\" sizes=\"auto, (max-width: 1024px) 100vw, 1024px\" \/><\/a><figcaption>Anglerfisch<\/figcaption><\/figure><\/div>\n\n\n\n<div class=\"wp-block-image\"><figure class=\"aligncenter size-large\"><a href=\"https:\/\/www.guhalg.com\/wordpress\/wp-content\/uploads\/Reisen\/Pulisan2009\/Unterwasser\/IMG_08829.jpg\"><img loading=\"lazy\" decoding=\"async\" width=\"1024\" height=\"768\" src=\"https:\/\/www.guhalg.com\/wordpress\/wp-content\/uploads\/Reisen\/Pulisan2009\/Unterwasser\/IMG_08829-1024x768.jpg\" alt=\"Geistermur\u00e4ne\" class=\"wp-image-7508\" srcset=\"https:\/\/www.guhalg.com\/wordpress\/wp-content\/uploads\/Reisen\/Pulisan2009\/Unterwasser\/IMG_08829-1024x768.jpg 1024w, https:\/\/www.guhalg.com\/wordpress\/wp-content\/uploads\/Reisen\/Pulisan2009\/Unterwasser\/IMG_08829-300x225.jpg 300w, https:\/\/www.guhalg.com\/wordpress\/wp-content\/uploads\/Reisen\/Pulisan2009\/Unterwasser\/IMG_08829-768x576.jpg 768w, https:\/\/www.guhalg.com\/wordpress\/wp-content\/uploads\/Reisen\/Pulisan2009\/Unterwasser\/IMG_08829.jpg 1440w\" sizes=\"auto, (max-width: 1024px) 100vw, 1024px\" \/><\/a><figcaption>Geistermur\u00e4ne<\/figcaption><\/figure><\/div>\n\n\n\n<p>Doch halt \u2013 zuerst nat\u00fcrlich ein paar Informationen zur Tauchbasis und dem ganzen Handling rund ums Tauchen. Wir waren im Happy Dugong Dive Center, direkt dem Ressort zugeh\u00f6rig. Auf den ersten Blick sieht es vielleicht etwas unspektakul\u00e4r aus, aber es geh\u00f6rt zum Ressort und wenn man nicht gerade davor steht, liegt es auch v\u00f6llig eingebettet in der Natur.<\/p>\n\n\n\n<div class=\"wp-block-columns is-layout-flex wp-container-core-columns-is-layout-9d6595d7 wp-block-columns-is-layout-flex\">\n<div class=\"wp-block-column is-layout-flow wp-block-column-is-layout-flow\">\n<div class=\"wp-block-image\"><figure class=\"aligncenter size-full\"><a href=\"https:\/\/www.guhalg.com\/wordpress\/wp-content\/uploads\/Reisen\/Pulisan2009\/Unterwasser\/IMG_10726.jpg\"><img loading=\"lazy\" decoding=\"async\" width=\"800\" height=\"600\" src=\"https:\/\/www.guhalg.com\/wordpress\/wp-content\/uploads\/Reisen\/Pulisan2009\/Unterwasser\/IMG_10726.jpg\" alt=\"Happy Dugong Dive Center\" class=\"wp-image-7522\" srcset=\"https:\/\/www.guhalg.com\/wordpress\/wp-content\/uploads\/Reisen\/Pulisan2009\/Unterwasser\/IMG_10726.jpg 800w, https:\/\/www.guhalg.com\/wordpress\/wp-content\/uploads\/Reisen\/Pulisan2009\/Unterwasser\/IMG_10726-300x225.jpg 300w, https:\/\/www.guhalg.com\/wordpress\/wp-content\/uploads\/Reisen\/Pulisan2009\/Unterwasser\/IMG_10726-768x576.jpg 768w\" sizes=\"auto, (max-width: 800px) 100vw, 800px\" \/><\/a><figcaption>Happy Dugong Dive Center<\/figcaption><\/figure><\/div>\n<\/div>\n\n\n\n<div class=\"wp-block-column is-layout-flow wp-block-column-is-layout-flow\">\n<div class=\"wp-block-image\"><figure class=\"aligncenter size-full\"><a href=\"https:\/\/www.guhalg.com\/wordpress\/wp-content\/uploads\/Reisen\/Pulisan2009\/Unterwasser\/IMG_08934.jpg\"><img loading=\"lazy\" decoding=\"async\" width=\"800\" height=\"600\" src=\"https:\/\/www.guhalg.com\/wordpress\/wp-content\/uploads\/Reisen\/Pulisan2009\/Unterwasser\/IMG_08934.jpg\" alt=\"Die Tauchbasis\" class=\"wp-image-7510\" srcset=\"https:\/\/www.guhalg.com\/wordpress\/wp-content\/uploads\/Reisen\/Pulisan2009\/Unterwasser\/IMG_08934.jpg 800w, https:\/\/www.guhalg.com\/wordpress\/wp-content\/uploads\/Reisen\/Pulisan2009\/Unterwasser\/IMG_08934-300x225.jpg 300w, https:\/\/www.guhalg.com\/wordpress\/wp-content\/uploads\/Reisen\/Pulisan2009\/Unterwasser\/IMG_08934-768x576.jpg 768w\" sizes=\"auto, (max-width: 800px) 100vw, 800px\" \/><\/a><figcaption>Die Tauchbasis<\/figcaption><\/figure><\/div>\n<\/div>\n\n\n\n<div class=\"wp-block-column is-layout-flow wp-block-column-is-layout-flow\">\n<div class=\"wp-block-image\"><figure class=\"aligncenter size-full\"><a href=\"https:\/\/www.guhalg.com\/wordpress\/wp-content\/uploads\/Reisen\/Pulisan2009\/Unterwasser\/IMG_10720.jpg\"><img loading=\"lazy\" decoding=\"async\" width=\"800\" height=\"600\" src=\"https:\/\/www.guhalg.com\/wordpress\/wp-content\/uploads\/Reisen\/Pulisan2009\/Unterwasser\/IMG_10720.jpg\" alt=\"Mitten im Urwald\" class=\"wp-image-7521\" srcset=\"https:\/\/www.guhalg.com\/wordpress\/wp-content\/uploads\/Reisen\/Pulisan2009\/Unterwasser\/IMG_10720.jpg 800w, https:\/\/www.guhalg.com\/wordpress\/wp-content\/uploads\/Reisen\/Pulisan2009\/Unterwasser\/IMG_10720-300x225.jpg 300w, https:\/\/www.guhalg.com\/wordpress\/wp-content\/uploads\/Reisen\/Pulisan2009\/Unterwasser\/IMG_10720-768x576.jpg 768w\" sizes=\"auto, (max-width: 800px) 100vw, 800px\" \/><\/a><figcaption>Mitten im Urwald<\/figcaption><\/figure><\/div>\n<\/div>\n<\/div>\n\n\n\n<p>Man hat nat\u00fcrlich beim Tauchen auch seine Aufgaben zu erf\u00fcllen. Dieses gestaltet sich hier allerdings etwas anders, als man es denkt. Sofern m\u00f6glich, sagt man am Vortag, welche Tauchpl\u00e4tze man anfahren m\u00f6chte. Dieses ist insofern notwendig, als hier bei verschiedenen W\u00fcnschen auch mal flugs ein zweites Boot f\u00fcr die Ausfahrt bereitsteht. Oder aber, wenn man zur Lembeh Street m\u00f6chte, halt mindestens drei Taucher zusammenkommen m\u00fcssen. Das allerdings bei einer maximalen Anzahl von sechs Tauchern pro Boot. Mehr gibt es nur auf ausdr\u00fccklichen Wunsch und auch bei sechs Tauchern hatten wir dann immer zwei Guides mit an Bord. Am n\u00e4chsten Tag muss man p\u00fcnktlich, zur vereinbarten Zeit, am Boot sein. Ist man nur zu zweit auf dem Boot, so bedeutet vereinbarte Zeit = asiatische Zeit = europ\u00e4ische Zeit plus deine eigene Zeit. Ja und dann geht es auch schon los zu einem der vielen, wunderbaren Tauchpl\u00e4tze.<\/p>\n\n\n\n<div class=\"wp-block-image\"><figure class=\"aligncenter size-large\"><a href=\"https:\/\/www.guhalg.com\/wordpress\/wp-content\/uploads\/Reisen\/Pulisan2009\/Unterwasser\/IMG_10727-scaled.jpg\"><img loading=\"lazy\" decoding=\"async\" width=\"1024\" height=\"563\" src=\"https:\/\/www.guhalg.com\/wordpress\/wp-content\/uploads\/Reisen\/Pulisan2009\/Unterwasser\/IMG_10727-1024x563.jpg\" alt=\"Tauchpl\u00e4tze\" class=\"wp-image-7523\" srcset=\"https:\/\/www.guhalg.com\/wordpress\/wp-content\/uploads\/Reisen\/Pulisan2009\/Unterwasser\/IMG_10727-1024x563.jpg 1024w, https:\/\/www.guhalg.com\/wordpress\/wp-content\/uploads\/Reisen\/Pulisan2009\/Unterwasser\/IMG_10727-300x165.jpg 300w, https:\/\/www.guhalg.com\/wordpress\/wp-content\/uploads\/Reisen\/Pulisan2009\/Unterwasser\/IMG_10727-768x422.jpg 768w, https:\/\/www.guhalg.com\/wordpress\/wp-content\/uploads\/Reisen\/Pulisan2009\/Unterwasser\/IMG_10727-1536x845.jpg 1536w, https:\/\/www.guhalg.com\/wordpress\/wp-content\/uploads\/Reisen\/Pulisan2009\/Unterwasser\/IMG_10727-2048x1126.jpg 2048w\" sizes=\"auto, (max-width: 1024px) 100vw, 1024px\" \/><\/a><figcaption>Tauchpl\u00e4tze<\/figcaption><\/figure><\/div>\n\n\n\n<p>Also rauf aus Boot, bis zum Tauchplatz fahren und einfach ins Wasser kippen und dem Diveguide Sonly folgen. Nach dem Tauchen und Tauchen und Tauchen  &#8211; man kann hier einfach nicht aufh\u00f6ren \u2013 geht es zur\u00fcck an Bord, um den Heimweg anzutreten.<\/p>\n\n\n\n<div class=\"wp-block-columns is-layout-flex wp-container-core-columns-is-layout-9d6595d7 wp-block-columns-is-layout-flex\">\n<div class=\"wp-block-column is-layout-flow wp-block-column-is-layout-flow\">\n<div class=\"wp-block-image\"><figure class=\"aligncenter size-full\"><a href=\"https:\/\/www.guhalg.com\/wordpress\/wp-content\/uploads\/Reisen\/Pulisan2009\/Unterwasser\/IMG_10128.jpg\"><img loading=\"lazy\" decoding=\"async\" width=\"800\" height=\"600\" src=\"https:\/\/www.guhalg.com\/wordpress\/wp-content\/uploads\/Reisen\/Pulisan2009\/Unterwasser\/IMG_10128.jpg\" alt=\"Ab ins Wasser\" class=\"wp-image-7519\" srcset=\"https:\/\/www.guhalg.com\/wordpress\/wp-content\/uploads\/Reisen\/Pulisan2009\/Unterwasser\/IMG_10128.jpg 800w, https:\/\/www.guhalg.com\/wordpress\/wp-content\/uploads\/Reisen\/Pulisan2009\/Unterwasser\/IMG_10128-300x225.jpg 300w, https:\/\/www.guhalg.com\/wordpress\/wp-content\/uploads\/Reisen\/Pulisan2009\/Unterwasser\/IMG_10128-768x576.jpg 768w\" sizes=\"auto, (max-width: 800px) 100vw, 800px\" \/><\/a><figcaption>Ab ins Wasser<\/figcaption><\/figure><\/div>\n<\/div>\n\n\n\n<div class=\"wp-block-column is-layout-flow wp-block-column-is-layout-flow\">\n<div class=\"wp-block-image\"><figure class=\"aligncenter size-full\"><a href=\"https:\/\/www.guhalg.com\/wordpress\/wp-content\/uploads\/Reisen\/Pulisan2009\/Unterwasser\/IMG_09724.jpg\"><img loading=\"lazy\" decoding=\"async\" width=\"800\" height=\"600\" src=\"https:\/\/www.guhalg.com\/wordpress\/wp-content\/uploads\/Reisen\/Pulisan2009\/Unterwasser\/IMG_09724.jpg\" alt=\"Sonly\" class=\"wp-image-7517\" srcset=\"https:\/\/www.guhalg.com\/wordpress\/wp-content\/uploads\/Reisen\/Pulisan2009\/Unterwasser\/IMG_09724.jpg 800w, https:\/\/www.guhalg.com\/wordpress\/wp-content\/uploads\/Reisen\/Pulisan2009\/Unterwasser\/IMG_09724-300x225.jpg 300w, https:\/\/www.guhalg.com\/wordpress\/wp-content\/uploads\/Reisen\/Pulisan2009\/Unterwasser\/IMG_09724-768x576.jpg 768w\" sizes=\"auto, (max-width: 800px) 100vw, 800px\" \/><\/a><figcaption>Sonly<\/figcaption><\/figure><\/div>\n<\/div>\n\n\n\n<div class=\"wp-block-column is-layout-flow wp-block-column-is-layout-flow\">\n<div class=\"wp-block-image\"><figure class=\"aligncenter size-full\"><a href=\"https:\/\/www.guhalg.com\/wordpress\/wp-content\/uploads\/Reisen\/Pulisan2009\/Unterwasser\/IMG_09089.jpg\"><img loading=\"lazy\" decoding=\"async\" width=\"800\" height=\"600\" src=\"https:\/\/www.guhalg.com\/wordpress\/wp-content\/uploads\/Reisen\/Pulisan2009\/Unterwasser\/IMG_09089.jpg\" alt=\"Feierabend\" class=\"wp-image-7511\" srcset=\"https:\/\/www.guhalg.com\/wordpress\/wp-content\/uploads\/Reisen\/Pulisan2009\/Unterwasser\/IMG_09089.jpg 800w, https:\/\/www.guhalg.com\/wordpress\/wp-content\/uploads\/Reisen\/Pulisan2009\/Unterwasser\/IMG_09089-300x225.jpg 300w, https:\/\/www.guhalg.com\/wordpress\/wp-content\/uploads\/Reisen\/Pulisan2009\/Unterwasser\/IMG_09089-768x576.jpg 768w\" sizes=\"auto, (max-width: 800px) 100vw, 800px\" \/><\/a><figcaption>Feierabend<\/figcaption><\/figure><\/div>\n<\/div>\n<\/div>\n\n\n\n<p>Ja, und jetzt kommt halt das \u00fcbliche: Ausladen der Ausr\u00fcstung vom Boot, Waschen und Aufh\u00e4ngen der Tauchklamotten, \u2026 \u00e4h, falsch, das ist hier anders. Man geht einfach von Bord und zur\u00fcck ins Resort, um den Rest k\u00fcmmert sich die Basis.<\/p>\n\n\n\n<p>So, jetzt sind wir aber wirklich bei der Unterwasserwelt angelangt und hier ist f\u00fcr jeden Taucher etwas dabei. Allerdings \u2013 Gro\u00dffisch darf man an den Tauchpl\u00e4tzen nicht erwarten. Auch wenn im offenen Meer durchaus manchmal Segelfische gesehen und leider auch gefangen werden, in den K\u00fcstenregionen sind es die kleinen Sch\u00e4tze, die sich in der Kameralinse verewigen. Wie diese beiden Clownsanglerfische, einmal in der Lembeh Street, so ca. 1\u20132 cm gro\u00df und einmal in Pulisan, so ca. 4\u20135 cm gro\u00df.<\/p>\n\n\n\n<div class=\"wp-block-image\"><figure class=\"aligncenter size-large\"><a href=\"https:\/\/www.guhalg.com\/wordpress\/wp-content\/uploads\/Reisen\/Pulisan2009\/Unterwasser\/IMG_08797.jpg\"><img loading=\"lazy\" decoding=\"async\" width=\"1024\" height=\"768\" src=\"https:\/\/www.guhalg.com\/wordpress\/wp-content\/uploads\/Reisen\/Pulisan2009\/Unterwasser\/IMG_08797-1024x768.jpg\" alt=\"Anglerfisch in der Lembeh Street\" class=\"wp-image-7507\" srcset=\"https:\/\/www.guhalg.com\/wordpress\/wp-content\/uploads\/Reisen\/Pulisan2009\/Unterwasser\/IMG_08797-1024x768.jpg 1024w, https:\/\/www.guhalg.com\/wordpress\/wp-content\/uploads\/Reisen\/Pulisan2009\/Unterwasser\/IMG_08797-300x225.jpg 300w, https:\/\/www.guhalg.com\/wordpress\/wp-content\/uploads\/Reisen\/Pulisan2009\/Unterwasser\/IMG_08797-768x576.jpg 768w, https:\/\/www.guhalg.com\/wordpress\/wp-content\/uploads\/Reisen\/Pulisan2009\/Unterwasser\/IMG_08797.jpg 1440w\" sizes=\"auto, (max-width: 1024px) 100vw, 1024px\" \/><\/a><figcaption>Anglerfisch in der Lembeh Street<\/figcaption><\/figure><\/div>\n\n\n\n<div class=\"wp-block-image\"><figure class=\"aligncenter size-large\"><a href=\"https:\/\/www.guhalg.com\/wordpress\/wp-content\/uploads\/Reisen\/Pulisan2009\/Unterwasser\/IMG_09144.jpg\"><img loading=\"lazy\" decoding=\"async\" width=\"1024\" height=\"768\" src=\"https:\/\/www.guhalg.com\/wordpress\/wp-content\/uploads\/Reisen\/Pulisan2009\/Unterwasser\/IMG_09144-1024x768.jpg\" alt=\"Anglerfisch in Pulisan\" class=\"wp-image-7513\" srcset=\"https:\/\/www.guhalg.com\/wordpress\/wp-content\/uploads\/Reisen\/Pulisan2009\/Unterwasser\/IMG_09144-1024x768.jpg 1024w, https:\/\/www.guhalg.com\/wordpress\/wp-content\/uploads\/Reisen\/Pulisan2009\/Unterwasser\/IMG_09144-300x225.jpg 300w, https:\/\/www.guhalg.com\/wordpress\/wp-content\/uploads\/Reisen\/Pulisan2009\/Unterwasser\/IMG_09144-768x576.jpg 768w, https:\/\/www.guhalg.com\/wordpress\/wp-content\/uploads\/Reisen\/Pulisan2009\/Unterwasser\/IMG_09144.jpg 1440w\" sizes=\"auto, (max-width: 1024px) 100vw, 1024px\" \/><\/a><figcaption>Anglerfisch in Pulisan<\/figcaption><\/figure><\/div>\n\n\n\n<p>Vom Tauchen selbst ist es ganz einfach. Bis auf die Spots an den vorgelagerten Ergs, wo es durchaus schon mal kr\u00e4ftig zieht, sind die anderen Tauchpl\u00e4tze alle im ruhigen Gew\u00e4sser und v\u00f6llig ohne Str\u00f6mung. Einfach vom Boot ins Wasser kippen und irgendwann wieder auftauchen. Bevor jetzt der Link zur Bildergalerie folgt, noch ein paar der absoluten Highlights aus diesem Tauchgebiet, nicht dass die anderen Creaturen nicht genauso bemerkenswert w\u00e4ren, einfach nur so als Leckerbissen.<\/p>\n\n\n\n<ul class=\"wp-block-list\"><li>Kopf eines Riesenanglerfisches<\/li><li>Schaukelfisch<\/li><li>zwei Anglerfische, die sich anschauen, M\u00e4nnchen &lt;-&gt; Weibchen, wer wei\u00df das schon<\/li><li>Fransen Drachenkopf, auch Schluckspecht genannt<\/li><li>Prachtsepia<\/li><li>schwangeres Seepferdchen<\/li><\/ul>\n\n\n\n<div class=\"wp-block-image\"><figure class=\"aligncenter size-large\"><a href=\"https:\/\/www.guhalg.com\/wordpress\/wp-content\/uploads\/Reisen\/Pulisan2009\/Unterwasser\/IMG_08888.jpg\"><img loading=\"lazy\" decoding=\"async\" width=\"1024\" height=\"768\" src=\"https:\/\/www.guhalg.com\/wordpress\/wp-content\/uploads\/Reisen\/Pulisan2009\/Unterwasser\/IMG_08888-1024x768.jpg\" alt=\"Kopf eines Riesenanglerfisches\" class=\"wp-image-7509\" srcset=\"https:\/\/www.guhalg.com\/wordpress\/wp-content\/uploads\/Reisen\/Pulisan2009\/Unterwasser\/IMG_08888-1024x768.jpg 1024w, https:\/\/www.guhalg.com\/wordpress\/wp-content\/uploads\/Reisen\/Pulisan2009\/Unterwasser\/IMG_08888-300x225.jpg 300w, https:\/\/www.guhalg.com\/wordpress\/wp-content\/uploads\/Reisen\/Pulisan2009\/Unterwasser\/IMG_08888-768x576.jpg 768w, https:\/\/www.guhalg.com\/wordpress\/wp-content\/uploads\/Reisen\/Pulisan2009\/Unterwasser\/IMG_08888.jpg 1440w\" sizes=\"auto, (max-width: 1024px) 100vw, 1024px\" \/><\/a><figcaption>Kopf eines Riesenanglerfisches<\/figcaption><\/figure><\/div>\n\n\n\n<div class=\"wp-block-image\"><figure class=\"aligncenter size-large\"><a href=\"https:\/\/www.guhalg.com\/wordpress\/wp-content\/uploads\/Reisen\/Pulisan2009\/Unterwasser\/IMG_09134.jpg\"><img loading=\"lazy\" decoding=\"async\" width=\"1024\" height=\"768\" src=\"https:\/\/www.guhalg.com\/wordpress\/wp-content\/uploads\/Reisen\/Pulisan2009\/Unterwasser\/IMG_09134-1024x768.jpg\" alt=\"Schaukelfisch\" class=\"wp-image-7512\" srcset=\"https:\/\/www.guhalg.com\/wordpress\/wp-content\/uploads\/Reisen\/Pulisan2009\/Unterwasser\/IMG_09134-1024x768.jpg 1024w, https:\/\/www.guhalg.com\/wordpress\/wp-content\/uploads\/Reisen\/Pulisan2009\/Unterwasser\/IMG_09134-300x225.jpg 300w, https:\/\/www.guhalg.com\/wordpress\/wp-content\/uploads\/Reisen\/Pulisan2009\/Unterwasser\/IMG_09134-768x576.jpg 768w, https:\/\/www.guhalg.com\/wordpress\/wp-content\/uploads\/Reisen\/Pulisan2009\/Unterwasser\/IMG_09134.jpg 1440w\" sizes=\"auto, (max-width: 1024px) 100vw, 1024px\" \/><\/a><figcaption>Schaukelfisch<\/figcaption><\/figure><\/div>\n\n\n\n<div class=\"wp-block-image\"><figure class=\"aligncenter size-large\"><a href=\"https:\/\/www.guhalg.com\/wordpress\/wp-content\/uploads\/Reisen\/Pulisan2009\/Unterwasser\/IMG_09232.jpg\"><img loading=\"lazy\" decoding=\"async\" width=\"1024\" height=\"768\" src=\"https:\/\/www.guhalg.com\/wordpress\/wp-content\/uploads\/Reisen\/Pulisan2009\/Unterwasser\/IMG_09232-1024x768.jpg\" alt=\"Anglerfischp\u00e4rchen\" class=\"wp-image-7514\" srcset=\"https:\/\/www.guhalg.com\/wordpress\/wp-content\/uploads\/Reisen\/Pulisan2009\/Unterwasser\/IMG_09232-1024x768.jpg 1024w, https:\/\/www.guhalg.com\/wordpress\/wp-content\/uploads\/Reisen\/Pulisan2009\/Unterwasser\/IMG_09232-300x225.jpg 300w, https:\/\/www.guhalg.com\/wordpress\/wp-content\/uploads\/Reisen\/Pulisan2009\/Unterwasser\/IMG_09232-768x576.jpg 768w, https:\/\/www.guhalg.com\/wordpress\/wp-content\/uploads\/Reisen\/Pulisan2009\/Unterwasser\/IMG_09232.jpg 1440w\" sizes=\"auto, (max-width: 1024px) 100vw, 1024px\" \/><\/a><figcaption>Anglerfischp\u00e4rchen<\/figcaption><\/figure><\/div>\n\n\n\n<div class=\"wp-block-image\"><figure class=\"aligncenter size-large\"><a href=\"https:\/\/www.guhalg.com\/wordpress\/wp-content\/uploads\/Reisen\/Pulisan2009\/Unterwasser\/IMG_09264.jpg\"><img loading=\"lazy\" decoding=\"async\" width=\"1024\" height=\"768\" src=\"https:\/\/www.guhalg.com\/wordpress\/wp-content\/uploads\/Reisen\/Pulisan2009\/Unterwasser\/IMG_09264-1024x768.jpg\" alt=\"Schluckspecht\" class=\"wp-image-7515\" srcset=\"https:\/\/www.guhalg.com\/wordpress\/wp-content\/uploads\/Reisen\/Pulisan2009\/Unterwasser\/IMG_09264-1024x768.jpg 1024w, https:\/\/www.guhalg.com\/wordpress\/wp-content\/uploads\/Reisen\/Pulisan2009\/Unterwasser\/IMG_09264-300x225.jpg 300w, https:\/\/www.guhalg.com\/wordpress\/wp-content\/uploads\/Reisen\/Pulisan2009\/Unterwasser\/IMG_09264-768x576.jpg 768w, https:\/\/www.guhalg.com\/wordpress\/wp-content\/uploads\/Reisen\/Pulisan2009\/Unterwasser\/IMG_09264.jpg 1440w\" sizes=\"auto, (max-width: 1024px) 100vw, 1024px\" \/><\/a><figcaption>Schluckspecht<\/figcaption><\/figure><\/div>\n\n\n\n<div class=\"wp-block-image\"><figure class=\"aligncenter size-large\"><a href=\"https:\/\/www.guhalg.com\/wordpress\/wp-content\/uploads\/Reisen\/Pulisan2009\/Unterwasser\/IMG_09552.jpg\"><img loading=\"lazy\" decoding=\"async\" width=\"1024\" height=\"768\" src=\"https:\/\/www.guhalg.com\/wordpress\/wp-content\/uploads\/Reisen\/Pulisan2009\/Unterwasser\/IMG_09552-1024x768.jpg\" alt=\"Prachtsepia\" class=\"wp-image-7516\" srcset=\"https:\/\/www.guhalg.com\/wordpress\/wp-content\/uploads\/Reisen\/Pulisan2009\/Unterwasser\/IMG_09552-1024x768.jpg 1024w, https:\/\/www.guhalg.com\/wordpress\/wp-content\/uploads\/Reisen\/Pulisan2009\/Unterwasser\/IMG_09552-300x225.jpg 300w, https:\/\/www.guhalg.com\/wordpress\/wp-content\/uploads\/Reisen\/Pulisan2009\/Unterwasser\/IMG_09552-768x576.jpg 768w, https:\/\/www.guhalg.com\/wordpress\/wp-content\/uploads\/Reisen\/Pulisan2009\/Unterwasser\/IMG_09552.jpg 1440w\" sizes=\"auto, (max-width: 1024px) 100vw, 1024px\" \/><\/a><figcaption>Prachtsepia<\/figcaption><\/figure><\/div>\n\n\n\n<div class=\"wp-block-image\"><figure class=\"aligncenter size-large\"><a href=\"https:\/\/www.guhalg.com\/wordpress\/wp-content\/uploads\/Reisen\/Pulisan2009\/Unterwasser\/IMG_10390.jpg\"><img loading=\"lazy\" decoding=\"async\" width=\"1024\" height=\"768\" src=\"https:\/\/www.guhalg.com\/wordpress\/wp-content\/uploads\/Reisen\/Pulisan2009\/Unterwasser\/IMG_10390-1024x768.jpg\" alt=\"Schwangeres Seepferdchen\" class=\"wp-image-7520\" srcset=\"https:\/\/www.guhalg.com\/wordpress\/wp-content\/uploads\/Reisen\/Pulisan2009\/Unterwasser\/IMG_10390-1024x768.jpg 1024w, https:\/\/www.guhalg.com\/wordpress\/wp-content\/uploads\/Reisen\/Pulisan2009\/Unterwasser\/IMG_10390-300x225.jpg 300w, https:\/\/www.guhalg.com\/wordpress\/wp-content\/uploads\/Reisen\/Pulisan2009\/Unterwasser\/IMG_10390-768x576.jpg 768w, https:\/\/www.guhalg.com\/wordpress\/wp-content\/uploads\/Reisen\/Pulisan2009\/Unterwasser\/IMG_10390.jpg 1440w\" sizes=\"auto, (max-width: 1024px) 100vw, 1024px\" \/><\/a><figcaption>Schwangeres Seepferdchen<\/figcaption><\/figure><\/div>\n\n\n\n<p>Es gibt noch so viel zu erz\u00e4hlen. Sei es \u00fcber das Essen, wo auch die Hausherrin nicht bei allen Speisen im Detail sagen kann, was das z.\u00a0B. f\u00fcr leckere gr\u00fcne Bl\u00e4tter in der Suppe sind. Es geht weiter \u00fcber die immer sauber geharkten Wege. Auch \u00fcber die zu kleine Spiegel im Waschraum \u2013 ja, da hat sich tats\u00e4chlich mal ein Gast dar\u00fcber beschwert. Aber letztendlich kommt die Erkenntnis, dass uns eine herk\u00f6mmliche Dusche zwar vertrauter ist, ein Mandi aber zweckm\u00e4\u00dfiger.<\/p>\n\n\n\n<p>Damit endet diese Urlaubsbeschreibung mit dem Link auf die Galerie: <a href=\"http:\/\/localhost:4001\/wb\/pages\/pulisan-2009\/bilder\/unterwasser.php\">Pulisan<\/a>.<\/p>\n\n\n\n<div class=\"wp-block-columns is-layout-flex wp-container-core-columns-is-layout-9d6595d7 wp-block-columns-is-layout-flex\">\n<div class=\"wp-block-column is-layout-flow wp-block-column-is-layout-flow\">\n<div class=\"wp-block-buttons is-layout-flex wp-block-buttons-is-layout-flex\">\n<div class=\"wp-block-button\"><a class=\"wp-block-button__link\" href=\"https:\/\/www.guhalg.com\/wordpress\/?page_id=7464\">Der Geburtstag von Kathrin<\/a><\/div>\n<\/div>\n<\/div>\n\n\n\n<div class=\"wp-block-column is-layout-flow wp-block-column-is-layout-flow\">\n<div class=\"wp-block-buttons is-content-justification-right is-layout-flex wp-container-core-buttons-is-layout-765c4724 wp-block-buttons-is-layout-flex\">\n<div class=\"wp-block-button\"><a class=\"wp-block-button__link\" href=\"https:\/\/www.guhalg.com\/wordpress\/?page_id=7424\">Bilder Tangkoko<\/a><\/div>\n<\/div>\n<\/div>\n<\/div>\n","protected":false},"excerpt":{"rendered":"<p>\u00c4hnlich vielf\u00e4ltig wie die K\u00fcstenlandschaft sieht es auch mit dem Tauchen in Pulisan aus. Das f\u00e4ngt bei den Rifftauchg\u00e4ngen an leichten Abh\u00e4ngen an. Es geht weiter \u00fcber Koralleng\u00e4rten auf wei\u00dfen Sandfl\u00e4chen und Tieftauchg\u00e4ngen an alleinstehenden Felsen im Meer. Aber das&hellip; <\/p>\n","protected":false},"author":1,"featured_media":0,"parent":7227,"menu_order":8,"comment_status":"closed","ping_status":"closed","template":"","meta":{"footnotes":""},"class_list":["post-7499","page","type-page","status-publish","hentry"],"_links":{"self":[{"href":"https:\/\/www.guhalg.com\/wordpress\/index.php?rest_route=\/wp\/v2\/pages\/7499","targetHints":{"allow":["GET"]}}],"collection":[{"href":"https:\/\/www.guhalg.com\/wordpress\/index.php?rest_route=\/wp\/v2\/pages"}],"about":[{"href":"https:\/\/www.guhalg.com\/wordpress\/index.php?rest_route=\/wp\/v2\/types\/page"}],"author":[{"embeddable":true,"href":"https:\/\/www.guhalg.com\/wordpress\/index.php?rest_route=\/wp\/v2\/users\/1"}],"replies":[{"embeddable":true,"href":"https:\/\/www.guhalg.com\/wordpress\/index.php?rest_route=%2Fwp%2Fv2%2Fcomments&post=7499"}],"version-history":[{"count":12,"href":"https:\/\/www.guhalg.com\/wordpress\/index.php?rest_route=\/wp\/v2\/pages\/7499\/revisions"}],"predecessor-version":[{"id":7812,"href":"https:\/\/www.guhalg.com\/wordpress\/index.php?rest_route=\/wp\/v2\/pages\/7499\/revisions\/7812"}],"up":[{"embeddable":true,"href":"https:\/\/www.guhalg.com\/wordpress\/index.php?rest_route=\/wp\/v2\/pages\/7227"}],"wp:attachment":[{"href":"https:\/\/www.guhalg.com\/wordpress\/index.php?rest_route=%2Fwp%2Fv2%2Fmedia&parent=7499"}],"curies":[{"name":"wp","href":"https:\/\/api.w.org\/{rel}","templated":true}]}}