{"id":7964,"date":"2022-02-09T20:37:25","date_gmt":"2022-02-09T19:37:25","guid":{"rendered":"https:\/\/www.guhalg.com\/wordpress\/?page_id=7964"},"modified":"2022-02-11T19:00:43","modified_gmt":"2022-02-11T18:00:43","slug":"das-hotel-speyside-inn","status":"publish","type":"page","link":"https:\/\/www.guhalg.com\/wordpress\/?page_id=7964","title":{"rendered":"Das Hotel Speyside Inn"},"content":{"rendered":"\n<p>Die Anreise ging, wie sollte es auch sonst sein, \u00fcber Frankfurt. Allerdings war es ja diesmal mehr oder minder ein Pauschalurlaub und so gab es die Condor als Fluglinie.<\/p>\n\n\n\n<p>Also, wie schon so oft, Anreise nach Frankfurt und eine total nette Zeit mit den Freunden verbringen. Dann in den Flieger und vor Ort ab ins Auto zum Transfer ins Hotel. Dort mussten wir uns erstmal einen Bediensteten suchen, der uns unseren Hotelschl\u00fcssel geben konnte. Dann aber ab ins Zimmer und das wichtigste vom Gep\u00e4ck auspacken, n\u00e4mlich frisch gebackenes Brot und Deutschland und eine Salami. Schlie\u00dflich sind ja Hotel- und Tauchbasisleitung Deutsche im Ausland und hier ist immer \u201aHunger\u2018 nach deutschem dunklen Brot vorhanden. Die beiden haben dann auch gleich ein GRO\u00df-Messer aus der K\u00fcche geholt und das Brot angeschnitten und gen\u00fcsslich mit dicken Salamischeiben gegessen. Anschlie\u00dfend hie\u00df es dann aber f\u00fcr uns duschen und ab ins Bett. Schlie\u00dflich waren wir mit der innerlichen Uhr, auch wenn es auf Tobago erst so etwa 22.00 Uhr abends war, schon 6 Stunden weiter und damit mitten in der Schlafphase.<\/p>\n\n\n\n<p>So, hier waren wir also im Speyside Inn auf Tobago. Das Hotel liegt vom Flughafen aus betrachtet quasi auf der gegen\u00fcberliegenden Seite der Insel und somit, trotz der direkt am Hotel verlaufenden Stra\u00dfe, insgesamt sehr ruhig. Nur einen direkten Strand zum Baden gab es hier nicht. Aber wer dieses sucht, der kann ganz einfach mit einem Mietwagen \u00fcber die Insel fahren. Eine Auswahl sch\u00f6ner Str\u00e4nde gibt es hier genug.<\/p>\n\n\n\n<div class=\"wp-block-image\"><figure class=\"aligncenter size-full\"><a href=\"https:\/\/www.guhalg.com\/wordpress\/wp-content\/uploads\/Reisen\/Tobago2010\/Reise\/P1000539.jpg\"><img loading=\"lazy\" decoding=\"async\" width=\"1024\" height=\"576\" src=\"https:\/\/www.guhalg.com\/wordpress\/wp-content\/uploads\/Reisen\/Tobago2010\/Reise\/P1000539.jpg\" alt=\"Speyside Inn\" class=\"wp-image-7927\" srcset=\"https:\/\/www.guhalg.com\/wordpress\/wp-content\/uploads\/Reisen\/Tobago2010\/Reise\/P1000539.jpg 1024w, https:\/\/www.guhalg.com\/wordpress\/wp-content\/uploads\/Reisen\/Tobago2010\/Reise\/P1000539-300x169.jpg 300w, https:\/\/www.guhalg.com\/wordpress\/wp-content\/uploads\/Reisen\/Tobago2010\/Reise\/P1000539-768x432.jpg 768w\" sizes=\"auto, (max-width: 1024px) 100vw, 1024px\" \/><\/a><figcaption>Speyside Inn<\/figcaption><\/figure><\/div>\n\n\n\n<p>Doch kommen wir wieder zur\u00fcck zu unserem Hotel. Den gro\u00dfen \u00dcberblick zu Tobago haben wir ja auf der Weltkarte schon gezeigt. Auf den folgenden Bildern wird daher einfach nochmal aus Google Maps heraus nach Tobago und zum Hotel gezoomed.<\/p>\n\n\n\n<figure class=\"wp-block-gallery has-nested-images columns-5 is-cropped wp-block-gallery-1 is-layout-flex wp-block-gallery-is-layout-flex\">\n<figure class=\"wp-block-image size-large\"><img loading=\"lazy\" decoding=\"async\" width=\"800\" height=\"800\" data-id=\"7916\" src=\"https:\/\/www.guhalg.com\/wordpress\/wp-content\/uploads\/Reisen\/Tobago2010\/Reise\/Maps1.jpg\" alt=\"\" class=\"wp-image-7916\" srcset=\"https:\/\/www.guhalg.com\/wordpress\/wp-content\/uploads\/Reisen\/Tobago2010\/Reise\/Maps1.jpg 800w, https:\/\/www.guhalg.com\/wordpress\/wp-content\/uploads\/Reisen\/Tobago2010\/Reise\/Maps1-300x300.jpg 300w, https:\/\/www.guhalg.com\/wordpress\/wp-content\/uploads\/Reisen\/Tobago2010\/Reise\/Maps1-150x150.jpg 150w, https:\/\/www.guhalg.com\/wordpress\/wp-content\/uploads\/Reisen\/Tobago2010\/Reise\/Maps1-768x768.jpg 768w, https:\/\/www.guhalg.com\/wordpress\/wp-content\/uploads\/Reisen\/Tobago2010\/Reise\/Maps1-230x230.jpg 230w\" sizes=\"auto, (max-width: 800px) 100vw, 800px\" \/><\/figure>\n\n\n\n<figure class=\"wp-block-image size-large\"><img loading=\"lazy\" decoding=\"async\" width=\"800\" height=\"800\" data-id=\"7917\" src=\"https:\/\/www.guhalg.com\/wordpress\/wp-content\/uploads\/Reisen\/Tobago2010\/Reise\/Maps2.jpg\" alt=\"\" class=\"wp-image-7917\" srcset=\"https:\/\/www.guhalg.com\/wordpress\/wp-content\/uploads\/Reisen\/Tobago2010\/Reise\/Maps2.jpg 800w, https:\/\/www.guhalg.com\/wordpress\/wp-content\/uploads\/Reisen\/Tobago2010\/Reise\/Maps2-300x300.jpg 300w, https:\/\/www.guhalg.com\/wordpress\/wp-content\/uploads\/Reisen\/Tobago2010\/Reise\/Maps2-150x150.jpg 150w, https:\/\/www.guhalg.com\/wordpress\/wp-content\/uploads\/Reisen\/Tobago2010\/Reise\/Maps2-768x768.jpg 768w, https:\/\/www.guhalg.com\/wordpress\/wp-content\/uploads\/Reisen\/Tobago2010\/Reise\/Maps2-230x230.jpg 230w\" sizes=\"auto, (max-width: 800px) 100vw, 800px\" \/><\/figure>\n\n\n\n<figure class=\"wp-block-image size-large\"><img loading=\"lazy\" decoding=\"async\" width=\"800\" height=\"800\" data-id=\"7918\" src=\"https:\/\/www.guhalg.com\/wordpress\/wp-content\/uploads\/Reisen\/Tobago2010\/Reise\/Maps3.jpg\" alt=\"\" class=\"wp-image-7918\" srcset=\"https:\/\/www.guhalg.com\/wordpress\/wp-content\/uploads\/Reisen\/Tobago2010\/Reise\/Maps3.jpg 800w, https:\/\/www.guhalg.com\/wordpress\/wp-content\/uploads\/Reisen\/Tobago2010\/Reise\/Maps3-300x300.jpg 300w, https:\/\/www.guhalg.com\/wordpress\/wp-content\/uploads\/Reisen\/Tobago2010\/Reise\/Maps3-150x150.jpg 150w, https:\/\/www.guhalg.com\/wordpress\/wp-content\/uploads\/Reisen\/Tobago2010\/Reise\/Maps3-768x768.jpg 768w, https:\/\/www.guhalg.com\/wordpress\/wp-content\/uploads\/Reisen\/Tobago2010\/Reise\/Maps3-230x230.jpg 230w\" sizes=\"auto, (max-width: 800px) 100vw, 800px\" \/><\/figure>\n\n\n\n<figure class=\"wp-block-image size-large\"><img loading=\"lazy\" decoding=\"async\" width=\"800\" height=\"606\" data-id=\"7919\" src=\"https:\/\/www.guhalg.com\/wordpress\/wp-content\/uploads\/Reisen\/Tobago2010\/Reise\/Maps4.jpg\" alt=\"\" class=\"wp-image-7919\" srcset=\"https:\/\/www.guhalg.com\/wordpress\/wp-content\/uploads\/Reisen\/Tobago2010\/Reise\/Maps4.jpg 800w, https:\/\/www.guhalg.com\/wordpress\/wp-content\/uploads\/Reisen\/Tobago2010\/Reise\/Maps4-300x227.jpg 300w, https:\/\/www.guhalg.com\/wordpress\/wp-content\/uploads\/Reisen\/Tobago2010\/Reise\/Maps4-768x582.jpg 768w\" sizes=\"auto, (max-width: 800px) 100vw, 800px\" \/><\/figure>\n\n\n\n<figure class=\"wp-block-image size-large\"><img loading=\"lazy\" decoding=\"async\" width=\"800\" height=\"800\" data-id=\"7920\" src=\"https:\/\/www.guhalg.com\/wordpress\/wp-content\/uploads\/Reisen\/Tobago2010\/Reise\/Maps5.jpg\" alt=\"\" class=\"wp-image-7920\" srcset=\"https:\/\/www.guhalg.com\/wordpress\/wp-content\/uploads\/Reisen\/Tobago2010\/Reise\/Maps5.jpg 800w, https:\/\/www.guhalg.com\/wordpress\/wp-content\/uploads\/Reisen\/Tobago2010\/Reise\/Maps5-300x300.jpg 300w, https:\/\/www.guhalg.com\/wordpress\/wp-content\/uploads\/Reisen\/Tobago2010\/Reise\/Maps5-150x150.jpg 150w, https:\/\/www.guhalg.com\/wordpress\/wp-content\/uploads\/Reisen\/Tobago2010\/Reise\/Maps5-768x768.jpg 768w, https:\/\/www.guhalg.com\/wordpress\/wp-content\/uploads\/Reisen\/Tobago2010\/Reise\/Maps5-230x230.jpg 230w\" sizes=\"auto, (max-width: 800px) 100vw, 800px\" \/><\/figure>\n<\/figure>\n\n\n\n<p>Wenn ihr euch jetzt auf dem letzten Bild \u00fcber die zwei zus\u00e4tzlichen roten Pfeile wundert, es sind zwei Boote, die man in Google Maps erkennen kann und auf dem rechten Bild dieselben Boote beim Blick von unserem Hotel Balkon.<\/p>\n\n\n\n<div class=\"wp-block-image\"><figure class=\"aligncenter size-full\"><a href=\"https:\/\/www.guhalg.com\/wordpress\/wp-content\/uploads\/Reisen\/Tobago2010\/Reise\/P1010731.jpg\"><img loading=\"lazy\" decoding=\"async\" width=\"1024\" height=\"576\" src=\"https:\/\/www.guhalg.com\/wordpress\/wp-content\/uploads\/Reisen\/Tobago2010\/Reise\/P1010731.jpg\" alt=\"Die beiden Boote\" class=\"wp-image-7948\" srcset=\"https:\/\/www.guhalg.com\/wordpress\/wp-content\/uploads\/Reisen\/Tobago2010\/Reise\/P1010731.jpg 1024w, https:\/\/www.guhalg.com\/wordpress\/wp-content\/uploads\/Reisen\/Tobago2010\/Reise\/P1010731-300x169.jpg 300w, https:\/\/www.guhalg.com\/wordpress\/wp-content\/uploads\/Reisen\/Tobago2010\/Reise\/P1010731-768x432.jpg 768w\" sizes=\"auto, (max-width: 1024px) 100vw, 1024px\" \/><\/a><figcaption>Die beiden Boote<\/figcaption><\/figure><\/div>\n\n\n\n<p>So, und wie sieht jetzt das Speyside Inn aus? Na ganz einfach mal den Blick nach rechts auf die beiden folgenden Bilder werfen.<\/p>\n\n\n\n<div class=\"wp-block-image\"><figure class=\"aligncenter size-full\"><a href=\"https:\/\/www.guhalg.com\/wordpress\/wp-content\/uploads\/Reisen\/Tobago2010\/Reise\/P1000536.jpg\"><img loading=\"lazy\" decoding=\"async\" width=\"1024\" height=\"576\" src=\"https:\/\/www.guhalg.com\/wordpress\/wp-content\/uploads\/Reisen\/Tobago2010\/Reise\/P1000536.jpg\" alt=\"Das Speyside Inn\" class=\"wp-image-7926\" srcset=\"https:\/\/www.guhalg.com\/wordpress\/wp-content\/uploads\/Reisen\/Tobago2010\/Reise\/P1000536.jpg 1024w, https:\/\/www.guhalg.com\/wordpress\/wp-content\/uploads\/Reisen\/Tobago2010\/Reise\/P1000536-300x169.jpg 300w, https:\/\/www.guhalg.com\/wordpress\/wp-content\/uploads\/Reisen\/Tobago2010\/Reise\/P1000536-768x432.jpg 768w\" sizes=\"auto, (max-width: 1024px) 100vw, 1024px\" \/><\/a><figcaption>Das Speyside Inn<\/figcaption><\/figure><\/div>\n\n\n\n<div class=\"wp-block-image\"><figure class=\"aligncenter size-full\"><a href=\"https:\/\/www.guhalg.com\/wordpress\/wp-content\/uploads\/Reisen\/Tobago2010\/Reise\/P1010728.jpg\"><img loading=\"lazy\" decoding=\"async\" width=\"1024\" height=\"576\" src=\"https:\/\/www.guhalg.com\/wordpress\/wp-content\/uploads\/Reisen\/Tobago2010\/Reise\/P1010728.jpg\" alt=\"Das Speyside Inn\" class=\"wp-image-7946\" srcset=\"https:\/\/www.guhalg.com\/wordpress\/wp-content\/uploads\/Reisen\/Tobago2010\/Reise\/P1010728.jpg 1024w, https:\/\/www.guhalg.com\/wordpress\/wp-content\/uploads\/Reisen\/Tobago2010\/Reise\/P1010728-300x169.jpg 300w, https:\/\/www.guhalg.com\/wordpress\/wp-content\/uploads\/Reisen\/Tobago2010\/Reise\/P1010728-768x432.jpg 768w\" sizes=\"auto, (max-width: 1024px) 100vw, 1024px\" \/><\/a><figcaption>Das Speyside Inn<\/figcaption><\/figure><\/div>\n\n\n\n<p>Einige weitere Eindr\u00fccke vom Hotel findet ihr unter folgendem Link: <a href=\"https:\/\/www.guhalg.com\/wordpress\/?page_id=7993\" data-type=\"page\" data-id=\"7993\">Speyside Inn<\/a>. Dieser Urlaub und das Hotel hatten einige Besonderheiten f\u00fcr uns parat. Dieses findet ihr auf den n\u00e4chsten Seiten.<\/p>\n\n\n\n<div class=\"wp-block-columns is-layout-flex wp-container-core-columns-is-layout-9d6595d7 wp-block-columns-is-layout-flex\">\n<div class=\"wp-block-column is-layout-flow wp-block-column-is-layout-flow\">\n<div class=\"wp-block-buttons is-layout-flex wp-block-buttons-is-layout-flex\">\n<div class=\"wp-block-button\"><a class=\"wp-block-button__link\" href=\"https:\/\/www.guhalg.com\/wordpress\/?page_id=7697\">Tobago 2010<\/a><\/div>\n<\/div>\n<\/div>\n\n\n\n<div class=\"wp-block-column is-layout-flow wp-block-column-is-layout-flow\">\n<div class=\"wp-block-buttons is-content-justification-right is-layout-flex wp-container-core-buttons-is-layout-765c4724 wp-block-buttons-is-layout-flex\">\n<div class=\"wp-block-button\"><a class=\"wp-block-button__link\" href=\"https:\/\/www.guhalg.com\/wordpress\/?page_id=7998\">Aktivit\u00e4ten und mehr<\/a><\/div>\n<\/div>\n<\/div>\n<\/div>\n","protected":false},"excerpt":{"rendered":"<p>Die Anreise ging, wie sollte es auch sonst sein, \u00fcber Frankfurt. Allerdings war es ja diesmal mehr oder minder ein Pauschalurlaub und so gab es die Condor als Fluglinie. Also, wie schon so oft, Anreise nach Frankfurt und eine total&hellip; <\/p>\n","protected":false},"author":1,"featured_media":0,"parent":7697,"menu_order":1,"comment_status":"closed","ping_status":"closed","template":"","meta":{"footnotes":""},"class_list":["post-7964","page","type-page","status-publish","hentry"],"_links":{"self":[{"href":"https:\/\/www.guhalg.com\/wordpress\/index.php?rest_route=\/wp\/v2\/pages\/7964","targetHints":{"allow":["GET"]}}],"collection":[{"href":"https:\/\/www.guhalg.com\/wordpress\/index.php?rest_route=\/wp\/v2\/pages"}],"about":[{"href":"https:\/\/www.guhalg.com\/wordpress\/index.php?rest_route=\/wp\/v2\/types\/page"}],"author":[{"embeddable":true,"href":"https:\/\/www.guhalg.com\/wordpress\/index.php?rest_route=\/wp\/v2\/users\/1"}],"replies":[{"embeddable":true,"href":"https:\/\/www.guhalg.com\/wordpress\/index.php?rest_route=%2Fwp%2Fv2%2Fcomments&post=7964"}],"version-history":[{"count":5,"href":"https:\/\/www.guhalg.com\/wordpress\/index.php?rest_route=\/wp\/v2\/pages\/7964\/revisions"}],"predecessor-version":[{"id":8001,"href":"https:\/\/www.guhalg.com\/wordpress\/index.php?rest_route=\/wp\/v2\/pages\/7964\/revisions\/8001"}],"up":[{"embeddable":true,"href":"https:\/\/www.guhalg.com\/wordpress\/index.php?rest_route=\/wp\/v2\/pages\/7697"}],"wp:attachment":[{"href":"https:\/\/www.guhalg.com\/wordpress\/index.php?rest_route=%2Fwp%2Fv2%2Fmedia&parent=7964"}],"curies":[{"name":"wp","href":"https:\/\/api.w.org\/{rel}","templated":true}]}}