{"id":8252,"date":"2022-02-12T19:18:21","date_gmt":"2022-02-12T18:18:21","guid":{"rendered":"https:\/\/www.guhalg.com\/wordpress\/?page_id=8252"},"modified":"2022-02-12T21:55:41","modified_gmt":"2022-02-12T20:55:41","slug":"tauchen-in-tobago","status":"publish","type":"page","link":"https:\/\/www.guhalg.com\/wordpress\/?page_id=8252","title":{"rendered":"Tauchen in Tobago"},"content":{"rendered":"\n<p>Jetzt haben wir ja schon so ziemlich alle Highlights und Specials von Tobago beschrieben. Allerdings der eigentliche Urlaubsgrund hierher fehlt noch. Kommen wir also zum Tauchen.<\/p>\n\n\n\n<p>Wie schon eingangs erw\u00e4hnt waren wir in der ersten Woche bis auf die Gewinner des Preisausschreibens die einzigen G\u00e4ste im Hotel. Insofern war das Tauchen mit den wenigen G\u00e4sten sehr entspannt und in der zweiten Woche hatten wir unseren Guide Leon f\u00fcr uns alleine. Somit konnten ziemlich alle interessanten Pl\u00e4tze zum Tauchen angefahren werden, auch einige technisch anspruchsvollere.<\/p>\n\n\n\n<p>Die erste Woche war allerdings unter Wasser durch eine total schlechte Sicht gepr\u00e4gt. Dieses Makro Bild sieht auf den ersten Blick noch gut aus<\/p>\n\n\n\n<div class=\"wp-block-image\"><figure class=\"aligncenter size-full\"><a href=\"https:\/\/www.guhalg.com\/wordpress\/wp-content\/uploads\/Reisen\/Tobago2010\/Reise\/P1000418.jpg\"><img loading=\"lazy\" decoding=\"async\" width=\"1024\" height=\"576\" src=\"https:\/\/www.guhalg.com\/wordpress\/wp-content\/uploads\/Reisen\/Tobago2010\/Reise\/P1000418.jpg\" alt=\"Makroaufnahme\" class=\"wp-image-7921\" srcset=\"https:\/\/www.guhalg.com\/wordpress\/wp-content\/uploads\/Reisen\/Tobago2010\/Reise\/P1000418.jpg 1024w, https:\/\/www.guhalg.com\/wordpress\/wp-content\/uploads\/Reisen\/Tobago2010\/Reise\/P1000418-300x169.jpg 300w, https:\/\/www.guhalg.com\/wordpress\/wp-content\/uploads\/Reisen\/Tobago2010\/Reise\/P1000418-768x432.jpg 768w\" sizes=\"auto, (max-width: 1024px) 100vw, 1024px\" \/><\/a><figcaption>Makroaufnahme<\/figcaption><\/figure><\/div>\n\n\n\n<p>Aber schaut mal in die rechte obere Ecke \u2013 alles gr\u00fcn. Und bei &#8218;Landschaftsaufnahmen&#8216; unter Wasser gab es eigentlich nur noch eine Farbe.<\/p>\n\n\n\n<div class=\"wp-block-image\"><figure class=\"aligncenter size-full\"><a href=\"https:\/\/www.guhalg.com\/wordpress\/wp-content\/uploads\/Reisen\/Tobago2010\/Reise\/P1000420.jpg\"><img loading=\"lazy\" decoding=\"async\" width=\"1024\" height=\"576\" src=\"https:\/\/www.guhalg.com\/wordpress\/wp-content\/uploads\/Reisen\/Tobago2010\/Reise\/P1000420.jpg\" alt=\"Alles gr\u00fcn\" class=\"wp-image-7922\" srcset=\"https:\/\/www.guhalg.com\/wordpress\/wp-content\/uploads\/Reisen\/Tobago2010\/Reise\/P1000420.jpg 1024w, https:\/\/www.guhalg.com\/wordpress\/wp-content\/uploads\/Reisen\/Tobago2010\/Reise\/P1000420-300x169.jpg 300w, https:\/\/www.guhalg.com\/wordpress\/wp-content\/uploads\/Reisen\/Tobago2010\/Reise\/P1000420-768x432.jpg 768w\" sizes=\"auto, (max-width: 1024px) 100vw, 1024px\" \/><\/a><figcaption>Alles gr\u00fcn<\/figcaption><\/figure><\/div>\n\n\n\n<div class=\"wp-block-image\"><figure class=\"aligncenter size-full\"><a href=\"https:\/\/www.guhalg.com\/wordpress\/wp-content\/uploads\/Reisen\/Tobago2010\/Reise\/P1000423.jpg\"><img loading=\"lazy\" decoding=\"async\" width=\"1024\" height=\"576\" src=\"https:\/\/www.guhalg.com\/wordpress\/wp-content\/uploads\/Reisen\/Tobago2010\/Reise\/P1000423.jpg\" alt=\"Eine der gr\u00f6\u00dften Hirnkorallen\" class=\"wp-image-7923\" srcset=\"https:\/\/www.guhalg.com\/wordpress\/wp-content\/uploads\/Reisen\/Tobago2010\/Reise\/P1000423.jpg 1024w, https:\/\/www.guhalg.com\/wordpress\/wp-content\/uploads\/Reisen\/Tobago2010\/Reise\/P1000423-300x169.jpg 300w, https:\/\/www.guhalg.com\/wordpress\/wp-content\/uploads\/Reisen\/Tobago2010\/Reise\/P1000423-768x432.jpg 768w\" sizes=\"auto, (max-width: 1024px) 100vw, 1024px\" \/><\/a><figcaption>Eine der gr\u00f6\u00dften Hirnkorallen<\/figcaption><\/figure><\/div>\n\n\n\n<p>Und hier mal der Vergleich, gut eine Woche sp\u00e4ter, wo die Sicht an den meisten Stellen dann erheblich besser war. \u00dcbrigens, die Koralle hier ist lt. Aussage vor Ort die gr\u00f6\u00dfte einzelne Hirnkoralle der Welt.<\/p>\n\n\n\n<div class=\"wp-block-image\"><figure class=\"aligncenter size-full\"><a href=\"https:\/\/www.guhalg.com\/wordpress\/wp-content\/uploads\/Reisen\/Tobago2010\/Reise\/P1010221.jpg\"><img loading=\"lazy\" decoding=\"async\" width=\"1024\" height=\"576\" src=\"https:\/\/www.guhalg.com\/wordpress\/wp-content\/uploads\/Reisen\/Tobago2010\/Reise\/P1010221.jpg\" alt=\"Eine der gr\u00f6\u00dften Hirnkorallen\" class=\"wp-image-7933\" srcset=\"https:\/\/www.guhalg.com\/wordpress\/wp-content\/uploads\/Reisen\/Tobago2010\/Reise\/P1010221.jpg 1024w, https:\/\/www.guhalg.com\/wordpress\/wp-content\/uploads\/Reisen\/Tobago2010\/Reise\/P1010221-300x169.jpg 300w, https:\/\/www.guhalg.com\/wordpress\/wp-content\/uploads\/Reisen\/Tobago2010\/Reise\/P1010221-768x432.jpg 768w\" sizes=\"auto, (max-width: 1024px) 100vw, 1024px\" \/><\/a><figcaption>Eine der gr\u00f6\u00dften Hirnkorallen<\/figcaption><\/figure><\/div>\n\n\n\n<p>So, woher kam denn nun aber diese schlechte Sicht? Na ja, verursacht wurde sie durch den <a href=\"http:\/\/de.wikipedia.org\/wiki\/Orinoko\">Orinoco<\/a>. Genaugenommen durch massive Regenf\u00e4lle im Einzugsgebiet des Flusses und damit verbunden riesigen Einsp\u00fclungen von N\u00e4hrstoffen ins Meer, die dann wiederum zu einer explosionsartigen Vermehrung von Plankton gef\u00fchrt haben. Wer jetzt auf der Suche nach dem Fluss und seiner Lage in Bezug zu Tobago ist, dieser Fluss hat ein M\u00fcndungsdelta von \u00fcber 300 km L\u00e4nge und zieht sich \u00fcber die gesamte K\u00fcstenl\u00e4nge gegen\u00fcber Trinidad hin.<\/p>\n\n\n\n<p>Der Rest dieser Unterwasserwelt ist dann aber fantastisch. Offensichtlich war das starke Algenwachstum und die damit verbundene schlechte Sicht f\u00fcr die Langusten ein Zeichen f\u00fcr die nahende D\u00e4mmerung. Wir haben noch nie tags\u00fcber so viele von ihnen in guter Sichtposition gesehen. Sie waren auch eher neugierig und angriffslustig, als sch\u00fcchtern.<\/p>\n\n\n\n<div class=\"wp-block-image\"><figure class=\"aligncenter size-full\"><a href=\"https:\/\/www.guhalg.com\/wordpress\/wp-content\/uploads\/Reisen\/Tobago2010\/Reise\/P1000675.jpg\"><img loading=\"lazy\" decoding=\"async\" width=\"1024\" height=\"576\" src=\"https:\/\/www.guhalg.com\/wordpress\/wp-content\/uploads\/Reisen\/Tobago2010\/Reise\/P1000675.jpg\" alt=\"Languste\" class=\"wp-image-7928\" srcset=\"https:\/\/www.guhalg.com\/wordpress\/wp-content\/uploads\/Reisen\/Tobago2010\/Reise\/P1000675.jpg 1024w, https:\/\/www.guhalg.com\/wordpress\/wp-content\/uploads\/Reisen\/Tobago2010\/Reise\/P1000675-300x169.jpg 300w, https:\/\/www.guhalg.com\/wordpress\/wp-content\/uploads\/Reisen\/Tobago2010\/Reise\/P1000675-768x432.jpg 768w\" sizes=\"auto, (max-width: 1024px) 100vw, 1024px\" \/><\/a><figcaption>Languste<\/figcaption><\/figure><\/div>\n\n\n\n<p>Wobei dieses auch auf die Krabben zutrifft, welche als eigentliche nachtaktive Tiere sich auch schon vormittags zeigten.<\/p>\n\n\n\n<div class=\"wp-block-image\"><figure class=\"aligncenter size-full\"><a href=\"https:\/\/www.guhalg.com\/wordpress\/wp-content\/uploads\/Reisen\/Tobago2010\/Reise\/P1000687.jpg\"><img loading=\"lazy\" decoding=\"async\" width=\"1024\" height=\"576\" src=\"https:\/\/www.guhalg.com\/wordpress\/wp-content\/uploads\/Reisen\/Tobago2010\/Reise\/P1000687.jpg\" alt=\"Krabbe\" class=\"wp-image-7929\" srcset=\"https:\/\/www.guhalg.com\/wordpress\/wp-content\/uploads\/Reisen\/Tobago2010\/Reise\/P1000687.jpg 1024w, https:\/\/www.guhalg.com\/wordpress\/wp-content\/uploads\/Reisen\/Tobago2010\/Reise\/P1000687-300x169.jpg 300w, https:\/\/www.guhalg.com\/wordpress\/wp-content\/uploads\/Reisen\/Tobago2010\/Reise\/P1000687-768x432.jpg 768w\" sizes=\"auto, (max-width: 1024px) 100vw, 1024px\" \/><\/a><figcaption>Krabbe<\/figcaption><\/figure><\/div>\n\n\n\n<div class=\"wp-block-image\"><figure class=\"aligncenter size-full\"><a href=\"https:\/\/www.guhalg.com\/wordpress\/wp-content\/uploads\/Reisen\/Tobago2010\/Reise\/P1000452.jpg\"><img loading=\"lazy\" decoding=\"async\" width=\"1024\" height=\"576\" src=\"https:\/\/www.guhalg.com\/wordpress\/wp-content\/uploads\/Reisen\/Tobago2010\/Reise\/P1000452.jpg\" alt=\"Eine weitere Krabbe\" class=\"wp-image-7924\" srcset=\"https:\/\/www.guhalg.com\/wordpress\/wp-content\/uploads\/Reisen\/Tobago2010\/Reise\/P1000452.jpg 1024w, https:\/\/www.guhalg.com\/wordpress\/wp-content\/uploads\/Reisen\/Tobago2010\/Reise\/P1000452-300x169.jpg 300w, https:\/\/www.guhalg.com\/wordpress\/wp-content\/uploads\/Reisen\/Tobago2010\/Reise\/P1000452-768x432.jpg 768w\" sizes=\"auto, (max-width: 1024px) 100vw, 1024px\" \/><\/a><figcaption>Eine weitere Krabbe<\/figcaption><\/figure><\/div>\n\n\n\n<p>Aber auch andere, tagaktive Tiere haben eine erstaunliche Zutraulichkeit gezeigt, wie der Fl\u00f6tenfisch hier. \u00dcbrigens, im Hintergrund zu sehen ist die Profikamera von Eckart.<\/p>\n\n\n\n<div class=\"wp-block-image\"><figure class=\"aligncenter size-full\"><a href=\"https:\/\/www.guhalg.com\/wordpress\/wp-content\/uploads\/Reisen\/Tobago2010\/Reise\/P1000751.jpg\"><img loading=\"lazy\" decoding=\"async\" width=\"1024\" height=\"576\" src=\"https:\/\/www.guhalg.com\/wordpress\/wp-content\/uploads\/Reisen\/Tobago2010\/Reise\/P1000751.jpg\" alt=\"Fl\u00f6tenfisch\" class=\"wp-image-7930\" srcset=\"https:\/\/www.guhalg.com\/wordpress\/wp-content\/uploads\/Reisen\/Tobago2010\/Reise\/P1000751.jpg 1024w, https:\/\/www.guhalg.com\/wordpress\/wp-content\/uploads\/Reisen\/Tobago2010\/Reise\/P1000751-300x169.jpg 300w, https:\/\/www.guhalg.com\/wordpress\/wp-content\/uploads\/Reisen\/Tobago2010\/Reise\/P1000751-768x432.jpg 768w\" sizes=\"auto, (max-width: 1024px) 100vw, 1024px\" \/><\/a><figcaption>Fl\u00f6tenfisch<\/figcaption><\/figure><\/div>\n\n\n\n<p>Doch auch taucherrisch konnte man einige sch\u00f6ne Aktivit\u00e4ten genie\u00dfen. Allen voran das Treiben in Richtung Japanese Garden mit einem sch\u00f6nen Durchbruch. Ein leichtes Antauchen und im richtigen Moment rechts abbiegen, dann mit Schwung durch den Channel um anschlie\u00dfend an der Riffkante im ruhigen Wasser auszutauchen. Auf den folgenden Bildern seht ihr Chrischi, wie sie an der Kante abtaucht.<\/p>\n\n\n\n<div class=\"wp-block-columns is-layout-flex wp-container-core-columns-is-layout-9d6595d7 wp-block-columns-is-layout-flex\">\n<div class=\"wp-block-column is-layout-flow wp-block-column-is-layout-flow\">\n<div class=\"wp-block-image\"><figure class=\"aligncenter size-full\"><a href=\"https:\/\/www.guhalg.com\/wordpress\/wp-content\/uploads\/Reisen\/Tobago2010\/Reise\/P1010695.jpg\"><img loading=\"lazy\" decoding=\"async\" width=\"1024\" height=\"576\" src=\"https:\/\/www.guhalg.com\/wordpress\/wp-content\/uploads\/Reisen\/Tobago2010\/Reise\/P1010695.jpg\" alt=\"Um die Ecke rum\" class=\"wp-image-7942\" srcset=\"https:\/\/www.guhalg.com\/wordpress\/wp-content\/uploads\/Reisen\/Tobago2010\/Reise\/P1010695.jpg 1024w, https:\/\/www.guhalg.com\/wordpress\/wp-content\/uploads\/Reisen\/Tobago2010\/Reise\/P1010695-300x169.jpg 300w, https:\/\/www.guhalg.com\/wordpress\/wp-content\/uploads\/Reisen\/Tobago2010\/Reise\/P1010695-768x432.jpg 768w\" sizes=\"auto, (max-width: 1024px) 100vw, 1024px\" \/><\/a><figcaption>Um die Ecke rum<\/figcaption><\/figure><\/div>\n<\/div>\n\n\n\n<div class=\"wp-block-column is-layout-flow wp-block-column-is-layout-flow\">\n<div class=\"wp-block-image\"><figure class=\"aligncenter size-full\"><a href=\"https:\/\/www.guhalg.com\/wordpress\/wp-content\/uploads\/Reisen\/Tobago2010\/Reise\/P1010700.jpg\"><img loading=\"lazy\" decoding=\"async\" width=\"1024\" height=\"576\" src=\"https:\/\/www.guhalg.com\/wordpress\/wp-content\/uploads\/Reisen\/Tobago2010\/Reise\/P1010700.jpg\" alt=\"Noch ein kleines St\u00fcck\" class=\"wp-image-7943\" srcset=\"https:\/\/www.guhalg.com\/wordpress\/wp-content\/uploads\/Reisen\/Tobago2010\/Reise\/P1010700.jpg 1024w, https:\/\/www.guhalg.com\/wordpress\/wp-content\/uploads\/Reisen\/Tobago2010\/Reise\/P1010700-300x169.jpg 300w, https:\/\/www.guhalg.com\/wordpress\/wp-content\/uploads\/Reisen\/Tobago2010\/Reise\/P1010700-768x432.jpg 768w\" sizes=\"auto, (max-width: 1024px) 100vw, 1024px\" \/><\/a><figcaption>Noch ein kleines St\u00fcck<\/figcaption><\/figure><\/div>\n<\/div>\n\n\n\n<div class=\"wp-block-column is-layout-flow wp-block-column-is-layout-flow\">\n<div class=\"wp-block-image\"><figure class=\"aligncenter size-full\"><a href=\"https:\/\/www.guhalg.com\/wordpress\/wp-content\/uploads\/Reisen\/Tobago2010\/Reise\/P1010701.jpg\"><img loading=\"lazy\" decoding=\"async\" width=\"1024\" height=\"576\" src=\"https:\/\/www.guhalg.com\/wordpress\/wp-content\/uploads\/Reisen\/Tobago2010\/Reise\/P1010701.jpg\" alt=\"Geschafft\" class=\"wp-image-7944\" srcset=\"https:\/\/www.guhalg.com\/wordpress\/wp-content\/uploads\/Reisen\/Tobago2010\/Reise\/P1010701.jpg 1024w, https:\/\/www.guhalg.com\/wordpress\/wp-content\/uploads\/Reisen\/Tobago2010\/Reise\/P1010701-300x169.jpg 300w, https:\/\/www.guhalg.com\/wordpress\/wp-content\/uploads\/Reisen\/Tobago2010\/Reise\/P1010701-768x432.jpg 768w\" sizes=\"auto, (max-width: 1024px) 100vw, 1024px\" \/><\/a><figcaption>Geschafft<\/figcaption><\/figure><\/div>\n<\/div>\n<\/div>\n\n\n\n<p>Und dann in ca. 18&nbsp;m Tiefe, sucht man nach einem der kleinen, s\u00fc\u00dfen Highlights &#8211; einem wundersch\u00f6n gef\u00e4rbten Seepferdchen.<\/p>\n\n\n\n<div class=\"wp-block-image\"><figure class=\"aligncenter size-full\"><a href=\"https:\/\/www.guhalg.com\/wordpress\/wp-content\/uploads\/Reisen\/Tobago2010\/Reise\/P1010690.jpg\"><img loading=\"lazy\" decoding=\"async\" width=\"1024\" height=\"576\" src=\"https:\/\/www.guhalg.com\/wordpress\/wp-content\/uploads\/Reisen\/Tobago2010\/Reise\/P1010690.jpg\" alt=\"Seepferdchen\" class=\"wp-image-7941\" srcset=\"https:\/\/www.guhalg.com\/wordpress\/wp-content\/uploads\/Reisen\/Tobago2010\/Reise\/P1010690.jpg 1024w, https:\/\/www.guhalg.com\/wordpress\/wp-content\/uploads\/Reisen\/Tobago2010\/Reise\/P1010690-300x169.jpg 300w, https:\/\/www.guhalg.com\/wordpress\/wp-content\/uploads\/Reisen\/Tobago2010\/Reise\/P1010690-768x432.jpg 768w\" sizes=\"auto, (max-width: 1024px) 100vw, 1024px\" \/><\/a><figcaption>Seepferdchen<\/figcaption><\/figure><\/div>\n\n\n\n<p>Eines der absoluten Highlights war sicherlich die Achterbahnfahrt zwischen, um, \u00fcber und durch die Korallen in einer so starken Str\u00f6mung, dass selbst das Navigieren zur Seite teilweise nicht mehr m\u00f6glich war. Gut nur, dass die Str\u00f6mung einen nicht an die Korallen, sondern um sie herum treibt. Von diesem Ritt haben wir keine Bilder, war aber auch einfach zu schwierig und die Stimmung h\u00e4tte man mit statischen Bildern sowieso nicht einfangen k\u00f6nnen. Die Landschaft rund um Tobago ist viel von Weichkorallen gepr\u00e4gt, die sich in der Str\u00f6mung hin und her wiegen. Doch seht selbst: <a href=\"http:\/\/localhost:4001\/wb\/pages\/tobago-2010\/bilder\/unterwasser.php\">Tobago Unterwasser<\/a>. Mit diesen Bildern beenden wir nun unseren kleinen Bericht \u00fcber Tobago. Obwohl wir nur zwei Wochen hier verbrachten, war der Speicher so mit Erlebnissen gef\u00fcllt, dass man noch lange lange Zeit davon tr\u00e4umen kann.<\/p>\n\n\n\n<div class=\"wp-block-columns is-layout-flex wp-container-core-columns-is-layout-9d6595d7 wp-block-columns-is-layout-flex\">\n<div class=\"wp-block-column is-layout-flow wp-block-column-is-layout-flow\">\n<div class=\"wp-block-buttons is-layout-flex wp-block-buttons-is-layout-flex\">\n<div class=\"wp-block-button\"><a class=\"wp-block-button__link\" href=\"https:\/\/www.guhalg.com\/wordpress\/?page_id=7998\">Aktivit\u00e4ten und mehr<\/a><\/div>\n<\/div>\n<\/div>\n\n\n\n<div class=\"wp-block-column is-layout-flow wp-block-column-is-layout-flow\">\n<div class=\"wp-block-buttons is-content-justification-right is-layout-flex wp-container-core-buttons-is-layout-765c4724 wp-block-buttons-is-layout-flex\">\n<div class=\"wp-block-button\"><a class=\"wp-block-button__link\" href=\"https:\/\/www.guhalg.com\/wordpress\/?page_id=7993\">Bilder Speyside Inn<\/a><\/div>\n<\/div>\n<\/div>\n<\/div>\n","protected":false},"excerpt":{"rendered":"<p>Jetzt haben wir ja schon so ziemlich alle Highlights und Specials von Tobago beschrieben. Allerdings der eigentliche Urlaubsgrund hierher fehlt noch. Kommen wir also zum Tauchen. Wie schon eingangs erw\u00e4hnt waren wir in der ersten Woche bis auf die Gewinner&hellip; <\/p>\n","protected":false},"author":1,"featured_media":0,"parent":7697,"menu_order":3,"comment_status":"closed","ping_status":"closed","template":"","meta":{"footnotes":""},"class_list":["post-8252","page","type-page","status-publish","hentry"],"_links":{"self":[{"href":"https:\/\/www.guhalg.com\/wordpress\/index.php?rest_route=\/wp\/v2\/pages\/8252","targetHints":{"allow":["GET"]}}],"collection":[{"href":"https:\/\/www.guhalg.com\/wordpress\/index.php?rest_route=\/wp\/v2\/pages"}],"about":[{"href":"https:\/\/www.guhalg.com\/wordpress\/index.php?rest_route=\/wp\/v2\/types\/page"}],"author":[{"embeddable":true,"href":"https:\/\/www.guhalg.com\/wordpress\/index.php?rest_route=\/wp\/v2\/users\/1"}],"replies":[{"embeddable":true,"href":"https:\/\/www.guhalg.com\/wordpress\/index.php?rest_route=%2Fwp%2Fv2%2Fcomments&post=8252"}],"version-history":[{"count":7,"href":"https:\/\/www.guhalg.com\/wordpress\/index.php?rest_route=\/wp\/v2\/pages\/8252\/revisions"}],"predecessor-version":[{"id":8313,"href":"https:\/\/www.guhalg.com\/wordpress\/index.php?rest_route=\/wp\/v2\/pages\/8252\/revisions\/8313"}],"up":[{"embeddable":true,"href":"https:\/\/www.guhalg.com\/wordpress\/index.php?rest_route=\/wp\/v2\/pages\/7697"}],"wp:attachment":[{"href":"https:\/\/www.guhalg.com\/wordpress\/index.php?rest_route=%2Fwp%2Fv2%2Fmedia&parent=8252"}],"curies":[{"name":"wp","href":"https:\/\/api.w.org\/{rel}","templated":true}]}}