{"id":8325,"date":"2022-02-12T22:35:18","date_gmt":"2022-02-12T21:35:18","guid":{"rendered":"https:\/\/www.guhalg.com\/wordpress\/?page_id=8325"},"modified":"2022-02-13T20:40:37","modified_gmt":"2022-02-13T19:40:37","slug":"indonesien-2010","status":"publish","type":"page","link":"https:\/\/www.guhalg.com\/wordpress\/?page_id=8325","title":{"rendered":"Indonesien 2010"},"content":{"rendered":"\n<h3 class=\"wp-block-heading\" id=\"pulisan-und-raja-ampat\">Pulisan und Raja Ampat<\/h3>\n\n\n\n<p>Auch 2010 gab es wieder eine gemeinsame Tauchreise mit ein paar Freunden und auch diesmal fiel die Wahl auf Indonesien. Es sollte auch wieder eine zweigeteilte Urlaubsreise werden, mit einer Woche Tauchsafari und anschlie\u00dfend eine Woche Tauchen im Resort, und zwar in <a rel=\"noreferrer noopener\" href=\"http:\/\/de.wikipedia.org\/wiki\/Raja_Ampat\" target=\"_blank\">Raja Ampat<\/a>. Leider war es Daniel und Horst aufgrund der aktuellen Arbeitssituation nicht mehr m\u00f6glich, diesen Urlaub komplett gemeinsam zu verbringen. So haben wir uns dann entschlossen schon vorab zu fliegen und nur zusammen auf die Safari zu gehen, f\u00fcr uns als kr\u00f6nenden Abschluss und f\u00fcr die anderen als Einstieg in den Urlaub. Als gl\u00fccklich stellte sich dann die Reiseplanung bzw. der Reiseverlauf heraus. Da die Anreise nach Raja Ampat \u00fcber Manado verlief, konnten wir unsere zwei Wochen vorab wunderbar bei Katrin im Pulisan Jungle Beach Resort verbringen.<\/p>\n\n\n\n<div class=\"wp-block-image\"><figure class=\"aligncenter size-full\"><a href=\"https:\/\/www.guhalg.com\/wordpress\/wp-content\/uploads\/Reisen\/Indonesien2010\/Reise\/Bali_2010.jpg\"><img loading=\"lazy\" decoding=\"async\" width=\"1024\" height=\"568\" src=\"https:\/\/www.guhalg.com\/wordpress\/wp-content\/uploads\/Reisen\/Indonesien2010\/Reise\/Bali_2010.jpg\" alt=\"Das Ziel\" class=\"wp-image-8330\" srcset=\"https:\/\/www.guhalg.com\/wordpress\/wp-content\/uploads\/Reisen\/Indonesien2010\/Reise\/Bali_2010.jpg 1024w, https:\/\/www.guhalg.com\/wordpress\/wp-content\/uploads\/Reisen\/Indonesien2010\/Reise\/Bali_2010-300x166.jpg 300w, https:\/\/www.guhalg.com\/wordpress\/wp-content\/uploads\/Reisen\/Indonesien2010\/Reise\/Bali_2010-768x426.jpg 768w\" sizes=\"auto, (max-width: 1024px) 100vw, 1024px\" \/><\/a><figcaption>Das Ziel<\/figcaption><\/figure><\/div>\n\n\n\n<p>Und auch hier noch der Link nach <a rel=\"noreferrer noopener\" href=\"http:\/\/de.wikipedia.org\/wiki\/Indonesien\" target=\"_blank\">Indonesien<\/a> und nach <a rel=\"noreferrer noopener\" href=\"http:\/\/de.wikipedia.org\/wiki\/Sulawesi\" target=\"_blank\">Sulawesi<\/a>.<\/p>\n\n\n\n<div class=\"wp-block-buttons is-content-justification-right is-layout-flex wp-container-core-buttons-is-layout-765c4724 wp-block-buttons-is-layout-flex\">\n<div class=\"wp-block-button\"><a class=\"wp-block-button__link\" href=\"https:\/\/www.guhalg.com\/wordpress\/?page_id=8368\">Auf nach Pulisan<\/a><\/div>\n<\/div>\n","protected":false},"excerpt":{"rendered":"<p>Pulisan und Raja Ampat Auch 2010 gab es wieder eine gemeinsame Tauchreise mit ein paar Freunden und auch diesmal fiel die Wahl auf Indonesien. Es sollte auch wieder eine zweigeteilte Urlaubsreise werden, mit einer Woche Tauchsafari und anschlie\u00dfend eine Woche&hellip; <\/p>\n","protected":false},"author":1,"featured_media":0,"parent":0,"menu_order":24,"comment_status":"closed","ping_status":"closed","template":"","meta":{"footnotes":""},"class_list":["post-8325","page","type-page","status-publish","hentry"],"_links":{"self":[{"href":"https:\/\/www.guhalg.com\/wordpress\/index.php?rest_route=\/wp\/v2\/pages\/8325","targetHints":{"allow":["GET"]}}],"collection":[{"href":"https:\/\/www.guhalg.com\/wordpress\/index.php?rest_route=\/wp\/v2\/pages"}],"about":[{"href":"https:\/\/www.guhalg.com\/wordpress\/index.php?rest_route=\/wp\/v2\/types\/page"}],"author":[{"embeddable":true,"href":"https:\/\/www.guhalg.com\/wordpress\/index.php?rest_route=\/wp\/v2\/users\/1"}],"replies":[{"embeddable":true,"href":"https:\/\/www.guhalg.com\/wordpress\/index.php?rest_route=%2Fwp%2Fv2%2Fcomments&post=8325"}],"version-history":[{"count":6,"href":"https:\/\/www.guhalg.com\/wordpress\/index.php?rest_route=\/wp\/v2\/pages\/8325\/revisions"}],"predecessor-version":[{"id":8371,"href":"https:\/\/www.guhalg.com\/wordpress\/index.php?rest_route=\/wp\/v2\/pages\/8325\/revisions\/8371"}],"wp:attachment":[{"href":"https:\/\/www.guhalg.com\/wordpress\/index.php?rest_route=%2Fwp%2Fv2%2Fmedia&parent=8325"}],"curies":[{"name":"wp","href":"https:\/\/api.w.org\/{rel}","templated":true}]}}