{"id":8383,"date":"2022-02-14T20:00:30","date_gmt":"2022-02-14T19:00:30","guid":{"rendered":"https:\/\/www.guhalg.com\/wordpress\/?page_id=8383"},"modified":"2022-02-14T20:38:15","modified_gmt":"2022-02-14T19:38:15","slug":"tauchen-in-pulisan","status":"publish","type":"page","link":"https:\/\/www.guhalg.com\/wordpress\/?page_id=8383","title":{"rendered":"Tauchen in Pulisan"},"content":{"rendered":"\n<p>Wie auch schon beim ersten Besuch in 2009 ist das Tauchen in Pulisan, den benachtbarten Inseln wie z.B. Bangka Island und der Lembeh Street, gepr\u00e4gt durch die unterschiedlichen Landschaften unter Wasser. Wir wollten auf alle F\u00e4lle wieder diese Vielfalt genie\u00dfen. Also sind wir nach der Ankunft im Resort auch ziemlich bald zu Sonly in die Tauchbasis gegangen, um die auch hier am Ende der Welt vorhandenen Formalit\u00e4ten zu erledigen. \u00dcber die hervorragende Organisation, das relaxte Tauchen und die Abnahme des Equipment Handlings durch die Crew haben wir ja auch schon berichtet. Dann steigen wir hier einfach in die fantastische Tier- und Pflanzenwelt ein. Als Erstes mit ein paar Bildern zu der Unterwasserlandschaft, wobei die Bilder in unterschiedlichen Tauchtiefen entstanden sind. Die erste Reihe so in ca. 1\u20132 m Tiefe, die zweite Reihe beginnt mit einem Bild in gleicher Tiefe, aber an einer Steilwand und geht dann \u00fcber ca. 4\u20135 m bis zu ca. 10 m Tauchtiefe weiter. Wenn man sich die Bilder so im Vergleich anschaut, sieht man schon den abnehmenden Rotanteil im Licht.<\/p>\n\n\n\n<figure class=\"wp-block-gallery has-nested-images columns-default is-cropped wp-block-gallery-1 is-layout-flex wp-block-gallery-is-layout-flex\">\n<figure class=\"wp-block-image size-large\"><img loading=\"lazy\" decoding=\"async\" width=\"1024\" height=\"576\" data-id=\"8408\" src=\"https:\/\/www.guhalg.com\/wordpress\/wp-content\/uploads\/Reisen\/Indonesien2010\/PulisanUnterwasser\/P1030149.jpg\" alt=\"\" class=\"wp-image-8408\" srcset=\"https:\/\/www.guhalg.com\/wordpress\/wp-content\/uploads\/Reisen\/Indonesien2010\/PulisanUnterwasser\/P1030149.jpg 1024w, https:\/\/www.guhalg.com\/wordpress\/wp-content\/uploads\/Reisen\/Indonesien2010\/PulisanUnterwasser\/P1030149-300x169.jpg 300w, https:\/\/www.guhalg.com\/wordpress\/wp-content\/uploads\/Reisen\/Indonesien2010\/PulisanUnterwasser\/P1030149-768x432.jpg 768w\" sizes=\"auto, (max-width: 1024px) 100vw, 1024px\" \/><\/figure>\n\n\n\n<figure class=\"wp-block-image size-large\"><img loading=\"lazy\" decoding=\"async\" width=\"1024\" height=\"576\" data-id=\"8407\" src=\"https:\/\/www.guhalg.com\/wordpress\/wp-content\/uploads\/Reisen\/Indonesien2010\/PulisanUnterwasser\/P1030088.jpg\" alt=\"\" class=\"wp-image-8407\" srcset=\"https:\/\/www.guhalg.com\/wordpress\/wp-content\/uploads\/Reisen\/Indonesien2010\/PulisanUnterwasser\/P1030088.jpg 1024w, https:\/\/www.guhalg.com\/wordpress\/wp-content\/uploads\/Reisen\/Indonesien2010\/PulisanUnterwasser\/P1030088-300x169.jpg 300w, https:\/\/www.guhalg.com\/wordpress\/wp-content\/uploads\/Reisen\/Indonesien2010\/PulisanUnterwasser\/P1030088-768x432.jpg 768w\" sizes=\"auto, (max-width: 1024px) 100vw, 1024px\" \/><\/figure>\n\n\n\n<figure class=\"wp-block-image size-large\"><img loading=\"lazy\" decoding=\"async\" width=\"1024\" height=\"576\" data-id=\"8423\" src=\"https:\/\/www.guhalg.com\/wordpress\/wp-content\/uploads\/Reisen\/Indonesien2010\/PulisanUnterwasser\/P1030549.jpg\" alt=\"\" class=\"wp-image-8423\" srcset=\"https:\/\/www.guhalg.com\/wordpress\/wp-content\/uploads\/Reisen\/Indonesien2010\/PulisanUnterwasser\/P1030549.jpg 1024w, https:\/\/www.guhalg.com\/wordpress\/wp-content\/uploads\/Reisen\/Indonesien2010\/PulisanUnterwasser\/P1030549-300x169.jpg 300w, https:\/\/www.guhalg.com\/wordpress\/wp-content\/uploads\/Reisen\/Indonesien2010\/PulisanUnterwasser\/P1030549-768x432.jpg 768w\" sizes=\"auto, (max-width: 1024px) 100vw, 1024px\" \/><\/figure>\n\n\n\n<figure class=\"wp-block-image size-large\"><img loading=\"lazy\" decoding=\"async\" width=\"1024\" height=\"576\" data-id=\"8446\" src=\"https:\/\/www.guhalg.com\/wordpress\/wp-content\/uploads\/Reisen\/Indonesien2010\/PulisanUnterwasser\/P1040501.jpg\" alt=\"\" class=\"wp-image-8446\" srcset=\"https:\/\/www.guhalg.com\/wordpress\/wp-content\/uploads\/Reisen\/Indonesien2010\/PulisanUnterwasser\/P1040501.jpg 1024w, https:\/\/www.guhalg.com\/wordpress\/wp-content\/uploads\/Reisen\/Indonesien2010\/PulisanUnterwasser\/P1040501-300x169.jpg 300w, https:\/\/www.guhalg.com\/wordpress\/wp-content\/uploads\/Reisen\/Indonesien2010\/PulisanUnterwasser\/P1040501-768x432.jpg 768w\" sizes=\"auto, (max-width: 1024px) 100vw, 1024px\" \/><\/figure>\n\n\n\n<figure class=\"wp-block-image size-large\"><img loading=\"lazy\" decoding=\"async\" width=\"1024\" height=\"576\" data-id=\"8388\" src=\"https:\/\/www.guhalg.com\/wordpress\/wp-content\/uploads\/Reisen\/Indonesien2010\/PulisanUnterwasser\/P1020697.jpg\" alt=\"\" class=\"wp-image-8388\" srcset=\"https:\/\/www.guhalg.com\/wordpress\/wp-content\/uploads\/Reisen\/Indonesien2010\/PulisanUnterwasser\/P1020697.jpg 1024w, https:\/\/www.guhalg.com\/wordpress\/wp-content\/uploads\/Reisen\/Indonesien2010\/PulisanUnterwasser\/P1020697-300x169.jpg 300w, https:\/\/www.guhalg.com\/wordpress\/wp-content\/uploads\/Reisen\/Indonesien2010\/PulisanUnterwasser\/P1020697-768x432.jpg 768w\" sizes=\"auto, (max-width: 1024px) 100vw, 1024px\" \/><\/figure>\n\n\n\n<figure class=\"wp-block-image size-large\"><img loading=\"lazy\" decoding=\"async\" width=\"1024\" height=\"576\" data-id=\"8389\" src=\"https:\/\/www.guhalg.com\/wordpress\/wp-content\/uploads\/Reisen\/Indonesien2010\/PulisanUnterwasser\/P1020705.jpg\" alt=\"\" class=\"wp-image-8389\" srcset=\"https:\/\/www.guhalg.com\/wordpress\/wp-content\/uploads\/Reisen\/Indonesien2010\/PulisanUnterwasser\/P1020705.jpg 1024w, https:\/\/www.guhalg.com\/wordpress\/wp-content\/uploads\/Reisen\/Indonesien2010\/PulisanUnterwasser\/P1020705-300x169.jpg 300w, https:\/\/www.guhalg.com\/wordpress\/wp-content\/uploads\/Reisen\/Indonesien2010\/PulisanUnterwasser\/P1020705-768x432.jpg 768w\" sizes=\"auto, (max-width: 1024px) 100vw, 1024px\" \/><\/figure>\n<\/figure>\n\n\n\n<p>Wobei man dann bei schlechter Sicht eine Verschiebung ins gr\u00fcnliche, selbst in geringer Tauchtiefe, sehen kann.<\/p>\n\n\n\n<div class=\"wp-block-columns is-layout-flex wp-container-core-columns-is-layout-9d6595d7 wp-block-columns-is-layout-flex\">\n<div class=\"wp-block-column is-layout-flow wp-block-column-is-layout-flow\">\n<div class=\"wp-block-image\"><figure class=\"aligncenter size-full\"><a href=\"https:\/\/www.guhalg.com\/wordpress\/wp-content\/uploads\/Reisen\/Indonesien2010\/PulisanUnterwasser\/P1030086.jpg\"><img loading=\"lazy\" decoding=\"async\" width=\"1024\" height=\"576\" src=\"https:\/\/www.guhalg.com\/wordpress\/wp-content\/uploads\/Reisen\/Indonesien2010\/PulisanUnterwasser\/P1030086.jpg\" alt=\"Solit\u00e4rer Korallenblock\" class=\"wp-image-8406\" srcset=\"https:\/\/www.guhalg.com\/wordpress\/wp-content\/uploads\/Reisen\/Indonesien2010\/PulisanUnterwasser\/P1030086.jpg 1024w, https:\/\/www.guhalg.com\/wordpress\/wp-content\/uploads\/Reisen\/Indonesien2010\/PulisanUnterwasser\/P1030086-300x169.jpg 300w, https:\/\/www.guhalg.com\/wordpress\/wp-content\/uploads\/Reisen\/Indonesien2010\/PulisanUnterwasser\/P1030086-768x432.jpg 768w\" sizes=\"auto, (max-width: 1024px) 100vw, 1024px\" \/><\/a><figcaption>Solit\u00e4rer Korallenblock<\/figcaption><\/figure><\/div>\n<\/div>\n\n\n\n<div class=\"wp-block-column is-layout-flow wp-block-column-is-layout-flow\">\n<div class=\"wp-block-image\"><figure class=\"aligncenter size-full\"><a href=\"https:\/\/www.guhalg.com\/wordpress\/wp-content\/uploads\/Reisen\/Indonesien2010\/PulisanUnterwasser\/P1030499.jpg\"><img loading=\"lazy\" decoding=\"async\" width=\"1024\" height=\"576\" src=\"https:\/\/www.guhalg.com\/wordpress\/wp-content\/uploads\/Reisen\/Indonesien2010\/PulisanUnterwasser\/P1030499.jpg\" alt=\"Schlechte Sicht\" class=\"wp-image-8422\" srcset=\"https:\/\/www.guhalg.com\/wordpress\/wp-content\/uploads\/Reisen\/Indonesien2010\/PulisanUnterwasser\/P1030499.jpg 1024w, https:\/\/www.guhalg.com\/wordpress\/wp-content\/uploads\/Reisen\/Indonesien2010\/PulisanUnterwasser\/P1030499-300x169.jpg 300w, https:\/\/www.guhalg.com\/wordpress\/wp-content\/uploads\/Reisen\/Indonesien2010\/PulisanUnterwasser\/P1030499-768x432.jpg 768w\" sizes=\"auto, (max-width: 1024px) 100vw, 1024px\" \/><\/a><figcaption>Schlechte Sicht<\/figcaption><\/figure><\/div>\n<\/div>\n<\/div>\n\n\n\n<p>Aber es gibt nicht nur die interessanten Farbverschiebungen unter Wasser. Hier k\u00f6nnt ihr ein bisschen die Reflexionen der Sonne durch die leichten Wellen an der Wasseroberfl\u00e4che sehen.<\/p>\n\n\n\n<div class=\"wp-block-image\"><figure class=\"aligncenter size-full\"><a href=\"https:\/\/www.guhalg.com\/wordpress\/wp-content\/uploads\/Reisen\/Indonesien2010\/PulisanUnterwasser\/P1030150.jpg\"><img loading=\"lazy\" decoding=\"async\" width=\"1024\" height=\"576\" src=\"https:\/\/www.guhalg.com\/wordpress\/wp-content\/uploads\/Reisen\/Indonesien2010\/PulisanUnterwasser\/P1030150.jpg\" alt=\"Reflexionen\" class=\"wp-image-8409\" srcset=\"https:\/\/www.guhalg.com\/wordpress\/wp-content\/uploads\/Reisen\/Indonesien2010\/PulisanUnterwasser\/P1030150.jpg 1024w, https:\/\/www.guhalg.com\/wordpress\/wp-content\/uploads\/Reisen\/Indonesien2010\/PulisanUnterwasser\/P1030150-300x169.jpg 300w, https:\/\/www.guhalg.com\/wordpress\/wp-content\/uploads\/Reisen\/Indonesien2010\/PulisanUnterwasser\/P1030150-768x432.jpg 768w\" sizes=\"auto, (max-width: 1024px) 100vw, 1024px\" \/><\/a><figcaption>Reflexionen<\/figcaption><\/figure><\/div>\n\n\n\n<p>Und auf dem folgenden Bild das Lichtspiel aus einer kleinen H\u00f6hle heraus beim Blick in Richtung Sonne.<\/p>\n\n\n\n<div class=\"wp-block-image\"><figure class=\"aligncenter size-full\"><a href=\"https:\/\/www.guhalg.com\/wordpress\/wp-content\/uploads\/Reisen\/Indonesien2010\/PulisanUnterwasser\/P1030550.jpg\"><img loading=\"lazy\" decoding=\"async\" width=\"1024\" height=\"576\" src=\"https:\/\/www.guhalg.com\/wordpress\/wp-content\/uploads\/Reisen\/Indonesien2010\/PulisanUnterwasser\/P1030550.jpg\" alt=\"Aus der H\u00f6hle heraus ins Licht\" class=\"wp-image-8424\" srcset=\"https:\/\/www.guhalg.com\/wordpress\/wp-content\/uploads\/Reisen\/Indonesien2010\/PulisanUnterwasser\/P1030550.jpg 1024w, https:\/\/www.guhalg.com\/wordpress\/wp-content\/uploads\/Reisen\/Indonesien2010\/PulisanUnterwasser\/P1030550-300x169.jpg 300w, https:\/\/www.guhalg.com\/wordpress\/wp-content\/uploads\/Reisen\/Indonesien2010\/PulisanUnterwasser\/P1030550-768x432.jpg 768w\" sizes=\"auto, (max-width: 1024px) 100vw, 1024px\" \/><\/a><figcaption>Aus der H\u00f6hle heraus ins Licht<\/figcaption><\/figure><\/div>\n\n\n\n<p>Bevor jetzt aber auf der n\u00e4chsten Seite die Tierwelt, oder das, was man als Tiere erkennen kann, geb\u00fchrend gezeigt wird, hier noch eine kleine Besonderheit, die sich aus der Tatsache ergibt, dass Indonesien am bzw. auf dem <a rel=\"noreferrer noopener\" href=\"http:\/\/de.wikipedia.org\/wiki\/Pazifischer_Feuerring\" target=\"_blank\">pazifischen Feuerring<\/a> liegt: eine kleine hei\u00dfe Quelle, so hei\u00df, dass man ein Ei in ihr kochen kann.<\/p>\n\n\n\n<div class=\"wp-block-image\"><figure class=\"aligncenter size-full\"><a href=\"https:\/\/www.guhalg.com\/wordpress\/wp-content\/uploads\/Reisen\/Indonesien2010\/PulisanUnterwasser\/P1040637.jpg\"><img loading=\"lazy\" decoding=\"async\" width=\"1024\" height=\"576\" src=\"https:\/\/www.guhalg.com\/wordpress\/wp-content\/uploads\/Reisen\/Indonesien2010\/PulisanUnterwasser\/P1040637.jpg\" alt=\"Hei\u00dfe Quelle\" class=\"wp-image-8448\" srcset=\"https:\/\/www.guhalg.com\/wordpress\/wp-content\/uploads\/Reisen\/Indonesien2010\/PulisanUnterwasser\/P1040637.jpg 1024w, https:\/\/www.guhalg.com\/wordpress\/wp-content\/uploads\/Reisen\/Indonesien2010\/PulisanUnterwasser\/P1040637-300x169.jpg 300w, https:\/\/www.guhalg.com\/wordpress\/wp-content\/uploads\/Reisen\/Indonesien2010\/PulisanUnterwasser\/P1040637-768x432.jpg 768w\" sizes=\"auto, (max-width: 1024px) 100vw, 1024px\" \/><\/a><figcaption>Hei\u00dfe Quelle<\/figcaption><\/figure><\/div>\n\n\n\n<div class=\"wp-block-columns is-layout-flex wp-container-core-columns-is-layout-9d6595d7 wp-block-columns-is-layout-flex\">\n<div class=\"wp-block-column is-layout-flow wp-block-column-is-layout-flow\">\n<div class=\"wp-block-buttons is-layout-flex wp-block-buttons-is-layout-flex\">\n<div class=\"wp-block-button\"><a class=\"wp-block-button__link\" href=\"https:\/\/www.guhalg.com\/wordpress\/?page_id=8368\">Auf nach Pulisan<\/a><\/div>\n<\/div>\n<\/div>\n\n\n\n<div class=\"wp-block-column is-layout-flow wp-block-column-is-layout-flow\">\n<div class=\"wp-block-buttons is-content-justification-right is-layout-flex wp-container-core-buttons-is-layout-765c4724 wp-block-buttons-is-layout-flex\">\n<div class=\"wp-block-button\"><a class=\"wp-block-button__link\" href=\"https:\/\/www.guhalg.com\/wordpress\/?page_id=8454\">Tiere in Pulisan<\/a><\/div>\n<\/div>\n<\/div>\n<\/div>\n","protected":false},"excerpt":{"rendered":"<p>Wie auch schon beim ersten Besuch in 2009 ist das Tauchen in Pulisan, den benachtbarten Inseln wie z.B. Bangka Island und der Lembeh Street, gepr\u00e4gt durch die unterschiedlichen Landschaften unter Wasser. Wir wollten auf alle F\u00e4lle wieder diese Vielfalt genie\u00dfen.&hellip; <\/p>\n","protected":false},"author":1,"featured_media":0,"parent":8325,"menu_order":2,"comment_status":"closed","ping_status":"closed","template":"","meta":{"footnotes":""},"class_list":["post-8383","page","type-page","status-publish","hentry"],"_links":{"self":[{"href":"https:\/\/www.guhalg.com\/wordpress\/index.php?rest_route=\/wp\/v2\/pages\/8383","targetHints":{"allow":["GET"]}}],"collection":[{"href":"https:\/\/www.guhalg.com\/wordpress\/index.php?rest_route=\/wp\/v2\/pages"}],"about":[{"href":"https:\/\/www.guhalg.com\/wordpress\/index.php?rest_route=\/wp\/v2\/types\/page"}],"author":[{"embeddable":true,"href":"https:\/\/www.guhalg.com\/wordpress\/index.php?rest_route=\/wp\/v2\/users\/1"}],"replies":[{"embeddable":true,"href":"https:\/\/www.guhalg.com\/wordpress\/index.php?rest_route=%2Fwp%2Fv2%2Fcomments&post=8383"}],"version-history":[{"count":5,"href":"https:\/\/www.guhalg.com\/wordpress\/index.php?rest_route=\/wp\/v2\/pages\/8383\/revisions"}],"predecessor-version":[{"id":8458,"href":"https:\/\/www.guhalg.com\/wordpress\/index.php?rest_route=\/wp\/v2\/pages\/8383\/revisions\/8458"}],"up":[{"embeddable":true,"href":"https:\/\/www.guhalg.com\/wordpress\/index.php?rest_route=\/wp\/v2\/pages\/8325"}],"wp:attachment":[{"href":"https:\/\/www.guhalg.com\/wordpress\/index.php?rest_route=%2Fwp%2Fv2%2Fmedia&parent=8383"}],"curies":[{"name":"wp","href":"https:\/\/api.w.org\/{rel}","templated":true}]}}