{"id":8470,"date":"2022-02-15T19:37:10","date_gmt":"2022-02-15T18:37:10","guid":{"rendered":"https:\/\/www.guhalg.com\/wordpress\/?page_id=8470"},"modified":"2022-02-15T20:04:49","modified_gmt":"2022-02-15T19:04:49","slug":"tarnung-und-mimese","status":"publish","type":"page","link":"https:\/\/www.guhalg.com\/wordpress\/?page_id=8470","title":{"rendered":"Tarnung und Mimese"},"content":{"rendered":"\n<p>Sich tarnen, um nicht gefressen zu werden, sich tarnen um zu jagen, und wird man dann doch mal entdeckt, wie kann man sich da sch\u00fctzen? Hier einige Beispiele, die uns so aufgefallen sind. Aber nat\u00fcrlich erstmal: Was ist eigentlich <a rel=\"noreferrer noopener\" href=\"http:\/\/de.wikipedia.org\/wiki\/Mimese\" target=\"_blank\">Mimese<\/a>? Knapp zusammengefasst: aussehen, wie die Umgebung.<\/p>\n\n\n\n<p>Fangen wir mal mit einem ganz einfachen Beispiel an, einem Drachenkopf. So wie er hier liegt, ist er doch ganz einfach zu erkennen.<\/p>\n\n\n\n<div class=\"wp-block-image\"><figure class=\"aligncenter size-full\"><a href=\"https:\/\/www.guhalg.com\/wordpress\/wp-content\/uploads\/Reisen\/Indonesien2010\/PulisanUnterwasser\/P1020770.jpg\"><img loading=\"lazy\" decoding=\"async\" width=\"1024\" height=\"576\" src=\"https:\/\/www.guhalg.com\/wordpress\/wp-content\/uploads\/Reisen\/Indonesien2010\/PulisanUnterwasser\/P1020770.jpg\" alt=\"Drachenkopf\" class=\"wp-image-8391\" srcset=\"https:\/\/www.guhalg.com\/wordpress\/wp-content\/uploads\/Reisen\/Indonesien2010\/PulisanUnterwasser\/P1020770.jpg 1024w, https:\/\/www.guhalg.com\/wordpress\/wp-content\/uploads\/Reisen\/Indonesien2010\/PulisanUnterwasser\/P1020770-300x169.jpg 300w, https:\/\/www.guhalg.com\/wordpress\/wp-content\/uploads\/Reisen\/Indonesien2010\/PulisanUnterwasser\/P1020770-768x432.jpg 768w\" sizes=\"auto, (max-width: 1024px) 100vw, 1024px\" \/><\/a><figcaption>Drachenkopf<\/figcaption><\/figure><\/div>\n\n\n\n<p>Nun ein weiterer Drachenkopf, diesmal aber aus etwas weiterer Entfernung aufgenommen. Und das Tier hat sich sehr sch\u00f6n an die Farbgestaltung seiner Umgebung angepasst.<\/p>\n\n\n\n<div class=\"wp-block-image\"><figure class=\"aligncenter size-full\"><a href=\"https:\/\/www.guhalg.com\/wordpress\/wp-content\/uploads\/Reisen\/Indonesien2010\/PulisanUnterwasser\/P1030447.jpg\"><img loading=\"lazy\" decoding=\"async\" width=\"1024\" height=\"576\" src=\"https:\/\/www.guhalg.com\/wordpress\/wp-content\/uploads\/Reisen\/Indonesien2010\/PulisanUnterwasser\/P1030447.jpg\" alt=\"Drachenkopf\" class=\"wp-image-8417\" srcset=\"https:\/\/www.guhalg.com\/wordpress\/wp-content\/uploads\/Reisen\/Indonesien2010\/PulisanUnterwasser\/P1030447.jpg 1024w, https:\/\/www.guhalg.com\/wordpress\/wp-content\/uploads\/Reisen\/Indonesien2010\/PulisanUnterwasser\/P1030447-300x169.jpg 300w, https:\/\/www.guhalg.com\/wordpress\/wp-content\/uploads\/Reisen\/Indonesien2010\/PulisanUnterwasser\/P1030447-768x432.jpg 768w\" sizes=\"auto, (max-width: 1024px) 100vw, 1024px\" \/><\/a><figcaption>Drachenkopf<\/figcaption><\/figure><\/div>\n\n\n\n<p>Und hier noch ein sehr sch\u00f6nes Beispiel einer anderen Spezies. Einer Seenadel, wobei die Tarnung auch stark vom Untergrund abh\u00e4ngt.<\/p>\n\n\n\n<div class=\"wp-block-columns is-layout-flex wp-container-core-columns-is-layout-9d6595d7 wp-block-columns-is-layout-flex\">\n<div class=\"wp-block-column is-layout-flow wp-block-column-is-layout-flow\">\n<div class=\"wp-block-image\"><figure class=\"aligncenter size-full\"><a href=\"https:\/\/www.guhalg.com\/wordpress\/wp-content\/uploads\/Reisen\/Indonesien2010\/PulisanUnterwasser\/P1030409.jpg\"><img loading=\"lazy\" decoding=\"async\" width=\"1024\" height=\"576\" src=\"https:\/\/www.guhalg.com\/wordpress\/wp-content\/uploads\/Reisen\/Indonesien2010\/PulisanUnterwasser\/P1030409.jpg\" alt=\"Seenadel\" class=\"wp-image-8414\" srcset=\"https:\/\/www.guhalg.com\/wordpress\/wp-content\/uploads\/Reisen\/Indonesien2010\/PulisanUnterwasser\/P1030409.jpg 1024w, https:\/\/www.guhalg.com\/wordpress\/wp-content\/uploads\/Reisen\/Indonesien2010\/PulisanUnterwasser\/P1030409-300x169.jpg 300w, https:\/\/www.guhalg.com\/wordpress\/wp-content\/uploads\/Reisen\/Indonesien2010\/PulisanUnterwasser\/P1030409-768x432.jpg 768w\" sizes=\"auto, (max-width: 1024px) 100vw, 1024px\" \/><\/a><figcaption>Seenadel<\/figcaption><\/figure><\/div>\n<\/div>\n\n\n\n<div class=\"wp-block-column is-layout-flow wp-block-column-is-layout-flow\">\n<div class=\"wp-block-image\"><figure class=\"aligncenter size-full\"><a href=\"https:\/\/www.guhalg.com\/wordpress\/wp-content\/uploads\/Reisen\/Indonesien2010\/PulisanUnterwasser\/P1040487.jpg\"><img loading=\"lazy\" decoding=\"async\" width=\"1024\" height=\"576\" src=\"https:\/\/www.guhalg.com\/wordpress\/wp-content\/uploads\/Reisen\/Indonesien2010\/PulisanUnterwasser\/P1040487.jpg\" alt=\"Seenadel\" class=\"wp-image-8442\" srcset=\"https:\/\/www.guhalg.com\/wordpress\/wp-content\/uploads\/Reisen\/Indonesien2010\/PulisanUnterwasser\/P1040487.jpg 1024w, https:\/\/www.guhalg.com\/wordpress\/wp-content\/uploads\/Reisen\/Indonesien2010\/PulisanUnterwasser\/P1040487-300x169.jpg 300w, https:\/\/www.guhalg.com\/wordpress\/wp-content\/uploads\/Reisen\/Indonesien2010\/PulisanUnterwasser\/P1040487-768x432.jpg 768w\" sizes=\"auto, (max-width: 1024px) 100vw, 1024px\" \/><\/a><figcaption>Seenadel<\/figcaption><\/figure><\/div>\n<\/div>\n<\/div>\n\n\n\n<p>Dann noch ein Geister- und ein Seegraspfeifenfisch, deren Tarnung u.\u00a0a. in ihrem Verhalten liegt, halt wie die Umgebung.<\/p>\n\n\n\n<div class=\"wp-block-columns is-layout-flex wp-container-core-columns-is-layout-9d6595d7 wp-block-columns-is-layout-flex\">\n<div class=\"wp-block-column is-layout-flow wp-block-column-is-layout-flow\">\n<div class=\"wp-block-image\"><figure class=\"aligncenter size-full\"><a href=\"https:\/\/www.guhalg.com\/wordpress\/wp-content\/uploads\/Reisen\/Indonesien2010\/PulisanUnterwasser\/P1020981.jpg\"><img loading=\"lazy\" decoding=\"async\" width=\"1024\" height=\"576\" src=\"https:\/\/www.guhalg.com\/wordpress\/wp-content\/uploads\/Reisen\/Indonesien2010\/PulisanUnterwasser\/P1020981.jpg\" alt=\"Geisterpfeifenfisch\" class=\"wp-image-8398\" srcset=\"https:\/\/www.guhalg.com\/wordpress\/wp-content\/uploads\/Reisen\/Indonesien2010\/PulisanUnterwasser\/P1020981.jpg 1024w, https:\/\/www.guhalg.com\/wordpress\/wp-content\/uploads\/Reisen\/Indonesien2010\/PulisanUnterwasser\/P1020981-300x169.jpg 300w, https:\/\/www.guhalg.com\/wordpress\/wp-content\/uploads\/Reisen\/Indonesien2010\/PulisanUnterwasser\/P1020981-768x432.jpg 768w\" sizes=\"auto, (max-width: 1024px) 100vw, 1024px\" \/><\/a><figcaption>Geisterpfeifenfisch<\/figcaption><\/figure><\/div>\n<\/div>\n\n\n\n<div class=\"wp-block-column is-layout-flow wp-block-column-is-layout-flow\">\n<div class=\"wp-block-image\"><figure class=\"aligncenter size-full\"><a href=\"https:\/\/www.guhalg.com\/wordpress\/wp-content\/uploads\/Reisen\/Indonesien2010\/PulisanUnterwasser\/P1030285.jpg\"><img loading=\"lazy\" decoding=\"async\" width=\"1024\" height=\"576\" src=\"https:\/\/www.guhalg.com\/wordpress\/wp-content\/uploads\/Reisen\/Indonesien2010\/PulisanUnterwasser\/P1030285.jpg\" alt=\"Seegraspfeifenfisch\" class=\"wp-image-8411\" srcset=\"https:\/\/www.guhalg.com\/wordpress\/wp-content\/uploads\/Reisen\/Indonesien2010\/PulisanUnterwasser\/P1030285.jpg 1024w, https:\/\/www.guhalg.com\/wordpress\/wp-content\/uploads\/Reisen\/Indonesien2010\/PulisanUnterwasser\/P1030285-300x169.jpg 300w, https:\/\/www.guhalg.com\/wordpress\/wp-content\/uploads\/Reisen\/Indonesien2010\/PulisanUnterwasser\/P1030285-768x432.jpg 768w\" sizes=\"auto, (max-width: 1024px) 100vw, 1024px\" \/><\/a><figcaption>Seegraspfeifenfisch<\/figcaption><\/figure><\/div>\n<\/div>\n<\/div>\n\n\n\n<p>Das n\u00e4chste Bild hier zeigt einen Teufelsfisch und seine gute farbliche Anpassung. Dieser ist sogar in G\u00e4nze sichtbar. Oft sind sie aber bis auf die Augen und einen kleinen Spalt von Maul eingegraben und somit faktisch unsichtbar.<\/p>\n\n\n\n<div class=\"wp-block-image\"><figure class=\"aligncenter size-full\"><a href=\"https:\/\/www.guhalg.com\/wordpress\/wp-content\/uploads\/Reisen\/Indonesien2010\/PulisanUnterwasser\/P1030843.jpg\"><img loading=\"lazy\" decoding=\"async\" width=\"1024\" height=\"576\" src=\"https:\/\/www.guhalg.com\/wordpress\/wp-content\/uploads\/Reisen\/Indonesien2010\/PulisanUnterwasser\/P1030843.jpg\" alt=\"Teufelsfisch\" class=\"wp-image-8433\" srcset=\"https:\/\/www.guhalg.com\/wordpress\/wp-content\/uploads\/Reisen\/Indonesien2010\/PulisanUnterwasser\/P1030843.jpg 1024w, https:\/\/www.guhalg.com\/wordpress\/wp-content\/uploads\/Reisen\/Indonesien2010\/PulisanUnterwasser\/P1030843-300x169.jpg 300w, https:\/\/www.guhalg.com\/wordpress\/wp-content\/uploads\/Reisen\/Indonesien2010\/PulisanUnterwasser\/P1030843-768x432.jpg 768w\" sizes=\"auto, (max-width: 1024px) 100vw, 1024px\" \/><\/a><figcaption>Teufelsfisch<\/figcaption><\/figure><\/div>\n\n\n\n<p>Als letztes Beispiel f\u00fcr die gute Tarnung hier noch das Bild eines Steinfisches. Hier ist es nicht nur die Farbgebung des Tieres, auch die Oberfl\u00e4che sieht einem mit Korallen bewachsenen Stein t\u00e4uschend \u00e4hnlich.<\/p>\n\n\n\n<div class=\"wp-block-image\"><figure class=\"aligncenter size-full\"><a href=\"https:\/\/www.guhalg.com\/wordpress\/wp-content\/uploads\/Reisen\/Indonesien2010\/PulisanUnterwasser\/P1040190.jpg\"><img loading=\"lazy\" decoding=\"async\" width=\"1024\" height=\"576\" src=\"https:\/\/www.guhalg.com\/wordpress\/wp-content\/uploads\/Reisen\/Indonesien2010\/PulisanUnterwasser\/P1040190.jpg\" alt=\"Steinfisch\" class=\"wp-image-8439\" srcset=\"https:\/\/www.guhalg.com\/wordpress\/wp-content\/uploads\/Reisen\/Indonesien2010\/PulisanUnterwasser\/P1040190.jpg 1024w, https:\/\/www.guhalg.com\/wordpress\/wp-content\/uploads\/Reisen\/Indonesien2010\/PulisanUnterwasser\/P1040190-300x169.jpg 300w, https:\/\/www.guhalg.com\/wordpress\/wp-content\/uploads\/Reisen\/Indonesien2010\/PulisanUnterwasser\/P1040190-768x432.jpg 768w\" sizes=\"auto, (max-width: 1024px) 100vw, 1024px\" \/><\/a><figcaption>Steinfisch<\/figcaption><\/figure><\/div>\n\n\n\n<p>Und sollte doch mal ein Tier entdeckt werden, so kann es immer noch fliehen, auch mit Verwirr Taktik.<\/p>\n\n\n\n<div class=\"wp-block-columns is-layout-flex wp-container-core-columns-is-layout-9d6595d7 wp-block-columns-is-layout-flex\">\n<div class=\"wp-block-column is-layout-flow wp-block-column-is-layout-flow\">\n<div class=\"wp-block-image\"><figure class=\"aligncenter size-full\"><a href=\"https:\/\/www.guhalg.com\/wordpress\/wp-content\/uploads\/Reisen\/Indonesien2010\/PulisanUnterwasser\/P1030740.jpg\"><img loading=\"lazy\" decoding=\"async\" width=\"1024\" height=\"576\" src=\"https:\/\/www.guhalg.com\/wordpress\/wp-content\/uploads\/Reisen\/Indonesien2010\/PulisanUnterwasser\/P1030740.jpg\" alt=\"Oktopus\" class=\"wp-image-8431\" srcset=\"https:\/\/www.guhalg.com\/wordpress\/wp-content\/uploads\/Reisen\/Indonesien2010\/PulisanUnterwasser\/P1030740.jpg 1024w, https:\/\/www.guhalg.com\/wordpress\/wp-content\/uploads\/Reisen\/Indonesien2010\/PulisanUnterwasser\/P1030740-300x169.jpg 300w, https:\/\/www.guhalg.com\/wordpress\/wp-content\/uploads\/Reisen\/Indonesien2010\/PulisanUnterwasser\/P1030740-768x432.jpg 768w\" sizes=\"auto, (max-width: 1024px) 100vw, 1024px\" \/><\/a><figcaption>Oktopus<\/figcaption><\/figure><\/div>\n<\/div>\n\n\n\n<div class=\"wp-block-column is-layout-flow wp-block-column-is-layout-flow\">\n<div class=\"wp-block-image\"><figure class=\"aligncenter size-full\"><a href=\"https:\/\/www.guhalg.com\/wordpress\/wp-content\/uploads\/Reisen\/Indonesien2010\/PulisanUnterwasser\/P1030741.jpg\"><img loading=\"lazy\" decoding=\"async\" width=\"1024\" height=\"576\" src=\"https:\/\/www.guhalg.com\/wordpress\/wp-content\/uploads\/Reisen\/Indonesien2010\/PulisanUnterwasser\/P1030741.jpg\" alt=\"Tintenwolke\" class=\"wp-image-8432\" srcset=\"https:\/\/www.guhalg.com\/wordpress\/wp-content\/uploads\/Reisen\/Indonesien2010\/PulisanUnterwasser\/P1030741.jpg 1024w, https:\/\/www.guhalg.com\/wordpress\/wp-content\/uploads\/Reisen\/Indonesien2010\/PulisanUnterwasser\/P1030741-300x169.jpg 300w, https:\/\/www.guhalg.com\/wordpress\/wp-content\/uploads\/Reisen\/Indonesien2010\/PulisanUnterwasser\/P1030741-768x432.jpg 768w\" sizes=\"auto, (max-width: 1024px) 100vw, 1024px\" \/><\/a><figcaption>Tintenwolke<\/figcaption><\/figure><\/div>\n<\/div>\n<\/div>\n\n\n\n<p>Nicht, dass der Oktopus leicht zu sehen gewesen w\u00e4re. Er passt schlie\u00dflich auch sowohl seine Form und Oberfl\u00e4chenstruktur als auch seine F\u00e4rbung an die Umgebung an. Dar\u00fcber hinaus, wenn er sich ertappt und bedroht f\u00fchlt, st\u00f6\u00dft er eine Fl\u00fcssigkeit aus, im Sprachgebrauch als Tinte bezeichnet. Diese verdeckt seine Flucht und bewegt sich gleichzeitig so z\u00e4h im Wasser wie ein langsames Tier und zieht damit die Aufmerksamkeit eines potenziellen R\u00e4ubers auf sich.<\/p>\n\n\n\n<p>So und weiter geht es auf der n\u00e4chsten Seite mit einigen sch\u00f6nen, skurrilen, ungew\u00f6hnlichen Bildern.<\/p>\n\n\n\n<div class=\"wp-block-columns is-layout-flex wp-container-core-columns-is-layout-9d6595d7 wp-block-columns-is-layout-flex\">\n<div class=\"wp-block-column is-layout-flow wp-block-column-is-layout-flow\">\n<div class=\"wp-block-buttons is-layout-flex wp-block-buttons-is-layout-flex\">\n<div class=\"wp-block-button\"><a class=\"wp-block-button__link\" href=\"https:\/\/www.guhalg.com\/wordpress\/?page_id=8454\">Tiere in Pulisan<\/a><\/div>\n<\/div>\n<\/div>\n\n\n\n<div class=\"wp-block-column is-layout-flow wp-block-column-is-layout-flow\">\n<div class=\"wp-block-buttons is-content-justification-right is-layout-flex wp-container-core-buttons-is-layout-765c4724 wp-block-buttons-is-layout-flex\">\n<div class=\"wp-block-button\"><a class=\"wp-block-button__link\" href=\"https:\/\/www.guhalg.com\/wordpress\/?page_id=8477\">Kurioses<\/a><\/div>\n<\/div>\n<\/div>\n<\/div>\n","protected":false},"excerpt":{"rendered":"<p>Sich tarnen, um nicht gefressen zu werden, sich tarnen um zu jagen, und wird man dann doch mal entdeckt, wie kann man sich da sch\u00fctzen? Hier einige Beispiele, die uns so aufgefallen sind. Aber nat\u00fcrlich erstmal: Was ist eigentlich Mimese?&hellip; <\/p>\n","protected":false},"author":1,"featured_media":0,"parent":8325,"menu_order":4,"comment_status":"closed","ping_status":"closed","template":"","meta":{"footnotes":""},"class_list":["post-8470","page","type-page","status-publish","hentry"],"_links":{"self":[{"href":"https:\/\/www.guhalg.com\/wordpress\/index.php?rest_route=\/wp\/v2\/pages\/8470","targetHints":{"allow":["GET"]}}],"collection":[{"href":"https:\/\/www.guhalg.com\/wordpress\/index.php?rest_route=\/wp\/v2\/pages"}],"about":[{"href":"https:\/\/www.guhalg.com\/wordpress\/index.php?rest_route=\/wp\/v2\/types\/page"}],"author":[{"embeddable":true,"href":"https:\/\/www.guhalg.com\/wordpress\/index.php?rest_route=\/wp\/v2\/users\/1"}],"replies":[{"embeddable":true,"href":"https:\/\/www.guhalg.com\/wordpress\/index.php?rest_route=%2Fwp%2Fv2%2Fcomments&post=8470"}],"version-history":[{"count":5,"href":"https:\/\/www.guhalg.com\/wordpress\/index.php?rest_route=\/wp\/v2\/pages\/8470\/revisions"}],"predecessor-version":[{"id":8482,"href":"https:\/\/www.guhalg.com\/wordpress\/index.php?rest_route=\/wp\/v2\/pages\/8470\/revisions\/8482"}],"up":[{"embeddable":true,"href":"https:\/\/www.guhalg.com\/wordpress\/index.php?rest_route=\/wp\/v2\/pages\/8325"}],"wp:attachment":[{"href":"https:\/\/www.guhalg.com\/wordpress\/index.php?rest_route=%2Fwp%2Fv2%2Fmedia&parent=8470"}],"curies":[{"name":"wp","href":"https:\/\/api.w.org\/{rel}","templated":true}]}}