{"id":8477,"date":"2022-02-15T20:02:00","date_gmt":"2022-02-15T19:02:00","guid":{"rendered":"https:\/\/www.guhalg.com\/wordpress\/?page_id=8477"},"modified":"2022-02-16T19:45:35","modified_gmt":"2022-02-16T18:45:35","slug":"kurioses","status":"publish","type":"page","link":"https:\/\/www.guhalg.com\/wordpress\/?page_id=8477","title":{"rendered":"Kurioses"},"content":{"rendered":"\n<p>Auf dieser Seite haben wir mal einige sch\u00f6ne, skurrile oder auch nur ungew\u00f6hnliche Bilder zusammengestellt. Halt die Bilder, die einen zum Staunen und Schmunzeln bringen.<\/p>\n\n\n\n<p>Zum Anfang haben wir hier das Gelege einer Schecke nebst zugeh\u00f6rigem Tierchen?<\/p>\n\n\n\n<div class=\"wp-block-columns is-layout-flex wp-container-core-columns-is-layout-9d6595d7 wp-block-columns-is-layout-flex\">\n<div class=\"wp-block-column is-layout-flow wp-block-column-is-layout-flow\">\n<div class=\"wp-block-image\"><figure class=\"aligncenter size-full\"><a href=\"https:\/\/www.guhalg.com\/wordpress\/wp-content\/uploads\/Reisen\/Indonesien2010\/PulisanUnterwasser\/P1030041.jpg\"><img loading=\"lazy\" decoding=\"async\" width=\"1024\" height=\"576\" src=\"https:\/\/www.guhalg.com\/wordpress\/wp-content\/uploads\/Reisen\/Indonesien2010\/PulisanUnterwasser\/P1030041.jpg\" alt=\"Das Gelege\" class=\"wp-image-8403\" srcset=\"https:\/\/www.guhalg.com\/wordpress\/wp-content\/uploads\/Reisen\/Indonesien2010\/PulisanUnterwasser\/P1030041.jpg 1024w, https:\/\/www.guhalg.com\/wordpress\/wp-content\/uploads\/Reisen\/Indonesien2010\/PulisanUnterwasser\/P1030041-300x169.jpg 300w, https:\/\/www.guhalg.com\/wordpress\/wp-content\/uploads\/Reisen\/Indonesien2010\/PulisanUnterwasser\/P1030041-768x432.jpg 768w\" sizes=\"auto, (max-width: 1024px) 100vw, 1024px\" \/><\/a><figcaption>Das Gelege<\/figcaption><\/figure><\/div>\n<\/div>\n\n\n\n<div class=\"wp-block-column is-layout-flow wp-block-column-is-layout-flow\">\n<div class=\"wp-block-image\"><figure class=\"aligncenter size-full\"><a href=\"https:\/\/www.guhalg.com\/wordpress\/wp-content\/uploads\/Reisen\/Indonesien2010\/PulisanUnterwasser\/P1030042.jpg\"><img loading=\"lazy\" decoding=\"async\" width=\"1024\" height=\"576\" src=\"https:\/\/www.guhalg.com\/wordpress\/wp-content\/uploads\/Reisen\/Indonesien2010\/PulisanUnterwasser\/P1030042.jpg\" alt=\"Die passende Schnecke\" class=\"wp-image-8404\" srcset=\"https:\/\/www.guhalg.com\/wordpress\/wp-content\/uploads\/Reisen\/Indonesien2010\/PulisanUnterwasser\/P1030042.jpg 1024w, https:\/\/www.guhalg.com\/wordpress\/wp-content\/uploads\/Reisen\/Indonesien2010\/PulisanUnterwasser\/P1030042-300x169.jpg 300w, https:\/\/www.guhalg.com\/wordpress\/wp-content\/uploads\/Reisen\/Indonesien2010\/PulisanUnterwasser\/P1030042-768x432.jpg 768w\" sizes=\"auto, (max-width: 1024px) 100vw, 1024px\" \/><\/a><figcaption>Die passende Schnecke<\/figcaption><\/figure><\/div>\n<\/div>\n<\/div>\n\n\n\n<p>Warum aber ein Fragezeichen? Nun ja, wir haben das Gelege unter Wasser gesehen und wenige Meter entfernt die Nacktschnecke. Ob das Gelege aber von ihr stammt? Wir haben sie nicht bei der Ei-Ablage beobachtet und nur, weil das Gelege die gleiche gelbe Farbe wie die Schecke hat? Wer wei\u00df? Und weiter geht es mit den k\u00fcssenden Teufelsfischen, zumindest sieht es so auf den ersten Blick aus.<\/p>\n\n\n\n<div class=\"wp-block-image\"><figure class=\"aligncenter size-full\"><a href=\"https:\/\/www.guhalg.com\/wordpress\/wp-content\/uploads\/Reisen\/Indonesien2010\/PulisanUnterwasser\/P1020927.jpg\"><img loading=\"lazy\" decoding=\"async\" width=\"1024\" height=\"576\" src=\"https:\/\/www.guhalg.com\/wordpress\/wp-content\/uploads\/Reisen\/Indonesien2010\/PulisanUnterwasser\/P1020927.jpg\" alt=\"Teufelsfische\" class=\"wp-image-8397\" srcset=\"https:\/\/www.guhalg.com\/wordpress\/wp-content\/uploads\/Reisen\/Indonesien2010\/PulisanUnterwasser\/P1020927.jpg 1024w, https:\/\/www.guhalg.com\/wordpress\/wp-content\/uploads\/Reisen\/Indonesien2010\/PulisanUnterwasser\/P1020927-300x169.jpg 300w, https:\/\/www.guhalg.com\/wordpress\/wp-content\/uploads\/Reisen\/Indonesien2010\/PulisanUnterwasser\/P1020927-768x432.jpg 768w\" sizes=\"auto, (max-width: 1024px) 100vw, 1024px\" \/><\/a><figcaption>Teufelsfische<\/figcaption><\/figure><\/div>\n\n\n\n<p>Da wir haben die beiden schon des \u00d6fteren unter Wasser gesehen \u2013 vielleicht sind die beiden ja ein P\u00e4rchen, aber K\u00fcssen bei Fischen? Und weiter geht es mit zwei Krabben, bewachsen mit Steinen, gefolgt von einem kleinen Video, in dem sich die Krabbe tats\u00e4chlich auch beweg.<\/p>\n\n\n\n<div class=\"wp-block-columns is-layout-flex wp-container-core-columns-is-layout-9d6595d7 wp-block-columns-is-layout-flex\">\n<div class=\"wp-block-column is-layout-flow wp-block-column-is-layout-flow\">\n<div class=\"wp-block-image\"><figure class=\"aligncenter size-full\"><a href=\"https:\/\/www.guhalg.com\/wordpress\/wp-content\/uploads\/Reisen\/Indonesien2010\/PulisanUnterwasser\/P1020992.jpg\"><img loading=\"lazy\" decoding=\"async\" width=\"1024\" height=\"576\" src=\"https:\/\/www.guhalg.com\/wordpress\/wp-content\/uploads\/Reisen\/Indonesien2010\/PulisanUnterwasser\/P1020992.jpg\" alt=\"Krabbe\" class=\"wp-image-8399\" srcset=\"https:\/\/www.guhalg.com\/wordpress\/wp-content\/uploads\/Reisen\/Indonesien2010\/PulisanUnterwasser\/P1020992.jpg 1024w, https:\/\/www.guhalg.com\/wordpress\/wp-content\/uploads\/Reisen\/Indonesien2010\/PulisanUnterwasser\/P1020992-300x169.jpg 300w, https:\/\/www.guhalg.com\/wordpress\/wp-content\/uploads\/Reisen\/Indonesien2010\/PulisanUnterwasser\/P1020992-768x432.jpg 768w\" sizes=\"auto, (max-width: 1024px) 100vw, 1024px\" \/><\/a><figcaption>Krabbe<\/figcaption><\/figure><\/div>\n<\/div>\n\n\n\n<div class=\"wp-block-column is-layout-flow wp-block-column-is-layout-flow\">\n<div class=\"wp-block-image\"><figure class=\"aligncenter size-full\"><a href=\"https:\/\/www.guhalg.com\/wordpress\/wp-content\/uploads\/Reisen\/Indonesien2010\/PulisanUnterwasser\/P1030017.jpg\"><img loading=\"lazy\" decoding=\"async\" width=\"1024\" height=\"576\" src=\"https:\/\/www.guhalg.com\/wordpress\/wp-content\/uploads\/Reisen\/Indonesien2010\/PulisanUnterwasser\/P1030017.jpg\" alt=\"Krabbe\" class=\"wp-image-8402\" srcset=\"https:\/\/www.guhalg.com\/wordpress\/wp-content\/uploads\/Reisen\/Indonesien2010\/PulisanUnterwasser\/P1030017.jpg 1024w, https:\/\/www.guhalg.com\/wordpress\/wp-content\/uploads\/Reisen\/Indonesien2010\/PulisanUnterwasser\/P1030017-300x169.jpg 300w, https:\/\/www.guhalg.com\/wordpress\/wp-content\/uploads\/Reisen\/Indonesien2010\/PulisanUnterwasser\/P1030017-768x432.jpg 768w\" sizes=\"auto, (max-width: 1024px) 100vw, 1024px\" \/><\/a><figcaption>Krabbe<\/figcaption><\/figure><\/div>\n<\/div>\n<\/div>\n\n\n\n<figure class=\"wp-block-video aligncenter\"><video height=\"360\" style=\"aspect-ratio: 640 \/ 360;\" width=\"640\" controls src=\"https:\/\/www.guhalg.com\/wordpress\/wp-content\/uploads\/Reisen\/Indonesien2010\/PulisanUnterwasser\/Krabbe.mp4\"><\/video><figcaption>Krabbe<\/figcaption><\/figure>\n\n\n\n<p>Und dann noch ein kleines Video von einer gro\u00dfen Krabbe, die sich mit einer Anemone auf dem R\u00fccken getarnt hat. Sie war wohl etwas erschrocken, dass sie vom Lichtschein erfasst wurde und versucht nun die Flucht.<\/p>\n\n\n\n<figure class=\"wp-block-video aligncenter\"><video height=\"360\" style=\"aspect-ratio: 640 \/ 360;\" width=\"640\" controls src=\"https:\/\/www.guhalg.com\/wordpress\/wp-content\/uploads\/Reisen\/Indonesien2010\/PulisanUnterwasser\/Riesenkrabbe.mp4\"><\/video><figcaption>Riesenkrabbe<\/figcaption><\/figure>\n\n\n\n<p>Und gleich noch eine Krabbe, die man erst mal finden muss, gefolgt von einer Schnecke.<\/p>\n\n\n\n<div class=\"wp-block-image\"><figure class=\"aligncenter size-full\"><a href=\"https:\/\/www.guhalg.com\/wordpress\/wp-content\/uploads\/Reisen\/Indonesien2010\/PulisanUnterwasser\/P1030994.jpg\"><img loading=\"lazy\" decoding=\"async\" width=\"1024\" height=\"576\" src=\"https:\/\/www.guhalg.com\/wordpress\/wp-content\/uploads\/Reisen\/Indonesien2010\/PulisanUnterwasser\/P1030994.jpg\" alt=\"Krabbe\" class=\"wp-image-8436\" srcset=\"https:\/\/www.guhalg.com\/wordpress\/wp-content\/uploads\/Reisen\/Indonesien2010\/PulisanUnterwasser\/P1030994.jpg 1024w, https:\/\/www.guhalg.com\/wordpress\/wp-content\/uploads\/Reisen\/Indonesien2010\/PulisanUnterwasser\/P1030994-300x169.jpg 300w, https:\/\/www.guhalg.com\/wordpress\/wp-content\/uploads\/Reisen\/Indonesien2010\/PulisanUnterwasser\/P1030994-768x432.jpg 768w\" sizes=\"auto, (max-width: 1024px) 100vw, 1024px\" \/><\/a><figcaption>Krabbe<\/figcaption><\/figure><\/div>\n\n\n\n<div class=\"wp-block-image\"><figure class=\"aligncenter size-full\"><a href=\"https:\/\/www.guhalg.com\/wordpress\/wp-content\/uploads\/Reisen\/Indonesien2010\/PulisanUnterwasser\/P1040413.jpg\"><img loading=\"lazy\" decoding=\"async\" width=\"1024\" height=\"576\" src=\"https:\/\/www.guhalg.com\/wordpress\/wp-content\/uploads\/Reisen\/Indonesien2010\/PulisanUnterwasser\/P1040413.jpg\" alt=\"Schnecke\" class=\"wp-image-8441\" srcset=\"https:\/\/www.guhalg.com\/wordpress\/wp-content\/uploads\/Reisen\/Indonesien2010\/PulisanUnterwasser\/P1040413.jpg 1024w, https:\/\/www.guhalg.com\/wordpress\/wp-content\/uploads\/Reisen\/Indonesien2010\/PulisanUnterwasser\/P1040413-300x169.jpg 300w, https:\/\/www.guhalg.com\/wordpress\/wp-content\/uploads\/Reisen\/Indonesien2010\/PulisanUnterwasser\/P1040413-768x432.jpg 768w\" sizes=\"auto, (max-width: 1024px) 100vw, 1024px\" \/><\/a><figcaption>Schnecke<\/figcaption><\/figure><\/div>\n\n\n\n<p>Und so unscheinbar sie von oben anzusehen ist, so sch\u00f6n gef\u00e4rbt ist sie von unten.<\/p>\n\n\n\n<div class=\"wp-block-image\"><figure class=\"aligncenter size-full\"><a href=\"https:\/\/www.guhalg.com\/wordpress\/wp-content\/uploads\/Reisen\/Indonesien2010\/PulisanUnterwasser\/P1040411.jpg\"><img loading=\"lazy\" decoding=\"async\" width=\"1024\" height=\"576\" src=\"https:\/\/www.guhalg.com\/wordpress\/wp-content\/uploads\/Reisen\/Indonesien2010\/PulisanUnterwasser\/P1040411.jpg\" alt=\"Schnecke von unten\" class=\"wp-image-8440\" srcset=\"https:\/\/www.guhalg.com\/wordpress\/wp-content\/uploads\/Reisen\/Indonesien2010\/PulisanUnterwasser\/P1040411.jpg 1024w, https:\/\/www.guhalg.com\/wordpress\/wp-content\/uploads\/Reisen\/Indonesien2010\/PulisanUnterwasser\/P1040411-300x169.jpg 300w, https:\/\/www.guhalg.com\/wordpress\/wp-content\/uploads\/Reisen\/Indonesien2010\/PulisanUnterwasser\/P1040411-768x432.jpg 768w\" sizes=\"auto, (max-width: 1024px) 100vw, 1024px\" \/><\/a><figcaption>Schnecke von unten<\/figcaption><\/figure><\/div>\n\n\n\n<p>Aber nat\u00fcrlich dann gleich wieder sanft auf den Boden zur\u00fccklegen, bevor es weitergeht mit einem (b\u00e4rtigen) Drachenkopf und einem Teppichkrokodilsfisch, beide aus der Familie der <a rel=\"noreferrer noopener\" href=\"http:\/\/de.wikipedia.org\/wiki\/Skorpionsfische\" target=\"_blank\">Skorpionsfische<\/a>.<\/p>\n\n\n\n<div class=\"wp-block-columns is-layout-flex wp-container-core-columns-is-layout-9d6595d7 wp-block-columns-is-layout-flex\">\n<div class=\"wp-block-column is-layout-flow wp-block-column-is-layout-flow\">\n<div class=\"wp-block-image\"><figure class=\"aligncenter size-full\"><a href=\"https:\/\/www.guhalg.com\/wordpress\/wp-content\/uploads\/Reisen\/Indonesien2010\/PulisanUnterwasser\/P1030468.jpg\"><img loading=\"lazy\" decoding=\"async\" width=\"1024\" height=\"576\" src=\"https:\/\/www.guhalg.com\/wordpress\/wp-content\/uploads\/Reisen\/Indonesien2010\/PulisanUnterwasser\/P1030468.jpg\" alt=\"Krokodilsfisch\" class=\"wp-image-8421\" srcset=\"https:\/\/www.guhalg.com\/wordpress\/wp-content\/uploads\/Reisen\/Indonesien2010\/PulisanUnterwasser\/P1030468.jpg 1024w, https:\/\/www.guhalg.com\/wordpress\/wp-content\/uploads\/Reisen\/Indonesien2010\/PulisanUnterwasser\/P1030468-300x169.jpg 300w, https:\/\/www.guhalg.com\/wordpress\/wp-content\/uploads\/Reisen\/Indonesien2010\/PulisanUnterwasser\/P1030468-768x432.jpg 768w\" sizes=\"auto, (max-width: 1024px) 100vw, 1024px\" \/><\/a><figcaption>Krokodilsfisch<\/figcaption><\/figure><\/div>\n<\/div>\n\n\n\n<div class=\"wp-block-column is-layout-flow wp-block-column-is-layout-flow\">\n<div class=\"wp-block-image\"><figure class=\"aligncenter size-full\"><a href=\"https:\/\/www.guhalg.com\/wordpress\/wp-content\/uploads\/Reisen\/Indonesien2010\/PulisanUnterwasser\/P1030675.jpg\"><img loading=\"lazy\" decoding=\"async\" width=\"1024\" height=\"576\" src=\"https:\/\/www.guhalg.com\/wordpress\/wp-content\/uploads\/Reisen\/Indonesien2010\/PulisanUnterwasser\/P1030675.jpg\" alt=\"Teppichkrokodilsfisch\" class=\"wp-image-8429\" srcset=\"https:\/\/www.guhalg.com\/wordpress\/wp-content\/uploads\/Reisen\/Indonesien2010\/PulisanUnterwasser\/P1030675.jpg 1024w, https:\/\/www.guhalg.com\/wordpress\/wp-content\/uploads\/Reisen\/Indonesien2010\/PulisanUnterwasser\/P1030675-300x169.jpg 300w, https:\/\/www.guhalg.com\/wordpress\/wp-content\/uploads\/Reisen\/Indonesien2010\/PulisanUnterwasser\/P1030675-768x432.jpg 768w\" sizes=\"auto, (max-width: 1024px) 100vw, 1024px\" \/><\/a><figcaption>Teppichkrokodilsfisch<\/figcaption><\/figure><\/div>\n<\/div>\n<\/div>\n\n\n\n<p>Weiter geht es mit einer wundersamen Laune der Natur, n\u00e4mlich eine Peitschenkoralle, die in einem Kreis gewachsen ist, zwei Anemonenkrabben, die uns drohen und ihre Anemone somit besch\u00fctzen und dann noch eine interessante Farbkombination zwischen Langnasenb\u00fcschelbarsch und Hornkoralle.<\/p>\n\n\n\n<div class=\"wp-block-columns is-layout-flex wp-container-core-columns-is-layout-9d6595d7 wp-block-columns-is-layout-flex\">\n<div class=\"wp-block-column is-layout-flow wp-block-column-is-layout-flow\">\n<div class=\"wp-block-image\"><figure class=\"aligncenter size-full\"><a href=\"https:\/\/www.guhalg.com\/wordpress\/wp-content\/uploads\/Reisen\/Indonesien2010\/PulisanUnterwasser\/P1030464.jpg\"><img loading=\"lazy\" decoding=\"async\" width=\"1024\" height=\"576\" src=\"https:\/\/www.guhalg.com\/wordpress\/wp-content\/uploads\/Reisen\/Indonesien2010\/PulisanUnterwasser\/P1030464.jpg\" alt=\"Peitschenkoralle\" class=\"wp-image-8419\" srcset=\"https:\/\/www.guhalg.com\/wordpress\/wp-content\/uploads\/Reisen\/Indonesien2010\/PulisanUnterwasser\/P1030464.jpg 1024w, https:\/\/www.guhalg.com\/wordpress\/wp-content\/uploads\/Reisen\/Indonesien2010\/PulisanUnterwasser\/P1030464-300x169.jpg 300w, https:\/\/www.guhalg.com\/wordpress\/wp-content\/uploads\/Reisen\/Indonesien2010\/PulisanUnterwasser\/P1030464-768x432.jpg 768w\" sizes=\"auto, (max-width: 1024px) 100vw, 1024px\" \/><\/a><figcaption>Peitschenkoralle<\/figcaption><\/figure><\/div>\n<\/div>\n\n\n\n<div class=\"wp-block-column is-layout-flow wp-block-column-is-layout-flow\">\n<div class=\"wp-block-image\"><figure class=\"aligncenter size-full\"><a href=\"https:\/\/www.guhalg.com\/wordpress\/wp-content\/uploads\/Reisen\/Indonesien2010\/PulisanUnterwasser\/P1030466.jpg\"><img loading=\"lazy\" decoding=\"async\" width=\"1024\" height=\"576\" src=\"https:\/\/www.guhalg.com\/wordpress\/wp-content\/uploads\/Reisen\/Indonesien2010\/PulisanUnterwasser\/P1030466.jpg\" alt=\"Besch\u00fctzer\" class=\"wp-image-8420\" srcset=\"https:\/\/www.guhalg.com\/wordpress\/wp-content\/uploads\/Reisen\/Indonesien2010\/PulisanUnterwasser\/P1030466.jpg 1024w, https:\/\/www.guhalg.com\/wordpress\/wp-content\/uploads\/Reisen\/Indonesien2010\/PulisanUnterwasser\/P1030466-300x169.jpg 300w, https:\/\/www.guhalg.com\/wordpress\/wp-content\/uploads\/Reisen\/Indonesien2010\/PulisanUnterwasser\/P1030466-768x432.jpg 768w\" sizes=\"auto, (max-width: 1024px) 100vw, 1024px\" \/><\/a><figcaption>Besch\u00fctzer<\/figcaption><\/figure><\/div>\n<\/div>\n\n\n\n<div class=\"wp-block-column is-layout-flow wp-block-column-is-layout-flow\">\n<div class=\"wp-block-image\"><figure class=\"aligncenter size-full\"><a href=\"https:\/\/www.guhalg.com\/wordpress\/wp-content\/uploads\/Reisen\/Indonesien2010\/PulisanUnterwasser\/P1030625.jpg\"><img loading=\"lazy\" decoding=\"async\" width=\"1024\" height=\"576\" src=\"https:\/\/www.guhalg.com\/wordpress\/wp-content\/uploads\/Reisen\/Indonesien2010\/PulisanUnterwasser\/P1030625.jpg\" alt=\"Langnasenb\u00fcschelbarsch\" class=\"wp-image-8426\" srcset=\"https:\/\/www.guhalg.com\/wordpress\/wp-content\/uploads\/Reisen\/Indonesien2010\/PulisanUnterwasser\/P1030625.jpg 1024w, https:\/\/www.guhalg.com\/wordpress\/wp-content\/uploads\/Reisen\/Indonesien2010\/PulisanUnterwasser\/P1030625-300x169.jpg 300w, https:\/\/www.guhalg.com\/wordpress\/wp-content\/uploads\/Reisen\/Indonesien2010\/PulisanUnterwasser\/P1030625-768x432.jpg 768w\" sizes=\"auto, (max-width: 1024px) 100vw, 1024px\" \/><\/a><figcaption>Langnasenb\u00fcschelbarsch<\/figcaption><\/figure><\/div>\n<\/div>\n<\/div>\n\n\n\n<div class=\"wp-block-columns is-layout-flex wp-container-core-columns-is-layout-9d6595d7 wp-block-columns-is-layout-flex\">\n<div class=\"wp-block-column is-layout-flow wp-block-column-is-layout-flow\">\n<div class=\"wp-block-buttons is-layout-flex wp-block-buttons-is-layout-flex\">\n<div class=\"wp-block-button\"><a class=\"wp-block-button__link\" href=\"https:\/\/www.guhalg.com\/wordpress\/?page_id=8470\">Tarnung und Mimese<\/a><\/div>\n<\/div>\n<\/div>\n\n\n\n<div class=\"wp-block-column is-layout-flow wp-block-column-is-layout-flow\">\n<div class=\"wp-block-buttons is-content-justification-right is-layout-flex wp-container-core-buttons-is-layout-765c4724 wp-block-buttons-is-layout-flex\">\n<div class=\"wp-block-button\"><a class=\"wp-block-button__link\" href=\"https:\/\/www.guhalg.com\/wordpress\/?page_id=8510\">Einfach sch\u00f6n<\/a><\/div>\n<\/div>\n<\/div>\n<\/div>\n\n\n\n<p><\/p>\n","protected":false},"excerpt":{"rendered":"<p>Auf dieser Seite haben wir mal einige sch\u00f6ne, skurrile oder auch nur ungew\u00f6hnliche Bilder zusammengestellt. Halt die Bilder, die einen zum Staunen und Schmunzeln bringen. Zum Anfang haben wir hier das Gelege einer Schecke nebst zugeh\u00f6rigem Tierchen? Warum aber ein&hellip; <\/p>\n","protected":false},"author":1,"featured_media":0,"parent":8325,"menu_order":5,"comment_status":"closed","ping_status":"closed","template":"","meta":{"footnotes":""},"class_list":["post-8477","page","type-page","status-publish","hentry"],"_links":{"self":[{"href":"https:\/\/www.guhalg.com\/wordpress\/index.php?rest_route=\/wp\/v2\/pages\/8477","targetHints":{"allow":["GET"]}}],"collection":[{"href":"https:\/\/www.guhalg.com\/wordpress\/index.php?rest_route=\/wp\/v2\/pages"}],"about":[{"href":"https:\/\/www.guhalg.com\/wordpress\/index.php?rest_route=\/wp\/v2\/types\/page"}],"author":[{"embeddable":true,"href":"https:\/\/www.guhalg.com\/wordpress\/index.php?rest_route=\/wp\/v2\/users\/1"}],"replies":[{"embeddable":true,"href":"https:\/\/www.guhalg.com\/wordpress\/index.php?rest_route=%2Fwp%2Fv2%2Fcomments&post=8477"}],"version-history":[{"count":10,"href":"https:\/\/www.guhalg.com\/wordpress\/index.php?rest_route=\/wp\/v2\/pages\/8477\/revisions"}],"predecessor-version":[{"id":8513,"href":"https:\/\/www.guhalg.com\/wordpress\/index.php?rest_route=\/wp\/v2\/pages\/8477\/revisions\/8513"}],"up":[{"embeddable":true,"href":"https:\/\/www.guhalg.com\/wordpress\/index.php?rest_route=\/wp\/v2\/pages\/8325"}],"wp:attachment":[{"href":"https:\/\/www.guhalg.com\/wordpress\/index.php?rest_route=%2Fwp%2Fv2%2Fmedia&parent=8477"}],"curies":[{"name":"wp","href":"https:\/\/api.w.org\/{rel}","templated":true}]}}