{"id":8520,"date":"2022-02-16T20:23:58","date_gmt":"2022-02-16T19:23:58","guid":{"rendered":"https:\/\/www.guhalg.com\/wordpress\/?page_id=8520"},"modified":"2022-02-17T20:12:43","modified_gmt":"2022-02-17T19:12:43","slug":"highlights","status":"publish","type":"page","link":"https:\/\/www.guhalg.com\/wordpress\/?page_id=8520","title":{"rendered":"Highlights"},"content":{"rendered":"\n<p>Auch wenn es immer wieder wunderbare Welten Unterwasser gibt, bei den Tauchg\u00e4ngen hier in Puisan haben wir sicherlich die gr\u00f6\u00dfte Artenvielfalt bisher kennengelernt und einige Besonderheiten bleiben einem einfach im Ged\u00e4chtnis h\u00e4ngen. Da h\u00e4tten wir hier als Erstes ein P\u00e4rchen Zwergseepferdchen <a rel=\"noreferrer noopener\" href=\"http:\/\/de.wikipedia.org\/wiki\/Skorpionsfische\" target=\"_blank\">Hippocampus Pontohi<\/a>. Man achte hier mal auf die Punk-Frisur. Ist aber nur eine von vielen Farbgebungen, die wir gesehen haben. Da die Tierchen nur bis ca. 1,5 cm gro\u00df werden, ist das Aufnehmen mit einer Kleinbildkamera reine Gl\u00fcckssache und hier hatten wir mal Gl\u00fcck, bei einem einzigen Foto von ca. 200 Aufnahmen ist das Motiv einigerma\u00dfen scharf.<\/p>\n\n\n\n<div class=\"wp-block-image\"><figure class=\"aligncenter size-full\"><a href=\"https:\/\/www.guhalg.com\/wordpress\/wp-content\/uploads\/Reisen\/Indonesien2010\/PulisanUnterwasser\/P1030600.jpg\"><img loading=\"lazy\" decoding=\"async\" width=\"1024\" height=\"576\" src=\"https:\/\/www.guhalg.com\/wordpress\/wp-content\/uploads\/Reisen\/Indonesien2010\/PulisanUnterwasser\/P1030600.jpg\" alt=\"Punks\" class=\"wp-image-8425\" srcset=\"https:\/\/www.guhalg.com\/wordpress\/wp-content\/uploads\/Reisen\/Indonesien2010\/PulisanUnterwasser\/P1030600.jpg 1024w, https:\/\/www.guhalg.com\/wordpress\/wp-content\/uploads\/Reisen\/Indonesien2010\/PulisanUnterwasser\/P1030600-300x169.jpg 300w, https:\/\/www.guhalg.com\/wordpress\/wp-content\/uploads\/Reisen\/Indonesien2010\/PulisanUnterwasser\/P1030600-768x432.jpg 768w\" sizes=\"auto, (max-width: 1024px) 100vw, 1024px\" \/><\/a><figcaption>Punks<\/figcaption><\/figure><\/div>\n\n\n\n<p>Als Zweites kommt hier ein kleines Video von einer Prachtsepie. Wir haben sie zwar immer wieder in Pulisan beobachten d\u00fcrfen \u2013 sie kommen hier doch recht h\u00e4ufig vor \u2013 oder unser Guide hat sie einfach nur gut entdeckt, sie sind aber einfach wunderbar anzusehen.<\/p>\n\n\n\n<figure class=\"wp-block-video aligncenter\"><video height=\"360\" style=\"aspect-ratio: 640 \/ 360;\" width=\"640\" controls src=\"https:\/\/www.guhalg.com\/wordpress\/wp-content\/uploads\/Reisen\/Indonesien2010\/PulisanUnterwasser\/Prachtsepie.mp4\"><\/video><figcaption>Prachtsepie<\/figcaption><\/figure>\n\n\n\n<p>Das n\u00e4chste Video zeigt einen Fisch beim Standortwechsel, also NICHT auf der Flucht. Der Teufelsfisch wandert auf seinen \u201aKrallen\u2018, umfunktionierten Vorderflossen.<\/p>\n\n\n\n<figure class=\"wp-block-video aligncenter\"><video height=\"360\" style=\"aspect-ratio: 640 \/ 360;\" width=\"640\" controls src=\"https:\/\/www.guhalg.com\/wordpress\/wp-content\/uploads\/Reisen\/Indonesien2010\/PulisanUnterwasser\/Laufen.mp4\"><\/video><figcaption>Teufelsfisch am Laufen<\/figcaption><\/figure>\n\n\n\n<p>Und zum Abschluss gibt es ein kleines Video von zwei sich paarenden <a rel=\"noreferrer noopener\" href=\"http:\/\/de.wikipedia.org\/wiki\/Mimic_Octopus\" target=\"_blank\">Mimikri Oktopoden<\/a>. Diese Tiere haben wir bisher nur sehr selten gesehen, schon gar nicht zwei Tiere in einem Tauchgang \u2026 und dann noch bei der Paarung.<\/p>\n\n\n\n<figure class=\"wp-block-video aligncenter\"><video height=\"360\" style=\"aspect-ratio: 640 \/ 360;\" width=\"640\" controls src=\"https:\/\/www.guhalg.com\/wordpress\/wp-content\/uploads\/Reisen\/Indonesien2010\/PulisanUnterwasser\/Mimikri.mp4\"><\/video><figcaption>Mimikri<\/figcaption><\/figure>\n\n\n\n<p>Nach so viel Erlebten und da ja auch die Weiterreise per Flugzeug nach Raja Ampat anstand, gab es am letzten Tag in Pulisan dann eine Tauchpause, die wir mit einem Besuch des <a rel=\"noreferrer noopener\" href=\"http:\/\/de.wikipedia.org\/wiki\/Minahasa\" target=\"_blank\">Minahasa Hochlandes<\/a> gef\u00fcllt haben. Was wir dort so gesehen und auch erlebt haben, findet ihr auf den weiteren Seiten.<\/p>\n\n\n\n<div class=\"wp-block-columns is-layout-flex wp-container-core-columns-is-layout-9d6595d7 wp-block-columns-is-layout-flex\">\n<div class=\"wp-block-column is-layout-flow wp-block-column-is-layout-flow\">\n<div class=\"wp-block-buttons is-layout-flex wp-block-buttons-is-layout-flex\">\n<div class=\"wp-block-button\"><a class=\"wp-block-button__link\" href=\"https:\/\/www.guhalg.com\/wordpress\/?page_id=8510\">Einfach sch\u00f6n<\/a><\/div>\n<\/div>\n<\/div>\n\n\n\n<div class=\"wp-block-column is-layout-flow wp-block-column-is-layout-flow\">\n<div class=\"wp-block-buttons is-content-justification-right is-layout-flex wp-container-core-buttons-is-layout-765c4724 wp-block-buttons-is-layout-flex\">\n<div class=\"wp-block-button\"><a class=\"wp-block-button__link\" href=\"https:\/\/www.guhalg.com\/wordpress\/?page_id=8528\">Die Minahasa Tour<\/a><\/div>\n<\/div>\n<\/div>\n<\/div>\n","protected":false},"excerpt":{"rendered":"<p>Auch wenn es immer wieder wunderbare Welten Unterwasser gibt, bei den Tauchg\u00e4ngen hier in Puisan haben wir sicherlich die gr\u00f6\u00dfte Artenvielfalt bisher kennengelernt und einige Besonderheiten bleiben einem einfach im Ged\u00e4chtnis h\u00e4ngen. Da h\u00e4tten wir hier als Erstes ein P\u00e4rchen&hellip; <\/p>\n","protected":false},"author":1,"featured_media":0,"parent":8325,"menu_order":7,"comment_status":"closed","ping_status":"closed","template":"","meta":{"footnotes":""},"class_list":["post-8520","page","type-page","status-publish","hentry"],"_links":{"self":[{"href":"https:\/\/www.guhalg.com\/wordpress\/index.php?rest_route=\/wp\/v2\/pages\/8520","targetHints":{"allow":["GET"]}}],"collection":[{"href":"https:\/\/www.guhalg.com\/wordpress\/index.php?rest_route=\/wp\/v2\/pages"}],"about":[{"href":"https:\/\/www.guhalg.com\/wordpress\/index.php?rest_route=\/wp\/v2\/types\/page"}],"author":[{"embeddable":true,"href":"https:\/\/www.guhalg.com\/wordpress\/index.php?rest_route=\/wp\/v2\/users\/1"}],"replies":[{"embeddable":true,"href":"https:\/\/www.guhalg.com\/wordpress\/index.php?rest_route=%2Fwp%2Fv2%2Fcomments&post=8520"}],"version-history":[{"count":4,"href":"https:\/\/www.guhalg.com\/wordpress\/index.php?rest_route=\/wp\/v2\/pages\/8520\/revisions"}],"predecessor-version":[{"id":8531,"href":"https:\/\/www.guhalg.com\/wordpress\/index.php?rest_route=\/wp\/v2\/pages\/8520\/revisions\/8531"}],"up":[{"embeddable":true,"href":"https:\/\/www.guhalg.com\/wordpress\/index.php?rest_route=\/wp\/v2\/pages\/8325"}],"wp:attachment":[{"href":"https:\/\/www.guhalg.com\/wordpress\/index.php?rest_route=%2Fwp%2Fv2%2Fmedia&parent=8520"}],"curies":[{"name":"wp","href":"https:\/\/api.w.org\/{rel}","templated":true}]}}