{"id":8620,"date":"2022-02-17T20:59:06","date_gmt":"2022-02-17T19:59:06","guid":{"rendered":"https:\/\/www.guhalg.com\/wordpress\/?page_id=8620"},"modified":"2022-02-17T21:33:06","modified_gmt":"2022-02-17T20:33:06","slug":"der-einheimische-markt","status":"publish","type":"page","link":"https:\/\/www.guhalg.com\/wordpress\/?page_id=8620","title":{"rendered":"Der einheimische Markt"},"content":{"rendered":"\n<p>Hmm, was erwartet man von einem einheimischen Markt in Hochland von Minahasa, einer Provinz in Nord-Sulawesi in Indonesien? Gute Frage? Wir hatten schon eine genaue Vorstellung: Obst, Gem\u00fcse, etwas Fleisch und ein bisschen Allerlei. Vielleicht auch noch ein Stand \u00e0 la \u201ader billige Jakob\u2018? Genauso war es auch \u2013 nur halt v\u00f6llig anders!<\/p>\n\n\n\n<p>Das f\u00e4ngt ja schon mal mit dem Obst und Gem\u00fcse an &#8211; OK, gibt es auf dem Markt &#8211; aber ob man das immer so kennt?<\/p>\n\n\n\n<div class=\"wp-block-image\"><figure class=\"aligncenter size-full\"><a href=\"https:\/\/www.guhalg.com\/wordpress\/wp-content\/uploads\/Reisen\/Indonesien2010\/Minahasa\/P1040707.jpg\"><img loading=\"lazy\" decoding=\"async\" width=\"1024\" height=\"576\" src=\"https:\/\/www.guhalg.com\/wordpress\/wp-content\/uploads\/Reisen\/Indonesien2010\/Minahasa\/P1040707.jpg\" alt=\"Ananas\" class=\"wp-image-8544\" srcset=\"https:\/\/www.guhalg.com\/wordpress\/wp-content\/uploads\/Reisen\/Indonesien2010\/Minahasa\/P1040707.jpg 1024w, https:\/\/www.guhalg.com\/wordpress\/wp-content\/uploads\/Reisen\/Indonesien2010\/Minahasa\/P1040707-300x169.jpg 300w, https:\/\/www.guhalg.com\/wordpress\/wp-content\/uploads\/Reisen\/Indonesien2010\/Minahasa\/P1040707-768x432.jpg 768w\" sizes=\"auto, (max-width: 1024px) 100vw, 1024px\" \/><\/a><figcaption>Ananas<\/figcaption><\/figure><\/div>\n\n\n\n<div class=\"wp-block-image\"><figure class=\"aligncenter size-full\"><a href=\"https:\/\/www.guhalg.com\/wordpress\/wp-content\/uploads\/Reisen\/Indonesien2010\/Minahasa\/P1040714.jpg\"><img loading=\"lazy\" decoding=\"async\" width=\"1024\" height=\"576\" src=\"https:\/\/www.guhalg.com\/wordpress\/wp-content\/uploads\/Reisen\/Indonesien2010\/Minahasa\/P1040714.jpg\" alt=\"Bananen\" class=\"wp-image-8548\" srcset=\"https:\/\/www.guhalg.com\/wordpress\/wp-content\/uploads\/Reisen\/Indonesien2010\/Minahasa\/P1040714.jpg 1024w, https:\/\/www.guhalg.com\/wordpress\/wp-content\/uploads\/Reisen\/Indonesien2010\/Minahasa\/P1040714-300x169.jpg 300w, https:\/\/www.guhalg.com\/wordpress\/wp-content\/uploads\/Reisen\/Indonesien2010\/Minahasa\/P1040714-768x432.jpg 768w\" sizes=\"auto, (max-width: 1024px) 100vw, 1024px\" \/><\/a><figcaption>Bananen<\/figcaption><\/figure><\/div>\n\n\n\n<p>OK, Ananas und Bananen sind jetzt nicht so ungew\u00f6hnlich. Aber wie sieht es hiermit aus?<\/p>\n\n\n\n<div class=\"wp-block-image\"><figure class=\"aligncenter size-full\"><a href=\"https:\/\/www.guhalg.com\/wordpress\/wp-content\/uploads\/Reisen\/Indonesien2010\/Minahasa\/P1040708.jpg\"><img loading=\"lazy\" decoding=\"async\" width=\"1024\" height=\"576\" src=\"https:\/\/www.guhalg.com\/wordpress\/wp-content\/uploads\/Reisen\/Indonesien2010\/Minahasa\/P1040708.jpg\" alt=\"Vielleicht Avocados?\" class=\"wp-image-8545\" srcset=\"https:\/\/www.guhalg.com\/wordpress\/wp-content\/uploads\/Reisen\/Indonesien2010\/Minahasa\/P1040708.jpg 1024w, https:\/\/www.guhalg.com\/wordpress\/wp-content\/uploads\/Reisen\/Indonesien2010\/Minahasa\/P1040708-300x169.jpg 300w, https:\/\/www.guhalg.com\/wordpress\/wp-content\/uploads\/Reisen\/Indonesien2010\/Minahasa\/P1040708-768x432.jpg 768w\" sizes=\"auto, (max-width: 1024px) 100vw, 1024px\" \/><\/a><figcaption>Vielleicht Avocados?<\/figcaption><\/figure><\/div>\n\n\n\n<div class=\"wp-block-image\"><figure class=\"aligncenter size-full\"><a href=\"https:\/\/www.guhalg.com\/wordpress\/wp-content\/uploads\/Reisen\/Indonesien2010\/Minahasa\/P1040709.jpg\"><img loading=\"lazy\" decoding=\"async\" width=\"1024\" height=\"576\" src=\"https:\/\/www.guhalg.com\/wordpress\/wp-content\/uploads\/Reisen\/Indonesien2010\/Minahasa\/P1040709.jpg\" alt=\"Vielleicht eine Art von Melonen?\" class=\"wp-image-8546\" srcset=\"https:\/\/www.guhalg.com\/wordpress\/wp-content\/uploads\/Reisen\/Indonesien2010\/Minahasa\/P1040709.jpg 1024w, https:\/\/www.guhalg.com\/wordpress\/wp-content\/uploads\/Reisen\/Indonesien2010\/Minahasa\/P1040709-300x169.jpg 300w, https:\/\/www.guhalg.com\/wordpress\/wp-content\/uploads\/Reisen\/Indonesien2010\/Minahasa\/P1040709-768x432.jpg 768w\" sizes=\"auto, (max-width: 1024px) 100vw, 1024px\" \/><\/a><figcaption>Vielleicht eine Art von Melonen?<\/figcaption><\/figure><\/div>\n\n\n\n<p>\u00c4hnlich verh\u00e4lt es sich mit den Gem\u00fcsen. Erstmal etwas Bekanntes. Wenn es auch bei uns nicht unbedingt in dieser Menge angeboten wird.<\/p>\n\n\n\n<div class=\"wp-block-image\"><figure class=\"aligncenter size-full\"><a href=\"https:\/\/www.guhalg.com\/wordpress\/wp-content\/uploads\/Reisen\/Indonesien2010\/Minahasa\/P1040705.JPG\"><img loading=\"lazy\" decoding=\"async\" width=\"1024\" height=\"576\" src=\"https:\/\/www.guhalg.com\/wordpress\/wp-content\/uploads\/Reisen\/Indonesien2010\/Minahasa\/P1040705.JPG\" alt=\"Fr\u00fchlingszwiebeln\" class=\"wp-image-8543\" srcset=\"https:\/\/www.guhalg.com\/wordpress\/wp-content\/uploads\/Reisen\/Indonesien2010\/Minahasa\/P1040705.JPG 1024w, https:\/\/www.guhalg.com\/wordpress\/wp-content\/uploads\/Reisen\/Indonesien2010\/Minahasa\/P1040705-300x169.jpg 300w, https:\/\/www.guhalg.com\/wordpress\/wp-content\/uploads\/Reisen\/Indonesien2010\/Minahasa\/P1040705-768x432.jpg 768w\" sizes=\"auto, (max-width: 1024px) 100vw, 1024px\" \/><\/a><figcaption>Fr\u00fchlingszwiebeln<\/figcaption><\/figure><\/div>\n\n\n\n<div class=\"wp-block-image\"><figure class=\"aligncenter size-large\"><a href=\"https:\/\/www.guhalg.com\/wordpress\/wp-content\/uploads\/Reisen\/Indonesien2010\/Minahasa\/P1040732-scaled.jpg\"><img loading=\"lazy\" decoding=\"async\" width=\"1024\" height=\"576\" src=\"https:\/\/www.guhalg.com\/wordpress\/wp-content\/uploads\/Reisen\/Indonesien2010\/Minahasa\/P1040732-1024x576.jpg\" alt=\"Chilis\" class=\"wp-image-8550\" srcset=\"https:\/\/www.guhalg.com\/wordpress\/wp-content\/uploads\/Reisen\/Indonesien2010\/Minahasa\/P1040732-1024x576.jpg 1024w, https:\/\/www.guhalg.com\/wordpress\/wp-content\/uploads\/Reisen\/Indonesien2010\/Minahasa\/P1040732-300x169.jpg 300w, https:\/\/www.guhalg.com\/wordpress\/wp-content\/uploads\/Reisen\/Indonesien2010\/Minahasa\/P1040732-768x432.jpg 768w, https:\/\/www.guhalg.com\/wordpress\/wp-content\/uploads\/Reisen\/Indonesien2010\/Minahasa\/P1040732-1536x865.jpg 1536w, https:\/\/www.guhalg.com\/wordpress\/wp-content\/uploads\/Reisen\/Indonesien2010\/Minahasa\/P1040732-2048x1153.jpg 2048w\" sizes=\"auto, (max-width: 1024px) 100vw, 1024px\" \/><\/a><figcaption>Chilis<\/figcaption><\/figure><\/div>\n\n\n\n<p>Ok, Fr\u00fchlingszwiebeln und Chilis sind bei uns nicht so verbreitet, aber zumindest bekannt. Aber was ist das Folgende?<\/p>\n\n\n\n<div class=\"wp-block-image\"><figure class=\"aligncenter size-full\"><a href=\"https:\/\/www.guhalg.com\/wordpress\/wp-content\/uploads\/Reisen\/Indonesien2010\/Minahasa\/P1040711.jpg\"><img loading=\"lazy\" decoding=\"async\" width=\"1024\" height=\"576\" src=\"https:\/\/www.guhalg.com\/wordpress\/wp-content\/uploads\/Reisen\/Indonesien2010\/Minahasa\/P1040711.jpg\" alt=\"Keine Ahnung\" class=\"wp-image-8547\" srcset=\"https:\/\/www.guhalg.com\/wordpress\/wp-content\/uploads\/Reisen\/Indonesien2010\/Minahasa\/P1040711.jpg 1024w, https:\/\/www.guhalg.com\/wordpress\/wp-content\/uploads\/Reisen\/Indonesien2010\/Minahasa\/P1040711-300x169.jpg 300w, https:\/\/www.guhalg.com\/wordpress\/wp-content\/uploads\/Reisen\/Indonesien2010\/Minahasa\/P1040711-768x432.jpg 768w\" sizes=\"auto, (max-width: 1024px) 100vw, 1024px\" \/><\/a><figcaption>Keine Ahnung<\/figcaption><\/figure><\/div>\n\n\n\n<div class=\"wp-block-image\"><figure class=\"aligncenter size-full\"><a href=\"https:\/\/www.guhalg.com\/wordpress\/wp-content\/uploads\/Reisen\/Indonesien2010\/Minahasa\/P1040728.jpg\"><img loading=\"lazy\" decoding=\"async\" width=\"1024\" height=\"576\" src=\"https:\/\/www.guhalg.com\/wordpress\/wp-content\/uploads\/Reisen\/Indonesien2010\/Minahasa\/P1040728.jpg\" alt=\"Zu viel Unbekanntes\" class=\"wp-image-8549\" srcset=\"https:\/\/www.guhalg.com\/wordpress\/wp-content\/uploads\/Reisen\/Indonesien2010\/Minahasa\/P1040728.jpg 1024w, https:\/\/www.guhalg.com\/wordpress\/wp-content\/uploads\/Reisen\/Indonesien2010\/Minahasa\/P1040728-300x169.jpg 300w, https:\/\/www.guhalg.com\/wordpress\/wp-content\/uploads\/Reisen\/Indonesien2010\/Minahasa\/P1040728-768x432.jpg 768w\" sizes=\"auto, (max-width: 1024px) 100vw, 1024px\" \/><\/a><figcaption>Zu viel Unbekanntes<\/figcaption><\/figure><\/div>\n\n\n\n<p>Dieses war jetzt ja noch alles gut anzusehen. Der weitere Rundgang \u00fcber den Markt f\u00fchrte uns dann aber auch an \u201aLebensmitteln\u2018 vorbei, die einem den Unterschied zu unserer Kultur nur zu deutlich vor Augen f\u00fchrten. Gebratene Flederm\u00e4use, Ratten und Hunde \u2013 die Bilder haben wir hier nicht beigef\u00fcgt. Wer sie sucht, im Fotoarchiv sind sie enthalten. Aber es gab auch abseits dieser Eigenarten ganz normales Fleisch und auch Fisch zu kaufen.<\/p>\n\n\n\n<div class=\"wp-block-columns is-layout-flex wp-container-core-columns-is-layout-9d6595d7 wp-block-columns-is-layout-flex\">\n<div class=\"wp-block-column is-layout-flow wp-block-column-is-layout-flow\">\n<div class=\"wp-block-image\"><figure class=\"aligncenter size-full\"><a href=\"https:\/\/www.guhalg.com\/wordpress\/wp-content\/uploads\/Reisen\/Indonesien2010\/Minahasa\/P1040745.jpg\"><img loading=\"lazy\" decoding=\"async\" width=\"1024\" height=\"576\" src=\"https:\/\/www.guhalg.com\/wordpress\/wp-content\/uploads\/Reisen\/Indonesien2010\/Minahasa\/P1040745.jpg\" alt=\"Fleischtheke\" class=\"wp-image-8551\" srcset=\"https:\/\/www.guhalg.com\/wordpress\/wp-content\/uploads\/Reisen\/Indonesien2010\/Minahasa\/P1040745.jpg 1024w, https:\/\/www.guhalg.com\/wordpress\/wp-content\/uploads\/Reisen\/Indonesien2010\/Minahasa\/P1040745-300x169.jpg 300w, https:\/\/www.guhalg.com\/wordpress\/wp-content\/uploads\/Reisen\/Indonesien2010\/Minahasa\/P1040745-768x432.jpg 768w\" sizes=\"auto, (max-width: 1024px) 100vw, 1024px\" \/><\/a><figcaption>Fleischtheke<\/figcaption><\/figure><\/div>\n<\/div>\n\n\n\n<div class=\"wp-block-column is-layout-flow wp-block-column-is-layout-flow\">\n<div class=\"wp-block-image\"><figure class=\"aligncenter size-full\"><a href=\"https:\/\/www.guhalg.com\/wordpress\/wp-content\/uploads\/Reisen\/Indonesien2010\/Minahasa\/P1040762.jpg\"><img loading=\"lazy\" decoding=\"async\" width=\"1024\" height=\"576\" src=\"https:\/\/www.guhalg.com\/wordpress\/wp-content\/uploads\/Reisen\/Indonesien2010\/Minahasa\/P1040762.jpg\" alt=\"Fischstand\" class=\"wp-image-8552\" srcset=\"https:\/\/www.guhalg.com\/wordpress\/wp-content\/uploads\/Reisen\/Indonesien2010\/Minahasa\/P1040762.jpg 1024w, https:\/\/www.guhalg.com\/wordpress\/wp-content\/uploads\/Reisen\/Indonesien2010\/Minahasa\/P1040762-300x169.jpg 300w, https:\/\/www.guhalg.com\/wordpress\/wp-content\/uploads\/Reisen\/Indonesien2010\/Minahasa\/P1040762-768x432.jpg 768w\" sizes=\"auto, (max-width: 1024px) 100vw, 1024px\" \/><\/a><figcaption>Fischstand<\/figcaption><\/figure><\/div>\n<\/div>\n<\/div>\n\n\n\n<p>Nun ja, nur die Pr\u00e4sentation ist vielleicht nicht ganz so wie in Europa. Aber nach unserem Reisen eigentlich \u00fcberall gleich in Asien. Letztendlich hat Chrischi dann auch noch ihren Kl\u00fcngelkram gefunden und Horst eine Freundschaft geschlossen.<\/p>\n\n\n\n<div class=\"wp-block-image\"><figure class=\"aligncenter size-full\"><a href=\"https:\/\/www.guhalg.com\/wordpress\/wp-content\/uploads\/Reisen\/Indonesien2010\/Minahasa\/P1040783.jpg\"><img loading=\"lazy\" decoding=\"async\" width=\"1024\" height=\"576\" src=\"https:\/\/www.guhalg.com\/wordpress\/wp-content\/uploads\/Reisen\/Indonesien2010\/Minahasa\/P1040783.jpg\" alt=\"Kl\u00fcngelkram\" class=\"wp-image-8553\" srcset=\"https:\/\/www.guhalg.com\/wordpress\/wp-content\/uploads\/Reisen\/Indonesien2010\/Minahasa\/P1040783.jpg 1024w, https:\/\/www.guhalg.com\/wordpress\/wp-content\/uploads\/Reisen\/Indonesien2010\/Minahasa\/P1040783-300x169.jpg 300w, https:\/\/www.guhalg.com\/wordpress\/wp-content\/uploads\/Reisen\/Indonesien2010\/Minahasa\/P1040783-768x432.jpg 768w\" sizes=\"auto, (max-width: 1024px) 100vw, 1024px\" \/><\/a><figcaption>Kl\u00fcngelkram<\/figcaption><\/figure><\/div>\n\n\n\n<div class=\"wp-block-image\"><figure class=\"aligncenter size-full\"><a href=\"https:\/\/www.guhalg.com\/wordpress\/wp-content\/uploads\/Reisen\/Indonesien2010\/Minahasa\/P1040787.jpg\"><img loading=\"lazy\" decoding=\"async\" width=\"1024\" height=\"576\" src=\"https:\/\/www.guhalg.com\/wordpress\/wp-content\/uploads\/Reisen\/Indonesien2010\/Minahasa\/P1040787.jpg\" alt=\"Ein Freund\" class=\"wp-image-8554\" srcset=\"https:\/\/www.guhalg.com\/wordpress\/wp-content\/uploads\/Reisen\/Indonesien2010\/Minahasa\/P1040787.jpg 1024w, https:\/\/www.guhalg.com\/wordpress\/wp-content\/uploads\/Reisen\/Indonesien2010\/Minahasa\/P1040787-300x169.jpg 300w, https:\/\/www.guhalg.com\/wordpress\/wp-content\/uploads\/Reisen\/Indonesien2010\/Minahasa\/P1040787-768x432.jpg 768w\" sizes=\"auto, (max-width: 1024px) 100vw, 1024px\" \/><\/a><figcaption>Ein Freund<\/figcaption><\/figure><\/div>\n\n\n\n<p>Einige weitere Bilder vom Markt haben euch noch zusammengestellt: <a href=\"https:\/\/www.guhalg.com\/wordpress\/?page_id=8620\" data-type=\"page\" data-id=\"8620\">einheimischer Markt<\/a>.<\/p>\n\n\n\n<div class=\"wp-block-columns is-layout-flex wp-container-core-columns-is-layout-9d6595d7 wp-block-columns-is-layout-flex\">\n<div class=\"wp-block-column is-layout-flow wp-block-column-is-layout-flow\">\n<div class=\"wp-block-buttons is-layout-flex wp-block-buttons-is-layout-flex\">\n<div class=\"wp-block-button\"><a class=\"wp-block-button__link\" href=\"https:\/\/www.guhalg.com\/wordpress\/?page_id=8528\">Die Minahasa Tour<\/a><\/div>\n<\/div>\n<\/div>\n\n\n\n<div class=\"wp-block-column is-layout-flow wp-block-column-is-layout-flow\">\n<div class=\"wp-block-buttons is-content-justification-right is-layout-flex wp-container-core-buttons-is-layout-765c4724 wp-block-buttons-is-layout-flex\">\n<div class=\"wp-block-button\"><a class=\"wp-block-button__link\" href=\"https:\/\/www.guhalg.com\/wordpress\/?page_id=8675\">Der Vulkan<\/a><\/div>\n<\/div>\n<\/div>\n<\/div>\n","protected":false},"excerpt":{"rendered":"<p>Hmm, was erwartet man von einem einheimischen Markt in Hochland von Minahasa, einer Provinz in Nord-Sulawesi in Indonesien? Gute Frage? Wir hatten schon eine genaue Vorstellung: Obst, Gem\u00fcse, etwas Fleisch und ein bisschen Allerlei. Vielleicht auch noch ein Stand \u00e0&hellip; <\/p>\n","protected":false},"author":1,"featured_media":0,"parent":8325,"menu_order":9,"comment_status":"closed","ping_status":"closed","template":"","meta":{"footnotes":""},"class_list":["post-8620","page","type-page","status-publish","hentry"],"_links":{"self":[{"href":"https:\/\/www.guhalg.com\/wordpress\/index.php?rest_route=\/wp\/v2\/pages\/8620","targetHints":{"allow":["GET"]}}],"collection":[{"href":"https:\/\/www.guhalg.com\/wordpress\/index.php?rest_route=\/wp\/v2\/pages"}],"about":[{"href":"https:\/\/www.guhalg.com\/wordpress\/index.php?rest_route=\/wp\/v2\/types\/page"}],"author":[{"embeddable":true,"href":"https:\/\/www.guhalg.com\/wordpress\/index.php?rest_route=\/wp\/v2\/users\/1"}],"replies":[{"embeddable":true,"href":"https:\/\/www.guhalg.com\/wordpress\/index.php?rest_route=%2Fwp%2Fv2%2Fcomments&post=8620"}],"version-history":[{"count":5,"href":"https:\/\/www.guhalg.com\/wordpress\/index.php?rest_route=\/wp\/v2\/pages\/8620\/revisions"}],"predecessor-version":[{"id":8678,"href":"https:\/\/www.guhalg.com\/wordpress\/index.php?rest_route=\/wp\/v2\/pages\/8620\/revisions\/8678"}],"up":[{"embeddable":true,"href":"https:\/\/www.guhalg.com\/wordpress\/index.php?rest_route=\/wp\/v2\/pages\/8325"}],"wp:attachment":[{"href":"https:\/\/www.guhalg.com\/wordpress\/index.php?rest_route=%2Fwp%2Fv2%2Fmedia&parent=8620"}],"curies":[{"name":"wp","href":"https:\/\/api.w.org\/{rel}","templated":true}]}}