{"id":8675,"date":"2022-02-17T21:31:18","date_gmt":"2022-02-17T20:31:18","guid":{"rendered":"https:\/\/www.guhalg.com\/wordpress\/?page_id=8675"},"modified":"2022-02-19T20:38:09","modified_gmt":"2022-02-19T19:38:09","slug":"der-vulkan","status":"publish","type":"page","link":"https:\/\/www.guhalg.com\/wordpress\/?page_id=8675","title":{"rendered":"Der Vulkan"},"content":{"rendered":"\n<p>Nach dem Markt ging es auch schon schnell weiter. Schlie\u00dflich wollten wir ja zur besten Tageszeit den Vulkan besteigen und mussten noch eine geh\u00f6rige Strecke bis dahin zur\u00fccklegen. Die Fahrt f\u00fchrte uns immer weiter durch das Hochland, vorbei an Feldern mit Fr\u00fcchten, die wir doch erst gerade auf dem Markt gesehen hatten. Einige Impressionen aus dem Hochland findet ihr in der Galerie: <a href=\"https:\/\/www.guhalg.com\/wordpress\/?page_id=8697\" data-type=\"page\" data-id=\"8697\">Minahasa Hochland<\/a>. Doch endlich waren wir da. Der Wagen wurde auf einem kleinen Parkplatz abgestellt, wir mussten uns dann alle noch in das Besucherbuch der Parkverwaltung f\u00fcr den Vulkan eintragen und schon ging es einen mehr oder minder gut ausgebauten Trampelpfad hoch und hoch und hoch. Zwischendurch konnte man erkennen, dass dieser Pfad bei Regenfall auch als Wasserabfluss dient. Also immer sch\u00f6n aufpassen, wo man hintritt, und dabei ging es immer noch hoch und hoch und huch \u2013 es geht gar nicht mehr hoch. Nun schnell den Blick vom Boden gel\u00f6st und in die Runde geschaut, und da ist er: der Vulkan.<\/p>\n\n\n\n<div class=\"wp-block-image\"><figure class=\"aligncenter size-full\"><a href=\"https:\/\/www.guhalg.com\/wordpress\/wp-content\/uploads\/Reisen\/Indonesien2010\/Minahasa\/P1040829.jpg\"><img loading=\"lazy\" decoding=\"async\" width=\"1024\" height=\"576\" src=\"https:\/\/www.guhalg.com\/wordpress\/wp-content\/uploads\/Reisen\/Indonesien2010\/Minahasa\/P1040829.jpg\" alt=\"Der Vulkan\" class=\"wp-image-8555\" srcset=\"https:\/\/www.guhalg.com\/wordpress\/wp-content\/uploads\/Reisen\/Indonesien2010\/Minahasa\/P1040829.jpg 1024w, https:\/\/www.guhalg.com\/wordpress\/wp-content\/uploads\/Reisen\/Indonesien2010\/Minahasa\/P1040829-300x169.jpg 300w, https:\/\/www.guhalg.com\/wordpress\/wp-content\/uploads\/Reisen\/Indonesien2010\/Minahasa\/P1040829-768x432.jpg 768w\" sizes=\"auto, (max-width: 1024px) 100vw, 1024px\" \/><\/a><\/figure><\/div>\n\n\n\n<p>Der erste Blick erinnerte dabei mehr an einen verlassenen Steinbruch, allerdings ganz sch\u00f6n gro\u00df. Bevor es um den Vulkan herum ging noch eine kurze Pause vom Aufstieg.<\/p>\n\n\n\n<div class=\"wp-block-image\"><figure class=\"aligncenter size-full\"><a href=\"https:\/\/www.guhalg.com\/wordpress\/wp-content\/uploads\/Reisen\/Indonesien2010\/Minahasa\/P1040831.jpg\"><img loading=\"lazy\" decoding=\"async\" width=\"1024\" height=\"576\" src=\"https:\/\/www.guhalg.com\/wordpress\/wp-content\/uploads\/Reisen\/Indonesien2010\/Minahasa\/P1040831.jpg\" alt=\"Kurze Pause\" class=\"wp-image-8556\" srcset=\"https:\/\/www.guhalg.com\/wordpress\/wp-content\/uploads\/Reisen\/Indonesien2010\/Minahasa\/P1040831.jpg 1024w, https:\/\/www.guhalg.com\/wordpress\/wp-content\/uploads\/Reisen\/Indonesien2010\/Minahasa\/P1040831-300x169.jpg 300w, https:\/\/www.guhalg.com\/wordpress\/wp-content\/uploads\/Reisen\/Indonesien2010\/Minahasa\/P1040831-768x432.jpg 768w\" sizes=\"auto, (max-width: 1024px) 100vw, 1024px\" \/><\/a><figcaption>Kurze Pause<\/figcaption><\/figure><\/div>\n\n\n\n<p>Danach ging es einen kleinen Pfad lang, immer mal wieder mit einem Blick auf den Krater bis wir so ziemlich genau gegen\u00fcber unserer Aufstiegsposition wieder an den Kraterrand kamen.<\/p>\n\n\n\n<div class=\"wp-block-image\"><figure class=\"aligncenter size-full\"><a href=\"https:\/\/www.guhalg.com\/wordpress\/wp-content\/uploads\/Reisen\/Indonesien2010\/Minahasa\/P1040832.jpg\"><img loading=\"lazy\" decoding=\"async\" width=\"1024\" height=\"576\" src=\"https:\/\/www.guhalg.com\/wordpress\/wp-content\/uploads\/Reisen\/Indonesien2010\/Minahasa\/P1040832.jpg\" alt=\"Ein kleiner Pfad\" class=\"wp-image-8557\" srcset=\"https:\/\/www.guhalg.com\/wordpress\/wp-content\/uploads\/Reisen\/Indonesien2010\/Minahasa\/P1040832.jpg 1024w, https:\/\/www.guhalg.com\/wordpress\/wp-content\/uploads\/Reisen\/Indonesien2010\/Minahasa\/P1040832-300x169.jpg 300w, https:\/\/www.guhalg.com\/wordpress\/wp-content\/uploads\/Reisen\/Indonesien2010\/Minahasa\/P1040832-768x432.jpg 768w\" sizes=\"auto, (max-width: 1024px) 100vw, 1024px\" \/><\/a><figcaption>Ein kleiner Pfad<\/figcaption><\/figure><\/div>\n\n\n\n<div class=\"wp-block-image\"><figure class=\"aligncenter size-full\"><a href=\"https:\/\/www.guhalg.com\/wordpress\/wp-content\/uploads\/Reisen\/Indonesien2010\/Minahasa\/P1040833.jpg\"><img loading=\"lazy\" decoding=\"async\" width=\"1024\" height=\"576\" src=\"https:\/\/www.guhalg.com\/wordpress\/wp-content\/uploads\/Reisen\/Indonesien2010\/Minahasa\/P1040833.jpg\" alt=\"Kurz vor dem Ziel\" class=\"wp-image-8558\" srcset=\"https:\/\/www.guhalg.com\/wordpress\/wp-content\/uploads\/Reisen\/Indonesien2010\/Minahasa\/P1040833.jpg 1024w, https:\/\/www.guhalg.com\/wordpress\/wp-content\/uploads\/Reisen\/Indonesien2010\/Minahasa\/P1040833-300x169.jpg 300w, https:\/\/www.guhalg.com\/wordpress\/wp-content\/uploads\/Reisen\/Indonesien2010\/Minahasa\/P1040833-768x432.jpg 768w\" sizes=\"auto, (max-width: 1024px) 100vw, 1024px\" \/><\/a><figcaption>Kurz vor dem Ziel<\/figcaption><\/figure><\/div>\n\n\n\n<p>Was f\u00fcr ein Ausblick, oder sollte man sagen, Einblick in den Kraterschlund! Man darf nicht vergessen: dieses ist ein aktiver Vulkan und er wird daher st\u00e4ndig \u00fcberwacht.<\/p>\n\n\n\n<div class=\"wp-block-image\"><figure class=\"aligncenter size-full\"><a href=\"https:\/\/www.guhalg.com\/wordpress\/wp-content\/uploads\/Reisen\/Indonesien2010\/Minahasa\/P1040849_P.jpg\"><img loading=\"lazy\" decoding=\"async\" width=\"862\" height=\"600\" src=\"https:\/\/www.guhalg.com\/wordpress\/wp-content\/uploads\/Reisen\/Indonesien2010\/Minahasa\/P1040849_P.jpg\" alt=\"Panorama Vulkan\" class=\"wp-image-8560\" srcset=\"https:\/\/www.guhalg.com\/wordpress\/wp-content\/uploads\/Reisen\/Indonesien2010\/Minahasa\/P1040849_P.jpg 862w, https:\/\/www.guhalg.com\/wordpress\/wp-content\/uploads\/Reisen\/Indonesien2010\/Minahasa\/P1040849_P-300x209.jpg 300w, https:\/\/www.guhalg.com\/wordpress\/wp-content\/uploads\/Reisen\/Indonesien2010\/Minahasa\/P1040849_P-768x535.jpg 768w\" sizes=\"auto, (max-width: 862px) 100vw, 862px\" \/><\/a><figcaption>Panorama Vulkan<\/figcaption><\/figure><\/div>\n\n\n\n<div class=\"wp-block-columns is-layout-flex wp-container-core-columns-is-layout-9d6595d7 wp-block-columns-is-layout-flex\">\n<div class=\"wp-block-column is-layout-flow wp-block-column-is-layout-flow\">\n<div class=\"wp-block-image\"><figure class=\"aligncenter size-full\"><a href=\"https:\/\/www.guhalg.com\/wordpress\/wp-content\/uploads\/Reisen\/Indonesien2010\/Minahasa\/P1040854.jpg\"><img loading=\"lazy\" decoding=\"async\" width=\"1024\" height=\"576\" src=\"https:\/\/www.guhalg.com\/wordpress\/wp-content\/uploads\/Reisen\/Indonesien2010\/Minahasa\/P1040854.jpg\" alt=\"Autarker Strom\" class=\"wp-image-8561\" srcset=\"https:\/\/www.guhalg.com\/wordpress\/wp-content\/uploads\/Reisen\/Indonesien2010\/Minahasa\/P1040854.jpg 1024w, https:\/\/www.guhalg.com\/wordpress\/wp-content\/uploads\/Reisen\/Indonesien2010\/Minahasa\/P1040854-300x169.jpg 300w, https:\/\/www.guhalg.com\/wordpress\/wp-content\/uploads\/Reisen\/Indonesien2010\/Minahasa\/P1040854-768x432.jpg 768w\" sizes=\"auto, (max-width: 1024px) 100vw, 1024px\" \/><\/a><figcaption>Autarker Strom<\/figcaption><\/figure><\/div>\n<\/div>\n\n\n\n<div class=\"wp-block-column is-layout-flow wp-block-column-is-layout-flow\">\n<div class=\"wp-block-image\"><figure class=\"aligncenter size-full\"><a href=\"https:\/\/www.guhalg.com\/wordpress\/wp-content\/uploads\/Reisen\/Indonesien2010\/Minahasa\/P1040855.jpg\"><img loading=\"lazy\" decoding=\"async\" width=\"1024\" height=\"576\" src=\"https:\/\/www.guhalg.com\/wordpress\/wp-content\/uploads\/Reisen\/Indonesien2010\/Minahasa\/P1040855.jpg\" alt=\"Permanente Daten\u00fcbermittlung\" class=\"wp-image-8562\" srcset=\"https:\/\/www.guhalg.com\/wordpress\/wp-content\/uploads\/Reisen\/Indonesien2010\/Minahasa\/P1040855.jpg 1024w, https:\/\/www.guhalg.com\/wordpress\/wp-content\/uploads\/Reisen\/Indonesien2010\/Minahasa\/P1040855-300x169.jpg 300w, https:\/\/www.guhalg.com\/wordpress\/wp-content\/uploads\/Reisen\/Indonesien2010\/Minahasa\/P1040855-768x432.jpg 768w\" sizes=\"auto, (max-width: 1024px) 100vw, 1024px\" \/><\/a><figcaption>Permanente Daten\u00fcbermittlung<\/figcaption><\/figure><\/div>\n<\/div>\n<\/div>\n\n\n\n<p>Nur noch ein Beweisfoto und ein letzter Blick in die Runde und in den Krater und dann ging es auch schon wieder weiter.<\/p>\n\n\n\n<div class=\"wp-block-image\"><figure class=\"aligncenter size-full\"><a href=\"https:\/\/www.guhalg.com\/wordpress\/wp-content\/uploads\/Reisen\/Indonesien2010\/Minahasa\/P1040856.jpg\"><img loading=\"lazy\" decoding=\"async\" width=\"1024\" height=\"576\" src=\"https:\/\/www.guhalg.com\/wordpress\/wp-content\/uploads\/Reisen\/Indonesien2010\/Minahasa\/P1040856.jpg\" alt=\"Wir waren wirklich da\" class=\"wp-image-8563\" srcset=\"https:\/\/www.guhalg.com\/wordpress\/wp-content\/uploads\/Reisen\/Indonesien2010\/Minahasa\/P1040856.jpg 1024w, https:\/\/www.guhalg.com\/wordpress\/wp-content\/uploads\/Reisen\/Indonesien2010\/Minahasa\/P1040856-300x169.jpg 300w, https:\/\/www.guhalg.com\/wordpress\/wp-content\/uploads\/Reisen\/Indonesien2010\/Minahasa\/P1040856-768x432.jpg 768w\" sizes=\"auto, (max-width: 1024px) 100vw, 1024px\" \/><\/a><figcaption>Wir waren wirklich da<\/figcaption><\/figure><\/div>\n\n\n\n<div class=\"wp-block-columns is-layout-flex wp-container-core-columns-is-layout-9d6595d7 wp-block-columns-is-layout-flex\">\n<div class=\"wp-block-column is-layout-flow wp-block-column-is-layout-flow\">\n<div class=\"wp-block-image\"><figure class=\"aligncenter size-full\"><a href=\"https:\/\/www.guhalg.com\/wordpress\/wp-content\/uploads\/Reisen\/Indonesien2010\/Minahasa\/P1040860.jpg\"><img loading=\"lazy\" decoding=\"async\" width=\"1024\" height=\"576\" src=\"https:\/\/www.guhalg.com\/wordpress\/wp-content\/uploads\/Reisen\/Indonesien2010\/Minahasa\/P1040860.jpg\" alt=\"Der Schlund\" class=\"wp-image-8564\" srcset=\"https:\/\/www.guhalg.com\/wordpress\/wp-content\/uploads\/Reisen\/Indonesien2010\/Minahasa\/P1040860.jpg 1024w, https:\/\/www.guhalg.com\/wordpress\/wp-content\/uploads\/Reisen\/Indonesien2010\/Minahasa\/P1040860-300x169.jpg 300w, https:\/\/www.guhalg.com\/wordpress\/wp-content\/uploads\/Reisen\/Indonesien2010\/Minahasa\/P1040860-768x432.jpg 768w\" sizes=\"auto, (max-width: 1024px) 100vw, 1024px\" \/><\/a><figcaption>Der Schlund<\/figcaption><\/figure><\/div>\n<\/div>\n\n\n\n<div class=\"wp-block-column is-layout-flow wp-block-column-is-layout-flow\">\n<div class=\"wp-block-image\"><figure class=\"aligncenter size-full\"><a href=\"https:\/\/www.guhalg.com\/wordpress\/wp-content\/uploads\/Reisen\/Indonesien2010\/Minahasa\/P1040843.jpg\"><img loading=\"lazy\" decoding=\"async\" width=\"1024\" height=\"576\" src=\"https:\/\/www.guhalg.com\/wordpress\/wp-content\/uploads\/Reisen\/Indonesien2010\/Minahasa\/P1040843.jpg\" alt=\"Der weite Blick\" class=\"wp-image-8559\" srcset=\"https:\/\/www.guhalg.com\/wordpress\/wp-content\/uploads\/Reisen\/Indonesien2010\/Minahasa\/P1040843.jpg 1024w, https:\/\/www.guhalg.com\/wordpress\/wp-content\/uploads\/Reisen\/Indonesien2010\/Minahasa\/P1040843-300x169.jpg 300w, https:\/\/www.guhalg.com\/wordpress\/wp-content\/uploads\/Reisen\/Indonesien2010\/Minahasa\/P1040843-768x432.jpg 768w\" sizes=\"auto, (max-width: 1024px) 100vw, 1024px\" \/><\/a><figcaption>Der weite Blick<\/figcaption><\/figure><\/div>\n<\/div>\n\n\n\n<div class=\"wp-block-column is-layout-flow wp-block-column-is-layout-flow\">\n<div class=\"wp-block-image\"><figure class=\"aligncenter size-full\"><a href=\"https:\/\/www.guhalg.com\/wordpress\/wp-content\/uploads\/Reisen\/Indonesien2010\/Minahasa\/P1040862.jpg\"><img loading=\"lazy\" decoding=\"async\" width=\"1024\" height=\"576\" src=\"https:\/\/www.guhalg.com\/wordpress\/wp-content\/uploads\/Reisen\/Indonesien2010\/Minahasa\/P1040862.jpg\" alt=\"Der R\u00fcckweg\" class=\"wp-image-8565\" srcset=\"https:\/\/www.guhalg.com\/wordpress\/wp-content\/uploads\/Reisen\/Indonesien2010\/Minahasa\/P1040862.jpg 1024w, https:\/\/www.guhalg.com\/wordpress\/wp-content\/uploads\/Reisen\/Indonesien2010\/Minahasa\/P1040862-300x169.jpg 300w, https:\/\/www.guhalg.com\/wordpress\/wp-content\/uploads\/Reisen\/Indonesien2010\/Minahasa\/P1040862-768x432.jpg 768w\" sizes=\"auto, (max-width: 1024px) 100vw, 1024px\" \/><\/a><figcaption>Der R\u00fcckweg<\/figcaption><\/figure><\/div>\n<\/div>\n<\/div>\n\n\n\n<p>Der R\u00fcckweg f\u00fchrte uns wieder erstmal einen kleinen Pfad entlang. Mit dem Auto ging es auf zur n\u00e4chsten Station. Auch hier gab es wieder viele Eindr\u00fccke und Bilder aus dem Auto heraus aufzunehmen, eine Auswahl findet ihr unter dem folgenden Link: <a href=\"https:\/\/www.guhalg.com\/wordpress\/?page_id=8793\" data-type=\"page\" data-id=\"8793\">Bilder Minahasa<\/a><\/p>\n\n\n\n<div class=\"wp-block-columns is-layout-flex wp-container-core-columns-is-layout-9d6595d7 wp-block-columns-is-layout-flex\">\n<div class=\"wp-block-column is-layout-flow wp-block-column-is-layout-flow\">\n<div class=\"wp-block-buttons is-layout-flex wp-block-buttons-is-layout-flex\">\n<div class=\"wp-block-button\"><a class=\"wp-block-button__link\" href=\"https:\/\/www.guhalg.com\/wordpress\/?page_id=8620\">Der einheimische Markt<\/a><\/div>\n<\/div>\n<\/div>\n\n\n\n<div class=\"wp-block-column is-layout-flow wp-block-column-is-layout-flow\">\n<div class=\"wp-block-buttons is-content-justification-right is-layout-flex wp-container-core-buttons-is-layout-765c4724 wp-block-buttons-is-layout-flex\">\n<div class=\"wp-block-button\"><a class=\"wp-block-button__link\" href=\"https:\/\/www.guhalg.com\/wordpress\/?page_id=8800\">Dorfspezialit\u00e4ten<\/a><\/div>\n<\/div>\n<\/div>\n<\/div>\n\n\n\n<p><\/p>\n","protected":false},"excerpt":{"rendered":"<p>Nach dem Markt ging es auch schon schnell weiter. Schlie\u00dflich wollten wir ja zur besten Tageszeit den Vulkan besteigen und mussten noch eine geh\u00f6rige Strecke bis dahin zur\u00fccklegen. Die Fahrt f\u00fchrte uns immer weiter durch das Hochland, vorbei an Feldern&hellip; <\/p>\n","protected":false},"author":1,"featured_media":0,"parent":8325,"menu_order":10,"comment_status":"closed","ping_status":"closed","template":"","meta":{"footnotes":""},"class_list":["post-8675","page","type-page","status-publish","hentry"],"_links":{"self":[{"href":"https:\/\/www.guhalg.com\/wordpress\/index.php?rest_route=\/wp\/v2\/pages\/8675","targetHints":{"allow":["GET"]}}],"collection":[{"href":"https:\/\/www.guhalg.com\/wordpress\/index.php?rest_route=\/wp\/v2\/pages"}],"about":[{"href":"https:\/\/www.guhalg.com\/wordpress\/index.php?rest_route=\/wp\/v2\/types\/page"}],"author":[{"embeddable":true,"href":"https:\/\/www.guhalg.com\/wordpress\/index.php?rest_route=\/wp\/v2\/users\/1"}],"replies":[{"embeddable":true,"href":"https:\/\/www.guhalg.com\/wordpress\/index.php?rest_route=%2Fwp%2Fv2%2Fcomments&post=8675"}],"version-history":[{"count":9,"href":"https:\/\/www.guhalg.com\/wordpress\/index.php?rest_route=\/wp\/v2\/pages\/8675\/revisions"}],"predecessor-version":[{"id":8802,"href":"https:\/\/www.guhalg.com\/wordpress\/index.php?rest_route=\/wp\/v2\/pages\/8675\/revisions\/8802"}],"up":[{"embeddable":true,"href":"https:\/\/www.guhalg.com\/wordpress\/index.php?rest_route=\/wp\/v2\/pages\/8325"}],"wp:attachment":[{"href":"https:\/\/www.guhalg.com\/wordpress\/index.php?rest_route=%2Fwp%2Fv2%2Fmedia&parent=8675"}],"curies":[{"name":"wp","href":"https:\/\/api.w.org\/{rel}","templated":true}]}}