{"id":8800,"date":"2022-02-19T20:37:34","date_gmt":"2022-02-19T19:37:34","guid":{"rendered":"https:\/\/www.guhalg.com\/wordpress\/?page_id=8800"},"modified":"2022-02-19T23:14:30","modified_gmt":"2022-02-19T22:14:30","slug":"dorfspezialitaeten","status":"publish","type":"page","link":"https:\/\/www.guhalg.com\/wordpress\/?page_id=8800","title":{"rendered":"Dorfspezialit\u00e4ten"},"content":{"rendered":"\n<p>Die n\u00e4chste Station war mal wieder etwas Kulinarisches. Das Fr\u00fchst\u00fcck war lange her, die Erlebnisse schon reichhaltig und der Hunger meldete jetzt auch seine Rechte an. Das muss wohl den meisten Touristen so gehen, denn der Fahrer steuerte, nachdem wir das Hochland wieder verlassen hatten, geradewegs auf einen gro\u00dfen See zu. Passte sich auch ganz gut vom Wetter her, denn es zog sich gerade zu. Also erstmal am See entlang bis auf der linken Seite dann der Eingang zum Restaurant kam, wo man wirklich gut essen kann.<\/p>\n\n\n\n<figure class=\"wp-block-gallery has-nested-images columns-2 is-cropped wp-block-gallery-1 is-layout-flex wp-block-gallery-is-layout-flex\">\n<figure class=\"wp-block-image size-large\"><img loading=\"lazy\" decoding=\"async\" width=\"1024\" height=\"576\" data-id=\"8567\" src=\"https:\/\/www.guhalg.com\/wordpress\/wp-content\/uploads\/Reisen\/Indonesien2010\/Minahasa\/P1040919.jpg\" alt=\"\" class=\"wp-image-8567\" srcset=\"https:\/\/www.guhalg.com\/wordpress\/wp-content\/uploads\/Reisen\/Indonesien2010\/Minahasa\/P1040919.jpg 1024w, https:\/\/www.guhalg.com\/wordpress\/wp-content\/uploads\/Reisen\/Indonesien2010\/Minahasa\/P1040919-300x169.jpg 300w, https:\/\/www.guhalg.com\/wordpress\/wp-content\/uploads\/Reisen\/Indonesien2010\/Minahasa\/P1040919-768x432.jpg 768w\" sizes=\"auto, (max-width: 1024px) 100vw, 1024px\" \/><\/figure>\n\n\n\n<figure class=\"wp-block-image size-large\"><img loading=\"lazy\" decoding=\"async\" width=\"1024\" height=\"576\" data-id=\"8568\" src=\"https:\/\/www.guhalg.com\/wordpress\/wp-content\/uploads\/Reisen\/Indonesien2010\/Minahasa\/P1040920.jpg\" alt=\"\" class=\"wp-image-8568\" srcset=\"https:\/\/www.guhalg.com\/wordpress\/wp-content\/uploads\/Reisen\/Indonesien2010\/Minahasa\/P1040920.jpg 1024w, https:\/\/www.guhalg.com\/wordpress\/wp-content\/uploads\/Reisen\/Indonesien2010\/Minahasa\/P1040920-300x169.jpg 300w, https:\/\/www.guhalg.com\/wordpress\/wp-content\/uploads\/Reisen\/Indonesien2010\/Minahasa\/P1040920-768x432.jpg 768w\" sizes=\"auto, (max-width: 1024px) 100vw, 1024px\" \/><\/figure>\n\n\n\n<figure class=\"wp-block-image size-large\"><img loading=\"lazy\" decoding=\"async\" width=\"1024\" height=\"576\" data-id=\"8570\" src=\"https:\/\/www.guhalg.com\/wordpress\/wp-content\/uploads\/Reisen\/Indonesien2010\/Minahasa\/P1040930.jpg\" alt=\"\" class=\"wp-image-8570\" srcset=\"https:\/\/www.guhalg.com\/wordpress\/wp-content\/uploads\/Reisen\/Indonesien2010\/Minahasa\/P1040930.jpg 1024w, https:\/\/www.guhalg.com\/wordpress\/wp-content\/uploads\/Reisen\/Indonesien2010\/Minahasa\/P1040930-300x169.jpg 300w, https:\/\/www.guhalg.com\/wordpress\/wp-content\/uploads\/Reisen\/Indonesien2010\/Minahasa\/P1040930-768x432.jpg 768w\" sizes=\"auto, (max-width: 1024px) 100vw, 1024px\" \/><\/figure>\n\n\n\n<figure class=\"wp-block-image size-large\"><img loading=\"lazy\" decoding=\"async\" width=\"1024\" height=\"576\" data-id=\"8569\" src=\"https:\/\/www.guhalg.com\/wordpress\/wp-content\/uploads\/Reisen\/Indonesien2010\/Minahasa\/P1040929.jpg\" alt=\"\" class=\"wp-image-8569\" srcset=\"https:\/\/www.guhalg.com\/wordpress\/wp-content\/uploads\/Reisen\/Indonesien2010\/Minahasa\/P1040929.jpg 1024w, https:\/\/www.guhalg.com\/wordpress\/wp-content\/uploads\/Reisen\/Indonesien2010\/Minahasa\/P1040929-300x169.jpg 300w, https:\/\/www.guhalg.com\/wordpress\/wp-content\/uploads\/Reisen\/Indonesien2010\/Minahasa\/P1040929-768x432.jpg 768w\" sizes=\"auto, (max-width: 1024px) 100vw, 1024px\" \/><\/figure>\n<\/figure>\n\n\n\n<p>Nach dem Essen ging es aber auch gleich weiter. Schlie\u00dflich hatten wir ja noch vier Ziele auf dem Programm. Doch erst noch ging es ein wenig am See entlang, vorbei an den Aufzuchtbecken f\u00fcr die Fische und den Fischerh\u00fctten.<\/p>\n\n\n\n<figure class=\"wp-block-gallery has-nested-images columns-default is-cropped wp-block-gallery-2 is-layout-flex wp-block-gallery-is-layout-flex\">\n<figure class=\"wp-block-image size-large\"><img loading=\"lazy\" decoding=\"async\" width=\"1024\" height=\"576\" data-id=\"8566\" src=\"https:\/\/www.guhalg.com\/wordpress\/wp-content\/uploads\/Reisen\/Indonesien2010\/Minahasa\/P1040918.jpg\" alt=\"\" class=\"wp-image-8566\" srcset=\"https:\/\/www.guhalg.com\/wordpress\/wp-content\/uploads\/Reisen\/Indonesien2010\/Minahasa\/P1040918.jpg 1024w, https:\/\/www.guhalg.com\/wordpress\/wp-content\/uploads\/Reisen\/Indonesien2010\/Minahasa\/P1040918-300x169.jpg 300w, https:\/\/www.guhalg.com\/wordpress\/wp-content\/uploads\/Reisen\/Indonesien2010\/Minahasa\/P1040918-768x432.jpg 768w\" sizes=\"auto, (max-width: 1024px) 100vw, 1024px\" \/><\/figure>\n\n\n\n<figure class=\"wp-block-image size-large\"><img loading=\"lazy\" decoding=\"async\" width=\"1024\" height=\"576\" data-id=\"8572\" src=\"https:\/\/www.guhalg.com\/wordpress\/wp-content\/uploads\/Reisen\/Indonesien2010\/Minahasa\/P1040933.jpg\" alt=\"\" class=\"wp-image-8572\" srcset=\"https:\/\/www.guhalg.com\/wordpress\/wp-content\/uploads\/Reisen\/Indonesien2010\/Minahasa\/P1040933.jpg 1024w, https:\/\/www.guhalg.com\/wordpress\/wp-content\/uploads\/Reisen\/Indonesien2010\/Minahasa\/P1040933-300x169.jpg 300w, https:\/\/www.guhalg.com\/wordpress\/wp-content\/uploads\/Reisen\/Indonesien2010\/Minahasa\/P1040933-768x432.jpg 768w\" sizes=\"auto, (max-width: 1024px) 100vw, 1024px\" \/><\/figure>\n\n\n\n<figure class=\"wp-block-image size-large\"><img loading=\"lazy\" decoding=\"async\" width=\"1024\" height=\"576\" data-id=\"8571\" src=\"https:\/\/www.guhalg.com\/wordpress\/wp-content\/uploads\/Reisen\/Indonesien2010\/Minahasa\/P1040931.jpg\" alt=\"\" class=\"wp-image-8571\" srcset=\"https:\/\/www.guhalg.com\/wordpress\/wp-content\/uploads\/Reisen\/Indonesien2010\/Minahasa\/P1040931.jpg 1024w, https:\/\/www.guhalg.com\/wordpress\/wp-content\/uploads\/Reisen\/Indonesien2010\/Minahasa\/P1040931-300x169.jpg 300w, https:\/\/www.guhalg.com\/wordpress\/wp-content\/uploads\/Reisen\/Indonesien2010\/Minahasa\/P1040931-768x432.jpg 768w\" sizes=\"auto, (max-width: 1024px) 100vw, 1024px\" \/><\/figure>\n<\/figure>\n\n\n\n<p>Zwei unserer Nachmittagsziele waren einfach nur D\u00f6rfer. Warum? Nun, diese D\u00f6rfer sind jeweils spezialisiert auf ein Gewerk. Im ersten Dorf haben quasi alle Familien eine Tonkuhle und betreiben die T\u00f6pferei. Dabei ist dann jede Familie wiederum spezialisiert, entweder auf bestimmte Farben oder Gr\u00f6\u00dfen, ja sogar so etwas wie Designs und damit verbunden ein Designschutz bestehen hier. Wenn sich eine Familie eine bestimmte Form, Gestaltung und Farbe ausgedacht hat, dann wird dieses von den anderen Familien im Dorf respektiert. Die Verarbeitung des Tons ist im allgemeinen Frauenarbeit und besteht aus erstaunlich vielen einzelnen Schritten.  Am Anfang steht die Vorbereitung (z.&nbsp;B. ein permanentes Kneten, w\u00e4ssern, feucht halten). Dem schlie\u00dft sich die K\u00fcnstlerin an. In diesem Fall formt sie einen gro\u00dfen Krug, der nach dem Trocknen an der Luft dann im Ofen gebrannt und letztendlich mit Farbe verziert wird.<\/p>\n\n\n\n<figure class=\"wp-block-gallery has-nested-images columns-4 is-cropped wp-block-gallery-3 is-layout-flex wp-block-gallery-is-layout-flex\">\n<figure class=\"wp-block-image size-large\"><img loading=\"lazy\" decoding=\"async\" width=\"576\" height=\"1024\" data-id=\"8573\" src=\"https:\/\/www.guhalg.com\/wordpress\/wp-content\/uploads\/Reisen\/Indonesien2010\/Minahasa\/P1040941.jpg\" alt=\"\" class=\"wp-image-8573\" srcset=\"https:\/\/www.guhalg.com\/wordpress\/wp-content\/uploads\/Reisen\/Indonesien2010\/Minahasa\/P1040941.jpg 576w, https:\/\/www.guhalg.com\/wordpress\/wp-content\/uploads\/Reisen\/Indonesien2010\/Minahasa\/P1040941-169x300.jpg 169w\" sizes=\"auto, (max-width: 576px) 100vw, 576px\" \/><\/figure>\n\n\n\n<figure class=\"wp-block-image size-large\"><img loading=\"lazy\" decoding=\"async\" width=\"576\" height=\"1024\" data-id=\"8576\" src=\"https:\/\/www.guhalg.com\/wordpress\/wp-content\/uploads\/Reisen\/Indonesien2010\/Minahasa\/P1040959.jpg\" alt=\"\" class=\"wp-image-8576\" srcset=\"https:\/\/www.guhalg.com\/wordpress\/wp-content\/uploads\/Reisen\/Indonesien2010\/Minahasa\/P1040959.jpg 576w, https:\/\/www.guhalg.com\/wordpress\/wp-content\/uploads\/Reisen\/Indonesien2010\/Minahasa\/P1040959-169x300.jpg 169w\" sizes=\"auto, (max-width: 576px) 100vw, 576px\" \/><\/figure>\n\n\n\n<figure class=\"wp-block-image size-large\"><img loading=\"lazy\" decoding=\"async\" width=\"576\" height=\"1024\" data-id=\"8574\" src=\"https:\/\/www.guhalg.com\/wordpress\/wp-content\/uploads\/Reisen\/Indonesien2010\/Minahasa\/P1040945.jpg\" alt=\"\" class=\"wp-image-8574\" srcset=\"https:\/\/www.guhalg.com\/wordpress\/wp-content\/uploads\/Reisen\/Indonesien2010\/Minahasa\/P1040945.jpg 576w, https:\/\/www.guhalg.com\/wordpress\/wp-content\/uploads\/Reisen\/Indonesien2010\/Minahasa\/P1040945-169x300.jpg 169w\" sizes=\"auto, (max-width: 576px) 100vw, 576px\" \/><\/figure>\n\n\n\n<figure class=\"wp-block-image size-large\"><img loading=\"lazy\" decoding=\"async\" width=\"576\" height=\"1024\" data-id=\"8575\" src=\"https:\/\/www.guhalg.com\/wordpress\/wp-content\/uploads\/Reisen\/Indonesien2010\/Minahasa\/P1040951.jpg\" alt=\"\" class=\"wp-image-8575\" srcset=\"https:\/\/www.guhalg.com\/wordpress\/wp-content\/uploads\/Reisen\/Indonesien2010\/Minahasa\/P1040951.jpg 576w, https:\/\/www.guhalg.com\/wordpress\/wp-content\/uploads\/Reisen\/Indonesien2010\/Minahasa\/P1040951-169x300.jpg 169w\" sizes=\"auto, (max-width: 576px) 100vw, 576px\" \/><\/figure>\n<\/figure>\n\n\n\n<p>Einige weitere Bilder aus diesem Dorf findet ihr unter dem folgenden Link: <a href=\"https:\/\/www.guhalg.com\/wordpress\/?page_id=8822\" data-type=\"page\" data-id=\"8822\">Tonverarbeitung<\/a>.<\/p>\n\n\n\n<p>Das zweite Dorf f\u00fcr den Nachmittag baut H\u00e4user \u2013 von klein bis gro\u00df, mit und ohne Stallung. Das gesamte Dorf k\u00f6nnte man auch als Musterhaussiedlung bezeichnen. Allerdings gibt es eine Ausnahme, die Ausstellungsh\u00e4user sind nur \u201ageheftet\u2018 und werden nach dem Kauf, so wie sie sind, wieder auseinandergebaut und am Zielstandort dann \u201arichtig\u2018 aufgebaut. Man besichtigt also kein Musterhaus, sondern letztendlich genau das Haus, das man auch erwirbt. Doch schaut selbst: <a href=\"https:\/\/www.guhalg.com\/wordpress\/?page_id=8843\" data-type=\"page\" data-id=\"8843\">Musterhaussiedlung<\/a>.<\/p>\n\n\n\n<div class=\"wp-block-columns is-layout-flex wp-container-core-columns-is-layout-9d6595d7 wp-block-columns-is-layout-flex\">\n<div class=\"wp-block-column is-layout-flow wp-block-column-is-layout-flow\">\n<div class=\"wp-block-buttons is-layout-flex wp-block-buttons-is-layout-flex\">\n<div class=\"wp-block-button\"><a class=\"wp-block-button__link\" href=\"https:\/\/www.guhalg.com\/wordpress\/?page_id=8675\">Der Vulkan<\/a><\/div>\n<\/div>\n<\/div>\n\n\n\n<div class=\"wp-block-column is-layout-flow wp-block-column-is-layout-flow\">\n<div class=\"wp-block-buttons is-content-justification-right is-layout-flex wp-container-core-buttons-is-layout-765c4724 wp-block-buttons-is-layout-flex\">\n<div class=\"wp-block-button\"><a class=\"wp-block-button__link\" href=\"https:\/\/www.guhalg.com\/wordpress\/?page_id=8852\">Der Schwefelsee<\/a><\/div>\n<\/div>\n<\/div>\n<\/div>\n","protected":false},"excerpt":{"rendered":"<p>Die n\u00e4chste Station war mal wieder etwas Kulinarisches. Das Fr\u00fchst\u00fcck war lange her, die Erlebnisse schon reichhaltig und der Hunger meldete jetzt auch seine Rechte an. Das muss wohl den meisten Touristen so gehen, denn der Fahrer steuerte, nachdem wir&hellip; <\/p>\n","protected":false},"author":1,"featured_media":0,"parent":8325,"menu_order":11,"comment_status":"closed","ping_status":"closed","template":"","meta":{"footnotes":""},"class_list":["post-8800","page","type-page","status-publish","hentry"],"_links":{"self":[{"href":"https:\/\/www.guhalg.com\/wordpress\/index.php?rest_route=\/wp\/v2\/pages\/8800","targetHints":{"allow":["GET"]}}],"collection":[{"href":"https:\/\/www.guhalg.com\/wordpress\/index.php?rest_route=\/wp\/v2\/pages"}],"about":[{"href":"https:\/\/www.guhalg.com\/wordpress\/index.php?rest_route=\/wp\/v2\/types\/page"}],"author":[{"embeddable":true,"href":"https:\/\/www.guhalg.com\/wordpress\/index.php?rest_route=\/wp\/v2\/users\/1"}],"replies":[{"embeddable":true,"href":"https:\/\/www.guhalg.com\/wordpress\/index.php?rest_route=%2Fwp%2Fv2%2Fcomments&post=8800"}],"version-history":[{"count":7,"href":"https:\/\/www.guhalg.com\/wordpress\/index.php?rest_route=\/wp\/v2\/pages\/8800\/revisions"}],"predecessor-version":[{"id":8856,"href":"https:\/\/www.guhalg.com\/wordpress\/index.php?rest_route=\/wp\/v2\/pages\/8800\/revisions\/8856"}],"up":[{"embeddable":true,"href":"https:\/\/www.guhalg.com\/wordpress\/index.php?rest_route=\/wp\/v2\/pages\/8325"}],"wp:attachment":[{"href":"https:\/\/www.guhalg.com\/wordpress\/index.php?rest_route=%2Fwp%2Fv2%2Fmedia&parent=8800"}],"curies":[{"name":"wp","href":"https:\/\/api.w.org\/{rel}","templated":true}]}}