{"id":8865,"date":"2022-02-19T23:40:30","date_gmt":"2022-02-19T22:40:30","guid":{"rendered":"https:\/\/www.guhalg.com\/wordpress\/?page_id=8865"},"modified":"2022-02-20T17:47:40","modified_gmt":"2022-02-20T16:47:40","slug":"heisse-quellen","status":"publish","type":"page","link":"https:\/\/www.guhalg.com\/wordpress\/?page_id=8865","title":{"rendered":"Hei\u00dfe Quellen"},"content":{"rendered":"\n<p>Die hei\u00dfen Quellen, die wir besucht haben, w\u00fcrden in Deutschland wahrscheinlich als Naherholungsgebiet gelten. V\u00f6llig unspektakul\u00e4r an einer Kurve einer Stra\u00dfe gelegen, die von irgendwo nach nirgendwo f\u00fchrt, ohne gro\u00dfe Hinweistafeln, Werbung oder dergleichen. Nur ein kleiner Parkplatz f\u00fcr zwei Autos, bei mehr Andrang muss sonst halt auf der Stra\u00dfe geparkt werden.<\/p>\n\n\n\n<p>Die Anlage selber ist sehr sch\u00f6n und nat\u00fcrlich in die Landschaft integriert. Es gibt mehrere hei\u00dfen Quellen, die zu unterschiedlichen Temperaturen mit Wasser aus den Bergen heruntergek\u00fchlt werden.<\/p>\n\n\n\n<div class=\"wp-block-image\"><figure class=\"aligncenter size-full\"><a href=\"https:\/\/www.guhalg.com\/wordpress\/wp-content\/uploads\/Reisen\/Indonesien2010\/Minahasa\/P1040998.jpg\"><img loading=\"lazy\" decoding=\"async\" width=\"1024\" height=\"576\" src=\"https:\/\/www.guhalg.com\/wordpress\/wp-content\/uploads\/Reisen\/Indonesien2010\/Minahasa\/P1040998.jpg\" alt=\"Weg zu den hei\u00dfen Quellen\" class=\"wp-image-8587\" srcset=\"https:\/\/www.guhalg.com\/wordpress\/wp-content\/uploads\/Reisen\/Indonesien2010\/Minahasa\/P1040998.jpg 1024w, https:\/\/www.guhalg.com\/wordpress\/wp-content\/uploads\/Reisen\/Indonesien2010\/Minahasa\/P1040998-300x169.jpg 300w, https:\/\/www.guhalg.com\/wordpress\/wp-content\/uploads\/Reisen\/Indonesien2010\/Minahasa\/P1040998-768x432.jpg 768w\" sizes=\"auto, (max-width: 1024px) 100vw, 1024px\" \/><\/a><figcaption>Weg zu den hei\u00dfen Quellen<\/figcaption><\/figure><\/div>\n\n\n\n<div class=\"wp-block-image\"><figure class=\"aligncenter size-full\"><a href=\"https:\/\/www.guhalg.com\/wordpress\/wp-content\/uploads\/Reisen\/Indonesien2010\/Minahasa\/P1050004.jpg\"><img loading=\"lazy\" decoding=\"async\" width=\"1024\" height=\"576\" src=\"https:\/\/www.guhalg.com\/wordpress\/wp-content\/uploads\/Reisen\/Indonesien2010\/Minahasa\/P1050004.jpg\" alt=\"Die hei\u00dfen Quellen\" class=\"wp-image-8588\" srcset=\"https:\/\/www.guhalg.com\/wordpress\/wp-content\/uploads\/Reisen\/Indonesien2010\/Minahasa\/P1050004.jpg 1024w, https:\/\/www.guhalg.com\/wordpress\/wp-content\/uploads\/Reisen\/Indonesien2010\/Minahasa\/P1050004-300x169.jpg 300w, https:\/\/www.guhalg.com\/wordpress\/wp-content\/uploads\/Reisen\/Indonesien2010\/Minahasa\/P1050004-768x432.jpg 768w\" sizes=\"auto, (max-width: 1024px) 100vw, 1024px\" \/><\/a><figcaption>Die hei\u00dfen Quellen<\/figcaption><\/figure><\/div>\n\n\n\n<p>Es besteht auch grunds\u00e4tzlich die M\u00f6glichkeit zu baden und zu saunieren, aufgrund des langen Heimwegs ins Resort haben wir uns aber mit einem Rundgang begn\u00fcgt.<\/p>\n\n\n\n<div class=\"wp-block-image\"><figure class=\"aligncenter size-full\"><a href=\"https:\/\/www.guhalg.com\/wordpress\/wp-content\/uploads\/Reisen\/Indonesien2010\/Minahasa\/P1050008.jpg\"><img loading=\"lazy\" decoding=\"async\" width=\"1024\" height=\"576\" src=\"https:\/\/www.guhalg.com\/wordpress\/wp-content\/uploads\/Reisen\/Indonesien2010\/Minahasa\/P1050008.jpg\" alt=\"Bei den hei\u00dfen Quellen\" class=\"wp-image-8589\" srcset=\"https:\/\/www.guhalg.com\/wordpress\/wp-content\/uploads\/Reisen\/Indonesien2010\/Minahasa\/P1050008.jpg 1024w, https:\/\/www.guhalg.com\/wordpress\/wp-content\/uploads\/Reisen\/Indonesien2010\/Minahasa\/P1050008-300x169.jpg 300w, https:\/\/www.guhalg.com\/wordpress\/wp-content\/uploads\/Reisen\/Indonesien2010\/Minahasa\/P1050008-768x432.jpg 768w\" sizes=\"auto, (max-width: 1024px) 100vw, 1024px\" \/><\/a><figcaption>Bei den hei\u00dfen Quellen<\/figcaption><\/figure><\/div>\n\n\n\n<div class=\"wp-block-image\"><figure class=\"aligncenter size-full\"><a href=\"https:\/\/www.guhalg.com\/wordpress\/wp-content\/uploads\/Reisen\/Indonesien2010\/Minahasa\/P1050012.jpg\"><img loading=\"lazy\" decoding=\"async\" width=\"1024\" height=\"576\" src=\"https:\/\/www.guhalg.com\/wordpress\/wp-content\/uploads\/Reisen\/Indonesien2010\/Minahasa\/P1050012.jpg\" alt=\"Hei\u00dfe Quellen\" class=\"wp-image-8590\" srcset=\"https:\/\/www.guhalg.com\/wordpress\/wp-content\/uploads\/Reisen\/Indonesien2010\/Minahasa\/P1050012.jpg 1024w, https:\/\/www.guhalg.com\/wordpress\/wp-content\/uploads\/Reisen\/Indonesien2010\/Minahasa\/P1050012-300x169.jpg 300w, https:\/\/www.guhalg.com\/wordpress\/wp-content\/uploads\/Reisen\/Indonesien2010\/Minahasa\/P1050012-768x432.jpg 768w\" sizes=\"auto, (max-width: 1024px) 100vw, 1024px\" \/><\/a><figcaption>Hei\u00dfe Quellen<\/figcaption><\/figure><\/div>\n\n\n\n<p>Einige Bilder aus diesem St\u00fcckchen Natur haben wir noch zusammengestellt: <a href=\"https:\/\/www.guhalg.com\/wordpress\/?page_id=8888\" data-type=\"page\" data-id=\"8888\">Hei\u00dfe Quellen<\/a>.<\/p>\n\n\n\n<p>Dann hie\u00df es aber auch hier Abschied nehmen, den Heimweg antreten und das Gep\u00e4ck zusammenpacken. Am n\u00e4chsten Morgen sollte es weitergehen nach Raja Ampat. Zum Abschluss noch ein paar Eindr\u00fccke von der R\u00fcckfahrt, ein bisschen Wehmut war da schon dabei.<\/p>\n\n\n\n<div class=\"wp-block-image\"><figure class=\"aligncenter size-full\"><a href=\"https:\/\/www.guhalg.com\/wordpress\/wp-content\/uploads\/Reisen\/Indonesien2010\/Minahasa\/P1050047.jpg\"><img loading=\"lazy\" decoding=\"async\" width=\"1024\" height=\"576\" src=\"https:\/\/www.guhalg.com\/wordpress\/wp-content\/uploads\/Reisen\/Indonesien2010\/Minahasa\/P1050047.jpg\" alt=\"Auf dem R\u00fcckweg\" class=\"wp-image-8591\" srcset=\"https:\/\/www.guhalg.com\/wordpress\/wp-content\/uploads\/Reisen\/Indonesien2010\/Minahasa\/P1050047.jpg 1024w, https:\/\/www.guhalg.com\/wordpress\/wp-content\/uploads\/Reisen\/Indonesien2010\/Minahasa\/P1050047-300x169.jpg 300w, https:\/\/www.guhalg.com\/wordpress\/wp-content\/uploads\/Reisen\/Indonesien2010\/Minahasa\/P1050047-768x432.jpg 768w\" sizes=\"auto, (max-width: 1024px) 100vw, 1024px\" \/><\/a><figcaption>Auf dem R\u00fcckweg<\/figcaption><\/figure><\/div>\n\n\n\n<div class=\"wp-block-image\"><figure class=\"aligncenter size-full\"><a href=\"https:\/\/www.guhalg.com\/wordpress\/wp-content\/uploads\/Reisen\/Indonesien2010\/Minahasa\/P1050050.jpg\"><img loading=\"lazy\" decoding=\"async\" width=\"1024\" height=\"576\" src=\"https:\/\/www.guhalg.com\/wordpress\/wp-content\/uploads\/Reisen\/Indonesien2010\/Minahasa\/P1050050.jpg\" alt=\"Auf dem R\u00fcckweg\" class=\"wp-image-8592\" srcset=\"https:\/\/www.guhalg.com\/wordpress\/wp-content\/uploads\/Reisen\/Indonesien2010\/Minahasa\/P1050050.jpg 1024w, https:\/\/www.guhalg.com\/wordpress\/wp-content\/uploads\/Reisen\/Indonesien2010\/Minahasa\/P1050050-300x169.jpg 300w, https:\/\/www.guhalg.com\/wordpress\/wp-content\/uploads\/Reisen\/Indonesien2010\/Minahasa\/P1050050-768x432.jpg 768w\" sizes=\"auto, (max-width: 1024px) 100vw, 1024px\" \/><\/a><figcaption>Auf dem R\u00fcckweg<\/figcaption><\/figure><\/div>\n\n\n\n<div class=\"wp-block-image\"><figure class=\"aligncenter size-full\"><a href=\"https:\/\/www.guhalg.com\/wordpress\/wp-content\/uploads\/Reisen\/Indonesien2010\/Minahasa\/P1050051.jpg\"><img loading=\"lazy\" decoding=\"async\" width=\"1024\" height=\"576\" src=\"https:\/\/www.guhalg.com\/wordpress\/wp-content\/uploads\/Reisen\/Indonesien2010\/Minahasa\/P1050051.jpg\" alt=\"Ein Vulkan im Hintergrund\" class=\"wp-image-8593\" srcset=\"https:\/\/www.guhalg.com\/wordpress\/wp-content\/uploads\/Reisen\/Indonesien2010\/Minahasa\/P1050051.jpg 1024w, https:\/\/www.guhalg.com\/wordpress\/wp-content\/uploads\/Reisen\/Indonesien2010\/Minahasa\/P1050051-300x169.jpg 300w, https:\/\/www.guhalg.com\/wordpress\/wp-content\/uploads\/Reisen\/Indonesien2010\/Minahasa\/P1050051-768x432.jpg 768w\" sizes=\"auto, (max-width: 1024px) 100vw, 1024px\" \/><\/a><figcaption>Ein Vulkan im Hintergrund<\/figcaption><\/figure><\/div>\n\n\n\n<div class=\"wp-block-columns is-layout-flex wp-container-core-columns-is-layout-9d6595d7 wp-block-columns-is-layout-flex\">\n<div class=\"wp-block-column is-layout-flow wp-block-column-is-layout-flow\">\n<div class=\"wp-block-buttons is-layout-flex wp-block-buttons-is-layout-flex\">\n<div class=\"wp-block-button\"><a class=\"wp-block-button__link\" href=\"https:\/\/www.guhalg.com\/wordpress\/?page_id=8852\">Der Schwefelsee<\/a><\/div>\n<\/div>\n<\/div>\n\n\n\n<div class=\"wp-block-column is-layout-flow wp-block-column-is-layout-flow\">\n<div class=\"wp-block-buttons is-content-justification-right is-layout-flex wp-container-core-buttons-is-layout-765c4724 wp-block-buttons-is-layout-flex\">\n<div class=\"wp-block-button\"><a class=\"wp-block-button__link\" href=\"https:\/\/www.guhalg.com\/wordpress\/?page_id=8896\">Reise nach Raja Ampat<\/a><\/div>\n<\/div>\n<\/div>\n<\/div>\n","protected":false},"excerpt":{"rendered":"<p>Die hei\u00dfen Quellen, die wir besucht haben, w\u00fcrden in Deutschland wahrscheinlich als Naherholungsgebiet gelten. V\u00f6llig unspektakul\u00e4r an einer Kurve einer Stra\u00dfe gelegen, die von irgendwo nach nirgendwo f\u00fchrt, ohne gro\u00dfe Hinweistafeln, Werbung oder dergleichen. Nur ein kleiner Parkplatz f\u00fcr zwei&hellip; <\/p>\n","protected":false},"author":1,"featured_media":0,"parent":8325,"menu_order":13,"comment_status":"closed","ping_status":"closed","template":"","meta":{"footnotes":""},"class_list":["post-8865","page","type-page","status-publish","hentry"],"_links":{"self":[{"href":"https:\/\/www.guhalg.com\/wordpress\/index.php?rest_route=\/wp\/v2\/pages\/8865","targetHints":{"allow":["GET"]}}],"collection":[{"href":"https:\/\/www.guhalg.com\/wordpress\/index.php?rest_route=\/wp\/v2\/pages"}],"about":[{"href":"https:\/\/www.guhalg.com\/wordpress\/index.php?rest_route=\/wp\/v2\/types\/page"}],"author":[{"embeddable":true,"href":"https:\/\/www.guhalg.com\/wordpress\/index.php?rest_route=\/wp\/v2\/users\/1"}],"replies":[{"embeddable":true,"href":"https:\/\/www.guhalg.com\/wordpress\/index.php?rest_route=%2Fwp%2Fv2%2Fcomments&post=8865"}],"version-history":[{"count":5,"href":"https:\/\/www.guhalg.com\/wordpress\/index.php?rest_route=\/wp\/v2\/pages\/8865\/revisions"}],"predecessor-version":[{"id":8899,"href":"https:\/\/www.guhalg.com\/wordpress\/index.php?rest_route=\/wp\/v2\/pages\/8865\/revisions\/8899"}],"up":[{"embeddable":true,"href":"https:\/\/www.guhalg.com\/wordpress\/index.php?rest_route=\/wp\/v2\/pages\/8325"}],"wp:attachment":[{"href":"https:\/\/www.guhalg.com\/wordpress\/index.php?rest_route=%2Fwp%2Fv2%2Fmedia&parent=8865"}],"curies":[{"name":"wp","href":"https:\/\/api.w.org\/{rel}","templated":true}]}}