{"id":8896,"date":"2022-02-20T17:44:41","date_gmt":"2022-02-20T16:44:41","guid":{"rendered":"https:\/\/www.guhalg.com\/wordpress\/?page_id=8896"},"modified":"2022-02-20T18:05:48","modified_gmt":"2022-02-20T17:05:48","slug":"die-reise-nach-raja-ampat","status":"publish","type":"page","link":"https:\/\/www.guhalg.com\/wordpress\/?page_id=8896","title":{"rendered":"Die Reise nach Raja Ampat"},"content":{"rendered":"\n<p>Nach einer wunderbaren Urlaubszeit in Pulisan ging es von dort wieder zur\u00fcck nach Manado, wo wir uns morgens mit dem Rest der Urlaubsgang am Flughafen verabredet hatten. Um gemeinsam einzuchecken und das Gep\u00e4ck aufzugeben, haben wir uns drau\u00dfen am Flughafen getroffen. Jetzt sollte es weitergehen zu unserem Zielflughafen <a rel=\"noreferrer noopener\" href=\"http:\/\/de.wikipedia.org\/wiki\/Sorong\" target=\"_blank\">Sorong<\/a>, um unser Schiff zum Relaxen zu entern.<\/p>\n\n\n\n<div class=\"wp-block-image\"><figure class=\"aligncenter size-full\"><a href=\"https:\/\/www.guhalg.com\/wordpress\/wp-content\/uploads\/Reisen\/Indonesien2010\/Reise\/P1050053.jpg\"><img loading=\"lazy\" decoding=\"async\" width=\"1024\" height=\"576\" src=\"https:\/\/www.guhalg.com\/wordpress\/wp-content\/uploads\/Reisen\/Indonesien2010\/Reise\/P1050053.jpg\" alt=\"Beim Einchecken\" class=\"wp-image-8340\" srcset=\"https:\/\/www.guhalg.com\/wordpress\/wp-content\/uploads\/Reisen\/Indonesien2010\/Reise\/P1050053.jpg 1024w, https:\/\/www.guhalg.com\/wordpress\/wp-content\/uploads\/Reisen\/Indonesien2010\/Reise\/P1050053-300x169.jpg 300w, https:\/\/www.guhalg.com\/wordpress\/wp-content\/uploads\/Reisen\/Indonesien2010\/Reise\/P1050053-768x432.jpg 768w\" sizes=\"auto, (max-width: 1024px) 100vw, 1024px\" \/><\/a><figcaption>Beim Einchecken<\/figcaption><\/figure><\/div>\n\n\n\n<p>Leider hat das doch nicht so stattgefunden, wie wir uns das so vorgestellt hatten. Erstmal musste das Schiff noch auf Vordermann gebracht werden. F\u00fcr die Zwischenzeit hat man uns deshalb in ein Hotel gebracht. Wir hatten dort aber nur zwei Tageszimmer \u2013 f\u00fcr alle Mann zum Schlafen zu wenig. Daher nur etwas Toilette, Duschen und ein wenig auffrischen, und dann losziehen. Man ist ja doch in einer anderen Welt und wer wei\u00df, was es au\u00dferhalb der Hotellobby alles zu entdecken gibt. W\u00e4hrend einige von uns noch unentschlossen waren, sind wir losgezogen, um die Welt in Indonesien, also genau genommen in Sorong und in der N\u00e4he vom Hotel und dem Hafen zu erkunden. Um es knapp zu fassen: hei\u00df, stickig, wenig gr\u00fcn. Es gab nur wenig zu sehen.<\/p>\n\n\n\n<p>Ein bisschen haben wir aber schon gefunden.Eine kleine Werkstatt mit \u00d6llager oder vielleicht ein neues Auto f\u00fcr Daniel?<\/p>\n\n\n\n<div class=\"wp-block-image\"><figure class=\"aligncenter size-full\"><a href=\"https:\/\/www.guhalg.com\/wordpress\/wp-content\/uploads\/Reisen\/Indonesien2010\/Reise\/P1050059.jpg\"><img loading=\"lazy\" decoding=\"async\" width=\"1024\" height=\"576\" src=\"https:\/\/www.guhalg.com\/wordpress\/wp-content\/uploads\/Reisen\/Indonesien2010\/Reise\/P1050059.jpg\" alt=\"Werkstatt\" class=\"wp-image-8342\" srcset=\"https:\/\/www.guhalg.com\/wordpress\/wp-content\/uploads\/Reisen\/Indonesien2010\/Reise\/P1050059.jpg 1024w, https:\/\/www.guhalg.com\/wordpress\/wp-content\/uploads\/Reisen\/Indonesien2010\/Reise\/P1050059-300x169.jpg 300w, https:\/\/www.guhalg.com\/wordpress\/wp-content\/uploads\/Reisen\/Indonesien2010\/Reise\/P1050059-768x432.jpg 768w\" sizes=\"auto, (max-width: 1024px) 100vw, 1024px\" \/><\/a><figcaption>Werkstatt<\/figcaption><\/figure><\/div>\n\n\n\n<div class=\"wp-block-image\"><figure class=\"aligncenter size-full\"><a href=\"https:\/\/www.guhalg.com\/wordpress\/wp-content\/uploads\/Reisen\/Indonesien2010\/Reise\/P1050058.jpg\"><img loading=\"lazy\" decoding=\"async\" width=\"1024\" height=\"576\" src=\"https:\/\/www.guhalg.com\/wordpress\/wp-content\/uploads\/Reisen\/Indonesien2010\/Reise\/P1050058.jpg\" alt=\"Mein neues Auto?\" class=\"wp-image-8341\" srcset=\"https:\/\/www.guhalg.com\/wordpress\/wp-content\/uploads\/Reisen\/Indonesien2010\/Reise\/P1050058.jpg 1024w, https:\/\/www.guhalg.com\/wordpress\/wp-content\/uploads\/Reisen\/Indonesien2010\/Reise\/P1050058-300x169.jpg 300w, https:\/\/www.guhalg.com\/wordpress\/wp-content\/uploads\/Reisen\/Indonesien2010\/Reise\/P1050058-768x432.jpg 768w\" sizes=\"auto, (max-width: 1024px) 100vw, 1024px\" \/><\/a><figcaption>Mein neues Auto?<\/figcaption><\/figure><\/div>\n\n\n\n<p>Wir waren dann aber nach gut einer Stunde Staub und Hitze wieder froh, in das klimatisierte Restaurant des Hotels auf eine Kleinigkeit einzukehren. Und anschlie\u00dfend ging es auch endlich weiter zum Boot.<\/p>\n\n\n\n<div class=\"wp-block-columns is-layout-flex wp-container-core-columns-is-layout-9d6595d7 wp-block-columns-is-layout-flex\">\n<div class=\"wp-block-column is-layout-flow wp-block-column-is-layout-flow\">\n<div class=\"wp-block-buttons is-layout-flex wp-block-buttons-is-layout-flex\">\n<div class=\"wp-block-button\"><a class=\"wp-block-button__link\" href=\"https:\/\/www.guhalg.com\/wordpress\/?page_id=8865\">Hei\u00dfe Quellen<\/a><\/div>\n<\/div>\n<\/div>\n\n\n\n<div class=\"wp-block-column is-layout-flow wp-block-column-is-layout-flow\">\n<div class=\"wp-block-buttons is-content-justification-right is-layout-flex wp-container-core-buttons-is-layout-765c4724 wp-block-buttons-is-layout-flex\">\n<div class=\"wp-block-button\"><a class=\"wp-block-button__link\" href=\"https:\/\/www.guhalg.com\/wordpress\/?page_id=8907\">Die MS Raja Ampat Explorer<\/a><\/div>\n<\/div>\n<\/div>\n<\/div>\n","protected":false},"excerpt":{"rendered":"<p>Nach einer wunderbaren Urlaubszeit in Pulisan ging es von dort wieder zur\u00fcck nach Manado, wo wir uns morgens mit dem Rest der Urlaubsgang am Flughafen verabredet hatten. Um gemeinsam einzuchecken und das Gep\u00e4ck aufzugeben, haben wir uns drau\u00dfen am Flughafen&hellip; <\/p>\n","protected":false},"author":1,"featured_media":0,"parent":8325,"menu_order":14,"comment_status":"closed","ping_status":"closed","template":"","meta":{"footnotes":""},"class_list":["post-8896","page","type-page","status-publish","hentry"],"_links":{"self":[{"href":"https:\/\/www.guhalg.com\/wordpress\/index.php?rest_route=\/wp\/v2\/pages\/8896","targetHints":{"allow":["GET"]}}],"collection":[{"href":"https:\/\/www.guhalg.com\/wordpress\/index.php?rest_route=\/wp\/v2\/pages"}],"about":[{"href":"https:\/\/www.guhalg.com\/wordpress\/index.php?rest_route=\/wp\/v2\/types\/page"}],"author":[{"embeddable":true,"href":"https:\/\/www.guhalg.com\/wordpress\/index.php?rest_route=\/wp\/v2\/users\/1"}],"replies":[{"embeddable":true,"href":"https:\/\/www.guhalg.com\/wordpress\/index.php?rest_route=%2Fwp%2Fv2%2Fcomments&post=8896"}],"version-history":[{"count":6,"href":"https:\/\/www.guhalg.com\/wordpress\/index.php?rest_route=\/wp\/v2\/pages\/8896\/revisions"}],"predecessor-version":[{"id":8910,"href":"https:\/\/www.guhalg.com\/wordpress\/index.php?rest_route=\/wp\/v2\/pages\/8896\/revisions\/8910"}],"up":[{"embeddable":true,"href":"https:\/\/www.guhalg.com\/wordpress\/index.php?rest_route=\/wp\/v2\/pages\/8325"}],"wp:attachment":[{"href":"https:\/\/www.guhalg.com\/wordpress\/index.php?rest_route=%2Fwp%2Fv2%2Fmedia&parent=8896"}],"curies":[{"name":"wp","href":"https:\/\/api.w.org\/{rel}","templated":true}]}}