{"id":9122,"date":"2022-02-22T21:03:59","date_gmt":"2022-02-22T20:03:59","guid":{"rendered":"https:\/\/www.guhalg.com\/wordpress\/?page_id=9122"},"modified":"2022-02-22T21:32:25","modified_gmt":"2022-02-22T20:32:25","slug":"pulisan-2011","status":"publish","type":"page","link":"https:\/\/www.guhalg.com\/wordpress\/?page_id=9122","title":{"rendered":"Pulisan 2011"},"content":{"rendered":"\n<p>Im Sp\u00e4tsommer 2011 ergab sich bei uns beiden die gl\u00fcckliche Situation, dass wir die Zeit zwischen Weihnachten und Neujahr Urlaub nehmen konnten. Nach kurzer \u00dcberlegung haben wir Katrin vom Pulisan Resort an der Nordspitze Sulawesis angeschrieben, ob denn noch ein Bungalow f\u00fcr uns frei w\u00e4re. Die positive Antwort kam auch ganz schnell und jetzt mussten nur die Fl\u00fcge bei Susanne gebucht werden. Dieses Mal ging es \u00fcber Jakarta nach Manado und dann weiter ins Resort. Die Weltkarte und die Links kennt ihr ja schon aus dem Puslisan Urlaub 2009, aber zur \u00dcbersicht sind sie hier wieder dabei.<\/p>\n\n\n\n<div class=\"wp-block-image\"><figure class=\"aligncenter size-large\"><a href=\"https:\/\/www.guhalg.com\/wordpress\/wp-content\/uploads\/Reisen\/Pulisan2011\/Reise\/Pulisan_World-scaled.jpg\"><img loading=\"lazy\" decoding=\"async\" width=\"1024\" height=\"568\" src=\"https:\/\/www.guhalg.com\/wordpress\/wp-content\/uploads\/Reisen\/Pulisan2011\/Reise\/Pulisan_World-1024x568.jpg\" alt=\"Pulisan World\" class=\"wp-image-9136\" srcset=\"https:\/\/www.guhalg.com\/wordpress\/wp-content\/uploads\/Reisen\/Pulisan2011\/Reise\/Pulisan_World-1024x568.jpg 1024w, https:\/\/www.guhalg.com\/wordpress\/wp-content\/uploads\/Reisen\/Pulisan2011\/Reise\/Pulisan_World-300x166.jpg 300w, https:\/\/www.guhalg.com\/wordpress\/wp-content\/uploads\/Reisen\/Pulisan2011\/Reise\/Pulisan_World-768x426.jpg 768w, https:\/\/www.guhalg.com\/wordpress\/wp-content\/uploads\/Reisen\/Pulisan2011\/Reise\/Pulisan_World-1536x852.jpg 1536w, https:\/\/www.guhalg.com\/wordpress\/wp-content\/uploads\/Reisen\/Pulisan2011\/Reise\/Pulisan_World-2048x1136.jpg 2048w\" sizes=\"auto, (max-width: 1024px) 100vw, 1024px\" \/><\/a><figcaption>Pulisan World<\/figcaption><\/figure><\/div>\n\n\n\n<p>Und auch hier wieder der Link nach <a rel=\"noreferrer noopener\" href=\"http:\/\/de.wikipedia.org\/wiki\/Indonesien\" target=\"_blank\">Indonesien<\/a> und nach <a rel=\"noreferrer noopener\" href=\"http:\/\/de.wikipedia.org\/wiki\/Sulawesi\" target=\"_blank\">Sulawesi<\/a>.<\/p>\n\n\n\n<div class=\"wp-block-buttons is-content-justification-center is-layout-flex wp-container-core-buttons-is-layout-16018d1d wp-block-buttons-is-layout-flex\">\n<div class=\"wp-block-button\"><a class=\"wp-block-button__link\" href=\"https:\/\/www.guhalg.com\/wordpress\/?page_id=9142\">Anreise nach Pulisan<\/a><\/div>\n<\/div>\n","protected":false},"excerpt":{"rendered":"<p>Im Sp\u00e4tsommer 2011 ergab sich bei uns beiden die gl\u00fcckliche Situation, dass wir die Zeit zwischen Weihnachten und Neujahr Urlaub nehmen konnten. Nach kurzer \u00dcberlegung haben wir Katrin vom Pulisan Resort an der Nordspitze Sulawesis angeschrieben, ob denn noch ein&hellip; <\/p>\n","protected":false},"author":1,"featured_media":0,"parent":0,"menu_order":27,"comment_status":"closed","ping_status":"closed","template":"","meta":{"footnotes":""},"class_list":["post-9122","page","type-page","status-publish","hentry"],"_links":{"self":[{"href":"https:\/\/www.guhalg.com\/wordpress\/index.php?rest_route=\/wp\/v2\/pages\/9122","targetHints":{"allow":["GET"]}}],"collection":[{"href":"https:\/\/www.guhalg.com\/wordpress\/index.php?rest_route=\/wp\/v2\/pages"}],"about":[{"href":"https:\/\/www.guhalg.com\/wordpress\/index.php?rest_route=\/wp\/v2\/types\/page"}],"author":[{"embeddable":true,"href":"https:\/\/www.guhalg.com\/wordpress\/index.php?rest_route=\/wp\/v2\/users\/1"}],"replies":[{"embeddable":true,"href":"https:\/\/www.guhalg.com\/wordpress\/index.php?rest_route=%2Fwp%2Fv2%2Fcomments&post=9122"}],"version-history":[{"count":4,"href":"https:\/\/www.guhalg.com\/wordpress\/index.php?rest_route=\/wp\/v2\/pages\/9122\/revisions"}],"predecessor-version":[{"id":9145,"href":"https:\/\/www.guhalg.com\/wordpress\/index.php?rest_route=\/wp\/v2\/pages\/9122\/revisions\/9145"}],"wp:attachment":[{"href":"https:\/\/www.guhalg.com\/wordpress\/index.php?rest_route=%2Fwp%2Fv2%2Fmedia&parent=9122"}],"curies":[{"name":"wp","href":"https:\/\/api.w.org\/{rel}","templated":true}]}}