{"id":9142,"date":"2022-02-22T21:27:15","date_gmt":"2022-02-22T20:27:15","guid":{"rendered":"https:\/\/www.guhalg.com\/wordpress\/?page_id=9142"},"modified":"2022-02-22T21:44:50","modified_gmt":"2022-02-22T20:44:50","slug":"anreise-nach-pulisan","status":"publish","type":"page","link":"https:\/\/www.guhalg.com\/wordpress\/?page_id=9142","title":{"rendered":"Anreise nach Pulisan"},"content":{"rendered":"\n<p>Die Anreise \u00fcber Jakarta war diesmal mit einer gr\u00f6\u00dferen Wartezeit am Flughafen verbunden. Die Landung der Langstrecke war f\u00fcr ca. 20.00 Uhr abends eingeplant, der Weiterflug war aber erst am n\u00e4chsten Morgen f\u00fcr 06.20 Uhr vorgesehen. Nach kurzer \u00dcberlegung hatten wir uns gegen ein Hotelzimmer entschieden, denn von den rechnerisch 10 Stunden Aufenthalt. Da geht ja auf alle F\u00e4lle noch die Fahrtzeit zum und vom Hotel ab, dazu die zwei Stunden, die man vor Abflug am Schalter sein soll. Unser Gep\u00e4ck konnte eh nicht durchgecheckt werden, sodass wir es am International Airport erstmal in Empfang nehmen mussten, um es dann am \u201arichtigen\u2018 National Airport wieder aufzugeben. In Jakarta gibt es n\u00e4mlich mehrere nationale Flugh\u00e4fen bzw. Abfertigungsgeb\u00e4ude, je nach Fluglinie. Nachdem wir mit dem Shuttlebus an unserem Flughafen f\u00fcr den Weiterflug angekommen waren, mussten wir feststellen, dass wir weder einchecken konnten, noch gab es Schlie\u00dff\u00e4cher f\u00fcr das Gep\u00e4ck. So mussten wir dann gut sechs Stunden Aufenthalt \u00fcberbr\u00fccken, die wir abwechselnd mit schlafen und Gep\u00e4ck beaufsichtigen verbracht haben. Und das alles vor dem Flughafen auf Plastikst\u00fchlen. Daf\u00fcr konnten wir das gesch\u00e4ftige Treiben gut beobachten. Insbesondere die kurze Ruhephase, so zwischen 2.00 Uhr &#8211; 3.00 Uhr nachts fiel voll aus dem Rahmen, da in dieser Zeit das permanente Hupen der Autos fehlte und auch die Menschenmassen, die sich hektisch \u00fcber den Flughafen bewegten, etwas weniger wurden. Aber diese Ruhephase dauerte nur kurz an, dann wurden die ersten L\u00e4den schon wieder mit frischer Ware beliefert, die Gesch\u00e4fte \u00f6ffneten f\u00fcr den neuen Tag und die Betriebsamkeit nahm ihren Lauf.<\/p>\n\n\n\n<div class=\"wp-block-image\"><figure class=\"aligncenter size-full\"><a href=\"https:\/\/www.guhalg.com\/wordpress\/wp-content\/uploads\/Reisen\/Pulisan2011\/Reise\/DSC02643.jpg\"><img loading=\"lazy\" decoding=\"async\" width=\"1024\" height=\"575\" src=\"https:\/\/www.guhalg.com\/wordpress\/wp-content\/uploads\/Reisen\/Pulisan2011\/Reise\/DSC02643.jpg\" alt=\"Jakarta am Flughafen\" class=\"wp-image-9126\" srcset=\"https:\/\/www.guhalg.com\/wordpress\/wp-content\/uploads\/Reisen\/Pulisan2011\/Reise\/DSC02643.jpg 1024w, https:\/\/www.guhalg.com\/wordpress\/wp-content\/uploads\/Reisen\/Pulisan2011\/Reise\/DSC02643-300x168.jpg 300w, https:\/\/www.guhalg.com\/wordpress\/wp-content\/uploads\/Reisen\/Pulisan2011\/Reise\/DSC02643-768x431.jpg 768w, https:\/\/www.guhalg.com\/wordpress\/wp-content\/uploads\/Reisen\/Pulisan2011\/Reise\/DSC02643-480x270.jpg 480w\" sizes=\"auto, (max-width: 1024px) 100vw, 1024px\" \/><\/a><figcaption>Jakarta am Flughafen<\/figcaption><\/figure><\/div>\n\n\n\n<div class=\"wp-block-image\"><figure class=\"aligncenter size-full\"><a href=\"https:\/\/www.guhalg.com\/wordpress\/wp-content\/uploads\/Reisen\/Pulisan2011\/Reise\/DSC02644.jpg\"><img loading=\"lazy\" decoding=\"async\" width=\"1024\" height=\"575\" src=\"https:\/\/www.guhalg.com\/wordpress\/wp-content\/uploads\/Reisen\/Pulisan2011\/Reise\/DSC02644.jpg\" alt=\"Jakarta am Flughafen\" class=\"wp-image-9127\" srcset=\"https:\/\/www.guhalg.com\/wordpress\/wp-content\/uploads\/Reisen\/Pulisan2011\/Reise\/DSC02644.jpg 1024w, https:\/\/www.guhalg.com\/wordpress\/wp-content\/uploads\/Reisen\/Pulisan2011\/Reise\/DSC02644-300x168.jpg 300w, https:\/\/www.guhalg.com\/wordpress\/wp-content\/uploads\/Reisen\/Pulisan2011\/Reise\/DSC02644-768x431.jpg 768w, https:\/\/www.guhalg.com\/wordpress\/wp-content\/uploads\/Reisen\/Pulisan2011\/Reise\/DSC02644-480x270.jpg 480w\" sizes=\"auto, (max-width: 1024px) 100vw, 1024px\" \/><\/a><figcaption>Jakarta am Flughafen<\/figcaption><\/figure><\/div>\n\n\n\n<p>Auch wir haben am Flughafen eingecheckt und sind nach einem extrem hei\u00dfen Kaffee aus dem Pappbecher weitergeflogen nach Manado. Nach einer kurzen Fahrt mit dem Auto und dem viertelst\u00fcndigen Fu\u00dfmarsch durch den Wald waren wir endlich in Pulisan und konnten unseren kleinen Bungalow beziehen.<\/p>\n\n\n\n<div class=\"wp-block-image\"><figure class=\"aligncenter size-full\"><a href=\"https:\/\/www.guhalg.com\/wordpress\/wp-content\/uploads\/Reisen\/Pulisan2011\/Reise\/DSC02649.jpg\"><img loading=\"lazy\" decoding=\"async\" width=\"1024\" height=\"575\" src=\"https:\/\/www.guhalg.com\/wordpress\/wp-content\/uploads\/Reisen\/Pulisan2011\/Reise\/DSC02649.jpg\" alt=\"Wieder im Bungalow\" class=\"wp-image-9130\" srcset=\"https:\/\/www.guhalg.com\/wordpress\/wp-content\/uploads\/Reisen\/Pulisan2011\/Reise\/DSC02649.jpg 1024w, https:\/\/www.guhalg.com\/wordpress\/wp-content\/uploads\/Reisen\/Pulisan2011\/Reise\/DSC02649-300x168.jpg 300w, https:\/\/www.guhalg.com\/wordpress\/wp-content\/uploads\/Reisen\/Pulisan2011\/Reise\/DSC02649-768x431.jpg 768w, https:\/\/www.guhalg.com\/wordpress\/wp-content\/uploads\/Reisen\/Pulisan2011\/Reise\/DSC02649-480x270.jpg 480w\" sizes=\"auto, (max-width: 1024px) 100vw, 1024px\" \/><\/a><figcaption>Wieder im Bungalow<\/figcaption><\/figure><\/div>\n\n\n\n<div class=\"wp-block-image\"><figure class=\"aligncenter size-full\"><a href=\"https:\/\/www.guhalg.com\/wordpress\/wp-content\/uploads\/Reisen\/Pulisan2011\/Reise\/DSC02650.jpg\"><img loading=\"lazy\" decoding=\"async\" width=\"1024\" height=\"575\" src=\"https:\/\/www.guhalg.com\/wordpress\/wp-content\/uploads\/Reisen\/Pulisan2011\/Reise\/DSC02650.jpg\" alt=\"Wieder im Bungalow\" class=\"wp-image-9131\" srcset=\"https:\/\/www.guhalg.com\/wordpress\/wp-content\/uploads\/Reisen\/Pulisan2011\/Reise\/DSC02650.jpg 1024w, https:\/\/www.guhalg.com\/wordpress\/wp-content\/uploads\/Reisen\/Pulisan2011\/Reise\/DSC02650-300x168.jpg 300w, https:\/\/www.guhalg.com\/wordpress\/wp-content\/uploads\/Reisen\/Pulisan2011\/Reise\/DSC02650-768x431.jpg 768w, https:\/\/www.guhalg.com\/wordpress\/wp-content\/uploads\/Reisen\/Pulisan2011\/Reise\/DSC02650-480x270.jpg 480w\" sizes=\"auto, (max-width: 1024px) 100vw, 1024px\" \/><\/a><figcaption>Wieder im Bungalow<\/figcaption><\/figure><\/div>\n\n\n\n<p>Nur schnell einmal duschen und ein wenig die Koffer auspacken, schon haben wir von der Terrasse den sch\u00f6nen Blick genossen.<\/p>\n\n\n\n<div class=\"wp-block-image\"><figure class=\"aligncenter size-full\"><a href=\"https:\/\/www.guhalg.com\/wordpress\/wp-content\/uploads\/Reisen\/Pulisan2011\/Reise\/DSC02646.jpg\"><img loading=\"lazy\" decoding=\"async\" width=\"1024\" height=\"575\" src=\"https:\/\/www.guhalg.com\/wordpress\/wp-content\/uploads\/Reisen\/Pulisan2011\/Reise\/DSC02646.jpg\" alt=\"Blick in die Weite\" class=\"wp-image-9129\" srcset=\"https:\/\/www.guhalg.com\/wordpress\/wp-content\/uploads\/Reisen\/Pulisan2011\/Reise\/DSC02646.jpg 1024w, https:\/\/www.guhalg.com\/wordpress\/wp-content\/uploads\/Reisen\/Pulisan2011\/Reise\/DSC02646-300x168.jpg 300w, https:\/\/www.guhalg.com\/wordpress\/wp-content\/uploads\/Reisen\/Pulisan2011\/Reise\/DSC02646-768x431.jpg 768w, https:\/\/www.guhalg.com\/wordpress\/wp-content\/uploads\/Reisen\/Pulisan2011\/Reise\/DSC02646-480x270.jpg 480w\" sizes=\"auto, (max-width: 1024px) 100vw, 1024px\" \/><\/a><figcaption>Blick in die Weite<\/figcaption><\/figure><\/div>\n\n\n\n<div class=\"wp-block-image\"><figure class=\"aligncenter size-full\"><a href=\"https:\/\/www.guhalg.com\/wordpress\/wp-content\/uploads\/Reisen\/Pulisan2011\/Reise\/DSC02645.jpg\"><img loading=\"lazy\" decoding=\"async\" width=\"1024\" height=\"575\" src=\"https:\/\/www.guhalg.com\/wordpress\/wp-content\/uploads\/Reisen\/Pulisan2011\/Reise\/DSC02645.jpg\" alt=\"Freundlicher Empfang\" class=\"wp-image-9128\" srcset=\"https:\/\/www.guhalg.com\/wordpress\/wp-content\/uploads\/Reisen\/Pulisan2011\/Reise\/DSC02645.jpg 1024w, https:\/\/www.guhalg.com\/wordpress\/wp-content\/uploads\/Reisen\/Pulisan2011\/Reise\/DSC02645-300x168.jpg 300w, https:\/\/www.guhalg.com\/wordpress\/wp-content\/uploads\/Reisen\/Pulisan2011\/Reise\/DSC02645-768x431.jpg 768w, https:\/\/www.guhalg.com\/wordpress\/wp-content\/uploads\/Reisen\/Pulisan2011\/Reise\/DSC02645-480x270.jpg 480w\" sizes=\"auto, (max-width: 1024px) 100vw, 1024px\" \/><\/a><figcaption>Freundlicher Empfang<\/figcaption><\/figure><\/div>\n\n\n\n<p>Dieses war jetzt ja schon unser dritter Urlaub hier, also was macht man denn dann noch so? Nat\u00fcrlich das Gleiche wie die letzten beiden Male: entspannen, die Ruhe genie\u00dfen, tauchen und Nationalparks besuchen. Insofern gibt es hier auch nicht viel Neues zu berichten, alle wesentlichen Informationen findet ihr unter <a href=\"https:\/\/www.guhalg.com\/wordpress\/?page_id=7227\" data-type=\"page\" data-id=\"7227\">Pulisan 2009<\/a>. Aber wir hatten ja auch noch Weihnachten und Silvester.<\/p>\n\n\n\n<div class=\"wp-block-buttons is-content-justification-right is-layout-flex wp-container-core-buttons-is-layout-765c4724 wp-block-buttons-is-layout-flex\">\n<div class=\"wp-block-button\"><a class=\"wp-block-button__link\" href=\"https:\/\/www.guhalg.com\/wordpress\/?page_id=9148\">Weihnachten und Silvester<\/a><\/div>\n<\/div>\n","protected":false},"excerpt":{"rendered":"<p>Die Anreise \u00fcber Jakarta war diesmal mit einer gr\u00f6\u00dferen Wartezeit am Flughafen verbunden. Die Landung der Langstrecke war f\u00fcr ca. 20.00 Uhr abends eingeplant, der Weiterflug war aber erst am n\u00e4chsten Morgen f\u00fcr 06.20 Uhr vorgesehen. Nach kurzer \u00dcberlegung hatten&hellip; <\/p>\n","protected":false},"author":1,"featured_media":0,"parent":9122,"menu_order":1,"comment_status":"closed","ping_status":"closed","template":"","meta":{"footnotes":""},"class_list":["post-9142","page","type-page","status-publish","hentry"],"_links":{"self":[{"href":"https:\/\/www.guhalg.com\/wordpress\/index.php?rest_route=\/wp\/v2\/pages\/9142","targetHints":{"allow":["GET"]}}],"collection":[{"href":"https:\/\/www.guhalg.com\/wordpress\/index.php?rest_route=\/wp\/v2\/pages"}],"about":[{"href":"https:\/\/www.guhalg.com\/wordpress\/index.php?rest_route=\/wp\/v2\/types\/page"}],"author":[{"embeddable":true,"href":"https:\/\/www.guhalg.com\/wordpress\/index.php?rest_route=\/wp\/v2\/users\/1"}],"replies":[{"embeddable":true,"href":"https:\/\/www.guhalg.com\/wordpress\/index.php?rest_route=%2Fwp%2Fv2%2Fcomments&post=9142"}],"version-history":[{"count":3,"href":"https:\/\/www.guhalg.com\/wordpress\/index.php?rest_route=\/wp\/v2\/pages\/9142\/revisions"}],"predecessor-version":[{"id":9151,"href":"https:\/\/www.guhalg.com\/wordpress\/index.php?rest_route=\/wp\/v2\/pages\/9142\/revisions\/9151"}],"up":[{"embeddable":true,"href":"https:\/\/www.guhalg.com\/wordpress\/index.php?rest_route=\/wp\/v2\/pages\/9122"}],"wp:attachment":[{"href":"https:\/\/www.guhalg.com\/wordpress\/index.php?rest_route=%2Fwp%2Fv2%2Fmedia&parent=9142"}],"curies":[{"name":"wp","href":"https:\/\/api.w.org\/{rel}","templated":true}]}}