{"id":9148,"date":"2022-02-22T21:42:50","date_gmt":"2022-02-22T20:42:50","guid":{"rendered":"https:\/\/www.guhalg.com\/wordpress\/?page_id=9148"},"modified":"2022-02-22T22:11:28","modified_gmt":"2022-02-22T21:11:28","slug":"weihnachten-und-silvester","status":"publish","type":"page","link":"https:\/\/www.guhalg.com\/wordpress\/?page_id=9148","title":{"rendered":"Weihnachten und Silvester"},"content":{"rendered":"\n<p>Nun, wie verbringt man Weihnachten und Silvester ganz weit weg von zu Hause? Die Antwort ist verbl\u00fcffend einfach: ruhig und entspannt. Es gibt keinen Einkaufsstress, die Geschenke haben wir ausgelassen. Sie von Deutschland nach Indonesien und zur\u00fcckzutransportieren, ist nicht besonders sinnvoll. Auch das obligatorische Weihnachtshopping (Hopping nicht Shopping) in der Verwandtschaft entf\u00e4llt. Sofern nicht ein kleiner einheimischer Baum, geschm\u00fcckt mit selbstgebastelten Strohsternen, aufgestellt worden w\u00e4re, wir h\u00e4tten vom Tagesablauf her nicht sagen k\u00f6nnen, ob oder wann denn der 24. Dezember w\u00e4re. Vielleicht an dem etwas gr\u00f6\u00dfer ausfallenden Abendessen am Weihnachtstag. Allerdings, Silvester war nicht zu \u00fcberh\u00f6ren. Wir haben uns extra einen Platz am Strand gesucht, der nicht zu sehr mit B\u00e4umen zugewachsen ist, aber die B\u00f6ller chinesischer Herkunft \u2013 garantiert ohne europ\u00e4ische Zulassung \u2013 waren schon krass.<\/p>\n\n\n\n<figure class=\"wp-block-video aligncenter\"><video height=\"360\" style=\"aspect-ratio: 640 \/ 360;\" width=\"640\" controls poster=\"https:\/\/www.guhalg.com\/wordpress\/wp-content\/uploads\/Reisen\/Pulisan2011\/Reise\/Silvester.jpg\" src=\"https:\/\/www.guhalg.com\/wordpress\/wp-content\/uploads\/Reisen\/Pulisan2011\/Reise\/Silvester.mp4\"><\/video><figcaption>Silvester<\/figcaption><\/figure>\n\n\n\n<p>Dieser Silvester hatte nicht nur laute und wilde B\u00f6ller zu bieten, es wurde auch ein wenig besinnlich, als wir unsere Neujahrsw\u00fcnsche auf die Reise geschickt haben. Es werden Kokossnussh\u00e4lften mit etwas Sand als Gewicht gef\u00fcllt, dann kommen einige Bl\u00e4tter von einem Baum hinein, darauf ein Teelicht und zum Schluss ein kleiner Zettel mit einem Wunsch f\u00fcr das n\u00e4chste Jahr. Diese Schale wird dann den Wellen \u00fcbergeben. Das Vorbereiten der Schalen war ja noch kein Problem.<\/p>\n\n\n\n<div class=\"wp-block-image\"><figure class=\"aligncenter size-full\"><a href=\"https:\/\/www.guhalg.com\/wordpress\/wp-content\/uploads\/Reisen\/Pulisan2011\/Reise\/DSC02949.jpg\"><img loading=\"lazy\" decoding=\"async\" width=\"1024\" height=\"575\" src=\"https:\/\/www.guhalg.com\/wordpress\/wp-content\/uploads\/Reisen\/Pulisan2011\/Reise\/DSC02949.jpg\" alt=\"Vorbereitung\" class=\"wp-image-9132\" srcset=\"https:\/\/www.guhalg.com\/wordpress\/wp-content\/uploads\/Reisen\/Pulisan2011\/Reise\/DSC02949.jpg 1024w, https:\/\/www.guhalg.com\/wordpress\/wp-content\/uploads\/Reisen\/Pulisan2011\/Reise\/DSC02949-300x168.jpg 300w, https:\/\/www.guhalg.com\/wordpress\/wp-content\/uploads\/Reisen\/Pulisan2011\/Reise\/DSC02949-768x431.jpg 768w, https:\/\/www.guhalg.com\/wordpress\/wp-content\/uploads\/Reisen\/Pulisan2011\/Reise\/DSC02949-480x270.jpg 480w\" sizes=\"auto, (max-width: 1024px) 100vw, 1024px\" \/><\/a><figcaption>Vorbereitung<\/figcaption><\/figure><\/div>\n\n\n\n<div class=\"wp-block-image\"><figure class=\"aligncenter size-full\"><a href=\"https:\/\/www.guhalg.com\/wordpress\/wp-content\/uploads\/Reisen\/Pulisan2011\/Reise\/DSC02953.jpg\"><img loading=\"lazy\" decoding=\"async\" width=\"1024\" height=\"575\" src=\"https:\/\/www.guhalg.com\/wordpress\/wp-content\/uploads\/Reisen\/Pulisan2011\/Reise\/DSC02953.jpg\" alt=\"Gemeinsames Anz\u00fcnden der Kerzen\" class=\"wp-image-9133\" srcset=\"https:\/\/www.guhalg.com\/wordpress\/wp-content\/uploads\/Reisen\/Pulisan2011\/Reise\/DSC02953.jpg 1024w, https:\/\/www.guhalg.com\/wordpress\/wp-content\/uploads\/Reisen\/Pulisan2011\/Reise\/DSC02953-300x168.jpg 300w, https:\/\/www.guhalg.com\/wordpress\/wp-content\/uploads\/Reisen\/Pulisan2011\/Reise\/DSC02953-768x431.jpg 768w, https:\/\/www.guhalg.com\/wordpress\/wp-content\/uploads\/Reisen\/Pulisan2011\/Reise\/DSC02953-480x270.jpg 480w\" sizes=\"auto, (max-width: 1024px) 100vw, 1024px\" \/><\/a><figcaption>Gemeinsames Anz\u00fcnden der Kerzen<\/figcaption><\/figure><\/div>\n\n\n\n<p>Das Zuwasserlassen war schon schwierig, damit sie nicht gleich untergehen. Und erstmal zu Wasser gelassen hat das aufgew\u00fchlte Wasser die Lichter leider doch schnell verglimmen lassen.<\/p>\n\n\n\n<div class=\"wp-block-image\"><figure class=\"aligncenter size-full\"><a href=\"https:\/\/www.guhalg.com\/wordpress\/wp-content\/uploads\/Reisen\/Pulisan2011\/Reise\/DSC02955.jpg\"><img loading=\"lazy\" decoding=\"async\" width=\"1024\" height=\"575\" src=\"https:\/\/www.guhalg.com\/wordpress\/wp-content\/uploads\/Reisen\/Pulisan2011\/Reise\/DSC02955.jpg\" alt=\"Ins Wasser entlassen\" class=\"wp-image-9134\" srcset=\"https:\/\/www.guhalg.com\/wordpress\/wp-content\/uploads\/Reisen\/Pulisan2011\/Reise\/DSC02955.jpg 1024w, https:\/\/www.guhalg.com\/wordpress\/wp-content\/uploads\/Reisen\/Pulisan2011\/Reise\/DSC02955-300x168.jpg 300w, https:\/\/www.guhalg.com\/wordpress\/wp-content\/uploads\/Reisen\/Pulisan2011\/Reise\/DSC02955-768x431.jpg 768w, https:\/\/www.guhalg.com\/wordpress\/wp-content\/uploads\/Reisen\/Pulisan2011\/Reise\/DSC02955-480x270.jpg 480w\" sizes=\"auto, (max-width: 1024px) 100vw, 1024px\" \/><\/a><figcaption>Ins Wasser entlassen<\/figcaption><\/figure><\/div>\n\n\n\n<div class=\"wp-block-image\"><figure class=\"aligncenter size-full\"><a href=\"https:\/\/www.guhalg.com\/wordpress\/wp-content\/uploads\/Reisen\/Pulisan2011\/Reise\/DSC02956.jpg\"><img loading=\"lazy\" decoding=\"async\" width=\"1024\" height=\"575\" src=\"https:\/\/www.guhalg.com\/wordpress\/wp-content\/uploads\/Reisen\/Pulisan2011\/Reise\/DSC02956.jpg\" alt=\"Und nur kurz geleuchtet\" class=\"wp-image-9135\" srcset=\"https:\/\/www.guhalg.com\/wordpress\/wp-content\/uploads\/Reisen\/Pulisan2011\/Reise\/DSC02956.jpg 1024w, https:\/\/www.guhalg.com\/wordpress\/wp-content\/uploads\/Reisen\/Pulisan2011\/Reise\/DSC02956-300x168.jpg 300w, https:\/\/www.guhalg.com\/wordpress\/wp-content\/uploads\/Reisen\/Pulisan2011\/Reise\/DSC02956-768x431.jpg 768w, https:\/\/www.guhalg.com\/wordpress\/wp-content\/uploads\/Reisen\/Pulisan2011\/Reise\/DSC02956-480x270.jpg 480w\" sizes=\"auto, (max-width: 1024px) 100vw, 1024px\" \/><\/a><figcaption>Und nur kurz geleuchtet<\/figcaption><\/figure><\/div>\n\n\n\n<p>Einige der Eindr\u00fccke \u00fcber Wasser, ein wenig Aufregung und die Sch\u00f6nheit der Landschaft findet ihr auf der n\u00e4chsten Seite.<\/p>\n\n\n\n<div class=\"wp-block-columns is-layout-flex wp-container-core-columns-is-layout-9d6595d7 wp-block-columns-is-layout-flex\">\n<div class=\"wp-block-column is-layout-flow wp-block-column-is-layout-flow\">\n<div class=\"wp-block-buttons is-layout-flex wp-block-buttons-is-layout-flex\">\n<div class=\"wp-block-button\"><a class=\"wp-block-button__link\" href=\"https:\/\/www.guhalg.com\/wordpress\/?page_id=9142\">Anreise nach Pulisan<\/a><\/div>\n<\/div>\n<\/div>\n\n\n\n<div class=\"wp-block-column is-layout-flow wp-block-column-is-layout-flow\"><\/div>\n<\/div>\n","protected":false},"excerpt":{"rendered":"<p>Nun, wie verbringt man Weihnachten und Silvester ganz weit weg von zu Hause? Die Antwort ist verbl\u00fcffend einfach: ruhig und entspannt. Es gibt keinen Einkaufsstress, die Geschenke haben wir ausgelassen. Sie von Deutschland nach Indonesien und zur\u00fcckzutransportieren, ist nicht besonders&hellip; <\/p>\n","protected":false},"author":1,"featured_media":0,"parent":9122,"menu_order":2,"comment_status":"closed","ping_status":"closed","template":"","meta":{"footnotes":""},"class_list":["post-9148","page","type-page","status-publish","hentry"],"_links":{"self":[{"href":"https:\/\/www.guhalg.com\/wordpress\/index.php?rest_route=\/wp\/v2\/pages\/9148","targetHints":{"allow":["GET"]}}],"collection":[{"href":"https:\/\/www.guhalg.com\/wordpress\/index.php?rest_route=\/wp\/v2\/pages"}],"about":[{"href":"https:\/\/www.guhalg.com\/wordpress\/index.php?rest_route=\/wp\/v2\/types\/page"}],"author":[{"embeddable":true,"href":"https:\/\/www.guhalg.com\/wordpress\/index.php?rest_route=\/wp\/v2\/users\/1"}],"replies":[{"embeddable":true,"href":"https:\/\/www.guhalg.com\/wordpress\/index.php?rest_route=%2Fwp%2Fv2%2Fcomments&post=9148"}],"version-history":[{"count":3,"href":"https:\/\/www.guhalg.com\/wordpress\/index.php?rest_route=\/wp\/v2\/pages\/9148\/revisions"}],"predecessor-version":[{"id":9167,"href":"https:\/\/www.guhalg.com\/wordpress\/index.php?rest_route=\/wp\/v2\/pages\/9148\/revisions\/9167"}],"up":[{"embeddable":true,"href":"https:\/\/www.guhalg.com\/wordpress\/index.php?rest_route=\/wp\/v2\/pages\/9122"}],"wp:attachment":[{"href":"https:\/\/www.guhalg.com\/wordpress\/index.php?rest_route=%2Fwp%2Fv2%2Fmedia&parent=9148"}],"curies":[{"name":"wp","href":"https:\/\/api.w.org\/{rel}","templated":true}]}}