{"id":9154,"date":"2022-02-22T22:01:39","date_gmt":"2022-02-22T21:01:39","guid":{"rendered":"https:\/\/www.guhalg.com\/wordpress\/?page_id=9154"},"modified":"2022-02-22T22:36:53","modified_gmt":"2022-02-22T21:36:53","slug":"die-natur","status":"publish","type":"page","link":"https:\/\/www.guhalg.com\/wordpress\/?page_id=9154","title":{"rendered":"Die Natur"},"content":{"rendered":"\n<p>Nun ja, Silvester war sicherlich ein Highlight, aber auch nur ein Tag innerhalb der zwei Wochen Urlaub. Die weiteren Tage haben wir wie \u00fcblich mit Tauchen begonnen und den Rest des Tages dann in der Natur verbracht. Und es gab wieder viel zu sehen. Da w\u00e4re als Erstes die kleine Schlange, direkt am Busch vor unserem Bungalow.<\/p>\n\n\n\n<div class=\"wp-block-image\"><figure class=\"aligncenter size-full\"><a href=\"https:\/\/www.guhalg.com\/wordpress\/wp-content\/uploads\/Reisen\/Pulisan2011\/Natur\/DSC02664.jpg\"><img loading=\"lazy\" decoding=\"async\" width=\"1024\" height=\"575\" src=\"https:\/\/www.guhalg.com\/wordpress\/wp-content\/uploads\/Reisen\/Pulisan2011\/Natur\/DSC02664.jpg\" alt=\"Die Schlange\" class=\"wp-image-9158\" srcset=\"https:\/\/www.guhalg.com\/wordpress\/wp-content\/uploads\/Reisen\/Pulisan2011\/Natur\/DSC02664.jpg 1024w, https:\/\/www.guhalg.com\/wordpress\/wp-content\/uploads\/Reisen\/Pulisan2011\/Natur\/DSC02664-300x168.jpg 300w, https:\/\/www.guhalg.com\/wordpress\/wp-content\/uploads\/Reisen\/Pulisan2011\/Natur\/DSC02664-768x431.jpg 768w, https:\/\/www.guhalg.com\/wordpress\/wp-content\/uploads\/Reisen\/Pulisan2011\/Natur\/DSC02664-480x270.jpg 480w\" sizes=\"auto, (max-width: 1024px) 100vw, 1024px\" \/><\/a><figcaption>Die Schlange<\/figcaption><\/figure><\/div>\n\n\n\n<div class=\"wp-block-image\"><figure class=\"aligncenter size-full\"><a href=\"https:\/\/www.guhalg.com\/wordpress\/wp-content\/uploads\/Reisen\/Pulisan2011\/Natur\/DSC02663.jpg\"><img loading=\"lazy\" decoding=\"async\" width=\"1024\" height=\"575\" src=\"https:\/\/www.guhalg.com\/wordpress\/wp-content\/uploads\/Reisen\/Pulisan2011\/Natur\/DSC02663.jpg\" alt=\"Die Schlange\" class=\"wp-image-9157\" srcset=\"https:\/\/www.guhalg.com\/wordpress\/wp-content\/uploads\/Reisen\/Pulisan2011\/Natur\/DSC02663.jpg 1024w, https:\/\/www.guhalg.com\/wordpress\/wp-content\/uploads\/Reisen\/Pulisan2011\/Natur\/DSC02663-300x168.jpg 300w, https:\/\/www.guhalg.com\/wordpress\/wp-content\/uploads\/Reisen\/Pulisan2011\/Natur\/DSC02663-768x431.jpg 768w, https:\/\/www.guhalg.com\/wordpress\/wp-content\/uploads\/Reisen\/Pulisan2011\/Natur\/DSC02663-480x270.jpg 480w\" sizes=\"auto, (max-width: 1024px) 100vw, 1024px\" \/><\/a><figcaption>Die Schlange<\/figcaption><\/figure><\/div>\n\n\n\n<p>Gefolgt von der Gottesanbeterin, direkt bei uns am Tisch zum Abendbrot. Nicht nur, dass sie \u201amit einem Mal\u2018 so neben uns am Tisch war, sie reagierte auch auf unsere Bewegungen.<\/p>\n\n\n\n<div class=\"wp-block-image\"><figure class=\"aligncenter size-full\"><a href=\"https:\/\/www.guhalg.com\/wordpress\/wp-content\/uploads\/Reisen\/Pulisan2011\/Natur\/DSC02671.jpg\"><img loading=\"lazy\" decoding=\"async\" width=\"1024\" height=\"575\" src=\"https:\/\/www.guhalg.com\/wordpress\/wp-content\/uploads\/Reisen\/Pulisan2011\/Natur\/DSC02671.jpg\" alt=\"Gottesanbeterin\" class=\"wp-image-9159\" srcset=\"https:\/\/www.guhalg.com\/wordpress\/wp-content\/uploads\/Reisen\/Pulisan2011\/Natur\/DSC02671.jpg 1024w, https:\/\/www.guhalg.com\/wordpress\/wp-content\/uploads\/Reisen\/Pulisan2011\/Natur\/DSC02671-300x168.jpg 300w, https:\/\/www.guhalg.com\/wordpress\/wp-content\/uploads\/Reisen\/Pulisan2011\/Natur\/DSC02671-768x431.jpg 768w, https:\/\/www.guhalg.com\/wordpress\/wp-content\/uploads\/Reisen\/Pulisan2011\/Natur\/DSC02671-480x270.jpg 480w\" sizes=\"auto, (max-width: 1024px) 100vw, 1024px\" \/><\/a><figcaption>Gottesanbeterin<\/figcaption><\/figure><\/div>\n\n\n\n<div class=\"wp-block-image\"><figure class=\"aligncenter size-full\"><a href=\"https:\/\/www.guhalg.com\/wordpress\/wp-content\/uploads\/Reisen\/Pulisan2011\/Natur\/DSC02675.jpg\"><img loading=\"lazy\" decoding=\"async\" width=\"1024\" height=\"575\" src=\"https:\/\/www.guhalg.com\/wordpress\/wp-content\/uploads\/Reisen\/Pulisan2011\/Natur\/DSC02675.jpg\" alt=\"Gottesanbeterin\" class=\"wp-image-9160\" srcset=\"https:\/\/www.guhalg.com\/wordpress\/wp-content\/uploads\/Reisen\/Pulisan2011\/Natur\/DSC02675.jpg 1024w, https:\/\/www.guhalg.com\/wordpress\/wp-content\/uploads\/Reisen\/Pulisan2011\/Natur\/DSC02675-300x168.jpg 300w, https:\/\/www.guhalg.com\/wordpress\/wp-content\/uploads\/Reisen\/Pulisan2011\/Natur\/DSC02675-768x431.jpg 768w, https:\/\/www.guhalg.com\/wordpress\/wp-content\/uploads\/Reisen\/Pulisan2011\/Natur\/DSC02675-480x270.jpg 480w\" sizes=\"auto, (max-width: 1024px) 100vw, 1024px\" \/><\/a><figcaption>Gottesanbeterin<\/figcaption><\/figure><\/div>\n\n\n\n<p>Aber auch im Tangkoko Nationalpark gab es wieder einiges zu entdecken. Die Flederm\u00e4use hier waren gar nicht erfreut \u00fcber die Aufmerksamkeit und haben sich mit einem Shitstorm, im wahrsten Sinne des Wortes, gewehrt.<\/p>\n\n\n\n<div class=\"wp-block-image\"><figure class=\"aligncenter size-large\"><a href=\"https:\/\/www.guhalg.com\/wordpress\/wp-content\/uploads\/Reisen\/Pulisan2011\/Natur\/DSC02724.jpg\"><img loading=\"lazy\" decoding=\"async\" width=\"576\" height=\"1024\" src=\"https:\/\/www.guhalg.com\/wordpress\/wp-content\/uploads\/Reisen\/Pulisan2011\/Natur\/DSC02724-576x1024.jpg\" alt=\"Shitstorm\" class=\"wp-image-9161\" srcset=\"https:\/\/www.guhalg.com\/wordpress\/wp-content\/uploads\/Reisen\/Pulisan2011\/Natur\/DSC02724-576x1024.jpg 576w, https:\/\/www.guhalg.com\/wordpress\/wp-content\/uploads\/Reisen\/Pulisan2011\/Natur\/DSC02724-169x300.jpg 169w, https:\/\/www.guhalg.com\/wordpress\/wp-content\/uploads\/Reisen\/Pulisan2011\/Natur\/DSC02724-768x1367.jpg 768w, https:\/\/www.guhalg.com\/wordpress\/wp-content\/uploads\/Reisen\/Pulisan2011\/Natur\/DSC02724-863x1536.jpg 863w, https:\/\/www.guhalg.com\/wordpress\/wp-content\/uploads\/Reisen\/Pulisan2011\/Natur\/DSC02724.jpg 1024w\" sizes=\"auto, (max-width: 576px) 100vw, 576px\" \/><\/a><figcaption>Shitstorm<\/figcaption><\/figure><\/div>\n\n\n\n<p>Nachdem die Kamera wieder ges\u00e4ubert war, haben uns die die Kobold-Makis und die laut zirpenden Zikaden doch viel lieber erfreut.<\/p>\n\n\n\n<div class=\"wp-block-image\"><figure class=\"aligncenter size-full\"><a href=\"https:\/\/www.guhalg.com\/wordpress\/wp-content\/uploads\/Reisen\/Pulisan2011\/Natur\/DSC02743.jpg\"><img loading=\"lazy\" decoding=\"async\" width=\"1024\" height=\"575\" src=\"https:\/\/www.guhalg.com\/wordpress\/wp-content\/uploads\/Reisen\/Pulisan2011\/Natur\/DSC02743.jpg\" alt=\"Koboldmakis\" class=\"wp-image-9162\" srcset=\"https:\/\/www.guhalg.com\/wordpress\/wp-content\/uploads\/Reisen\/Pulisan2011\/Natur\/DSC02743.jpg 1024w, https:\/\/www.guhalg.com\/wordpress\/wp-content\/uploads\/Reisen\/Pulisan2011\/Natur\/DSC02743-300x168.jpg 300w, https:\/\/www.guhalg.com\/wordpress\/wp-content\/uploads\/Reisen\/Pulisan2011\/Natur\/DSC02743-768x431.jpg 768w, https:\/\/www.guhalg.com\/wordpress\/wp-content\/uploads\/Reisen\/Pulisan2011\/Natur\/DSC02743-480x270.jpg 480w\" sizes=\"auto, (max-width: 1024px) 100vw, 1024px\" \/><\/a><figcaption>Koboldmakis<\/figcaption><\/figure><\/div>\n\n\n\n<div class=\"wp-block-image\"><figure class=\"aligncenter size-full\"><a href=\"https:\/\/www.guhalg.com\/wordpress\/wp-content\/uploads\/Reisen\/Pulisan2011\/Natur\/DSC02761.jpg\"><img loading=\"lazy\" decoding=\"async\" width=\"1024\" height=\"575\" src=\"https:\/\/www.guhalg.com\/wordpress\/wp-content\/uploads\/Reisen\/Pulisan2011\/Natur\/DSC02761.jpg\" alt=\"Zikaden\" class=\"wp-image-9163\" srcset=\"https:\/\/www.guhalg.com\/wordpress\/wp-content\/uploads\/Reisen\/Pulisan2011\/Natur\/DSC02761.jpg 1024w, https:\/\/www.guhalg.com\/wordpress\/wp-content\/uploads\/Reisen\/Pulisan2011\/Natur\/DSC02761-300x168.jpg 300w, https:\/\/www.guhalg.com\/wordpress\/wp-content\/uploads\/Reisen\/Pulisan2011\/Natur\/DSC02761-768x431.jpg 768w, https:\/\/www.guhalg.com\/wordpress\/wp-content\/uploads\/Reisen\/Pulisan2011\/Natur\/DSC02761-480x270.jpg 480w\" sizes=\"auto, (max-width: 1024px) 100vw, 1024px\" \/><\/a><figcaption>Zikaden<\/figcaption><\/figure><\/div>\n\n\n\n<p>Aber auch etwas Erschreckendes mussten wir erleben. Nach einem kr\u00e4ftigen abendlichen Regenschauer sind wir nachts durch einen lauten Knall geweckt worden. Am n\u00e4chsten Morgen konnten wir das Ungl\u00fcck betrachten. Ein Baum war in der Nacht abgebrochen, gl\u00fccklicherweise allerdings nicht auf einen der Bungalows gefallen.<\/p>\n\n\n\n<figure class=\"wp-block-gallery has-nested-images columns-default is-cropped wp-block-gallery-1 is-layout-flex wp-block-gallery-is-layout-flex\">\n<figure class=\"wp-block-image size-large\"><img loading=\"lazy\" decoding=\"async\" width=\"1024\" height=\"575\" data-id=\"9164\" src=\"https:\/\/www.guhalg.com\/wordpress\/wp-content\/uploads\/Reisen\/Pulisan2011\/Natur\/DSC02937.jpg\" alt=\"\" class=\"wp-image-9164\" srcset=\"https:\/\/www.guhalg.com\/wordpress\/wp-content\/uploads\/Reisen\/Pulisan2011\/Natur\/DSC02937.jpg 1024w, https:\/\/www.guhalg.com\/wordpress\/wp-content\/uploads\/Reisen\/Pulisan2011\/Natur\/DSC02937-300x168.jpg 300w, https:\/\/www.guhalg.com\/wordpress\/wp-content\/uploads\/Reisen\/Pulisan2011\/Natur\/DSC02937-768x431.jpg 768w, https:\/\/www.guhalg.com\/wordpress\/wp-content\/uploads\/Reisen\/Pulisan2011\/Natur\/DSC02937-480x270.jpg 480w\" sizes=\"auto, (max-width: 1024px) 100vw, 1024px\" \/><\/figure>\n\n\n\n<figure class=\"wp-block-image size-large\"><img loading=\"lazy\" decoding=\"async\" width=\"1024\" height=\"575\" data-id=\"9165\" src=\"https:\/\/www.guhalg.com\/wordpress\/wp-content\/uploads\/Reisen\/Pulisan2011\/Natur\/DSC02942.jpg\" alt=\"\" class=\"wp-image-9165\" srcset=\"https:\/\/www.guhalg.com\/wordpress\/wp-content\/uploads\/Reisen\/Pulisan2011\/Natur\/DSC02942.jpg 1024w, https:\/\/www.guhalg.com\/wordpress\/wp-content\/uploads\/Reisen\/Pulisan2011\/Natur\/DSC02942-300x168.jpg 300w, https:\/\/www.guhalg.com\/wordpress\/wp-content\/uploads\/Reisen\/Pulisan2011\/Natur\/DSC02942-768x431.jpg 768w, https:\/\/www.guhalg.com\/wordpress\/wp-content\/uploads\/Reisen\/Pulisan2011\/Natur\/DSC02942-480x270.jpg 480w\" sizes=\"auto, (max-width: 1024px) 100vw, 1024px\" \/><\/figure>\n\n\n\n<figure class=\"wp-block-image size-large\"><img loading=\"lazy\" decoding=\"async\" width=\"1024\" height=\"575\" data-id=\"9166\" src=\"https:\/\/www.guhalg.com\/wordpress\/wp-content\/uploads\/Reisen\/Pulisan2011\/Natur\/DSC02946.jpg\" alt=\"\" class=\"wp-image-9166\" srcset=\"https:\/\/www.guhalg.com\/wordpress\/wp-content\/uploads\/Reisen\/Pulisan2011\/Natur\/DSC02946.jpg 1024w, https:\/\/www.guhalg.com\/wordpress\/wp-content\/uploads\/Reisen\/Pulisan2011\/Natur\/DSC02946-300x168.jpg 300w, https:\/\/www.guhalg.com\/wordpress\/wp-content\/uploads\/Reisen\/Pulisan2011\/Natur\/DSC02946-768x431.jpg 768w, https:\/\/www.guhalg.com\/wordpress\/wp-content\/uploads\/Reisen\/Pulisan2011\/Natur\/DSC02946-480x270.jpg 480w\" sizes=\"auto, (max-width: 1024px) 100vw, 1024px\" \/><\/figure>\n<\/figure>\n\n\n\n<p>Auf der n\u00e4chsten Seite noch gibt es noch ein paar Eindr\u00fccke unter Wasser.<\/p>\n\n\n\n<div class=\"wp-block-columns is-layout-flex wp-container-core-columns-is-layout-9d6595d7 wp-block-columns-is-layout-flex\">\n<div class=\"wp-block-column is-layout-flow wp-block-column-is-layout-flow\">\n<div class=\"wp-block-buttons is-layout-flex wp-block-buttons-is-layout-flex\">\n<div class=\"wp-block-button\"><a class=\"wp-block-button__link\" href=\"https:\/\/www.guhalg.com\/wordpress\/?page_id=9148\">Silvester<\/a><\/div>\n<\/div>\n<\/div>\n\n\n\n<div class=\"wp-block-column is-layout-flow wp-block-column-is-layout-flow\">\n<div class=\"wp-block-buttons is-content-justification-right is-layout-flex wp-container-core-buttons-is-layout-765c4724 wp-block-buttons-is-layout-flex\">\n<div class=\"wp-block-button\"><a class=\"wp-block-button__link\" href=\"https:\/\/www.guhalg.com\/wordpress\/?page_id=9170\">Unterwasser<\/a><\/div>\n<\/div>\n<\/div>\n<\/div>\n","protected":false},"excerpt":{"rendered":"<p>Nun ja, Silvester war sicherlich ein Highlight, aber auch nur ein Tag innerhalb der zwei Wochen Urlaub. Die weiteren Tage haben wir wie \u00fcblich mit Tauchen begonnen und den Rest des Tages dann in der Natur verbracht. Und es gab&hellip; <\/p>\n","protected":false},"author":1,"featured_media":0,"parent":9122,"menu_order":3,"comment_status":"closed","ping_status":"closed","template":"","meta":{"footnotes":""},"class_list":["post-9154","page","type-page","status-publish","hentry"],"_links":{"self":[{"href":"https:\/\/www.guhalg.com\/wordpress\/index.php?rest_route=\/wp\/v2\/pages\/9154","targetHints":{"allow":["GET"]}}],"collection":[{"href":"https:\/\/www.guhalg.com\/wordpress\/index.php?rest_route=\/wp\/v2\/pages"}],"about":[{"href":"https:\/\/www.guhalg.com\/wordpress\/index.php?rest_route=\/wp\/v2\/types\/page"}],"author":[{"embeddable":true,"href":"https:\/\/www.guhalg.com\/wordpress\/index.php?rest_route=\/wp\/v2\/users\/1"}],"replies":[{"embeddable":true,"href":"https:\/\/www.guhalg.com\/wordpress\/index.php?rest_route=%2Fwp%2Fv2%2Fcomments&post=9154"}],"version-history":[{"count":3,"href":"https:\/\/www.guhalg.com\/wordpress\/index.php?rest_route=\/wp\/v2\/pages\/9154\/revisions"}],"predecessor-version":[{"id":9172,"href":"https:\/\/www.guhalg.com\/wordpress\/index.php?rest_route=\/wp\/v2\/pages\/9154\/revisions\/9172"}],"up":[{"embeddable":true,"href":"https:\/\/www.guhalg.com\/wordpress\/index.php?rest_route=\/wp\/v2\/pages\/9122"}],"wp:attachment":[{"href":"https:\/\/www.guhalg.com\/wordpress\/index.php?rest_route=%2Fwp%2Fv2%2Fmedia&parent=9154"}],"curies":[{"name":"wp","href":"https:\/\/api.w.org\/{rel}","templated":true}]}}