{"id":9170,"date":"2022-02-22T22:36:04","date_gmt":"2022-02-22T21:36:04","guid":{"rendered":"https:\/\/www.guhalg.com\/wordpress\/?page_id=9170"},"modified":"2022-02-22T23:00:41","modified_gmt":"2022-02-22T22:00:41","slug":"unterwasser","status":"publish","type":"page","link":"https:\/\/www.guhalg.com\/wordpress\/?page_id=9170","title":{"rendered":"Unterwasser"},"content":{"rendered":"\n<p>So, die Eindr\u00fccke unter Wasser haben wir ja schon in den Reiseberichten <a href=\"https:\/\/www.guhalg.com\/wordpress\/?page_id=7227\" data-type=\"page\" data-id=\"7227\">Pulisan 2009<\/a> und <a href=\"https:\/\/www.guhalg.com\/wordpress\/?page_id=8325\" data-type=\"page\" data-id=\"8325\">Indonesien 2010<\/a> mit vielen Bildern geschildert. Daher gibt es hier als Erg\u00e4nzung einige Videos. Da haben wir als Erstes eine Seeschlange, die den Boden absucht.<\/p>\n\n\n\n<figure class=\"wp-block-video aligncenter\"><video height=\"720\" style=\"aspect-ratio: 1280 \/ 720;\" width=\"1280\" controls src=\"https:\/\/www.guhalg.com\/wordpress\/wp-content\/uploads\/Reisen\/Pulisan2011\/Videos\/Seeschlange.mp4\"><\/video><figcaption>Seeschlange<\/figcaption><\/figure>\n\n\n\n<p>Und hier ein Seegraspfeifenfisch, der sich durch die Wellen treiben l\u00e4sst, getarnt als abgerissenes Blatt vom Seegras, mit nur wenig eigener Schwimmaktivit\u00e4t.<\/p>\n\n\n\n<figure class=\"wp-block-video aligncenter\"><video height=\"720\" style=\"aspect-ratio: 1280 \/ 720;\" width=\"1280\" controls src=\"https:\/\/www.guhalg.com\/wordpress\/wp-content\/uploads\/Reisen\/Pulisan2011\/Videos\/Seegraspfeiffenfisch.mp4\"><\/video><figcaption>Seegraspfeifenfisch<\/figcaption><\/figure>\n\n\n\n<p>An dem Schlafplatz dieser Mur\u00e4ne haben sich zwei Putzergarnelen eingefunden, um die Mur\u00e4ne von den Resten Ihrer letzten Mahlzeit zu reinigen und auch die Parasiten zu entfernen.<\/p>\n\n\n\n<figure class=\"wp-block-video aligncenter\"><video height=\"720\" style=\"aspect-ratio: 1280 \/ 720;\" width=\"1280\" controls src=\"https:\/\/www.guhalg.com\/wordpress\/wp-content\/uploads\/Reisen\/Pulisan2011\/Videos\/Putzergarnelen.mp4\"><\/video><figcaption>Putzergarnelen<\/figcaption><\/figure>\n\n\n\n<p>Als N\u00e4chstes seht ihr eine Prachtsepie, die am Anfang Futter suchend \u00fcber den Boden kriecht, sicher aber gegen Ende hin dann doch durch die Taucher und die Lampe gest\u00f6rt f\u00fchlt und als Drohsignal die Fangarme hochnimmt.<\/p>\n\n\n\n<figure class=\"wp-block-video aligncenter\"><video height=\"720\" style=\"aspect-ratio: 1280 \/ 720;\" width=\"1280\" controls src=\"https:\/\/www.guhalg.com\/wordpress\/wp-content\/uploads\/Reisen\/Pulisan2011\/Videos\/Flamboyand.mp4\"><\/video><figcaption>Prachtsepie<\/figcaption><\/figure>\n\n\n\n<p>Und ganz zum Schluss noch ein kurzes Video von dem Dugong, wie es sich am Neujahrstag in den Weiten der gr\u00fcnen See verliert.<\/p>\n\n\n\n<figure class=\"wp-block-video aligncenter\"><video height=\"720\" style=\"aspect-ratio: 1280 \/ 720;\" width=\"1280\" controls src=\"https:\/\/www.guhalg.com\/wordpress\/wp-content\/uploads\/Reisen\/Pulisan2011\/Videos\/Dugong.mp4\"><\/video><figcaption>Dugong<\/figcaption><\/figure>\n\n\n\n<p>Soviel als Erg\u00e4nzung zu Pulisan zum Jahresende 2011. Es wird sicherlich nicht der letzte Aufenthalt dort gewesen sein, auch wenn ein neuer Termin noch nicht in Planung ist.<\/p>\n\n\n\n<div class=\"wp-block-buttons is-layout-flex wp-block-buttons-is-layout-flex\">\n<div class=\"wp-block-button\"><a class=\"wp-block-button__link\" href=\"https:\/\/www.guhalg.com\/wordpress\/?page_id=9154\">Die Natur<\/a><\/div>\n<\/div>\n","protected":false},"excerpt":{"rendered":"<p>So, die Eindr\u00fccke unter Wasser haben wir ja schon in den Reiseberichten Pulisan 2009 und Indonesien 2010 mit vielen Bildern geschildert. Daher gibt es hier als Erg\u00e4nzung einige Videos. Da haben wir als Erstes eine Seeschlange, die den Boden absucht.&hellip; <\/p>\n","protected":false},"author":1,"featured_media":0,"parent":9122,"menu_order":4,"comment_status":"closed","ping_status":"closed","template":"","meta":{"footnotes":""},"class_list":["post-9170","page","type-page","status-publish","hentry"],"_links":{"self":[{"href":"https:\/\/www.guhalg.com\/wordpress\/index.php?rest_route=\/wp\/v2\/pages\/9170","targetHints":{"allow":["GET"]}}],"collection":[{"href":"https:\/\/www.guhalg.com\/wordpress\/index.php?rest_route=\/wp\/v2\/pages"}],"about":[{"href":"https:\/\/www.guhalg.com\/wordpress\/index.php?rest_route=\/wp\/v2\/types\/page"}],"author":[{"embeddable":true,"href":"https:\/\/www.guhalg.com\/wordpress\/index.php?rest_route=\/wp\/v2\/users\/1"}],"replies":[{"embeddable":true,"href":"https:\/\/www.guhalg.com\/wordpress\/index.php?rest_route=%2Fwp%2Fv2%2Fcomments&post=9170"}],"version-history":[{"count":2,"href":"https:\/\/www.guhalg.com\/wordpress\/index.php?rest_route=\/wp\/v2\/pages\/9170\/revisions"}],"predecessor-version":[{"id":9185,"href":"https:\/\/www.guhalg.com\/wordpress\/index.php?rest_route=\/wp\/v2\/pages\/9170\/revisions\/9185"}],"up":[{"embeddable":true,"href":"https:\/\/www.guhalg.com\/wordpress\/index.php?rest_route=\/wp\/v2\/pages\/9122"}],"wp:attachment":[{"href":"https:\/\/www.guhalg.com\/wordpress\/index.php?rest_route=%2Fwp%2Fv2%2Fmedia&parent=9170"}],"curies":[{"name":"wp","href":"https:\/\/api.w.org\/{rel}","templated":true}]}}