{"id":9186,"date":"2022-02-23T21:06:13","date_gmt":"2022-02-23T20:06:13","guid":{"rendered":"https:\/\/www.guhalg.com\/wordpress\/?page_id=9186"},"modified":"2022-02-23T22:11:29","modified_gmt":"2022-02-23T21:11:29","slug":"sri-lanka-2001","status":"publish","type":"page","link":"https:\/\/www.guhalg.com\/wordpress\/?page_id=9186","title":{"rendered":"Sri Lanka 2011"},"content":{"rendered":"\n<p>Das Jahr 2011 hielt f\u00fcr uns eine erstaunliche Erkenntnis bereit: Es gibt au\u00dfer Tauchen weitere Urlaube, die mit derselben Intensit\u00e4t der Erlebnisse und Eindr\u00fccke aufwarten und auch von der k\u00f6rperlichen Anstrengung gleichziehen. Und was hat uns zu dieser Erkenntnis bewogen? Zwei Wochen auf Sri Lanka, besser bekannt unter ihrem alten Namen Ceylon. Wir hatten eine Woche Rundreise geplant und wollten uns anschlie\u00dfend f\u00fcr eine weitere Woche beim Tauchen erholen. Dass es sich dann doch etwas anders entwickelte, seht ihr sp\u00e4ter. Kommen wir doch erstmal zu Sri Lanka selber, wo liegt Sri Lanka \u00fcberhaupt? Nun, einfach gesprochen, s\u00fcdlich und ein wenig \u00f6stlich von Indien.<\/p>\n\n\n\n<div class=\"wp-block-image\"><figure class=\"aligncenter size-large\"><a href=\"https:\/\/www.guhalg.com\/wordpress\/wp-content\/uploads\/Reisen\/SriLanka2011\/Reise\/SriLanka.jpg\"><img loading=\"lazy\" decoding=\"async\" width=\"1024\" height=\"568\" src=\"https:\/\/www.guhalg.com\/wordpress\/wp-content\/uploads\/Reisen\/SriLanka2011\/Reise\/SriLanka-1024x568.jpg\" alt=\"Sri Lanka\" class=\"wp-image-9232\" srcset=\"https:\/\/www.guhalg.com\/wordpress\/wp-content\/uploads\/Reisen\/SriLanka2011\/Reise\/SriLanka-1024x568.jpg 1024w, https:\/\/www.guhalg.com\/wordpress\/wp-content\/uploads\/Reisen\/SriLanka2011\/Reise\/SriLanka-300x166.jpg 300w, https:\/\/www.guhalg.com\/wordpress\/wp-content\/uploads\/Reisen\/SriLanka2011\/Reise\/SriLanka-768x426.jpg 768w, https:\/\/www.guhalg.com\/wordpress\/wp-content\/uploads\/Reisen\/SriLanka2011\/Reise\/SriLanka.jpg 1280w\" sizes=\"auto, (max-width: 1024px) 100vw, 1024px\" \/><\/a><figcaption>Sri Lanka<\/figcaption><\/figure><\/div>\n\n\n\n<p>Es ist auf der Weltkarte eher eine kleine Insel, aber vor Ort sind dann gut 200 \u00d7 400 Km doch ganz sch\u00f6n lange Strecken, auch wenn das Stra\u00dfennetz gr\u00f6\u00dftenteils gut ausgebaut ist. Bevor wir jetzt in die Reise einsteigen, anbei noch der Link zur Wikipedia: <a rel=\"noreferrer noopener\" href=\"http:\/\/de.wikipedia.org\/wiki\/Sri_Lanka\" target=\"_blank\">Sri Lanka<\/a>.<\/p>\n\n\n\n<div class=\"wp-block-buttons is-content-justification-right is-layout-flex wp-container-core-buttons-is-layout-765c4724 wp-block-buttons-is-layout-flex\">\n<div class=\"wp-block-button\"><a class=\"wp-block-button__link\" href=\"https:\/\/www.guhalg.com\/wordpress\/?page_id=9237\">Rundreise 1. Tag<\/a><\/div>\n<\/div>\n","protected":false},"excerpt":{"rendered":"<p>Das Jahr 2011 hielt f\u00fcr uns eine erstaunliche Erkenntnis bereit: Es gibt au\u00dfer Tauchen weitere Urlaube, die mit derselben Intensit\u00e4t der Erlebnisse und Eindr\u00fccke aufwarten und auch von der k\u00f6rperlichen Anstrengung gleichziehen. Und was hat uns zu dieser Erkenntnis bewogen?&hellip; <\/p>\n","protected":false},"author":1,"featured_media":0,"parent":0,"menu_order":25,"comment_status":"closed","ping_status":"closed","template":"","meta":{"footnotes":""},"class_list":["post-9186","page","type-page","status-publish","hentry"],"_links":{"self":[{"href":"https:\/\/www.guhalg.com\/wordpress\/index.php?rest_route=\/wp\/v2\/pages\/9186","targetHints":{"allow":["GET"]}}],"collection":[{"href":"https:\/\/www.guhalg.com\/wordpress\/index.php?rest_route=\/wp\/v2\/pages"}],"about":[{"href":"https:\/\/www.guhalg.com\/wordpress\/index.php?rest_route=\/wp\/v2\/types\/page"}],"author":[{"embeddable":true,"href":"https:\/\/www.guhalg.com\/wordpress\/index.php?rest_route=\/wp\/v2\/users\/1"}],"replies":[{"embeddable":true,"href":"https:\/\/www.guhalg.com\/wordpress\/index.php?rest_route=%2Fwp%2Fv2%2Fcomments&post=9186"}],"version-history":[{"count":8,"href":"https:\/\/www.guhalg.com\/wordpress\/index.php?rest_route=\/wp\/v2\/pages\/9186\/revisions"}],"predecessor-version":[{"id":9242,"href":"https:\/\/www.guhalg.com\/wordpress\/index.php?rest_route=\/wp\/v2\/pages\/9186\/revisions\/9242"}],"wp:attachment":[{"href":"https:\/\/www.guhalg.com\/wordpress\/index.php?rest_route=%2Fwp%2Fv2%2Fmedia&parent=9186"}],"curies":[{"name":"wp","href":"https:\/\/api.w.org\/{rel}","templated":true}]}}