{"id":9246,"date":"2022-02-23T22:25:29","date_gmt":"2022-02-23T21:25:29","guid":{"rendered":"https:\/\/www.guhalg.com\/wordpress\/?page_id=9246"},"modified":"2022-02-25T17:56:39","modified_gmt":"2022-02-25T16:56:39","slug":"rundreise-2-tag","status":"publish","type":"page","link":"https:\/\/www.guhalg.com\/wordpress\/?page_id=9246","title":{"rendered":"Rundreise 2. Tag"},"content":{"rendered":"\n<p>Nach dem Fr\u00fchst\u00fcck und Auschecken aus dem Hotel ging es gleich zu unserem ersten Ziel: <a rel=\"noreferrer noopener\" href=\"http:\/\/en.wikipedia.org\/wiki\/Isurumuniya\" target=\"_blank\">Isurumuniyad Rock Temple<\/a>, und obwohl wir daf\u00fcr nur einmal um den See herum fahren mussten gab es auch schon ein wenig Natur und Kultur zu sehen, u.&nbsp;a. 2 Paare auf dem Weg zur Trauung.<\/p>\n\n\n\n<div class=\"wp-block-image\"><figure class=\"aligncenter size-full\"><a href=\"https:\/\/www.guhalg.com\/wordpress\/wp-content\/uploads\/Reisen\/SriLanka2011\/2.Tag\/P1060485.jpg\"><img loading=\"lazy\" decoding=\"async\" width=\"1024\" height=\"576\" src=\"https:\/\/www.guhalg.com\/wordpress\/wp-content\/uploads\/Reisen\/SriLanka2011\/2.Tag\/P1060485.jpg\" alt=\"Sch\u00f6n bunt\" class=\"wp-image-9255\" srcset=\"https:\/\/www.guhalg.com\/wordpress\/wp-content\/uploads\/Reisen\/SriLanka2011\/2.Tag\/P1060485.jpg 1024w, https:\/\/www.guhalg.com\/wordpress\/wp-content\/uploads\/Reisen\/SriLanka2011\/2.Tag\/P1060485-300x169.jpg 300w, https:\/\/www.guhalg.com\/wordpress\/wp-content\/uploads\/Reisen\/SriLanka2011\/2.Tag\/P1060485-768x432.jpg 768w, https:\/\/www.guhalg.com\/wordpress\/wp-content\/uploads\/Reisen\/SriLanka2011\/2.Tag\/P1060485-480x270.jpg 480w\" sizes=\"auto, (max-width: 1024px) 100vw, 1024px\" \/><\/a><figcaption>Sch\u00f6n bunt<\/figcaption><\/figure><\/div>\n\n\n\n<div class=\"wp-block-image\"><figure class=\"aligncenter size-full\"><a href=\"https:\/\/www.guhalg.com\/wordpress\/wp-content\/uploads\/Reisen\/SriLanka2011\/2.Tag\/P1060481.jpg\"><img loading=\"lazy\" decoding=\"async\" width=\"1024\" height=\"576\" src=\"https:\/\/www.guhalg.com\/wordpress\/wp-content\/uploads\/Reisen\/SriLanka2011\/2.Tag\/P1060481.jpg\" alt=\"Idyllisch\" class=\"wp-image-9253\" srcset=\"https:\/\/www.guhalg.com\/wordpress\/wp-content\/uploads\/Reisen\/SriLanka2011\/2.Tag\/P1060481.jpg 1024w, https:\/\/www.guhalg.com\/wordpress\/wp-content\/uploads\/Reisen\/SriLanka2011\/2.Tag\/P1060481-300x169.jpg 300w, https:\/\/www.guhalg.com\/wordpress\/wp-content\/uploads\/Reisen\/SriLanka2011\/2.Tag\/P1060481-768x432.jpg 768w, https:\/\/www.guhalg.com\/wordpress\/wp-content\/uploads\/Reisen\/SriLanka2011\/2.Tag\/P1060481-480x270.jpg 480w\" sizes=\"auto, (max-width: 1024px) 100vw, 1024px\" \/><\/a><figcaption>Idyllisch<\/figcaption><\/figure><\/div>\n\n\n\n<div class=\"wp-block-image\"><figure class=\"aligncenter size-full\"><a href=\"https:\/\/www.guhalg.com\/wordpress\/wp-content\/uploads\/Reisen\/SriLanka2011\/2.Tag\/P1060484.jpg\"><img loading=\"lazy\" decoding=\"async\" width=\"1024\" height=\"576\" src=\"https:\/\/www.guhalg.com\/wordpress\/wp-content\/uploads\/Reisen\/SriLanka2011\/2.Tag\/P1060484.jpg\" alt=\"Auf zur Trauung\" class=\"wp-image-9254\" srcset=\"https:\/\/www.guhalg.com\/wordpress\/wp-content\/uploads\/Reisen\/SriLanka2011\/2.Tag\/P1060484.jpg 1024w, https:\/\/www.guhalg.com\/wordpress\/wp-content\/uploads\/Reisen\/SriLanka2011\/2.Tag\/P1060484-300x169.jpg 300w, https:\/\/www.guhalg.com\/wordpress\/wp-content\/uploads\/Reisen\/SriLanka2011\/2.Tag\/P1060484-768x432.jpg 768w, https:\/\/www.guhalg.com\/wordpress\/wp-content\/uploads\/Reisen\/SriLanka2011\/2.Tag\/P1060484-480x270.jpg 480w\" sizes=\"auto, (max-width: 1024px) 100vw, 1024px\" \/><\/a><figcaption>Auf zur Trauung<\/figcaption><\/figure><\/div>\n\n\n\n<p>Nachdem wir an der Kasse die Tickets gekauft hatten, bot sich uns ein \u00e4lterer Mann als Guide an. Er war mittlerweile Rentner und hatte fr\u00fcher als Restaurator an den Ausgrabungen hier mitgewirkt. Das war auf der einen Seite ganz interessant von den vielen Informationen her, auf der anderen Seite hatten wir eine Begleitung, die sich mit den Gewohnheiten und Abl\u00e4ufen in dieser historischen Stadt bestens auskannte. Einen kleinen Eindruck vom Tempel Isurumuniya und dem angeschlossenem Museum findet ihr in der Bildergalerie: <a href=\"https:\/\/www.guhalg.com\/wordpress\/?page_id=9305\" data-type=\"page\" data-id=\"9305\">Isurumuniyad Rock Temple<\/a>. Nach diesem Tempel ging es weiter, nat\u00fcrlich mit einem Blick zur Seite in die Natur.<\/p>\n\n\n\n<div class=\"wp-block-columns is-layout-flex wp-container-core-columns-is-layout-9d6595d7 wp-block-columns-is-layout-flex\">\n<div class=\"wp-block-column is-layout-flow wp-block-column-is-layout-flow\">\n<div class=\"wp-block-columns is-layout-flex wp-container-core-columns-is-layout-9d6595d7 wp-block-columns-is-layout-flex\">\n<div class=\"wp-block-column is-layout-flow wp-block-column-is-layout-flow\">\n<div class=\"wp-block-image\"><figure class=\"aligncenter size-full\"><a href=\"https:\/\/www.guhalg.com\/wordpress\/wp-content\/uploads\/Reisen\/SriLanka2011\/2.Tag\/P1060515.jpg\"><img loading=\"lazy\" decoding=\"async\" width=\"1024\" height=\"576\" src=\"https:\/\/www.guhalg.com\/wordpress\/wp-content\/uploads\/Reisen\/SriLanka2011\/2.Tag\/P1060515.jpg\" alt=\"Am Wasserbecken\" class=\"wp-image-9256\" srcset=\"https:\/\/www.guhalg.com\/wordpress\/wp-content\/uploads\/Reisen\/SriLanka2011\/2.Tag\/P1060515.jpg 1024w, https:\/\/www.guhalg.com\/wordpress\/wp-content\/uploads\/Reisen\/SriLanka2011\/2.Tag\/P1060515-300x169.jpg 300w, https:\/\/www.guhalg.com\/wordpress\/wp-content\/uploads\/Reisen\/SriLanka2011\/2.Tag\/P1060515-768x432.jpg 768w, https:\/\/www.guhalg.com\/wordpress\/wp-content\/uploads\/Reisen\/SriLanka2011\/2.Tag\/P1060515-480x270.jpg 480w\" sizes=\"auto, (max-width: 1024px) 100vw, 1024px\" \/><\/a><figcaption>Am Wasserbecken<\/figcaption><\/figure><\/div>\n<\/div>\n\n\n\n<div class=\"wp-block-column is-layout-flow wp-block-column-is-layout-flow\">\n<div class=\"wp-block-image\"><figure class=\"aligncenter size-full\"><a href=\"https:\/\/www.guhalg.com\/wordpress\/wp-content\/uploads\/Reisen\/SriLanka2011\/2.Tag\/P1060520.jpg\"><img loading=\"lazy\" decoding=\"async\" width=\"1024\" height=\"576\" src=\"https:\/\/www.guhalg.com\/wordpress\/wp-content\/uploads\/Reisen\/SriLanka2011\/2.Tag\/P1060520.jpg\" alt=\"Neben dem Tempel\" class=\"wp-image-9257\" srcset=\"https:\/\/www.guhalg.com\/wordpress\/wp-content\/uploads\/Reisen\/SriLanka2011\/2.Tag\/P1060520.jpg 1024w, https:\/\/www.guhalg.com\/wordpress\/wp-content\/uploads\/Reisen\/SriLanka2011\/2.Tag\/P1060520-300x169.jpg 300w, https:\/\/www.guhalg.com\/wordpress\/wp-content\/uploads\/Reisen\/SriLanka2011\/2.Tag\/P1060520-768x432.jpg 768w, https:\/\/www.guhalg.com\/wordpress\/wp-content\/uploads\/Reisen\/SriLanka2011\/2.Tag\/P1060520-480x270.jpg 480w\" sizes=\"auto, (max-width: 1024px) 100vw, 1024px\" \/><\/a><figcaption>Neben dem Tempel<\/figcaption><\/figure><\/div>\n<\/div>\n\n\n\n<div class=\"wp-block-column is-layout-flow wp-block-column-is-layout-flow\">\n<div class=\"wp-block-image\"><figure class=\"aligncenter size-full\"><a href=\"https:\/\/www.guhalg.com\/wordpress\/wp-content\/uploads\/Reisen\/SriLanka2011\/2.Tag\/P1060521.jpg\"><img loading=\"lazy\" decoding=\"async\" width=\"1024\" height=\"576\" src=\"https:\/\/www.guhalg.com\/wordpress\/wp-content\/uploads\/Reisen\/SriLanka2011\/2.Tag\/P1060521.jpg\" alt=\"Im Baum\" class=\"wp-image-9258\" srcset=\"https:\/\/www.guhalg.com\/wordpress\/wp-content\/uploads\/Reisen\/SriLanka2011\/2.Tag\/P1060521.jpg 1024w, https:\/\/www.guhalg.com\/wordpress\/wp-content\/uploads\/Reisen\/SriLanka2011\/2.Tag\/P1060521-300x169.jpg 300w, https:\/\/www.guhalg.com\/wordpress\/wp-content\/uploads\/Reisen\/SriLanka2011\/2.Tag\/P1060521-768x432.jpg 768w, https:\/\/www.guhalg.com\/wordpress\/wp-content\/uploads\/Reisen\/SriLanka2011\/2.Tag\/P1060521-480x270.jpg 480w\" sizes=\"auto, (max-width: 1024px) 100vw, 1024px\" \/><\/a><figcaption>Im Baum<\/figcaption><\/figure><\/div>\n<\/div>\n<\/div>\n<\/div>\n<\/div>\n\n\n\n<p>Gleich noch einem kurzen Halt an einem ehemaligen Wasserbecken der M\u00f6nche. Dieses diente den M\u00f6nchen als Wasservorrat. Das Wasser wurde aber auch durch \u00d6ffnen von Abfl\u00fcssen an die Bauern zur Feldbew\u00e4sserung abgegeben.<\/p>\n\n\n\n<div class=\"wp-block-image\"><figure class=\"aligncenter size-full\"><a href=\"https:\/\/www.guhalg.com\/wordpress\/wp-content\/uploads\/Reisen\/SriLanka2011\/2.Tag\/Wasserbecken.jpg\"><img loading=\"lazy\" decoding=\"async\" width=\"1024\" height=\"591\" src=\"https:\/\/www.guhalg.com\/wordpress\/wp-content\/uploads\/Reisen\/SriLanka2011\/2.Tag\/Wasserbecken.jpg\" alt=\"Wasserbecken\" class=\"wp-image-9290\" srcset=\"https:\/\/www.guhalg.com\/wordpress\/wp-content\/uploads\/Reisen\/SriLanka2011\/2.Tag\/Wasserbecken.jpg 1024w, https:\/\/www.guhalg.com\/wordpress\/wp-content\/uploads\/Reisen\/SriLanka2011\/2.Tag\/Wasserbecken-300x173.jpg 300w, https:\/\/www.guhalg.com\/wordpress\/wp-content\/uploads\/Reisen\/SriLanka2011\/2.Tag\/Wasserbecken-768x443.jpg 768w\" sizes=\"auto, (max-width: 1024px) 100vw, 1024px\" \/><\/a><figcaption>Wasserbecken<\/figcaption><\/figure><\/div>\n\n\n\n<p>Aber unser Ziel war ja <a href=\"http:\/\/en.wikipedia.org\/wiki\/Ruwanwelisaya\">Ruwanwelisaya Dagoba<\/a>. Ein ber\u00fchmtes und viel besuchtes Buddha Denkmal. Insbesondere die Gr\u00f6\u00dfe und Pr\u00e4senz, also die weite Sichtbarkeit, deuten doch auf ein bedeutendes Bauwerk hin.<\/p>\n\n\n\n<div class=\"wp-block-image\"><figure class=\"aligncenter size-full\"><a href=\"https:\/\/www.guhalg.com\/wordpress\/wp-content\/uploads\/Reisen\/SriLanka2011\/2.Tag\/P1060523.jpg\"><img loading=\"lazy\" decoding=\"async\" width=\"1024\" height=\"576\" src=\"https:\/\/www.guhalg.com\/wordpress\/wp-content\/uploads\/Reisen\/SriLanka2011\/2.Tag\/P1060523.jpg\" alt=\"Ruwanwelisaya Dagoba\" class=\"wp-image-9259\" srcset=\"https:\/\/www.guhalg.com\/wordpress\/wp-content\/uploads\/Reisen\/SriLanka2011\/2.Tag\/P1060523.jpg 1024w, https:\/\/www.guhalg.com\/wordpress\/wp-content\/uploads\/Reisen\/SriLanka2011\/2.Tag\/P1060523-300x169.jpg 300w, https:\/\/www.guhalg.com\/wordpress\/wp-content\/uploads\/Reisen\/SriLanka2011\/2.Tag\/P1060523-768x432.jpg 768w, https:\/\/www.guhalg.com\/wordpress\/wp-content\/uploads\/Reisen\/SriLanka2011\/2.Tag\/P1060523-480x270.jpg 480w\" sizes=\"auto, (max-width: 1024px) 100vw, 1024px\" \/><\/a><figcaption>Ruwanwelisaya Dagoba<\/figcaption><\/figure><\/div>\n\n\n\n<p>Kommt man n\u00e4her, so fallen einem sofort die Elefanten auf, die dieses Bauwerk \u201atragen\u2018. Flankiert wird der Tempel dann sowohl in Inneren als auch au\u00dferhalb der eigentlichen Anlage durch zahlreiche Nebengeb\u00e4ude.<\/p>\n\n\n\n<figure class=\"wp-block-gallery has-nested-images columns-2 is-cropped wp-block-gallery-1 is-layout-flex wp-block-gallery-is-layout-flex\">\n<figure class=\"wp-block-image size-large\"><img loading=\"lazy\" decoding=\"async\" width=\"1024\" height=\"576\" data-id=\"9260\" src=\"https:\/\/www.guhalg.com\/wordpress\/wp-content\/uploads\/Reisen\/SriLanka2011\/2.Tag\/P1060525.jpg\" alt=\"\" class=\"wp-image-9260\" srcset=\"https:\/\/www.guhalg.com\/wordpress\/wp-content\/uploads\/Reisen\/SriLanka2011\/2.Tag\/P1060525.jpg 1024w, https:\/\/www.guhalg.com\/wordpress\/wp-content\/uploads\/Reisen\/SriLanka2011\/2.Tag\/P1060525-300x169.jpg 300w, https:\/\/www.guhalg.com\/wordpress\/wp-content\/uploads\/Reisen\/SriLanka2011\/2.Tag\/P1060525-768x432.jpg 768w, https:\/\/www.guhalg.com\/wordpress\/wp-content\/uploads\/Reisen\/SriLanka2011\/2.Tag\/P1060525-480x270.jpg 480w\" sizes=\"auto, (max-width: 1024px) 100vw, 1024px\" \/><\/figure>\n\n\n\n<figure class=\"wp-block-image size-large\"><img loading=\"lazy\" decoding=\"async\" width=\"1024\" height=\"576\" data-id=\"9261\" src=\"https:\/\/www.guhalg.com\/wordpress\/wp-content\/uploads\/Reisen\/SriLanka2011\/2.Tag\/P1060528.jpg\" alt=\"\" class=\"wp-image-9261\" srcset=\"https:\/\/www.guhalg.com\/wordpress\/wp-content\/uploads\/Reisen\/SriLanka2011\/2.Tag\/P1060528.jpg 1024w, https:\/\/www.guhalg.com\/wordpress\/wp-content\/uploads\/Reisen\/SriLanka2011\/2.Tag\/P1060528-300x169.jpg 300w, https:\/\/www.guhalg.com\/wordpress\/wp-content\/uploads\/Reisen\/SriLanka2011\/2.Tag\/P1060528-768x432.jpg 768w, https:\/\/www.guhalg.com\/wordpress\/wp-content\/uploads\/Reisen\/SriLanka2011\/2.Tag\/P1060528-480x270.jpg 480w\" sizes=\"auto, (max-width: 1024px) 100vw, 1024px\" \/><\/figure>\n\n\n\n<figure class=\"wp-block-image size-large\"><img loading=\"lazy\" decoding=\"async\" width=\"1024\" height=\"576\" data-id=\"9262\" src=\"https:\/\/www.guhalg.com\/wordpress\/wp-content\/uploads\/Reisen\/SriLanka2011\/2.Tag\/P1060531.jpg\" alt=\"\" class=\"wp-image-9262\" srcset=\"https:\/\/www.guhalg.com\/wordpress\/wp-content\/uploads\/Reisen\/SriLanka2011\/2.Tag\/P1060531.jpg 1024w, https:\/\/www.guhalg.com\/wordpress\/wp-content\/uploads\/Reisen\/SriLanka2011\/2.Tag\/P1060531-300x169.jpg 300w, https:\/\/www.guhalg.com\/wordpress\/wp-content\/uploads\/Reisen\/SriLanka2011\/2.Tag\/P1060531-768x432.jpg 768w, https:\/\/www.guhalg.com\/wordpress\/wp-content\/uploads\/Reisen\/SriLanka2011\/2.Tag\/P1060531-480x270.jpg 480w\" sizes=\"auto, (max-width: 1024px) 100vw, 1024px\" \/><\/figure>\n\n\n\n<figure class=\"wp-block-image size-large\"><img loading=\"lazy\" decoding=\"async\" width=\"1024\" height=\"576\" data-id=\"9263\" src=\"https:\/\/www.guhalg.com\/wordpress\/wp-content\/uploads\/Reisen\/SriLanka2011\/2.Tag\/P1060532.jpg\" alt=\"\" class=\"wp-image-9263\" srcset=\"https:\/\/www.guhalg.com\/wordpress\/wp-content\/uploads\/Reisen\/SriLanka2011\/2.Tag\/P1060532.jpg 1024w, https:\/\/www.guhalg.com\/wordpress\/wp-content\/uploads\/Reisen\/SriLanka2011\/2.Tag\/P1060532-300x169.jpg 300w, https:\/\/www.guhalg.com\/wordpress\/wp-content\/uploads\/Reisen\/SriLanka2011\/2.Tag\/P1060532-768x432.jpg 768w, https:\/\/www.guhalg.com\/wordpress\/wp-content\/uploads\/Reisen\/SriLanka2011\/2.Tag\/P1060532-480x270.jpg 480w\" sizes=\"auto, (max-width: 1024px) 100vw, 1024px\" \/><\/figure>\n<\/figure>\n\n\n\n<p>Von hier aus ist es dann nur noch ein kleiner Fu\u00dfweg bis zum <a href=\"http:\/\/en.wikipedia.org\/wiki\/Bodhi_Tree\">Bodhi (Bo) Tree<\/a>, dem \u00e4ltesten kultivierten Baum der Erde, einer Feige. Der Fu\u00dfweg dorthin bzw. zu der Tempelanlage, in der er steht, wurde von vielen Menschen beschritten, der Andrang war denn auch entsprechend gro\u00df. H\u00e4ngt bestimmt auch mit der Geschichte zusammen, dass dieser Baum von dem Baum abstammt, unter dem Buddha einst sa\u00df. Einige weitere Bilder findet ihr hier: <a href=\"https:\/\/www.guhalg.com\/wordpress\/?page_id=9324\" data-type=\"page\" data-id=\"9324\">Tempellandschaft rund um den Bodhi Tree<\/a><\/p>\n\n\n\n<div class=\"wp-block-image\"><figure class=\"aligncenter size-full\"><a href=\"https:\/\/www.guhalg.com\/wordpress\/wp-content\/uploads\/Reisen\/SriLanka2011\/2.Tag\/P1060537.jpg\"><img loading=\"lazy\" decoding=\"async\" width=\"1024\" height=\"576\" src=\"https:\/\/www.guhalg.com\/wordpress\/wp-content\/uploads\/Reisen\/SriLanka2011\/2.Tag\/P1060537.jpg\" alt=\"Heiliger Baum\" class=\"wp-image-9264\" srcset=\"https:\/\/www.guhalg.com\/wordpress\/wp-content\/uploads\/Reisen\/SriLanka2011\/2.Tag\/P1060537.jpg 1024w, https:\/\/www.guhalg.com\/wordpress\/wp-content\/uploads\/Reisen\/SriLanka2011\/2.Tag\/P1060537-300x169.jpg 300w, https:\/\/www.guhalg.com\/wordpress\/wp-content\/uploads\/Reisen\/SriLanka2011\/2.Tag\/P1060537-768x432.jpg 768w, https:\/\/www.guhalg.com\/wordpress\/wp-content\/uploads\/Reisen\/SriLanka2011\/2.Tag\/P1060537-480x270.jpg 480w\" sizes=\"auto, (max-width: 1024px) 100vw, 1024px\" \/><\/a><figcaption>Heiliger Baum<\/figcaption><\/figure><\/div>\n\n\n\n<p>Von dort ging es zur\u00fcck zu unserem Auto samt Fahrer. W\u00e4hrend wir bisher Pl\u00e4tze besucht hatten, die schon mehr oder weniger fertig restauriert wurden, ging es jetzt weiter zu verschiedenen Ausgrabungsst\u00e4tten. Als Erstes waren wir bei einer Dagoba und dem zugeh\u00f6rige Vorplatz. Man beachte am Vorplatz die Steins\u00e4ulen.<\/p>\n\n\n\n<div class=\"wp-block-image\"><figure class=\"aligncenter size-full\"><a href=\"https:\/\/www.guhalg.com\/wordpress\/wp-content\/uploads\/Reisen\/SriLanka2011\/2.Tag\/P1060569.jpg\"><img loading=\"lazy\" decoding=\"async\" width=\"1024\" height=\"576\" src=\"https:\/\/www.guhalg.com\/wordpress\/wp-content\/uploads\/Reisen\/SriLanka2011\/2.Tag\/P1060569.jpg\" alt=\"Dagoba\" class=\"wp-image-9266\" srcset=\"https:\/\/www.guhalg.com\/wordpress\/wp-content\/uploads\/Reisen\/SriLanka2011\/2.Tag\/P1060569.jpg 1024w, https:\/\/www.guhalg.com\/wordpress\/wp-content\/uploads\/Reisen\/SriLanka2011\/2.Tag\/P1060569-300x169.jpg 300w, https:\/\/www.guhalg.com\/wordpress\/wp-content\/uploads\/Reisen\/SriLanka2011\/2.Tag\/P1060569-768x432.jpg 768w, https:\/\/www.guhalg.com\/wordpress\/wp-content\/uploads\/Reisen\/SriLanka2011\/2.Tag\/P1060569-480x270.jpg 480w\" sizes=\"auto, (max-width: 1024px) 100vw, 1024px\" \/><\/a><figcaption>Dagoba<\/figcaption><\/figure><\/div>\n\n\n\n<div class=\"wp-block-image\"><figure class=\"aligncenter size-full\"><a href=\"https:\/\/www.guhalg.com\/wordpress\/wp-content\/uploads\/Reisen\/SriLanka2011\/2.Tag\/P1060567.jpg\"><img loading=\"lazy\" decoding=\"async\" width=\"1024\" height=\"576\" src=\"https:\/\/www.guhalg.com\/wordpress\/wp-content\/uploads\/Reisen\/SriLanka2011\/2.Tag\/P1060567.jpg\" alt=\"S\u00e4ulengalerie\" class=\"wp-image-9265\" srcset=\"https:\/\/www.guhalg.com\/wordpress\/wp-content\/uploads\/Reisen\/SriLanka2011\/2.Tag\/P1060567.jpg 1024w, https:\/\/www.guhalg.com\/wordpress\/wp-content\/uploads\/Reisen\/SriLanka2011\/2.Tag\/P1060567-300x169.jpg 300w, https:\/\/www.guhalg.com\/wordpress\/wp-content\/uploads\/Reisen\/SriLanka2011\/2.Tag\/P1060567-768x432.jpg 768w, https:\/\/www.guhalg.com\/wordpress\/wp-content\/uploads\/Reisen\/SriLanka2011\/2.Tag\/P1060567-480x270.jpg 480w\" sizes=\"auto, (max-width: 1024px) 100vw, 1024px\" \/><\/a><figcaption>S\u00e4ulengalerie<\/figcaption><\/figure><\/div>\n\n\n\n<p>Und hier eine der S\u00e4ulen nochmal in Gro\u00dfaufnahme. Die vielen regelm\u00e4\u00dfigen Einkerbungen sind genaugenommen Bohrl\u00f6cher, \u00fcber die dann mithilfe von Wasser die S\u00e4ule vom restlichen Steinblock abgesprengt wurde.<\/p>\n\n\n\n<div class=\"wp-block-image\"><figure class=\"aligncenter size-full\"><a href=\"https:\/\/www.guhalg.com\/wordpress\/wp-content\/uploads\/Reisen\/SriLanka2011\/2.Tag\/P1060570.jpg\"><img loading=\"lazy\" decoding=\"async\" width=\"576\" height=\"1024\" src=\"https:\/\/www.guhalg.com\/wordpress\/wp-content\/uploads\/Reisen\/SriLanka2011\/2.Tag\/P1060570.jpg\" alt=\"Eine S\u00e4ule\" class=\"wp-image-9267\" srcset=\"https:\/\/www.guhalg.com\/wordpress\/wp-content\/uploads\/Reisen\/SriLanka2011\/2.Tag\/P1060570.jpg 576w, https:\/\/www.guhalg.com\/wordpress\/wp-content\/uploads\/Reisen\/SriLanka2011\/2.Tag\/P1060570-169x300.jpg 169w\" sizes=\"auto, (max-width: 576px) 100vw, 576px\" \/><\/a><figcaption>Eine S\u00e4ule<\/figcaption><\/figure><\/div>\n\n\n\n<p>Danach ging es dann weiter zu anderen Ausgrabungsst\u00e4tten, einige Bilder dazu k\u00f6nnt ihr hier sehen: <a href=\"https:\/\/www.guhalg.com\/wordpress\/?page_id=9347\" data-type=\"page\" data-id=\"9347\">Ausgrabungsst\u00e4tten<\/a>. Wer sich bei der Bildergalerie jetzt fragt, was der Leguan bei diesen Bildern f\u00fcr eine Bedeutung hat? Im Grunde ganz einfach, die jetzige Bodenh\u00f6he liegt um bis zu 2m h\u00f6her als sie urspr\u00fcnglich mal, zu Zeiten des Baus dieser Anlagen, war. Daher erscheinen einem einige Mauern auch als ob sie in die Erde hinein gebaut worden w\u00e4ren. In Wirklichkeit hat sich aber das Niveau herum gehoben und die Erde hat viel zu Erhaltung beigetragen. Der Lebensraum der Tiere hier liegt einfach \u00fcber den alten Geb\u00e4uden.<\/p>\n\n\n\n<p>W\u00e4hrend wir uns die einzelnen Bauwerke und Ausgrabungen angesehen haben, gab es auch immer wieder Erl\u00e4uterungen zu einem Teil der gefundenen Artefakte. Sei es die Funktion einer damaligen Toilette anhand einer Zeichnung, oder auch die Bedeutung einzelner Abbildungen auf den S\u00e4ulen. Hier war es g\u00fcnstig, einen kundigen F\u00fchrer dabei zu haben.<\/p>\n\n\n\n<div class=\"wp-block-columns is-layout-flex wp-container-core-columns-is-layout-9d6595d7 wp-block-columns-is-layout-flex\">\n<div class=\"wp-block-column is-layout-flow wp-block-column-is-layout-flow\">\n<div class=\"wp-block-image\"><figure class=\"aligncenter size-full\"><a href=\"https:\/\/www.guhalg.com\/wordpress\/wp-content\/uploads\/Reisen\/SriLanka2011\/2.Tag\/P1060591.jpg\"><img loading=\"lazy\" decoding=\"async\" width=\"576\" height=\"1024\" src=\"https:\/\/www.guhalg.com\/wordpress\/wp-content\/uploads\/Reisen\/SriLanka2011\/2.Tag\/P1060591.jpg\" alt=\"Antike Toilette\" class=\"wp-image-9268\" srcset=\"https:\/\/www.guhalg.com\/wordpress\/wp-content\/uploads\/Reisen\/SriLanka2011\/2.Tag\/P1060591.jpg 576w, https:\/\/www.guhalg.com\/wordpress\/wp-content\/uploads\/Reisen\/SriLanka2011\/2.Tag\/P1060591-169x300.jpg 169w\" sizes=\"auto, (max-width: 576px) 100vw, 576px\" \/><\/a><figcaption>Antike Toilette<\/figcaption><\/figure><\/div>\n<\/div>\n\n\n\n<div class=\"wp-block-column is-layout-flow wp-block-column-is-layout-flow\">\n<div class=\"wp-block-image\"><figure class=\"aligncenter size-full\"><a href=\"https:\/\/www.guhalg.com\/wordpress\/wp-content\/uploads\/Reisen\/SriLanka2011\/2.Tag\/P1060609.jpg\"><img loading=\"lazy\" decoding=\"async\" width=\"576\" height=\"1024\" src=\"https:\/\/www.guhalg.com\/wordpress\/wp-content\/uploads\/Reisen\/SriLanka2011\/2.Tag\/P1060609.jpg\" alt=\"Motiv auf S\u00e4ule\" class=\"wp-image-9269\" srcset=\"https:\/\/www.guhalg.com\/wordpress\/wp-content\/uploads\/Reisen\/SriLanka2011\/2.Tag\/P1060609.jpg 576w, https:\/\/www.guhalg.com\/wordpress\/wp-content\/uploads\/Reisen\/SriLanka2011\/2.Tag\/P1060609-169x300.jpg 169w\" sizes=\"auto, (max-width: 576px) 100vw, 576px\" \/><\/a><figcaption>Motiv auf S\u00e4ule<\/figcaption><\/figure><\/div>\n<\/div>\n<\/div>\n\n\n\n<p>Aber so langsam kamen wir auch in den Nachmittagsbereich hinein und mussten diese interessante geschichtstr\u00e4chtige Gegend verlassen. Nach der Verabschiedung unserer Tour-Begleitung ging es weiter in Richtung unserer Unterkunft f\u00fcr den Abend.<\/p>\n\n\n\n<div class=\"wp-block-columns is-layout-flex wp-container-core-columns-is-layout-9d6595d7 wp-block-columns-is-layout-flex\">\n<div class=\"wp-block-column is-layout-flow wp-block-column-is-layout-flow\">\n<div class=\"wp-block-buttons is-layout-flex wp-block-buttons-is-layout-flex\">\n<div class=\"wp-block-button\"><a class=\"wp-block-button__link\" href=\"https:\/\/www.guhalg.com\/wordpress\/?page_id=9237\">Rundreise 1. Tag<\/a><\/div>\n<\/div>\n<\/div>\n\n\n\n<div class=\"wp-block-column is-layout-flow wp-block-column-is-layout-flow\">\n<div class=\"wp-block-buttons is-layout-flex wp-block-buttons-is-layout-flex\">\n<div class=\"wp-block-button\"><a class=\"wp-block-button__link\" href=\"https:\/\/www.guhalg.com\/wordpress\/?page_id=9354\">Rundreise 2. Tag Nachmittags<\/a><\/div>\n<\/div>\n<\/div>\n<\/div>\n","protected":false},"excerpt":{"rendered":"<p>Nach dem Fr\u00fchst\u00fcck und Auschecken aus dem Hotel ging es gleich zu unserem ersten Ziel: Isurumuniyad Rock Temple, und obwohl wir daf\u00fcr nur einmal um den See herum fahren mussten gab es auch schon ein wenig Natur und Kultur zu&hellip; <\/p>\n","protected":false},"author":1,"featured_media":0,"parent":9186,"menu_order":2,"comment_status":"closed","ping_status":"closed","template":"","meta":{"footnotes":""},"class_list":["post-9246","page","type-page","status-publish","hentry"],"_links":{"self":[{"href":"https:\/\/www.guhalg.com\/wordpress\/index.php?rest_route=\/wp\/v2\/pages\/9246","targetHints":{"allow":["GET"]}}],"collection":[{"href":"https:\/\/www.guhalg.com\/wordpress\/index.php?rest_route=\/wp\/v2\/pages"}],"about":[{"href":"https:\/\/www.guhalg.com\/wordpress\/index.php?rest_route=\/wp\/v2\/types\/page"}],"author":[{"embeddable":true,"href":"https:\/\/www.guhalg.com\/wordpress\/index.php?rest_route=\/wp\/v2\/users\/1"}],"replies":[{"embeddable":true,"href":"https:\/\/www.guhalg.com\/wordpress\/index.php?rest_route=%2Fwp%2Fv2%2Fcomments&post=9246"}],"version-history":[{"count":9,"href":"https:\/\/www.guhalg.com\/wordpress\/index.php?rest_route=\/wp\/v2\/pages\/9246\/revisions"}],"predecessor-version":[{"id":9356,"href":"https:\/\/www.guhalg.com\/wordpress\/index.php?rest_route=\/wp\/v2\/pages\/9246\/revisions\/9356"}],"up":[{"embeddable":true,"href":"https:\/\/www.guhalg.com\/wordpress\/index.php?rest_route=\/wp\/v2\/pages\/9186"}],"wp:attachment":[{"href":"https:\/\/www.guhalg.com\/wordpress\/index.php?rest_route=%2Fwp%2Fv2%2Fmedia&parent=9246"}],"curies":[{"name":"wp","href":"https:\/\/api.w.org\/{rel}","templated":true}]}}