{"id":9472,"date":"2022-02-28T19:13:42","date_gmt":"2022-02-28T18:13:42","guid":{"rendered":"https:\/\/www.guhalg.com\/wordpress\/?page_id=9472"},"modified":"2022-03-01T21:45:36","modified_gmt":"2022-03-01T20:45:36","slug":"rundreise-3-tag-es-geht-weiter","status":"publish","type":"page","link":"https:\/\/www.guhalg.com\/wordpress\/?page_id=9472","title":{"rendered":"Rundreise 3. Tag es geht weiter"},"content":{"rendered":"\n<p>Nach dieser anstrengenden Bergbesteigung ging es dann weiter nach <a rel=\"noreferrer noopener\" href=\"http:\/\/de.wikipedia.org\/wiki\/Dambulla\" target=\"_blank\">Dambulla<\/a>, zu den&nbsp; buddhistischen H\u00f6hlentempeln. Zwischendurch gab es noch einen kleinen Abstecher zu einer <a rel=\"noreferrer noopener\" href=\"http:\/\/de.wikipedia.org\/wiki\/Batik\" target=\"_blank\">Batik<\/a> Fabrik, wo wir uns nicht nur die Herstellung, sondern auch den die Ausstellung bzw. den Verkaufsraum anschauen konnten. Einige Bilder hierzu gibt es nat\u00fcrlich auch: <a href=\"https:\/\/www.guhalg.com\/wordpress\/?page_id=9485\" data-type=\"page\" data-id=\"9485\">Batik Fabrik<\/a>.<a href=\"http:\/\/localhost:4001\/wb\/pages\/sri-lanka-2011\/bilder\/batik.php\"><br><\/a>Nach diesem kurzen Zwischenstopp ging es aber z\u00fcgig weiter zum goldenen Tempel, der gr\u00f6\u00dften Tempelanlage auf Sri Lanka. Allerdings ist das, was man hier von der Hauptstra\u00dfe aus sieht, der untere Eingang und der Parkplatz u.&nbsp;a. f\u00fcr die gro\u00dfen Busse. Der Weg f\u00fchrt dann erst noch den Berg hinauf bis zur eigentlichen Tempelanlage. Mit einem kundigen Fahrer kann man aber auch auf halber H\u00f6he mit der weiteren Bergbesteigung beginnen und erspart sich damit nicht nur die anstrengende Kraxelei, man spart einfach auch 1 Std. an Zeit. Auch wenn der Weg gut ausgebaut ist, mit vielen Stufen, es geht immer noch gut Bergauf. Der Anblick vor dem eigentlichen Eingang \u00fcber die Berge entsch\u00e4digt aber schon mal.<\/p>\n\n\n\n<figure class=\"wp-block-gallery aligncenter has-nested-images columns-default is-cropped wp-block-gallery-1 is-layout-flex wp-block-gallery-is-layout-flex\">\n<figure class=\"wp-block-image size-large\"><img loading=\"lazy\" decoding=\"async\" width=\"1024\" height=\"576\" data-id=\"9410\" src=\"https:\/\/www.guhalg.com\/wordpress\/wp-content\/uploads\/Reisen\/SriLanka2011\/3.Tag\/P1070082.jpg\" alt=\"\" class=\"wp-image-9410\" srcset=\"https:\/\/www.guhalg.com\/wordpress\/wp-content\/uploads\/Reisen\/SriLanka2011\/3.Tag\/P1070082.jpg 1024w, https:\/\/www.guhalg.com\/wordpress\/wp-content\/uploads\/Reisen\/SriLanka2011\/3.Tag\/P1070082-300x169.jpg 300w, https:\/\/www.guhalg.com\/wordpress\/wp-content\/uploads\/Reisen\/SriLanka2011\/3.Tag\/P1070082-768x432.jpg 768w, https:\/\/www.guhalg.com\/wordpress\/wp-content\/uploads\/Reisen\/SriLanka2011\/3.Tag\/P1070082-480x270.jpg 480w\" sizes=\"auto, (max-width: 1024px) 100vw, 1024px\" \/><\/figure>\n\n\n\n<figure class=\"wp-block-image size-large\"><img loading=\"lazy\" decoding=\"async\" width=\"1024\" height=\"576\" data-id=\"9412\" src=\"https:\/\/www.guhalg.com\/wordpress\/wp-content\/uploads\/Reisen\/SriLanka2011\/3.Tag\/P1070085.jpg\" alt=\"\" class=\"wp-image-9412\" srcset=\"https:\/\/www.guhalg.com\/wordpress\/wp-content\/uploads\/Reisen\/SriLanka2011\/3.Tag\/P1070085.jpg 1024w, https:\/\/www.guhalg.com\/wordpress\/wp-content\/uploads\/Reisen\/SriLanka2011\/3.Tag\/P1070085-300x169.jpg 300w, https:\/\/www.guhalg.com\/wordpress\/wp-content\/uploads\/Reisen\/SriLanka2011\/3.Tag\/P1070085-768x432.jpg 768w, https:\/\/www.guhalg.com\/wordpress\/wp-content\/uploads\/Reisen\/SriLanka2011\/3.Tag\/P1070085-480x270.jpg 480w\" sizes=\"auto, (max-width: 1024px) 100vw, 1024px\" \/><\/figure>\n\n\n\n<figure class=\"wp-block-image size-large\"><img loading=\"lazy\" decoding=\"async\" width=\"1024\" height=\"576\" data-id=\"9411\" src=\"https:\/\/www.guhalg.com\/wordpress\/wp-content\/uploads\/Reisen\/SriLanka2011\/3.Tag\/P1070083.jpg\" alt=\"\" class=\"wp-image-9411\" srcset=\"https:\/\/www.guhalg.com\/wordpress\/wp-content\/uploads\/Reisen\/SriLanka2011\/3.Tag\/P1070083.jpg 1024w, https:\/\/www.guhalg.com\/wordpress\/wp-content\/uploads\/Reisen\/SriLanka2011\/3.Tag\/P1070083-300x169.jpg 300w, https:\/\/www.guhalg.com\/wordpress\/wp-content\/uploads\/Reisen\/SriLanka2011\/3.Tag\/P1070083-768x432.jpg 768w, https:\/\/www.guhalg.com\/wordpress\/wp-content\/uploads\/Reisen\/SriLanka2011\/3.Tag\/P1070083-480x270.jpg 480w\" sizes=\"auto, (max-width: 1024px) 100vw, 1024px\" \/><\/figure>\n\n\n\n<figure class=\"wp-block-image size-large\"><img loading=\"lazy\" decoding=\"async\" width=\"1024\" height=\"576\" data-id=\"9414\" src=\"https:\/\/www.guhalg.com\/wordpress\/wp-content\/uploads\/Reisen\/SriLanka2011\/3.Tag\/P1070091.jpg\" alt=\"\" class=\"wp-image-9414\" srcset=\"https:\/\/www.guhalg.com\/wordpress\/wp-content\/uploads\/Reisen\/SriLanka2011\/3.Tag\/P1070091.jpg 1024w, https:\/\/www.guhalg.com\/wordpress\/wp-content\/uploads\/Reisen\/SriLanka2011\/3.Tag\/P1070091-300x169.jpg 300w, https:\/\/www.guhalg.com\/wordpress\/wp-content\/uploads\/Reisen\/SriLanka2011\/3.Tag\/P1070091-768x432.jpg 768w, https:\/\/www.guhalg.com\/wordpress\/wp-content\/uploads\/Reisen\/SriLanka2011\/3.Tag\/P1070091-480x270.jpg 480w\" sizes=\"auto, (max-width: 1024px) 100vw, 1024px\" \/><\/figure>\n\n\n\n<figure class=\"wp-block-image size-large\"><img loading=\"lazy\" decoding=\"async\" width=\"1024\" height=\"576\" data-id=\"9413\" src=\"https:\/\/www.guhalg.com\/wordpress\/wp-content\/uploads\/Reisen\/SriLanka2011\/3.Tag\/P1070087.jpg\" alt=\"\" class=\"wp-image-9413\" srcset=\"https:\/\/www.guhalg.com\/wordpress\/wp-content\/uploads\/Reisen\/SriLanka2011\/3.Tag\/P1070087.jpg 1024w, https:\/\/www.guhalg.com\/wordpress\/wp-content\/uploads\/Reisen\/SriLanka2011\/3.Tag\/P1070087-300x169.jpg 300w, https:\/\/www.guhalg.com\/wordpress\/wp-content\/uploads\/Reisen\/SriLanka2011\/3.Tag\/P1070087-768x432.jpg 768w, https:\/\/www.guhalg.com\/wordpress\/wp-content\/uploads\/Reisen\/SriLanka2011\/3.Tag\/P1070087-480x270.jpg 480w\" sizes=\"auto, (max-width: 1024px) 100vw, 1024px\" \/><\/figure>\n\n\n\n<figure class=\"wp-block-image size-large\"><img loading=\"lazy\" decoding=\"async\" width=\"1024\" height=\"576\" data-id=\"9415\" src=\"https:\/\/www.guhalg.com\/wordpress\/wp-content\/uploads\/Reisen\/SriLanka2011\/3.Tag\/P1070094.jpg\" alt=\"\" class=\"wp-image-9415\" srcset=\"https:\/\/www.guhalg.com\/wordpress\/wp-content\/uploads\/Reisen\/SriLanka2011\/3.Tag\/P1070094.jpg 1024w, https:\/\/www.guhalg.com\/wordpress\/wp-content\/uploads\/Reisen\/SriLanka2011\/3.Tag\/P1070094-300x169.jpg 300w, https:\/\/www.guhalg.com\/wordpress\/wp-content\/uploads\/Reisen\/SriLanka2011\/3.Tag\/P1070094-768x432.jpg 768w, https:\/\/www.guhalg.com\/wordpress\/wp-content\/uploads\/Reisen\/SriLanka2011\/3.Tag\/P1070094-480x270.jpg 480w\" sizes=\"auto, (max-width: 1024px) 100vw, 1024px\" \/><\/figure>\n<\/figure>\n\n\n\n<p>Das Betreten der Tempelanlage hatte dann aber noch eine v\u00f6llig unerwartete Schwierigkeit f\u00fcr uns: Man betritt so einen Tempel ohne Schuhe, ist ja an sich kein Problem \u2013 aber bei strahlendem Sonnenschein wird ein dunkelgef\u00e4rbter Boden ganz sch\u00f6n hei\u00df. Da n\u00fctzen einem auch Socken nicht viel, man kann eigentlich nur im Schatten stehenbleiben, ohne sich die F\u00fc\u00dfe zu verbrennen. Aber was nimmt man nicht alles f\u00fcr solch eine Tempelanlage auf sich!<\/p>\n\n\n\n<div class=\"wp-block-image\"><figure class=\"aligncenter size-large\"><a href=\"https:\/\/www.guhalg.com\/wordpress\/wp-content\/uploads\/Reisen\/SriLanka2011\/3.Tag\/Dambulla.jpg\"><img loading=\"lazy\" decoding=\"async\" width=\"1024\" height=\"535\" src=\"https:\/\/www.guhalg.com\/wordpress\/wp-content\/uploads\/Reisen\/SriLanka2011\/3.Tag\/Dambulla-1024x535.jpg\" alt=\"Dambulla\" class=\"wp-image-9394\" srcset=\"https:\/\/www.guhalg.com\/wordpress\/wp-content\/uploads\/Reisen\/SriLanka2011\/3.Tag\/Dambulla-1024x535.jpg 1024w, https:\/\/www.guhalg.com\/wordpress\/wp-content\/uploads\/Reisen\/SriLanka2011\/3.Tag\/Dambulla-300x157.jpg 300w, https:\/\/www.guhalg.com\/wordpress\/wp-content\/uploads\/Reisen\/SriLanka2011\/3.Tag\/Dambulla-768x401.jpg 768w, https:\/\/www.guhalg.com\/wordpress\/wp-content\/uploads\/Reisen\/SriLanka2011\/3.Tag\/Dambulla.jpg 1406w\" sizes=\"auto, (max-width: 1024px) 100vw, 1024px\" \/><\/a><figcaption>Dambulla<\/figcaption><\/figure><\/div>\n\n\n\n<p>Bevor wir gleich die beiden letzten Tagespunkte in Angriff nehmen, hier noch der Link zu einigen weiteren Bildern: <a href=\"https:\/\/www.guhalg.com\/wordpress\/?page_id=9502\">Dambulla <\/a><a href=\"http:\/\/localhost:4001\/wb\/pages\/sri-lanka-2011\/bilder\/batik.php\"><br><\/a>Als wir den Berg wieder herunterkamen, jetzt auch wieder mit Schuhen an, wartete Christian schon auf uns. Es gab ja schlie\u00dflich noch die Anreise nach <a rel=\"noreferrer noopener\" href=\"http:\/\/de.wikipedia.org\/wiki\/Kandy\" target=\"_blank\">Kandy<\/a>, auch eine ehemalige K\u00f6nigshauptstadt und unser Ausgangspunkt f\u00fcr die n\u00e4chsten beiden Tage. Da sich auch noch die Gelegenheit bot eine Gew\u00fcrzplantage zu besichtigen, konnten wir uns dort wieder mit Pfeffer f\u00fcr zu Hause eindecken. Die kurze Rundtour durch den Showgarten wirkte allerdings eher wie ein Anf\u00fcttern f\u00fcr den Gew\u00fcrzladen. Na ja, wir haben unseren Pfeffer bekommen und die Fahrt nach Kandy konnte weitergehen. Da wir an diesem Tag dort erst recht sp\u00e4t eintrafen, gab es nicht mehr viel zu sehen. Na ja, noch einen kleinen Tempel.<\/p>\n\n\n\n<p>Au\u00dfer f\u00fcr einen kleinen Spaziergang an einem k\u00fcnstlichen See entlang reichte die Zeit dann nicht mehr. Es wurde schon dunkel und wir wollten doch lieber wieder ins Hotel zur\u00fcck, diesen Tag in Ruhe ausklingen lassen.<\/p>\n\n\n\n<div class=\"wp-block-image\"><figure class=\"aligncenter size-full\"><a href=\"https:\/\/www.guhalg.com\/wordpress\/wp-content\/uploads\/Reisen\/SriLanka2011\/3.Tag\/P1070178.jpg\"><img loading=\"lazy\" decoding=\"async\" width=\"1024\" height=\"576\" src=\"https:\/\/www.guhalg.com\/wordpress\/wp-content\/uploads\/Reisen\/SriLanka2011\/3.Tag\/P1070178.jpg\" alt=\"Kandy\" class=\"wp-image-9416\" srcset=\"https:\/\/www.guhalg.com\/wordpress\/wp-content\/uploads\/Reisen\/SriLanka2011\/3.Tag\/P1070178.jpg 1024w, https:\/\/www.guhalg.com\/wordpress\/wp-content\/uploads\/Reisen\/SriLanka2011\/3.Tag\/P1070178-300x169.jpg 300w, https:\/\/www.guhalg.com\/wordpress\/wp-content\/uploads\/Reisen\/SriLanka2011\/3.Tag\/P1070178-768x432.jpg 768w, https:\/\/www.guhalg.com\/wordpress\/wp-content\/uploads\/Reisen\/SriLanka2011\/3.Tag\/P1070178-480x270.jpg 480w\" sizes=\"auto, (max-width: 1024px) 100vw, 1024px\" \/><\/a><figcaption>Kandy<\/figcaption><\/figure><\/div>\n\n\n\n<div class=\"wp-block-columns is-layout-flex wp-container-core-columns-is-layout-9d6595d7 wp-block-columns-is-layout-flex\">\n<div class=\"wp-block-column is-layout-flow wp-block-column-is-layout-flow\">\n<div class=\"wp-block-buttons is-layout-flex wp-block-buttons-is-layout-flex\">\n<div class=\"wp-block-button\"><a class=\"wp-block-button__link\" href=\"https:\/\/www.guhalg.com\/wordpress\/?page_id=9391\">Rundreise 3. Tag<\/a><\/div>\n<\/div>\n<\/div>\n\n\n\n<div class=\"wp-block-column is-layout-flow wp-block-column-is-layout-flow\">\n<div class=\"wp-block-buttons is-content-justification-right is-layout-flex wp-container-core-buttons-is-layout-765c4724 wp-block-buttons-is-layout-flex\">\n<div class=\"wp-block-button\"><a class=\"wp-block-button__link\" href=\"https:\/\/www.guhalg.com\/wordpress\/?page_id=9510\">Rundreise 4. Tag<\/a><\/div>\n<\/div>\n<\/div>\n<\/div>\n","protected":false},"excerpt":{"rendered":"<p>Nach dieser anstrengenden Bergbesteigung ging es dann weiter nach Dambulla, zu den&nbsp; buddhistischen H\u00f6hlentempeln. Zwischendurch gab es noch einen kleinen Abstecher zu einer Batik Fabrik, wo wir uns nicht nur die Herstellung, sondern auch den die Ausstellung bzw. den Verkaufsraum&hellip; <\/p>\n","protected":false},"author":1,"featured_media":0,"parent":9186,"menu_order":5,"comment_status":"closed","ping_status":"closed","template":"","meta":{"footnotes":""},"class_list":["post-9472","page","type-page","status-publish","hentry"],"_links":{"self":[{"href":"https:\/\/www.guhalg.com\/wordpress\/index.php?rest_route=\/wp\/v2\/pages\/9472","targetHints":{"allow":["GET"]}}],"collection":[{"href":"https:\/\/www.guhalg.com\/wordpress\/index.php?rest_route=\/wp\/v2\/pages"}],"about":[{"href":"https:\/\/www.guhalg.com\/wordpress\/index.php?rest_route=\/wp\/v2\/types\/page"}],"author":[{"embeddable":true,"href":"https:\/\/www.guhalg.com\/wordpress\/index.php?rest_route=\/wp\/v2\/users\/1"}],"replies":[{"embeddable":true,"href":"https:\/\/www.guhalg.com\/wordpress\/index.php?rest_route=%2Fwp%2Fv2%2Fcomments&post=9472"}],"version-history":[{"count":8,"href":"https:\/\/www.guhalg.com\/wordpress\/index.php?rest_route=\/wp\/v2\/pages\/9472\/revisions"}],"predecessor-version":[{"id":9569,"href":"https:\/\/www.guhalg.com\/wordpress\/index.php?rest_route=\/wp\/v2\/pages\/9472\/revisions\/9569"}],"up":[{"embeddable":true,"href":"https:\/\/www.guhalg.com\/wordpress\/index.php?rest_route=\/wp\/v2\/pages\/9186"}],"wp:attachment":[{"href":"https:\/\/www.guhalg.com\/wordpress\/index.php?rest_route=%2Fwp%2Fv2%2Fmedia&parent=9472"}],"curies":[{"name":"wp","href":"https:\/\/api.w.org\/{rel}","templated":true}]}}