{"id":9510,"date":"2022-02-28T21:38:58","date_gmt":"2022-02-28T20:38:58","guid":{"rendered":"https:\/\/www.guhalg.com\/wordpress\/?page_id=9510"},"modified":"2022-03-01T20:32:05","modified_gmt":"2022-03-01T19:32:05","slug":"rundreise-4-tag","status":"publish","type":"page","link":"https:\/\/www.guhalg.com\/wordpress\/?page_id=9510","title":{"rendered":"Rundreise 4. Tag"},"content":{"rendered":"\n<p>Der vierte Tag der Rundreise begann mit der Besichtigung eines botanischen Gartens. Das klingt jetzt ja erstmal nicht so spannend, es gibt halt viele sch\u00f6ne B\u00e4ume und Gr\u00fcnfl\u00e4chen, wie z.&nbsp;B. die Palme hier oder auch die Luftwurzeln, die herunterh\u00e4ngen.<\/p>\n\n\n\n<div class=\"wp-block-columns is-layout-flex wp-container-core-columns-is-layout-9d6595d7 wp-block-columns-is-layout-flex\">\n<div class=\"wp-block-column is-layout-flow wp-block-column-is-layout-flow\">\n<div class=\"wp-block-image\"><figure class=\"aligncenter size-full\"><a href=\"https:\/\/www.guhalg.com\/wordpress\/wp-content\/uploads\/Reisen\/SriLanka2011\/4.Tag\/P1070208.jpg\"><img loading=\"lazy\" decoding=\"async\" width=\"576\" height=\"1024\" src=\"https:\/\/www.guhalg.com\/wordpress\/wp-content\/uploads\/Reisen\/SriLanka2011\/4.Tag\/P1070208.jpg\" alt=\"Palme\" class=\"wp-image-9525\" srcset=\"https:\/\/www.guhalg.com\/wordpress\/wp-content\/uploads\/Reisen\/SriLanka2011\/4.Tag\/P1070208.jpg 576w, https:\/\/www.guhalg.com\/wordpress\/wp-content\/uploads\/Reisen\/SriLanka2011\/4.Tag\/P1070208-169x300.jpg 169w\" sizes=\"auto, (max-width: 576px) 100vw, 576px\" \/><\/a><figcaption>Palme<\/figcaption><\/figure><\/div>\n<\/div>\n\n\n\n<div class=\"wp-block-column is-layout-flow wp-block-column-is-layout-flow\">\n<div class=\"wp-block-image\"><figure class=\"aligncenter size-full\"><a href=\"https:\/\/www.guhalg.com\/wordpress\/wp-content\/uploads\/Reisen\/SriLanka2011\/4.Tag\/P1070284.jpg\"><img loading=\"lazy\" decoding=\"async\" width=\"576\" height=\"1024\" src=\"https:\/\/www.guhalg.com\/wordpress\/wp-content\/uploads\/Reisen\/SriLanka2011\/4.Tag\/P1070284.jpg\" alt=\"Luftwurzeln\" class=\"wp-image-9530\" srcset=\"https:\/\/www.guhalg.com\/wordpress\/wp-content\/uploads\/Reisen\/SriLanka2011\/4.Tag\/P1070284.jpg 576w, https:\/\/www.guhalg.com\/wordpress\/wp-content\/uploads\/Reisen\/SriLanka2011\/4.Tag\/P1070284-169x300.jpg 169w\" sizes=\"auto, (max-width: 576px) 100vw, 576px\" \/><\/a><figcaption>Luftwurzeln<\/figcaption><\/figure><\/div>\n<\/div>\n<\/div>\n\n\n\n<p>Wenn man sich aber mal die n\u00e4chsten drei Bilder anschaut, versteht man viel besser die Faszination dieses Gartens. Alleine die Gr\u00f6\u00dfe der B\u00e4ume hier, u.&nbsp;a. des Bambushains, ist bemerkenswert. Man beachte da mal den Gr\u00f6\u00dfenvergleich, wenn man eine Referenz wie Chrischi sieht. Aber auch sonst gab es viel zu sehen, hier ein riesiger Schwarm an Flederm\u00e4usen, oder auch einfach nur sch\u00f6ne Natur.<\/p>\n\n\n\n<figure class=\"wp-block-gallery has-nested-images columns-5 is-cropped wp-block-gallery-1 is-layout-flex wp-block-gallery-is-layout-flex\">\n<figure class=\"wp-block-image size-large\"><img loading=\"lazy\" decoding=\"async\" width=\"1024\" height=\"576\" data-id=\"9524\" src=\"https:\/\/www.guhalg.com\/wordpress\/wp-content\/uploads\/Reisen\/SriLanka2011\/4.Tag\/P1070204.jpg\" alt=\"\" class=\"wp-image-9524\" srcset=\"https:\/\/www.guhalg.com\/wordpress\/wp-content\/uploads\/Reisen\/SriLanka2011\/4.Tag\/P1070204.jpg 1024w, https:\/\/www.guhalg.com\/wordpress\/wp-content\/uploads\/Reisen\/SriLanka2011\/4.Tag\/P1070204-300x169.jpg 300w, https:\/\/www.guhalg.com\/wordpress\/wp-content\/uploads\/Reisen\/SriLanka2011\/4.Tag\/P1070204-768x432.jpg 768w, https:\/\/www.guhalg.com\/wordpress\/wp-content\/uploads\/Reisen\/SriLanka2011\/4.Tag\/P1070204-480x270.jpg 480w\" sizes=\"auto, (max-width: 1024px) 100vw, 1024px\" \/><\/figure>\n\n\n\n<figure class=\"wp-block-image size-large\"><img loading=\"lazy\" decoding=\"async\" width=\"1024\" height=\"576\" data-id=\"9526\" src=\"https:\/\/www.guhalg.com\/wordpress\/wp-content\/uploads\/Reisen\/SriLanka2011\/4.Tag\/P1070225.jpg\" alt=\"\" class=\"wp-image-9526\" srcset=\"https:\/\/www.guhalg.com\/wordpress\/wp-content\/uploads\/Reisen\/SriLanka2011\/4.Tag\/P1070225.jpg 1024w, https:\/\/www.guhalg.com\/wordpress\/wp-content\/uploads\/Reisen\/SriLanka2011\/4.Tag\/P1070225-300x169.jpg 300w, https:\/\/www.guhalg.com\/wordpress\/wp-content\/uploads\/Reisen\/SriLanka2011\/4.Tag\/P1070225-768x432.jpg 768w, https:\/\/www.guhalg.com\/wordpress\/wp-content\/uploads\/Reisen\/SriLanka2011\/4.Tag\/P1070225-480x270.jpg 480w\" sizes=\"auto, (max-width: 1024px) 100vw, 1024px\" \/><\/figure>\n\n\n\n<figure class=\"wp-block-image size-large\"><img loading=\"lazy\" decoding=\"async\" width=\"1024\" height=\"576\" data-id=\"9527\" src=\"https:\/\/www.guhalg.com\/wordpress\/wp-content\/uploads\/Reisen\/SriLanka2011\/4.Tag\/P1070226.jpg\" alt=\"\" class=\"wp-image-9527\" srcset=\"https:\/\/www.guhalg.com\/wordpress\/wp-content\/uploads\/Reisen\/SriLanka2011\/4.Tag\/P1070226.jpg 1024w, https:\/\/www.guhalg.com\/wordpress\/wp-content\/uploads\/Reisen\/SriLanka2011\/4.Tag\/P1070226-300x169.jpg 300w, https:\/\/www.guhalg.com\/wordpress\/wp-content\/uploads\/Reisen\/SriLanka2011\/4.Tag\/P1070226-768x432.jpg 768w, https:\/\/www.guhalg.com\/wordpress\/wp-content\/uploads\/Reisen\/SriLanka2011\/4.Tag\/P1070226-480x270.jpg 480w\" sizes=\"auto, (max-width: 1024px) 100vw, 1024px\" \/><\/figure>\n\n\n\n<figure class=\"wp-block-image size-large\"><img loading=\"lazy\" decoding=\"async\" width=\"1024\" height=\"576\" data-id=\"9528\" src=\"https:\/\/www.guhalg.com\/wordpress\/wp-content\/uploads\/Reisen\/SriLanka2011\/4.Tag\/P1070275.jpg\" alt=\"\" class=\"wp-image-9528\" srcset=\"https:\/\/www.guhalg.com\/wordpress\/wp-content\/uploads\/Reisen\/SriLanka2011\/4.Tag\/P1070275.jpg 1024w, https:\/\/www.guhalg.com\/wordpress\/wp-content\/uploads\/Reisen\/SriLanka2011\/4.Tag\/P1070275-300x169.jpg 300w, https:\/\/www.guhalg.com\/wordpress\/wp-content\/uploads\/Reisen\/SriLanka2011\/4.Tag\/P1070275-768x432.jpg 768w, https:\/\/www.guhalg.com\/wordpress\/wp-content\/uploads\/Reisen\/SriLanka2011\/4.Tag\/P1070275-480x270.jpg 480w\" sizes=\"auto, (max-width: 1024px) 100vw, 1024px\" \/><\/figure>\n\n\n\n<figure class=\"wp-block-image size-large\"><img loading=\"lazy\" decoding=\"async\" width=\"1024\" height=\"576\" data-id=\"9529\" src=\"https:\/\/www.guhalg.com\/wordpress\/wp-content\/uploads\/Reisen\/SriLanka2011\/4.Tag\/P1070283.jpg\" alt=\"\" class=\"wp-image-9529\" srcset=\"https:\/\/www.guhalg.com\/wordpress\/wp-content\/uploads\/Reisen\/SriLanka2011\/4.Tag\/P1070283.jpg 1024w, https:\/\/www.guhalg.com\/wordpress\/wp-content\/uploads\/Reisen\/SriLanka2011\/4.Tag\/P1070283-300x169.jpg 300w, https:\/\/www.guhalg.com\/wordpress\/wp-content\/uploads\/Reisen\/SriLanka2011\/4.Tag\/P1070283-768x432.jpg 768w, https:\/\/www.guhalg.com\/wordpress\/wp-content\/uploads\/Reisen\/SriLanka2011\/4.Tag\/P1070283-480x270.jpg 480w\" sizes=\"auto, (max-width: 1024px) 100vw, 1024px\" \/><\/figure>\n<\/figure>\n\n\n\n<p>Zumindest gingen mehrere Stunden hier wie im Fluge vorbei &#8211; und das alles ganz ruhig und beschaulich. Viel aufregender wurde es dann bei dem zweiten Tagespunkt, einer Auffangstation f\u00fcr Elefanten. Nicht nur, das es oft Kleintiere hier gibt, die an sich schon knuddelig aussehen, auch den erwachsenen Tieren kann man f\u00fcr ein kleines Bakschisch ganz nah kommen.<\/p>\n\n\n\n<div class=\"wp-block-image\"><figure class=\"aligncenter size-full\"><a href=\"https:\/\/www.guhalg.com\/wordpress\/wp-content\/uploads\/Reisen\/SriLanka2011\/4.Tag\/P1070356.jpg\"><img loading=\"lazy\" decoding=\"async\" width=\"1024\" height=\"576\" src=\"https:\/\/www.guhalg.com\/wordpress\/wp-content\/uploads\/Reisen\/SriLanka2011\/4.Tag\/P1070356.jpg\" alt=\"Baby Elefant\" class=\"wp-image-9531\" srcset=\"https:\/\/www.guhalg.com\/wordpress\/wp-content\/uploads\/Reisen\/SriLanka2011\/4.Tag\/P1070356.jpg 1024w, https:\/\/www.guhalg.com\/wordpress\/wp-content\/uploads\/Reisen\/SriLanka2011\/4.Tag\/P1070356-300x169.jpg 300w, https:\/\/www.guhalg.com\/wordpress\/wp-content\/uploads\/Reisen\/SriLanka2011\/4.Tag\/P1070356-768x432.jpg 768w, https:\/\/www.guhalg.com\/wordpress\/wp-content\/uploads\/Reisen\/SriLanka2011\/4.Tag\/P1070356-480x270.jpg 480w\" sizes=\"auto, (max-width: 1024px) 100vw, 1024px\" \/><\/a><figcaption>Baby Elefant<\/figcaption><\/figure><\/div>\n\n\n\n<div class=\"wp-block-image\"><figure class=\"aligncenter size-full\"><a href=\"https:\/\/www.guhalg.com\/wordpress\/wp-content\/uploads\/Reisen\/SriLanka2011\/4.Tag\/P1070374.jpg\"><img loading=\"lazy\" decoding=\"async\" width=\"1024\" height=\"576\" src=\"https:\/\/www.guhalg.com\/wordpress\/wp-content\/uploads\/Reisen\/SriLanka2011\/4.Tag\/P1070374.jpg\" alt=\"Und ausgewachsen\" class=\"wp-image-9532\" srcset=\"https:\/\/www.guhalg.com\/wordpress\/wp-content\/uploads\/Reisen\/SriLanka2011\/4.Tag\/P1070374.jpg 1024w, https:\/\/www.guhalg.com\/wordpress\/wp-content\/uploads\/Reisen\/SriLanka2011\/4.Tag\/P1070374-300x169.jpg 300w, https:\/\/www.guhalg.com\/wordpress\/wp-content\/uploads\/Reisen\/SriLanka2011\/4.Tag\/P1070374-768x432.jpg 768w, https:\/\/www.guhalg.com\/wordpress\/wp-content\/uploads\/Reisen\/SriLanka2011\/4.Tag\/P1070374-480x270.jpg 480w\" sizes=\"auto, (max-width: 1024px) 100vw, 1024px\" \/><\/a><figcaption>Und ausgewachsen<\/figcaption><\/figure><\/div>\n\n\n\n<p>Und f\u00fcr Kinder bietet sich die M\u00f6glichkeit, unter Aufsicht, Kleintiere mit der Flasche zu f\u00fcttern. Zumindest sind die Elefanten so klein, dass sie noch mit der Flasche gef\u00fcttert werden, auch wenn sie einen Erwachsenen schon \u00fcberragen.<\/p>\n\n\n\n<figure class=\"wp-block-video aligncenter\"><video height=\"360\" style=\"aspect-ratio: 640 \/ 360;\" width=\"640\" controls src=\"https:\/\/www.guhalg.com\/wordpress\/wp-content\/uploads\/Reisen\/SriLanka2011\/4.Tag\/Fuetterung.mp4\"><\/video><figcaption>Elefanten F\u00fctterung<\/figcaption><\/figure>\n\n\n\n<p>Ein weiteres Highlight war anschlie\u00dfend sicherlich das gemeinsame Bad der Elefanten im nahegelegenen Fluss. Dieses Ereignis findet zweimal am Tag statt, dient der Reinlichkeit und dem Vergn\u00fcgen der Tiere, sorgt f\u00fcr Besch\u00e4ftigung f\u00fcr die Elefanten, also quasi gegen die Langeweile. Elefanten wollen besch\u00e4ftigt sein, und nat\u00fcrlich ist es ein riesiger Publikumsmagnet. Aber auch der Fluss selbst ist sehr sch\u00f6n zu sehen und mit einem kleinen Sitzplatz im Schatten nebst k\u00fchlen Getr\u00e4nk k\u00f6nnen die Elefanten kommen.<\/p>\n\n\n\n<div class=\"wp-block-image\"><figure class=\"aligncenter size-full\"><a href=\"https:\/\/www.guhalg.com\/wordpress\/wp-content\/uploads\/Reisen\/SriLanka2011\/4.Tag\/Fluss.jpg\"><img loading=\"lazy\" decoding=\"async\" width=\"1024\" height=\"439\" src=\"https:\/\/www.guhalg.com\/wordpress\/wp-content\/uploads\/Reisen\/SriLanka2011\/4.Tag\/Fluss.jpg\" alt=\"Der Fluss\" class=\"wp-image-9519\" srcset=\"https:\/\/www.guhalg.com\/wordpress\/wp-content\/uploads\/Reisen\/SriLanka2011\/4.Tag\/Fluss.jpg 1024w, https:\/\/www.guhalg.com\/wordpress\/wp-content\/uploads\/Reisen\/SriLanka2011\/4.Tag\/Fluss-300x129.jpg 300w, https:\/\/www.guhalg.com\/wordpress\/wp-content\/uploads\/Reisen\/SriLanka2011\/4.Tag\/Fluss-768x329.jpg 768w\" sizes=\"auto, (max-width: 1024px) 100vw, 1024px\" \/><\/a><figcaption>Der Fluss<\/figcaption><\/figure><\/div>\n\n\n\n<figure class=\"wp-block-video aligncenter\"><video height=\"360\" style=\"aspect-ratio: 640 \/ 360;\" width=\"640\" controls src=\"https:\/\/www.guhalg.com\/wordpress\/wp-content\/uploads\/Reisen\/SriLanka2011\/4.Tag\/Waschtag.mp4\"><\/video><figcaption>Waschtag<\/figcaption><\/figure>\n\n\n\n<p>Dieses ganze Spektakel findet \u00fcbrigens zweimal am Tage statt, am sp\u00e4ten Vormittag und dann nochmal am Nachmittag, wenn die gr\u00f6\u00dfte Mittagshitze abgeklungen ist. Und hier noch eine kleine nette Geschichte am Rande.<\/p>\n\n\n\n<p>Eine Gruppe von vier Elefanten hat das Niedrigwasser f\u00fcr eine kleine Spritztour ans Nachbarufer genutzt. Ein zweiter Trupp folgt ihnen, dann der <a rel=\"noreferrer noopener\" href=\"http:\/\/de.wikipedia.org\/wiki\/Mahut\" target=\"_blank\">Mahut<\/a>, um sie wieder zur\u00fcckzuholen.<\/p>\n\n\n\n<figure class=\"wp-block-gallery has-nested-images columns-5 is-cropped wp-block-gallery-2 is-layout-flex wp-block-gallery-is-layout-flex\">\n<figure class=\"wp-block-image size-large\"><img loading=\"lazy\" decoding=\"async\" width=\"1024\" height=\"576\" data-id=\"9533\" src=\"https:\/\/www.guhalg.com\/wordpress\/wp-content\/uploads\/Reisen\/SriLanka2011\/4.Tag\/P1070412.jpg\" alt=\"\" class=\"wp-image-9533\" srcset=\"https:\/\/www.guhalg.com\/wordpress\/wp-content\/uploads\/Reisen\/SriLanka2011\/4.Tag\/P1070412.jpg 1024w, https:\/\/www.guhalg.com\/wordpress\/wp-content\/uploads\/Reisen\/SriLanka2011\/4.Tag\/P1070412-300x169.jpg 300w, https:\/\/www.guhalg.com\/wordpress\/wp-content\/uploads\/Reisen\/SriLanka2011\/4.Tag\/P1070412-768x432.jpg 768w, https:\/\/www.guhalg.com\/wordpress\/wp-content\/uploads\/Reisen\/SriLanka2011\/4.Tag\/P1070412-480x270.jpg 480w\" sizes=\"auto, (max-width: 1024px) 100vw, 1024px\" \/><\/figure>\n\n\n\n<figure class=\"wp-block-image size-large\"><img loading=\"lazy\" decoding=\"async\" width=\"1024\" height=\"576\" data-id=\"9534\" src=\"https:\/\/www.guhalg.com\/wordpress\/wp-content\/uploads\/Reisen\/SriLanka2011\/4.Tag\/P1070413.jpg\" alt=\"\" class=\"wp-image-9534\" srcset=\"https:\/\/www.guhalg.com\/wordpress\/wp-content\/uploads\/Reisen\/SriLanka2011\/4.Tag\/P1070413.jpg 1024w, https:\/\/www.guhalg.com\/wordpress\/wp-content\/uploads\/Reisen\/SriLanka2011\/4.Tag\/P1070413-300x169.jpg 300w, https:\/\/www.guhalg.com\/wordpress\/wp-content\/uploads\/Reisen\/SriLanka2011\/4.Tag\/P1070413-768x432.jpg 768w, https:\/\/www.guhalg.com\/wordpress\/wp-content\/uploads\/Reisen\/SriLanka2011\/4.Tag\/P1070413-480x270.jpg 480w\" sizes=\"auto, (max-width: 1024px) 100vw, 1024px\" \/><\/figure>\n\n\n\n<figure class=\"wp-block-image size-large\"><img loading=\"lazy\" decoding=\"async\" width=\"1024\" height=\"576\" data-id=\"9535\" src=\"https:\/\/www.guhalg.com\/wordpress\/wp-content\/uploads\/Reisen\/SriLanka2011\/4.Tag\/P1070417.jpg\" alt=\"\" class=\"wp-image-9535\" srcset=\"https:\/\/www.guhalg.com\/wordpress\/wp-content\/uploads\/Reisen\/SriLanka2011\/4.Tag\/P1070417.jpg 1024w, https:\/\/www.guhalg.com\/wordpress\/wp-content\/uploads\/Reisen\/SriLanka2011\/4.Tag\/P1070417-300x169.jpg 300w, https:\/\/www.guhalg.com\/wordpress\/wp-content\/uploads\/Reisen\/SriLanka2011\/4.Tag\/P1070417-768x432.jpg 768w, https:\/\/www.guhalg.com\/wordpress\/wp-content\/uploads\/Reisen\/SriLanka2011\/4.Tag\/P1070417-480x270.jpg 480w\" sizes=\"auto, (max-width: 1024px) 100vw, 1024px\" \/><\/figure>\n\n\n\n<figure class=\"wp-block-image size-large\"><img loading=\"lazy\" decoding=\"async\" width=\"1024\" height=\"576\" data-id=\"9536\" src=\"https:\/\/www.guhalg.com\/wordpress\/wp-content\/uploads\/Reisen\/SriLanka2011\/4.Tag\/P1070458.jpg\" alt=\"\" class=\"wp-image-9536\" srcset=\"https:\/\/www.guhalg.com\/wordpress\/wp-content\/uploads\/Reisen\/SriLanka2011\/4.Tag\/P1070458.jpg 1024w, https:\/\/www.guhalg.com\/wordpress\/wp-content\/uploads\/Reisen\/SriLanka2011\/4.Tag\/P1070458-300x169.jpg 300w, https:\/\/www.guhalg.com\/wordpress\/wp-content\/uploads\/Reisen\/SriLanka2011\/4.Tag\/P1070458-768x432.jpg 768w, https:\/\/www.guhalg.com\/wordpress\/wp-content\/uploads\/Reisen\/SriLanka2011\/4.Tag\/P1070458-480x270.jpg 480w\" sizes=\"auto, (max-width: 1024px) 100vw, 1024px\" \/><\/figure>\n\n\n\n<figure class=\"wp-block-image size-large\"><img loading=\"lazy\" decoding=\"async\" width=\"1024\" height=\"576\" data-id=\"9537\" src=\"https:\/\/www.guhalg.com\/wordpress\/wp-content\/uploads\/Reisen\/SriLanka2011\/4.Tag\/P1070485.jpg\" alt=\"\" class=\"wp-image-9537\" srcset=\"https:\/\/www.guhalg.com\/wordpress\/wp-content\/uploads\/Reisen\/SriLanka2011\/4.Tag\/P1070485.jpg 1024w, https:\/\/www.guhalg.com\/wordpress\/wp-content\/uploads\/Reisen\/SriLanka2011\/4.Tag\/P1070485-300x169.jpg 300w, https:\/\/www.guhalg.com\/wordpress\/wp-content\/uploads\/Reisen\/SriLanka2011\/4.Tag\/P1070485-768x432.jpg 768w, https:\/\/www.guhalg.com\/wordpress\/wp-content\/uploads\/Reisen\/SriLanka2011\/4.Tag\/P1070485-480x270.jpg 480w\" sizes=\"auto, (max-width: 1024px) 100vw, 1024px\" \/><\/figure>\n<\/figure>\n\n\n\n<p>Aber auch dieses Spektakel ging dann zu Ende und vor dem letzten Elefanten sind wir zur\u00fcck zum Auto um den Heimweg antreten zum Hotel. Dort noch ein kurzes Ausruhen vor den beiden Abendveranstaltungen.<\/p>\n\n\n\n<div class=\"wp-block-image\"><figure class=\"aligncenter size-full\"><a href=\"https:\/\/www.guhalg.com\/wordpress\/wp-content\/uploads\/Reisen\/SriLanka2011\/4.Tag\/P1070511.jpg\"><img loading=\"lazy\" decoding=\"async\" width=\"1024\" height=\"576\" src=\"https:\/\/www.guhalg.com\/wordpress\/wp-content\/uploads\/Reisen\/SriLanka2011\/4.Tag\/P1070511.jpg\" alt=\"Der letzte auf dem R\u00fcckweg\" class=\"wp-image-9538\" srcset=\"https:\/\/www.guhalg.com\/wordpress\/wp-content\/uploads\/Reisen\/SriLanka2011\/4.Tag\/P1070511.jpg 1024w, https:\/\/www.guhalg.com\/wordpress\/wp-content\/uploads\/Reisen\/SriLanka2011\/4.Tag\/P1070511-300x169.jpg 300w, https:\/\/www.guhalg.com\/wordpress\/wp-content\/uploads\/Reisen\/SriLanka2011\/4.Tag\/P1070511-768x432.jpg 768w, https:\/\/www.guhalg.com\/wordpress\/wp-content\/uploads\/Reisen\/SriLanka2011\/4.Tag\/P1070511-480x270.jpg 480w\" sizes=\"auto, (max-width: 1024px) 100vw, 1024px\" \/><\/a><figcaption>Der letzte auf dem R\u00fcckweg<\/figcaption><\/figure><\/div>\n\n\n\n<div class=\"wp-block-columns is-layout-flex wp-container-core-columns-is-layout-9d6595d7 wp-block-columns-is-layout-flex\">\n<div class=\"wp-block-column is-layout-flow wp-block-column-is-layout-flow\">\n<div class=\"wp-block-buttons is-layout-flex wp-block-buttons-is-layout-flex\">\n<div class=\"wp-block-button\"><a class=\"wp-block-button__link\" href=\"https:\/\/www.guhalg.com\/wordpress\/?page_id=9472\">Rundreise 3. Tag es geht weiter<\/a><\/div>\n<\/div>\n<\/div>\n\n\n\n<div class=\"wp-block-column is-layout-flow wp-block-column-is-layout-flow\">\n<div class=\"wp-block-buttons is-content-justification-right is-layout-flex wp-container-core-buttons-is-layout-765c4724 wp-block-buttons-is-layout-flex\">\n<div class=\"wp-block-button\"><a class=\"wp-block-button__link\" href=\"https:\/\/www.guhalg.com\/wordpress\/?page_id=9560\">Rundreise 4. Tag der Abend<\/a><\/div>\n<\/div>\n<\/div>\n<\/div>\n","protected":false},"excerpt":{"rendered":"<p>Der vierte Tag der Rundreise begann mit der Besichtigung eines botanischen Gartens. Das klingt jetzt ja erstmal nicht so spannend, es gibt halt viele sch\u00f6ne B\u00e4ume und Gr\u00fcnfl\u00e4chen, wie z.&nbsp;B. die Palme hier oder auch die Luftwurzeln, die herunterh\u00e4ngen. Wenn&hellip; <\/p>\n","protected":false},"author":1,"featured_media":0,"parent":9186,"menu_order":6,"comment_status":"closed","ping_status":"closed","template":"","meta":{"footnotes":""},"class_list":["post-9510","page","type-page","status-publish","hentry"],"_links":{"self":[{"href":"https:\/\/www.guhalg.com\/wordpress\/index.php?rest_route=\/wp\/v2\/pages\/9510","targetHints":{"allow":["GET"]}}],"collection":[{"href":"https:\/\/www.guhalg.com\/wordpress\/index.php?rest_route=\/wp\/v2\/pages"}],"about":[{"href":"https:\/\/www.guhalg.com\/wordpress\/index.php?rest_route=\/wp\/v2\/types\/page"}],"author":[{"embeddable":true,"href":"https:\/\/www.guhalg.com\/wordpress\/index.php?rest_route=\/wp\/v2\/users\/1"}],"replies":[{"embeddable":true,"href":"https:\/\/www.guhalg.com\/wordpress\/index.php?rest_route=%2Fwp%2Fv2%2Fcomments&post=9510"}],"version-history":[{"count":10,"href":"https:\/\/www.guhalg.com\/wordpress\/index.php?rest_route=\/wp\/v2\/pages\/9510\/revisions"}],"predecessor-version":[{"id":9564,"href":"https:\/\/www.guhalg.com\/wordpress\/index.php?rest_route=\/wp\/v2\/pages\/9510\/revisions\/9564"}],"up":[{"embeddable":true,"href":"https:\/\/www.guhalg.com\/wordpress\/index.php?rest_route=\/wp\/v2\/pages\/9186"}],"wp:attachment":[{"href":"https:\/\/www.guhalg.com\/wordpress\/index.php?rest_route=%2Fwp%2Fv2%2Fmedia&parent=9510"}],"curies":[{"name":"wp","href":"https:\/\/api.w.org\/{rel}","templated":true}]}}