{"id":9560,"date":"2022-03-01T20:29:33","date_gmt":"2022-03-01T19:29:33","guid":{"rendered":"https:\/\/www.guhalg.com\/wordpress\/?page_id=9560"},"modified":"2022-03-07T18:53:24","modified_gmt":"2022-03-07T17:53:24","slug":"rundreise-4-tag-der-abend","status":"publish","type":"page","link":"https:\/\/www.guhalg.com\/wordpress\/?page_id=9560","title":{"rendered":"Rundreise 4. Tag der Abend"},"content":{"rendered":"\n<p>Apropos Hotel, dieses liegt mitten in Kandy, stammt irgendwo aus dem letzten Jahrhundert und ist von der Einrichtung her auch eher klassisch gehalten. Alles einwandfrei und sauber, mit einem eigenen Charme. Man schaue sich hier einfach mal die Fahrstuhlt\u00fcr an: klassisches Schmiedeeisen, h\u00e4ndisch zum \u00d6ffnen und Schlie\u00dfen und die W\u00e4nde fahren wirklich an einem vorbei.<\/p>\n\n\n\n<div class=\"wp-block-image\"><figure class=\"aligncenter size-full\"><img loading=\"lazy\" decoding=\"async\" width=\"576\" height=\"1024\" src=\"https:\/\/www.guhalg.com\/wordpress\/wp-content\/uploads\/Reisen\/SriLanka2011\/4.Tag\/P1070565.jpg\" alt=\"Der Fahrstuhl\" class=\"wp-image-9545\" srcset=\"https:\/\/www.guhalg.com\/wordpress\/wp-content\/uploads\/Reisen\/SriLanka2011\/4.Tag\/P1070565.jpg 576w, https:\/\/www.guhalg.com\/wordpress\/wp-content\/uploads\/Reisen\/SriLanka2011\/4.Tag\/P1070565-169x300.jpg 169w\" sizes=\"auto, (max-width: 576px) 100vw, 576px\" \/><figcaption>Der Fahrstuhl<\/figcaption><\/figure><\/div>\n\n\n\n<p>Aber auch unser Zimmer von der Einrichtung her massive, dunkle M\u00f6bel, Klimaanlage und weiche Betten auf echten Federrost. Die Gr\u00f6\u00dfe wie ein normales Businesszimmer heutzutage, aber alles wirkt viel historischer, aus viktorianischer, Zeit, irgendwie nostalgisch.<\/p>\n\n\n\n<div class=\"wp-block-image\"><figure class=\"aligncenter size-full\"><a href=\"https:\/\/www.guhalg.com\/wordpress\/wp-content\/uploads\/Reisen\/SriLanka2011\/4.Tag\/P1070567.jpg\"><img loading=\"lazy\" decoding=\"async\" width=\"1024\" height=\"576\" src=\"https:\/\/www.guhalg.com\/wordpress\/wp-content\/uploads\/Reisen\/SriLanka2011\/4.Tag\/P1070567.jpg\" alt=\"Unser Zimmer\" class=\"wp-image-9546\" srcset=\"https:\/\/www.guhalg.com\/wordpress\/wp-content\/uploads\/Reisen\/SriLanka2011\/4.Tag\/P1070567.jpg 1024w, https:\/\/www.guhalg.com\/wordpress\/wp-content\/uploads\/Reisen\/SriLanka2011\/4.Tag\/P1070567-300x169.jpg 300w, https:\/\/www.guhalg.com\/wordpress\/wp-content\/uploads\/Reisen\/SriLanka2011\/4.Tag\/P1070567-768x432.jpg 768w, https:\/\/www.guhalg.com\/wordpress\/wp-content\/uploads\/Reisen\/SriLanka2011\/4.Tag\/P1070567-480x270.jpg 480w\" sizes=\"auto, (max-width: 1024px) 100vw, 1024px\" \/><\/a><figcaption>Unser Zimmer<\/figcaption><\/figure><\/div>\n\n\n\n<p>Aber eigentlich sollte es hier ja mit den beiden Abendveranstaltungen weitergehen:.<\/p>\n\n\n\n<ul class=\"wp-block-list\"><li>Eine Showveranstaltung f\u00fcr Touristen von einem F\u00f6rderverein zur Kultur Sri Lankas<\/li><li>Die Besichtigung eines Zahns von Buddha im Tempel <a rel=\"noreferrer noopener\" href=\"http:\/\/de.wikipedia.org\/wiki\/Sri_Dalada_Maligawa\" target=\"_blank\">Sri Dalada Maligawa<\/a><\/li><\/ul>\n\n\n\n<p>Doch kommen wir erstmal zur Folklore Veranstaltung. Es wurden verschiedene T\u00e4nze und ein wenig Akrobatik aufgef\u00fchrt und das Ganze nat\u00fcrlich in traditioneller Kleidung.<\/p>\n\n\n\n<figure class=\"wp-block-video aligncenter\"><video height=\"360\" style=\"aspect-ratio: 640 \/ 360;\" width=\"640\" controls src=\"https:\/\/www.guhalg.com\/wordpress\/wp-content\/uploads\/Reisen\/SriLanka2011\/4.Tag\/Folklore.mp4\"><\/video><figcaption>Folklore<\/figcaption><\/figure>\n\n\n\n<p>Der eigentliche H\u00f6hepunkt war hier aber das Barfu\u00dflaufen \u00fcber gl\u00fchende Kohlen.<\/p>\n\n\n\n<div class=\"wp-block-image\"><figure class=\"aligncenter size-full\"><a href=\"https:\/\/www.guhalg.com\/wordpress\/wp-content\/uploads\/Reisen\/SriLanka2011\/4.Tag\/P1070518.jpg\"><img loading=\"lazy\" decoding=\"async\" width=\"1024\" height=\"576\" src=\"https:\/\/www.guhalg.com\/wordpress\/wp-content\/uploads\/Reisen\/SriLanka2011\/4.Tag\/P1070518.jpg\" alt=\"Gl\u00fchende Kohlen\" class=\"wp-image-9539\" srcset=\"https:\/\/www.guhalg.com\/wordpress\/wp-content\/uploads\/Reisen\/SriLanka2011\/4.Tag\/P1070518.jpg 1024w, https:\/\/www.guhalg.com\/wordpress\/wp-content\/uploads\/Reisen\/SriLanka2011\/4.Tag\/P1070518-300x169.jpg 300w, https:\/\/www.guhalg.com\/wordpress\/wp-content\/uploads\/Reisen\/SriLanka2011\/4.Tag\/P1070518-768x432.jpg 768w, https:\/\/www.guhalg.com\/wordpress\/wp-content\/uploads\/Reisen\/SriLanka2011\/4.Tag\/P1070518-480x270.jpg 480w\" sizes=\"auto, (max-width: 1024px) 100vw, 1024px\" \/><\/a><figcaption>Gl\u00fchende Kohlen<\/figcaption><\/figure><\/div>\n\n\n\n<p>Nach dieser Veranstaltung ging es weiter zum Tempel. Es war gerade die Zeit, wo ein kleines Guckloch ge\u00f6ffnet war, um einen, wenn auch entfernten, Blick auf den Zahn zu werfen. Daher war der Andrang immens gro\u00df. Nat\u00fcrlich haben wir uns da auch artig eingereiht, um letztendlich einen kurzen Blick auf ein entferntes rotes Tuch zu werfen, wo dann vielleicht der Zahn darauf liegt oder vielleicht auch nicht. Auf alle F\u00e4lle ist der Tempel \/ Palast sehr sch\u00f6n und durch die Beleuchtung auch sehr gut in Szene gesetzt. W\u00e4hrend wir da in der Warteschlange standen, konnte man sehr sch\u00f6n den Tempel anschauen und nach dem Blick auf das rote Samt-Tuch gab es noch einige Sehensw\u00fcrdigkeiten zu besichtigen.<\/p>\n\n\n\n<figure class=\"wp-block-gallery has-nested-images columns-5 is-cropped wp-block-gallery-1 is-layout-flex wp-block-gallery-is-layout-flex\">\n<figure class=\"wp-block-image size-large\"><img loading=\"lazy\" decoding=\"async\" width=\"1024\" height=\"576\" data-id=\"9544\" src=\"https:\/\/www.guhalg.com\/wordpress\/wp-content\/uploads\/Reisen\/SriLanka2011\/4.Tag\/P1070560.jpg\" alt=\"\" class=\"wp-image-9544\" srcset=\"https:\/\/www.guhalg.com\/wordpress\/wp-content\/uploads\/Reisen\/SriLanka2011\/4.Tag\/P1070560.jpg 1024w, https:\/\/www.guhalg.com\/wordpress\/wp-content\/uploads\/Reisen\/SriLanka2011\/4.Tag\/P1070560-300x169.jpg 300w, https:\/\/www.guhalg.com\/wordpress\/wp-content\/uploads\/Reisen\/SriLanka2011\/4.Tag\/P1070560-768x432.jpg 768w, https:\/\/www.guhalg.com\/wordpress\/wp-content\/uploads\/Reisen\/SriLanka2011\/4.Tag\/P1070560-480x270.jpg 480w\" sizes=\"auto, (max-width: 1024px) 100vw, 1024px\" \/><\/figure>\n\n\n\n<figure class=\"wp-block-image size-large\"><img loading=\"lazy\" decoding=\"async\" width=\"1024\" height=\"576\" data-id=\"9543\" src=\"https:\/\/www.guhalg.com\/wordpress\/wp-content\/uploads\/Reisen\/SriLanka2011\/4.Tag\/P1070558.jpg\" alt=\"\" class=\"wp-image-9543\" srcset=\"https:\/\/www.guhalg.com\/wordpress\/wp-content\/uploads\/Reisen\/SriLanka2011\/4.Tag\/P1070558.jpg 1024w, https:\/\/www.guhalg.com\/wordpress\/wp-content\/uploads\/Reisen\/SriLanka2011\/4.Tag\/P1070558-300x169.jpg 300w, https:\/\/www.guhalg.com\/wordpress\/wp-content\/uploads\/Reisen\/SriLanka2011\/4.Tag\/P1070558-768x432.jpg 768w, https:\/\/www.guhalg.com\/wordpress\/wp-content\/uploads\/Reisen\/SriLanka2011\/4.Tag\/P1070558-480x270.jpg 480w\" sizes=\"auto, (max-width: 1024px) 100vw, 1024px\" \/><\/figure>\n\n\n\n<figure class=\"wp-block-image size-large\"><img loading=\"lazy\" decoding=\"async\" width=\"1024\" height=\"576\" data-id=\"9540\" src=\"https:\/\/www.guhalg.com\/wordpress\/wp-content\/uploads\/Reisen\/SriLanka2011\/4.Tag\/P1070532.jpg\" alt=\"\" class=\"wp-image-9540\" srcset=\"https:\/\/www.guhalg.com\/wordpress\/wp-content\/uploads\/Reisen\/SriLanka2011\/4.Tag\/P1070532.jpg 1024w, https:\/\/www.guhalg.com\/wordpress\/wp-content\/uploads\/Reisen\/SriLanka2011\/4.Tag\/P1070532-300x169.jpg 300w, https:\/\/www.guhalg.com\/wordpress\/wp-content\/uploads\/Reisen\/SriLanka2011\/4.Tag\/P1070532-768x432.jpg 768w, https:\/\/www.guhalg.com\/wordpress\/wp-content\/uploads\/Reisen\/SriLanka2011\/4.Tag\/P1070532-480x270.jpg 480w\" sizes=\"auto, (max-width: 1024px) 100vw, 1024px\" \/><\/figure>\n\n\n\n<figure class=\"wp-block-image size-large\"><img loading=\"lazy\" decoding=\"async\" width=\"1024\" height=\"576\" data-id=\"9541\" src=\"https:\/\/www.guhalg.com\/wordpress\/wp-content\/uploads\/Reisen\/SriLanka2011\/4.Tag\/P1070536.jpg\" alt=\"\" class=\"wp-image-9541\" srcset=\"https:\/\/www.guhalg.com\/wordpress\/wp-content\/uploads\/Reisen\/SriLanka2011\/4.Tag\/P1070536.jpg 1024w, https:\/\/www.guhalg.com\/wordpress\/wp-content\/uploads\/Reisen\/SriLanka2011\/4.Tag\/P1070536-300x169.jpg 300w, https:\/\/www.guhalg.com\/wordpress\/wp-content\/uploads\/Reisen\/SriLanka2011\/4.Tag\/P1070536-768x432.jpg 768w, https:\/\/www.guhalg.com\/wordpress\/wp-content\/uploads\/Reisen\/SriLanka2011\/4.Tag\/P1070536-480x270.jpg 480w\" sizes=\"auto, (max-width: 1024px) 100vw, 1024px\" \/><\/figure>\n\n\n\n<figure class=\"wp-block-image size-large\"><img loading=\"lazy\" decoding=\"async\" width=\"1024\" height=\"576\" data-id=\"9542\" src=\"https:\/\/www.guhalg.com\/wordpress\/wp-content\/uploads\/Reisen\/SriLanka2011\/4.Tag\/P1070543.jpg\" alt=\"\" class=\"wp-image-9542\" srcset=\"https:\/\/www.guhalg.com\/wordpress\/wp-content\/uploads\/Reisen\/SriLanka2011\/4.Tag\/P1070543.jpg 1024w, https:\/\/www.guhalg.com\/wordpress\/wp-content\/uploads\/Reisen\/SriLanka2011\/4.Tag\/P1070543-300x169.jpg 300w, https:\/\/www.guhalg.com\/wordpress\/wp-content\/uploads\/Reisen\/SriLanka2011\/4.Tag\/P1070543-768x432.jpg 768w, https:\/\/www.guhalg.com\/wordpress\/wp-content\/uploads\/Reisen\/SriLanka2011\/4.Tag\/P1070543-480x270.jpg 480w\" sizes=\"auto, (max-width: 1024px) 100vw, 1024px\" \/><\/figure>\n<\/figure>\n\n\n\n<p>Und so ging denn dieser Tag mit einem kleinen Spaziergang zur\u00fcck zum Hotel zu Ende. F\u00fcr den n\u00e4chsten Tag war eigentlich nur ein kleines Programm geplant mit 2 kurzen Besichtigungen und dann die Anreise nach <a rel=\"noreferrer noopener\" href=\"http:\/\/de.wikipedia.org\/wiki\/Nuwara_Eliya\" target=\"_blank\">Nuwara Eliya<\/a>. Doch lassen wir uns morgen \u00fcberraschen.<\/p>\n\n\n\n<div class=\"wp-block-columns is-layout-flex wp-container-core-columns-is-layout-9d6595d7 wp-block-columns-is-layout-flex\">\n<div class=\"wp-block-column is-layout-flow wp-block-column-is-layout-flow\">\n<div class=\"wp-block-buttons is-layout-flex wp-block-buttons-is-layout-flex\">\n<div class=\"wp-block-button\"><a class=\"wp-block-button__link\" href=\"https:\/\/www.guhalg.com\/wordpress\/?page_id=9510\">Rundreise 4. Tag<\/a><\/div>\n<\/div>\n<\/div>\n\n\n\n<div class=\"wp-block-column is-layout-flow wp-block-column-is-layout-flow\">\n<div class=\"wp-block-buttons is-content-justification-right is-layout-flex wp-container-core-buttons-is-layout-765c4724 wp-block-buttons-is-layout-flex\">\n<div class=\"wp-block-button\"><a class=\"wp-block-button__link\" href=\"https:\/\/www.guhalg.com\/wordpress\/?page_id=9570\">Rundreise 5. Tag<\/a><\/div>\n<\/div>\n<\/div>\n<\/div>\n","protected":false},"excerpt":{"rendered":"<p>Apropos Hotel, dieses liegt mitten in Kandy, stammt irgendwo aus dem letzten Jahrhundert und ist von der Einrichtung her auch eher klassisch gehalten. Alles einwandfrei und sauber, mit einem eigenen Charme. Man schaue sich hier einfach mal die Fahrstuhlt\u00fcr an:&hellip; <\/p>\n","protected":false},"author":1,"featured_media":0,"parent":9186,"menu_order":7,"comment_status":"closed","ping_status":"closed","template":"","meta":{"footnotes":""},"class_list":["post-9560","page","type-page","status-publish","hentry"],"_links":{"self":[{"href":"https:\/\/www.guhalg.com\/wordpress\/index.php?rest_route=\/wp\/v2\/pages\/9560","targetHints":{"allow":["GET"]}}],"collection":[{"href":"https:\/\/www.guhalg.com\/wordpress\/index.php?rest_route=\/wp\/v2\/pages"}],"about":[{"href":"https:\/\/www.guhalg.com\/wordpress\/index.php?rest_route=\/wp\/v2\/types\/page"}],"author":[{"embeddable":true,"href":"https:\/\/www.guhalg.com\/wordpress\/index.php?rest_route=\/wp\/v2\/users\/1"}],"replies":[{"embeddable":true,"href":"https:\/\/www.guhalg.com\/wordpress\/index.php?rest_route=%2Fwp%2Fv2%2Fcomments&post=9560"}],"version-history":[{"count":4,"href":"https:\/\/www.guhalg.com\/wordpress\/index.php?rest_route=\/wp\/v2\/pages\/9560\/revisions"}],"predecessor-version":[{"id":9572,"href":"https:\/\/www.guhalg.com\/wordpress\/index.php?rest_route=\/wp\/v2\/pages\/9560\/revisions\/9572"}],"up":[{"embeddable":true,"href":"https:\/\/www.guhalg.com\/wordpress\/index.php?rest_route=\/wp\/v2\/pages\/9186"}],"wp:attachment":[{"href":"https:\/\/www.guhalg.com\/wordpress\/index.php?rest_route=%2Fwp%2Fv2%2Fmedia&parent=9560"}],"curies":[{"name":"wp","href":"https:\/\/api.w.org\/{rel}","templated":true}]}}