{"id":9775,"date":"2022-03-12T19:22:32","date_gmt":"2022-03-12T18:22:32","guid":{"rendered":"https:\/\/www.guhalg.com\/wordpress\/?page_id=9775"},"modified":"2022-03-12T19:53:23","modified_gmt":"2022-03-12T18:53:23","slug":"unawatuna","status":"publish","type":"page","link":"https:\/\/www.guhalg.com\/wordpress\/?page_id=9775","title":{"rendered":"Unawatuna"},"content":{"rendered":"\n<p>Da wir erst am Abend, zumindest in der Dunkelheit, in unserer Unterkunft in Unawatuna angekommen sind, wollten wir auch nichts mehr gro\u00df unternehmen. Eigentlich h\u00e4tte uns die Koje ja schon gereicht, aber etwas Abendbrot war doch noch notwendig und da haben wir auch gleich noch den Besitzer vom Resort getroffen. Bei dem Gespr\u00e4ch, was wir denn so vorhaben und welche Aktivit\u00e4ten wir so eingeplant h\u00e4tten, kamen wir nat\u00fcrlich auch aufs Tauchen. Wie so \u00fcblich in kleinen Urlaubsregionen kannte er nat\u00fcrlich die Tauchbasis und hatte auch den Basisleiter im Handy gespeichert. Nach einem kurzen Telefonat kam dieser dann auch noch vorbei und wir konnten f\u00fcr den n\u00e4chsten Tag schon die Tauchg\u00e4nge klarmachen.<\/p>\n\n\n\n<p>Nach dieser Planung f\u00fcr den n\u00e4chsten Tag sind wir dann aber auch schnell in unseren Bungalow gegangen und nach einem letzten Blick in den Garten ging es ab in die Koje.<\/p>\n\n\n\n<div class=\"wp-block-image\"><figure class=\"aligncenter size-full\"><a href=\"https:\/\/www.guhalg.com\/wordpress\/wp-content\/uploads\/Reisen\/SriLanka2011\/Unawatuna\/P1080125.jpg\"><img loading=\"lazy\" decoding=\"async\" width=\"1024\" height=\"576\" src=\"https:\/\/www.guhalg.com\/wordpress\/wp-content\/uploads\/Reisen\/SriLanka2011\/Unawatuna\/P1080125.jpg\" alt=\"Blick in den Garten\" class=\"wp-image-9781\" srcset=\"https:\/\/www.guhalg.com\/wordpress\/wp-content\/uploads\/Reisen\/SriLanka2011\/Unawatuna\/P1080125.jpg 1024w, https:\/\/www.guhalg.com\/wordpress\/wp-content\/uploads\/Reisen\/SriLanka2011\/Unawatuna\/P1080125-300x169.jpg 300w, https:\/\/www.guhalg.com\/wordpress\/wp-content\/uploads\/Reisen\/SriLanka2011\/Unawatuna\/P1080125-768x432.jpg 768w, https:\/\/www.guhalg.com\/wordpress\/wp-content\/uploads\/Reisen\/SriLanka2011\/Unawatuna\/P1080125-480x270.jpg 480w\" sizes=\"auto, (max-width: 1024px) 100vw, 1024px\" \/><\/a><figcaption>Blick in den Garten<\/figcaption><\/figure><\/div>\n\n\n\n<div class=\"wp-block-image\"><figure class=\"aligncenter size-full\"><a href=\"https:\/\/www.guhalg.com\/wordpress\/wp-content\/uploads\/Reisen\/SriLanka2011\/Unawatuna\/P1080131.jpg\"><img loading=\"lazy\" decoding=\"async\" width=\"1024\" height=\"576\" src=\"https:\/\/www.guhalg.com\/wordpress\/wp-content\/uploads\/Reisen\/SriLanka2011\/Unawatuna\/P1080131.jpg\" alt=\"Unsere Schlafst\u00e4tte\" class=\"wp-image-9782\" srcset=\"https:\/\/www.guhalg.com\/wordpress\/wp-content\/uploads\/Reisen\/SriLanka2011\/Unawatuna\/P1080131.jpg 1024w, https:\/\/www.guhalg.com\/wordpress\/wp-content\/uploads\/Reisen\/SriLanka2011\/Unawatuna\/P1080131-300x169.jpg 300w, https:\/\/www.guhalg.com\/wordpress\/wp-content\/uploads\/Reisen\/SriLanka2011\/Unawatuna\/P1080131-768x432.jpg 768w, https:\/\/www.guhalg.com\/wordpress\/wp-content\/uploads\/Reisen\/SriLanka2011\/Unawatuna\/P1080131-480x270.jpg 480w\" sizes=\"auto, (max-width: 1024px) 100vw, 1024px\" \/><\/a><figcaption>Unsere Schlafst\u00e4tte<\/figcaption><\/figure><\/div>\n\n\n\n<p>Am n\u00e4chsten Tag hat uns dann unser Resort Besitzer mit seinem Dreirad (Tuctuc) erstmal zur Tauchbasis gefahren. Dort konnten wir einchecken und haben uns auch gleich f\u00fcr zwei Tauchg\u00e4nge verabredet. Also nochmal schnell ins Resort und mit der Tauchausr\u00fcstung zur\u00fcck. Die Tauchg\u00e4nge werden alle von kleinen Booten durchgef\u00fchrt und die Ausfahrt zu den Tauchpl\u00e4tzen ist selten l\u00e4nger als 10 Minuten. Allerdings war die Sicht unter Wasser eher gering und leider stellte sich am n\u00e4chsten Tag heraus, dass der Kompressor f\u00fcr die Atemluft \u00f6lte. Ob es an mangelnder Wartung, zu alten Kalkfiltern oder falschem Handling lag, spielte letztendlich keine Rolle mehr. Die Atemluft war schlecht und somit das Tauchen beendet, Schade.<\/p>\n\n\n\n<p>Damit hatten wir jetzt auf einmal gaaannz viel Freizeit. Nur was kann man damit anfangen? Als Erstes galt hier die Devise: keine Hektik, schlie\u00dflich hing ja auch ein entsprechendes Schild an unserer Anlage.<\/p>\n\n\n\n<div class=\"wp-block-image\"><figure class=\"aligncenter size-full\"><a href=\"https:\/\/www.guhalg.com\/wordpress\/wp-content\/uploads\/Reisen\/SriLanka2011\/Unawatuna\/P1080031.jpg\"><img loading=\"lazy\" decoding=\"async\" width=\"1024\" height=\"576\" src=\"https:\/\/www.guhalg.com\/wordpress\/wp-content\/uploads\/Reisen\/SriLanka2011\/Unawatuna\/P1080031.jpg\" alt=\"Shangri-la\" class=\"wp-image-9780\" srcset=\"https:\/\/www.guhalg.com\/wordpress\/wp-content\/uploads\/Reisen\/SriLanka2011\/Unawatuna\/P1080031.jpg 1024w, https:\/\/www.guhalg.com\/wordpress\/wp-content\/uploads\/Reisen\/SriLanka2011\/Unawatuna\/P1080031-300x169.jpg 300w, https:\/\/www.guhalg.com\/wordpress\/wp-content\/uploads\/Reisen\/SriLanka2011\/Unawatuna\/P1080031-768x432.jpg 768w, https:\/\/www.guhalg.com\/wordpress\/wp-content\/uploads\/Reisen\/SriLanka2011\/Unawatuna\/P1080031-480x270.jpg 480w\" sizes=\"auto, (max-width: 1024px) 100vw, 1024px\" \/><\/a><figcaption>Shangri-la<\/figcaption><\/figure><\/div>\n\n\n\n<p>Ganz in der N\u00e4he von Unawatuma liegt die Stadt <a rel=\"noreferrer noopener\" href=\"http:\/\/de.wikipedia.org\/wiki\/Galle_%28Stadt%29\" target=\"_blank\">Galle<\/a>. Wir haben einen wunderbaren Strand direkt vor Ort und ein italienisches Kaffee etwas weiter in unserer Stra\u00dfe. Dazu gibt es diverse Touristenrundfahrten, wo wir uns f\u00fcr eine mit Besichtigung einer Schildkr\u00f6ten-Rettungsstation entschieden haben und es dann noch weiterging zu einigen sch\u00f6nen Strandabschnitten. Und letztendlich haben wir uns auch noch zu einem Kochkurs angemeldet. Also die besten Voraussetzungen f\u00fcr Entspannung mit Abwechslung.<\/p>\n\n\n\n<p>So, und wie sah damit unser Tagesablauf aus? Als Erstes ging es morgens ins italienische Kaffee zum Fr\u00fchst\u00fcck. Allerdings nicht die klassische Variante mit Espresso und Zigarette. Bei uns gab es Latte Macchiato mit Brownie (Double Chocolat). Dazu dann noch ein Spielchen aus der Spielesammlung oder einen Kniffel und schon waren wir bereit f\u00fcr den Tag.<\/p>\n\n\n\n<div class=\"wp-block-columns is-layout-flex wp-container-core-columns-is-layout-9d6595d7 wp-block-columns-is-layout-flex\">\n<div class=\"wp-block-column is-layout-flow wp-block-column-is-layout-flow\">\n<div class=\"wp-block-buttons is-layout-flex wp-block-buttons-is-layout-flex\">\n<div class=\"wp-block-button\"><a class=\"wp-block-button__link\" href=\"https:\/\/www.guhalg.com\/wordpress\/?page_id=9668\">Rundreise 6. Tag<\/a><\/div>\n<\/div>\n<\/div>\n\n\n\n<div class=\"wp-block-column is-layout-flow wp-block-column-is-layout-flow\">\n<div class=\"wp-block-buttons is-content-justification-right is-layout-flex wp-container-core-buttons-is-layout-765c4724 wp-block-buttons-is-layout-flex\">\n<div class=\"wp-block-button\"><a class=\"wp-block-button__link\" href=\"https:\/\/www.guhalg.com\/wordpress\/?page_id=9786\">Galle<\/a><\/div>\n<\/div>\n<\/div>\n<\/div>\n","protected":false},"excerpt":{"rendered":"<p>Da wir erst am Abend, zumindest in der Dunkelheit, in unserer Unterkunft in Unawatuna angekommen sind, wollten wir auch nichts mehr gro\u00df unternehmen. Eigentlich h\u00e4tte uns die Koje ja schon gereicht, aber etwas Abendbrot war doch noch notwendig und da&hellip; <\/p>\n","protected":false},"author":1,"featured_media":0,"parent":9186,"menu_order":10,"comment_status":"closed","ping_status":"closed","template":"","meta":{"footnotes":""},"class_list":["post-9775","page","type-page","status-publish","hentry"],"_links":{"self":[{"href":"https:\/\/www.guhalg.com\/wordpress\/index.php?rest_route=\/wp\/v2\/pages\/9775","targetHints":{"allow":["GET"]}}],"collection":[{"href":"https:\/\/www.guhalg.com\/wordpress\/index.php?rest_route=\/wp\/v2\/pages"}],"about":[{"href":"https:\/\/www.guhalg.com\/wordpress\/index.php?rest_route=\/wp\/v2\/types\/page"}],"author":[{"embeddable":true,"href":"https:\/\/www.guhalg.com\/wordpress\/index.php?rest_route=\/wp\/v2\/users\/1"}],"replies":[{"embeddable":true,"href":"https:\/\/www.guhalg.com\/wordpress\/index.php?rest_route=%2Fwp%2Fv2%2Fcomments&post=9775"}],"version-history":[{"count":4,"href":"https:\/\/www.guhalg.com\/wordpress\/index.php?rest_route=\/wp\/v2\/pages\/9775\/revisions"}],"predecessor-version":[{"id":9789,"href":"https:\/\/www.guhalg.com\/wordpress\/index.php?rest_route=\/wp\/v2\/pages\/9775\/revisions\/9789"}],"up":[{"embeddable":true,"href":"https:\/\/www.guhalg.com\/wordpress\/index.php?rest_route=\/wp\/v2\/pages\/9186"}],"wp:attachment":[{"href":"https:\/\/www.guhalg.com\/wordpress\/index.php?rest_route=%2Fwp%2Fv2%2Fmedia&parent=9775"}],"curies":[{"name":"wp","href":"https:\/\/api.w.org\/{rel}","templated":true}]}}